{"id":185423,"date":"2025-07-04T05:13:32","date_gmt":"2025-07-04T05:13:32","guid":{"rendered":"https:\/\/adamfayed.com\/?page_id=185423"},"modified":"2026-02-28T12:08:47","modified_gmt":"2026-02-28T12:08:47","slug":"italian-article","status":"publish","type":"page","link":"https:\/\/adamfayed.com\/es\/italian-article\/","title":{"rendered":"Art\u00edculos informativos en italiano para extranjeros"},"content":{"rendered":"<p>Bienvenido a nuestra recopilaci\u00f3n de art\u00edculos informativos en italiano, pensados especialmente para expatriados. Aqu\u00ed encontrar\u00e1 informaci\u00f3n \u00fatil sobre aspectos fundamentales relacionados con la protecci\u00f3n del patrimonio, la fiscalidad internacional, las normas jur\u00eddicas y otros temas de inter\u00e9s para las personas que viven o invierten fuera de su pa\u00eds de origen.<\/p>\n\n\n\n<p>Estos consejos est\u00e1n pensados para ayudarle a comprender mejor el contexto financiero mundial y a tomar las decisiones m\u00e1s acertadas, sin necesidad de recurrir a un asesoramiento personalizado.<\/p>\n\n\n\n<p>Si desea invertir como expatriado o como persona de alto patrimonio, que es mi especialidad, puede ponerse en contacto conmigo por correo electr\u00f3nico (hello@adamfayed.com) o por WhatsApp (+44-7393-450-837).<\/p>\n\n\n\n<p>Esto vale incluso si desea una revisi\u00f3n gratuita del portafolio de expatriados para optimizar sus inversiones e identificar oportunidades de crecimiento.<\/p>\n\n\n\n<div style=\"height:30px\" aria-hidden=\"true\" class=\"wp-block-spacer\"><\/div>\n\n\n\n<h2 class=\"wp-block-heading\">Articoli in Evidenza \ud83d\udca1<\/h2>\n\n\n\n<p><a href=\"https:\/\/adamfayed.com\/es\/italian-article\/pianificazione-finanziaria-personale\/\">Pianificazione Finanziaria Personale<\/a><\/p>\n\n\n\n<p><a href=\"https:\/\/adamfayed.com\/es\/italian-article\/aggiornamenti-golden-visa-portoghese\/\">Novedades sobre Golden Visa Portoghese: Lo que hay que saber en 2025<\/a><\/p>\n\n\n\n<p><a href=\"https:\/\/adamfayed.com\/es\/italian-article\/allarme-trasferimento-pensioni\/\">Segnali di Allarme nel Trasferimento delle Pensioni<\/a><\/p>\n\n\n\n<p><a href=\"https:\/\/adamfayed.com\/es\/italian-article\/paesi-senza-imposta-sulle-societa\/\">Pa\u00edses sin impuestos sobre las sociedades en 2025<\/a><\/p>\n\n\n\n<p><a href=\"https:\/\/adamfayed.com\/es\/italian-article\/sei-sottoassicurato\/\">\u00bfEst\u00e1 usted loco? Las lagunas que ni los ni\u00f1os conocen<\/a><\/p>\n\n\n\n<p><a href=\"https:\/\/adamfayed.com\/es\/italian-article\/che-cose-la-sovraassicurazione\/\">Che Cos'\u00e8 la Sovraassicurazione?<\/a><\/p>\n\n\n\n<p><a href=\"https:\/\/adamfayed.com\/es\/italian-article\/doppia-assicurazione\/\">\u00bfQu\u00e9 es la doble garant\u00eda? \u00bfTi Sta Danneggiando?<\/a><\/p>\n\n\n\n<p><a href=\"https:\/\/adamfayed.com\/es\/italian-article\/investimenti-in-infrastrutture\/\">Tu gu\u00eda para invertir en infraestructuras<\/a><\/p>\n\n\n\n<p><a href=\"https:\/\/adamfayed.com\/es\/italian-article\/fiasco-note-high-street-group\/\">Fiasco dell'Investimento in Note di Prestito di High Street Group<\/a><\/p>\n\n\n\n<p><a href=\"https:\/\/adamfayed.com\/es\/italian-article\/successione-obbligatoria\/\">\u00c9xito obligatorio en pa\u00edses con objetivos espec\u00edficos<\/a><\/p>\n\n\n\n<p><a href=\"https:\/\/adamfayed.com\/es\/italian-article\/rollover-401k-espatriati-americani\/\">Normas de reinversi\u00f3n del plan 401(k) para ciudadanos estadounidenses en el extranjero: una gu\u00eda<\/a><\/p>\n\n\n\n<p><a href=\"https:\/\/adamfayed.com\/es\/italian-article\/trasferimento-beni-stati-uniti\/\">Transporte internacional de mercanc\u00edas: Come Spostare Beni Fuori dagli Stati Uniti<\/a><\/p>\n\n\n\n<p><a href=\"https:\/\/adamfayed.com\/es\/italian-article\/trust-irrevocabile-di-assicurazione-sulla-vita\/\">Pro e Contro del Trust Irrevocabile di Assicurazione sulla Vita<\/a><\/p>\n\n\n\n<h2 class=\"wp-block-heading\">Visto, Residenza E Cittadinanza<\/h2>\n\n\n\n<p><a href=\"https:\/\/adamfayed.com\/es\/italian-article\/visto-rentista-costa-rica\/\">Gu\u00eda del Visto Rentista Costa Rica: Chi pu\u00f2 richiederlo e come fare domanda<\/a><\/p>\n\n\n\n<p><a href=\"https:\/\/adamfayed.com\/es\/italian-article\/visto-pensionado-costa-rica\/\">Gu\u00eda del Pensionado en Costa Rica: Requisitos, Costes y Ventajas para los Espa\u00f1oles<\/a><\/p>\n\n\n\n<p><a href=\"https:\/\/adamfayed.com\/es\/italian-article\/cittadinanza-spagnola-per-matrimonio\/\">Ciudadan\u00eda espa\u00f1ola para el matrimonio: Come Funziona e Cosa Aspettarsi<\/a><\/p>\n\n\n\n<p><a href=\"https:\/\/adamfayed.com\/es\/italian-article\/cittadinanza-spagnola-per-nascita\/\">Ciudadan\u00eda Espa\u00f1ola de Nacimiento: Vanguardias y desaf\u00edos legales<\/a><\/p>\n\n\n\n<p><a href=\"https:\/\/adamfayed.com\/es\/italian-article\/residenza-brasile-pensionati-famiglie\/\">C\u00f3mo residir en Brasil: Opciones de visado para pensionistas y familias<\/a><\/p>\n\n\n\n<p><a href=\"https:\/\/adamfayed.com\/es\/italian-article\/residenza-brasile-espatriati\/\">C\u00f3mo obtener la residencia en Brasil: Gu\u00eda para extranjeros<\/a><\/p>\n\n\n\n<p><a href=\"https:\/\/adamfayed.com\/es\/italian-article\/paesi-senza-visto-con-passaporto-egiziano\/\">Paesi Senza Visto con Passaporto Egiziano 2025<\/a><\/p>\n\n\n\n<p><a href=\"https:\/\/adamfayed.com\/es\/italian-article\/golden-visa-greco\/\">\u00bfPuede vivir en Francia con la Golden Visa Greco?<\/a><\/p>\n\n\n\n<p><\/p>\n\n\n\n<h2 class=\"wp-block-heading\">Art\u00edculos de prensa \ud83d\udca1<\/h2>\n\n\n\n<p><a href=\"https:\/\/adamfayed.com\/es\/italian-article\/recensione-logbook-loans-loan-notes\/\">Recensione Logbook Loans Notas de pr\u00e9stamo<\/a><\/p>\n\n\n\n<p><a href=\"https:\/\/adamfayed.com\/es\/italian-article\/recensione-pimco-income-fund\/\">Recensione PIMCO Income Fund<\/a><\/p>\n\n\n\n<p><a href=\"https:\/\/adamfayed.com\/es\/italian-article\/investimento-whisky-waterford\/\">Recensione sull'Investimento in Whisky Waterford<\/a><\/p>\n\n\n\n<p><a href=\"https:\/\/adamfayed.com\/es\/italian-article\/recensione-novia-global-isa\/\">Recensione Novia Global ISA<\/a><\/p>\n\n\n\n<p><a href=\"https:\/\/adamfayed.com\/es\/italian-article\/recensione-eden-pharma\/\">Recensione Eden Pharma<\/a><\/p>\n\n\n\n<p><a href=\"https:\/\/adamfayed.com\/es\/italian-article\/recensione-del-vida-fund\/\">Fondo Recensione del Vida<\/a><\/p>\n\n\n\n<p><a href=\"https:\/\/adamfayed.com\/es\/italian-article\/recensione-fondo-xhe-capital\/\">Recensione del Fondo Azionario Gestito di XHE Capital<\/a><\/p>\n\n\n\n<p><a href=\"https:\/\/adamfayed.com\/es\/italian-article\/recensione-empowered-startups\/\">Recensione Empowered Startups<\/a><\/p>\n\n\n\n<p><a href=\"https:\/\/adamfayed.com\/es\/italian-article\/altair-renewable-recensione\/\">Recensione di Altair Renewable Energy Limited<\/a><\/p>\n\n\n\n<p><a href=\"https:\/\/adamfayed.com\/es\/italian-article\/recensione-di-angelhub\/\">Opini\u00f3n de AngelHub<\/a><\/p>\n\n\n\n<p><a href=\"https:\/\/adamfayed.com\/es\/italian-article\/bond-audacia-series-13\/\">Recensione del Bono Audacia Capital Series 13 Income<\/a><\/p>\n\n\n\n<p><a href=\"https:\/\/adamfayed.com\/es\/italian-article\/obbligazioni-bodysmart-finance\/\">Recensi\u00f3n de las obligaciones BodySmart Finance<\/a><\/p>\n\n\n\n<p><a href=\"https:\/\/adamfayed.com\/es\/italian-article\/recensione-bourse-pension\/\">Recensione di Bourse Pension Trustees<\/a><\/p>\n\n\n\n<p><a href=\"https:\/\/adamfayed.com\/es\/italian-article\/recensione-castlestone-faang\/\">Recensi\u00f3n del Castlestone FAANG + UCITS Fund<\/a><\/p>\n\n\n\n<p><a href=\"https:\/\/adamfayed.com\/es\/italian-article\/piano-risparmio-investors-evolution\/\">Recensione del Piano di Risparmio Investors Trust Evolution<\/a><\/p>\n\n\n\n<p><a href=\"https:\/\/adamfayed.com\/es\/italian-article\/portafoglio-reddito-fisso-investors\/\">Recensione del Portafoglio a Reddito Fisso di Investors Trust<\/a><\/p>\n\n\n\n<p><a href=\"https:\/\/adamfayed.com\/es\/italian-article\/recensione-del-bond-kaeva-plc\/\">Recensi\u00f3n del bono Kaeva PLC<\/a><\/p>\n\n\n\n<p><a href=\"https:\/\/adamfayed.com\/es\/italian-article\/recensione-di-linqto\/\">Recensi\u00f3n de Linqto<\/a><\/p>\n\n\n\n<p><a href=\"https:\/\/adamfayed.com\/es\/italian-article\/recensione-di-london-de-limited\/\">Recensi\u00f3n de London DE Limited<\/a><\/p>\n\n\n\n<p><a href=\"https:\/\/adamfayed.com\/es\/italian-article\/nevastar-climate-change-classe-i-eur\/\">Recensione del Fondo Nevastar Finance SICAV Climate Change+ Classe I en EUR<\/a><\/p>\n\n\n\n<p><a href=\"https:\/\/adamfayed.com\/es\/italian-article\/nsf-wealth-defender-equity-usd-classe-i\/\">Recensione del NSF SICAV Wealth Defender Global Equity Fund USD Classe I<\/a><\/p>\n\n\n\n<p><a href=\"https:\/\/adamfayed.com\/es\/italian-article\/blackrock-fondo-energia-sostenibile-a2\/\">Recensi\u00f3n del BlackRock Global Funds Sustainable Energy Fund A2<\/a><\/p>\n\n\n\n<p><a href=\"https:\/\/adamfayed.com\/es\/italian-article\/recensione-del-redhat-capital-bond\/\">Recensi\u00f3n del Bono de Capital Redhat<\/a><\/p>\n\n\n\n<p><a href=\"https:\/\/adamfayed.com\/es\/italian-article\/fondo-sanlam-intelligenza-artificiale\/\">Recensi\u00f3n del Sanlam Artificial Intelligence Fund<\/a><\/p>\n\n\n\n<p><a href=\"https:\/\/adamfayed.com\/es\/italian-article\/recensione-di-the-single-cask\/\">Recensi\u00f3n de The Single Cask<\/a><\/p>\n\n\n\n<p><a href=\"https:\/\/adamfayed.com\/es\/italian-article\/recensione-del-us-consumer-recovery-fund\/\">Recensi\u00f3n del US Consumer Recovery Fund<\/a><\/p>\n\n\n\n<p><a href=\"https:\/\/adamfayed.com\/es\/italian-article\/recensione-di-yield-investing\/\">Recensi\u00f3n de Yield Investing<\/a><\/p>\n\n\n\n<p><a href=\"https:\/\/adamfayed.com\/es\/italian-article\/obbligazioni-zp-direct-lending\/\">Recensione delle Obbligazioni ZP Secured Direct Lending<\/a><\/p>\n\n\n\n<div style=\"height:60px\" aria-hidden=\"true\" class=\"wp-block-spacer\"><\/div>\n\n\n\n<p><strong>\u00bfLe duele la indecisi\u00f3n financiera? <\/strong><\/p>\n\n\n\n<figure class=\"wp-block-image size-large is-resized\"><img fetchpriority=\"high\" decoding=\"async\" width=\"512\" height=\"288\" src=\"https:\/\/adamfayed.com\/wp-content\/uploads\/2025\/03\/Adam-Fayed-Contact_CTA3-512x288.jpg\" alt=\"\" class=\"wp-image-117505\" style=\"width:683px;height:auto\" srcset=\"https:\/\/adamfayed.com\/wp-content\/uploads\/2025\/03\/Adam-Fayed-Contact_CTA3-512x288.jpg 512w, https:\/\/adamfayed.com\/wp-content\/uploads\/2025\/03\/Adam-Fayed-Contact_CTA3-300x169.jpg 300w, https:\/\/adamfayed.com\/wp-content\/uploads\/2025\/03\/Adam-Fayed-Contact_CTA3-768x432.jpg 768w, https:\/\/adamfayed.com\/wp-content\/uploads\/2025\/03\/Adam-Fayed-Contact_CTA3-scaled.jpg 825w\" sizes=\"(max-width: 512px) 100vw, 512px\" \/><\/figure>\n\n\n\n<div style=\"height:10px\" aria-hidden=\"true\" class=\"wp-block-spacer\"><\/div>\n\n\n\n<div class=\"wp-block-buttons is-layout-flex wp-block-buttons-is-layout-flex\">\n<div class=\"wp-block-button\"><a class=\"wp-block-button__link wp-element-button\" href=\"https:\/\/adamfayed.com\/es\/become-adams-client\/\">Convi\u00e9rtase en mi cliente<\/a><\/div>\n\n\n\n<div class=\"wp-block-button\"><a class=\"wp-block-button__link wp-element-button\" href=\"https:\/\/adamfayed.com\/es\/good-match-quiz\/\" target=\"_blank\" rel=\"noreferrer noopener\">Realice el cuestionario de elegibilidad de clientes<\/a><\/div>\n\n\n\n<div class=\"wp-block-button\"><a class=\"wp-block-button__link wp-element-button\" href=\"https:\/\/adamfayed.com\/es\/contact\/\" target=\"_blank\" rel=\"noreferrer noopener\">P\u00f3ngase en contacto con<\/a><\/div>\n<\/div>\n\n\n\n<p><strong>Adam es un autor reconocido internacionalmente en temas financieros, con m\u00e1s de 830 millones de respuestas en Quora, un libro muy vendido en Amazon y colaborador de Forbes.<\/strong><\/p>","protected":false},"excerpt":{"rendered":"<p>Benvenuto nella nostra raccolta di articoli informativi in italiano, pensati appositamente per espatriati. Qui troverai spiegazioni chiare su concetti fondamentali legati alla pianificazione patrimoniale, fiscalit\u00e0 internazionale, strutture legali e altri temi rilevanti per chi vive o investe al di fuori del proprio Paese di origine. Queste risorse sono pensate per aiutarti a comprendere meglio il [&hellip;]<\/p>","protected":false},"author":14,"featured_media":185429,"parent":0,"menu_order":0,"comment_status":"closed","ping_status":"closed","template":"","meta":{"rop_custom_images_group":[],"rop_custom_messages_group":[],"rop_publish_now":"initial","rop_publish_now_accounts":{"facebook_10166176115445471_100883565069113":""},"rop_publish_now_history":[],"rop_publish_now_status":"pending","footnotes":""},"class_list":["post-185423","page","type-page","status-publish","has-post-thumbnail","hentry"],"_links":{"self":[{"href":"https:\/\/adamfayed.com\/es\/wp-json\/wp\/v2\/pages\/185423","targetHints":{"allow":["GET"]}}],"collection":[{"href":"https:\/\/adamfayed.com\/es\/wp-json\/wp\/v2\/pages"}],"about":[{"href":"https:\/\/adamfayed.com\/es\/wp-json\/wp\/v2\/types\/page"}],"author":[{"embeddable":true,"href":"https:\/\/adamfayed.com\/es\/wp-json\/wp\/v2\/users\/14"}],"replies":[{"embeddable":true,"href":"https:\/\/adamfayed.com\/es\/wp-json\/wp\/v2\/comments?post=185423"}],"version-history":[{"count":3,"href":"https:\/\/adamfayed.com\/es\/wp-json\/wp\/v2\/pages\/185423\/revisions"}],"predecessor-version":[{"id":270377,"href":"https:\/\/adamfayed.com\/es\/wp-json\/wp\/v2\/pages\/185423\/revisions\/270377"}],"wp:featuredmedia":[{"embeddable":true,"href":"https:\/\/adamfayed.com\/es\/wp-json\/wp\/v2\/media\/185429"}],"wp:attachment":[{"href":"https:\/\/adamfayed.com\/es\/wp-json\/wp\/v2\/media?parent=185423"}],"curies":[{"name":"wp","href":"https:\/\/api.w.org\/{rel}","templated":true}]}}