{"id":188266,"date":"2025-07-12T06:07:35","date_gmt":"2025-07-12T06:07:35","guid":{"rendered":"https:\/\/adamfayed.com\/?page_id=188266"},"modified":"2025-09-09T17:24:52","modified_gmt":"2025-09-09T17:24:52","slug":"paesi-senza-imposta-sulle-societa","status":"publish","type":"page","link":"https:\/\/adamfayed.com\/es\/italian-article\/paesi-senza-imposta-sulle-societa\/","title":{"rendered":"Pa\u00edses sin impuestos sobre las sociedades en 2025"},"content":{"rendered":"<p class=\"has-text-align-right\">\ud83c\udf10 <a href=\"https:\/\/adamfayed.com\/es\/expats\/expat-taxes\/countries-with-no-corporate-tax\/\">Ingl\u00e9s<\/a> | <a href=\"https:\/\/adamfayed.com\/es\/spanish-article\/paises-sin-impuesto-de-sociedades\/\">View in English<\/a><\/p>\n\n\n\n<p>Cerchi paesi senza imposta sulle societ\u00e0? Scopri le principali giurisdizioni che offrono un\u2019imposta sulle societ\u00e0 pari a zero nel 2025, insieme a esenzioni condizionate e alternative a bassa tassazione.<\/p>\n\n\n\n<p>Se stai cercando di investire come espatriato o individuo con un patrimonio elevato \u2014 che \u00e8 la mia specialit\u00e0 \u2014 puoi scrivermi a (hello@adamfayed.com) o contattarmi su WhatsApp (+44-7393-450-837).<\/p>\n\n\n\n<p>Questo vale anche se cerchi un secondo parere o investimenti alternativi.<\/p>\n\n\n\n<p>Alcuni fatti potrebbero cambiare rispetto al momento della scrittura. Nulla di quanto scritto costituisce consulenza finanziaria, legale, fiscale o personale, n\u00e9 una sollecitazione all\u2019investimento.<\/p>\n\n\n\n<h2 class=\"wp-block-heading\">Paesi Popolari Come Paradisi Fiscali<\/h2>\n\n\n\n<p>Secondo i dati aggiornati a ottobre 2024, i seguenti paesi continuano a dominare il panorama globale come paradisi fiscali popolari:<\/p>\n\n\n\n<ul class=\"wp-block-list\">\n<li>Isole Vergini Britanniche<\/li>\n\n\n\n<li>Isole Cayman<\/li>\n\n\n\n<li>Bermudas<\/li>\n\n\n\n<li>Svizzera<\/li>\n\n\n\n<li>Singapur<\/li>\n\n\n\n<li>Hong Kong<\/li>\n\n\n\n<li>Paesi Bassi<\/li>\n\n\n\n<li>Jersey<\/li>\n\n\n\n<li>Irlanda<\/li>\n\n\n\n<li>Lussemburgo<\/li>\n\n\n\n<li>Bahamas<\/li>\n\n\n\n<li>Isola di Man<\/li>\n\n\n\n<li>Guernsey<\/li>\n\n\n\n<li>Cipro<\/li>\n\n\n\n<li>Mauricio<\/li>\n\n\n\n<li>Cina<\/li>\n\n\n\n<li>Emirati Arabi Uniti<\/li>\n\n\n\n<li>Regno Unito<\/li>\n\n\n\n<li>Francia<\/li>\n\n\n\n<li>Malta<\/li>\n<\/ul>\n\n\n\n<p><\/p>\n\n\n\n<p>Questi paesi sono noti per le loro politiche fiscali favorevoli agli investitori, la riservatezza e le normative flessibili. Tuttavia, non tutti offrono una vera imposta sulle societ\u00e0 pari a zero.<\/p>\n\n\n\n<p>Vediamo come si suddividono:<\/p>\n\n\n\n<ul class=\"wp-block-list\">\n<li>Paesi con imposta sulle societ\u00e0 realmente pari a zero<\/li>\n\n\n\n<li>Giurisdizioni con esenzioni fiscali condizionate o parziali<\/li>\n\n\n\n<li>Paesi con imposte basse (ma non zero), comunque competitivi<\/li>\n<\/ul>\n\n\n\n<p><\/p>\n\n\n\n<h2 class=\"wp-block-heading\">Paesi con imposta sulle societ\u00e0 realmente pari a zero<\/h2>\n\n\n\n<div class=\"wp-block-group is-layout-constrained wp-block-group-is-layout-constrained\">\n<figure class=\"wp-block-image alignright size-medium\"><img fetchpriority=\"high\" decoding=\"async\" width=\"300\" height=\"300\" src=\"https:\/\/adamfayed.com\/wp-content\/uploads\/2025\/07\/Paesi-con-imposta-sulle-societa-realmente-pari-a-zero-300x300.png\" alt=\"Paesi senza Imposta sulle Societ\u00e0 \" class=\"wp-image-188291\" srcset=\"https:\/\/adamfayed.com\/wp-content\/uploads\/2025\/07\/Paesi-con-imposta-sulle-societa-realmente-pari-a-zero-300x300.png 300w, https:\/\/adamfayed.com\/wp-content\/uploads\/2025\/07\/Paesi-con-imposta-sulle-societa-realmente-pari-a-zero-512x512.png 512w, https:\/\/adamfayed.com\/wp-content\/uploads\/2025\/07\/Paesi-con-imposta-sulle-societa-realmente-pari-a-zero-150x150.png 150w, https:\/\/adamfayed.com\/wp-content\/uploads\/2025\/07\/Paesi-con-imposta-sulle-societa-realmente-pari-a-zero-768x768.png 768w, https:\/\/adamfayed.com\/wp-content\/uploads\/2025\/07\/Paesi-con-imposta-sulle-societa-realmente-pari-a-zero-scaled.png 825w\" sizes=\"(max-width: 300px) 100vw, 300px\" \/><\/figure>\n<\/div>\n\n\n\n<p>L\u2019assenza di imposta societaria significa che questi paesi non applicano alcun prelievo sugli utili aziendali, rendendoli destinazioni estremamente attraenti per imprenditori e investitori.<\/p>\n\n\n\n<h3 class=\"wp-block-heading\">Isole Vergini Britanniche (BVI)<\/h3>\n\n\n\n<p>Le Isole Vergini Britanniche sono un noto paradiso fiscale che non applica imposta sul reddito societario, rendendole una destinazione top per aziende internazionali e societ\u00e0 holding.<\/p>\n\n\n\n<p>La semplicit\u00e0 amministrativa e la facilit\u00e0 nel fare impresa le rendono popolari tra trust, servizi finanziari e strutture offshore. Il quadro giuridico robusto, la stabilit\u00e0 economica e la bassa regolamentazione burocratica ne rafforzano l\u2019attrattivit\u00e0.<\/p>\n\n\n\n<h3 class=\"wp-block-heading\">Isole Cayman<\/h3>\n\n\n\n<p>Come le BVI, le Cayman offrono un\u2019aliquota dello 0% sulle societ\u00e0. Sono particolarmente apprezzate da hedge fund, societ\u00e0 d\u2019investimento e multinazionali.<\/p>\n\n\n\n<p>L\u2019assenza di imposte su plusvalenze, successioni e patrimoni rappresenta un vantaggio strategico per massimizzare la redditivit\u00e0. L\u2019industria finanziaria locale \u00e8 molto sviluppata e il governo mantiene un clima fortemente favorevole agli investitori.<\/p>\n\n\n\n<h3 class=\"wp-block-heading\">Bahamas<\/h3>\n\n\n\n<p>Le Bahamas applicano zero imposta sulle societ\u00e0, zero plusvalenze e zero imposta di successione, rendendole una delle mete principali per aziende attive nel turismo, finanza e real estate.<\/p>\n\n\n\n<p>Un sistema giuridico trasparente e una regolamentazione favorevole continuano ad attrarre capitali esteri.<\/p>\n\n\n\n<p>Queste giurisdizioni si sono affermate come hub finanziari globali grazie alla combinazione di zero tasse, stabilit\u00e0 normativa e facilit\u00e0 di avvio impresa. Tuttavia, \u00e8 essenziale rispettare le norme fiscali internazionali per evitare sanzioni. Si consiglia sempre consulenza professionale prima di avviare un\u2019attivit\u00e0 in questi paesi.<\/p>\n\n\n\n<h2 class=\"wp-block-heading\">Paesi con imposta sulle societ\u00e0 pari a zero (solo in certe condizioni)<\/h2>\n\n\n\n<p>Queste giurisdizioni offrono esenzioni fiscali o aliquote molto basse, ma solo in condizioni specifiche: ad esempio per particolari settori, fonti di reddito o aree geografiche.<\/p>\n\n\n\n<p><strong>Guernsey<\/strong><\/p>\n\n\n\n<p>Guernsey, Dipendenza della Corona Britannica, offre un regime fiscale attraente, con aliquote ridotte e numerose esenzioni.<\/p>\n\n\n\n<ul class=\"wp-block-list\">\n<li><strong>Aliquota attuale:<\/strong> 0% per la maggior parte delle aziende; 10%\u201320% per servizi finanziari<\/li>\n\n\n\n<li><strong>Caratteristiche:<\/strong> Nessuna imposta su plusvalenze, successioni o IVA<\/li>\n\n\n\n<li><strong>Condizioni:<\/strong> Le societ\u00e0 finanziarie sono tassate al 10%, mentre le altre godono del 0%. Settori come assicurazioni, banche e fondi devono rispettare requisiti normativi specifici per mantenere lo status esente.<\/li>\n<\/ul>\n\n\n\n<p><\/p>\n\n\n\n<p><strong>Jersey<\/strong><\/p>\n\n\n\n<p>Jersey offre una struttura fiscale estremamente favorevole:<\/p>\n\n\n\n<ul class=\"wp-block-list\">\n<li><strong>Aliquota attuale:<\/strong> 0% per la maggior parte delle attivit\u00e0, 10% per finanza, 20% per grande distribuzione e utility<\/li>\n\n\n\n<li><strong>Caratteristiche:<\/strong> Nessuna imposta sulle successioni n\u00e9 su plusvalenze<\/li>\n\n\n\n<li><strong>Condizioni:<\/strong> Le attivit\u00e0 nei settori regolati devono rispettare criteri di conformit\u00e0 per accedere alle aliquote agevolate<\/li>\n<\/ul>\n\n\n\n<p><\/p>\n\n\n\n<p><strong>Isola di Man<\/strong><\/p>\n\n\n\n<p>Molto popolare tra imprese digitali e societ\u00e0 holding:<\/p>\n\n\n\n<ul class=\"wp-block-list\">\n<li><strong>Aliquota attuale:<\/strong> 0% per la maggior parte, 10%\u201315% per banche, 20% su redditi immobiliari<\/li>\n\n\n\n<li><strong>Caratteristiche:<\/strong> Niente IVA, plusvalenze o successioni<\/li>\n\n\n\n<li><strong>Condizioni:<\/strong> Le societ\u00e0 devono soddisfare requisiti di \u201ceconomic substance\u201d<\/li>\n<\/ul>\n\n\n\n<p><\/p>\n\n\n\n<p><strong>Bermudas<\/strong><\/p>\n\n\n\n<p>Anche Bermuda ha un\u2019aliquota pari a <strong>0%<\/strong>, ma:<\/p>\n\n\n\n<ul class=\"wp-block-list\">\n<li>Dal <strong>gennaio 2025<\/strong>, introdurr\u00e0 un\u2019imposta del <strong>15%<\/strong> per le multinazionali con ricavi superiori a \u20ac750 milioni<\/li>\n\n\n\n<li><strong>Caratteristiche:<\/strong> Niente imposte su vendite, plusvalenze o IVA<\/li>\n\n\n\n<li><strong>Condizioni:<\/strong> Rimane un ambiente favorevole per assicurazioni e fondi, ma occorre conformit\u00e0 alle nuove norme fiscali globali<\/li>\n<\/ul>\n\n\n\n<p><\/p>\n\n\n\n<p><strong>Emirati Arabi Uniti (EAU)<\/strong><\/p>\n\n\n\n<p>Dal 2022, l\u2019aliquota \u00e8 del 9% sui profitti superiori a AED 375.000, ma:<\/p>\n\n\n\n<ul class=\"wp-block-list\">\n<li><strong>Le aziende nelle Free Zone<\/strong> possono ancora beneficiare di esenzioni<\/li>\n\n\n\n<li><strong>Caratteristiche:<\/strong> Redditi \u201cqualificati\u201d restano esenti<\/li>\n\n\n\n<li><strong>Condizioni:<\/strong> Solo chi opera al di fuori delle Free Zone o supera la soglia viene tassato<\/li>\n<\/ul>\n\n\n\n<p><\/p>\n\n\n\n<h2 class=\"wp-block-heading\">Paesi con imposte basse (ma non zero)<\/h2>\n\n\n\n<div class=\"wp-block-group is-layout-constrained wp-block-group-is-layout-constrained\">\n<figure class=\"wp-block-image alignright size-medium\"><img decoding=\"async\" width=\"300\" height=\"300\" src=\"https:\/\/adamfayed.com\/wp-content\/uploads\/2025\/07\/Paesi-con-imposte-basse-ma-non-zero-300x300.png\" alt=\"\" class=\"wp-image-188305\" srcset=\"https:\/\/adamfayed.com\/wp-content\/uploads\/2025\/07\/Paesi-con-imposte-basse-ma-non-zero-300x300.png 300w, https:\/\/adamfayed.com\/wp-content\/uploads\/2025\/07\/Paesi-con-imposte-basse-ma-non-zero-512x512.png 512w, https:\/\/adamfayed.com\/wp-content\/uploads\/2025\/07\/Paesi-con-imposte-basse-ma-non-zero-150x150.png 150w, https:\/\/adamfayed.com\/wp-content\/uploads\/2025\/07\/Paesi-con-imposte-basse-ma-non-zero-768x768.png 768w, https:\/\/adamfayed.com\/wp-content\/uploads\/2025\/07\/Paesi-con-imposte-basse-ma-non-zero-scaled.png 825w\" sizes=\"(max-width: 300px) 100vw, 300px\" \/><\/figure>\n<\/div>\n\n\n\n<p>Questi paesi non offrono esenzioni totali, ma hanno aliquote molto pi\u00f9 basse rispetto agli standard globali, spesso accompagnate da incentivi.<\/p>\n\n\n\n<p><strong>Svizzera<\/strong><\/p>\n\n\n\n<ul class=\"wp-block-list\">\n<li><strong>Aliquota:<\/strong> Tra 11,9% e 20,5% (federale + cantonale)<\/li>\n\n\n\n<li><strong>Caratteristiche:<\/strong> Economia stabile, settore bancario forte<\/li>\n\n\n\n<li><strong>Condizioni:<\/strong> Variazioni locali e trattative con i cantoni possono portare a riduzioni<\/li>\n<\/ul>\n\n\n\n<p><\/p>\n\n\n\n<p><strong>Singapur<\/strong><\/p>\n\n\n\n<ul class=\"wp-block-list\">\n<li><strong>Aliquota:<\/strong> 17%<\/li>\n\n\n\n<li><strong>Incentivi:<\/strong> Esenzioni parziali per PMI (75% sui primi SGD 10.000, 50% sui successivi 190.000)<\/li>\n\n\n\n<li><strong>Start-up:<\/strong> Esenzione 75% fino a SGD 100.000<\/li>\n\n\n\n<li><strong>Niente imposta su plusvalenze<\/strong><\/li>\n<\/ul>\n\n\n\n<p><\/p>\n\n\n\n<p><strong>Hong Kong<\/strong><\/p>\n\n\n\n<ul class=\"wp-block-list\">\n<li><strong>Aliquota:<\/strong> 8,25% sui primi HKD 2 milioni, 16,5% oltre<\/li>\n\n\n\n<li><strong>Caratteristiche:<\/strong> Nessuna IVA o tassa sulle vendite<\/li>\n\n\n\n<li><strong>Condizioni:<\/strong> Profitti esteri potenzialmente esenti; trattati contro doppia imposizione<\/li>\n<\/ul>\n\n\n\n<p><\/p>\n\n\n\n<p><strong>Irlanda<\/strong><\/p>\n\n\n\n<ul class=\"wp-block-list\">\n<li><strong>Aliquota:<\/strong> 12,5% (redditi commerciali), 25% (non commerciali)<\/li>\n\n\n\n<li><strong>Caratteristiche:<\/strong> Accesso al mercato UE, forza lavoro qualificata<\/li>\n\n\n\n<li><strong>Incentivi:<\/strong> Regime \u201cKnowledge Development Box\u201d per redditi da IP<\/li>\n<\/ul>\n\n\n\n<p><\/p>\n\n\n\n<p><strong>Malta<\/strong><\/p>\n\n\n\n<ul class=\"wp-block-list\">\n<li><strong>Aliquota nominale:<\/strong> 35%<\/li>\n\n\n\n<li><strong>Effettiva per stranieri:<\/strong> Circa 5% grazie a sistema di rimborsi<\/li>\n\n\n\n<li><strong>Condizioni:<\/strong> L\u2019azienda deve operare realmente a Malta<\/li>\n<\/ul>\n\n\n\n<p><\/p>\n\n\n\n<p><strong>Lussemburgo<\/strong><\/p>\n\n\n\n<ul class=\"wp-block-list\">\n<li><strong>Aliquota:<\/strong> 14%\u201316%<\/li>\n\n\n\n<li><strong>Incentivi:<\/strong> Agevolazioni per holding e attivit\u00e0 transfrontaliere<\/li>\n\n\n\n<li><strong>Condizioni:<\/strong> Necessaria \u201csostanza economica\u201d reale nel paese<\/li>\n<\/ul>\n\n\n\n<p><\/p>\n\n\n\n<p><strong>Cipro<\/strong><\/p>\n\n\n\n<ul class=\"wp-block-list\">\n<li><strong>Aliquota:<\/strong> 12,5%<\/li>\n\n\n\n<li><strong>Incentivi:<\/strong> Esenzione su dividendi e plusvalenze da titoli<\/li>\n\n\n\n<li><strong>Condizioni:<\/strong> Solo se rispettate condizioni specifiche<\/li>\n<\/ul>\n\n\n\n<p><\/p>\n\n\n\n<p><strong>Paesi Bassi<\/strong><\/p>\n\n\n\n<ul class=\"wp-block-list\">\n<li><strong>Aliquota:<\/strong> 19% fino a \u20ac200.000, 25,8% oltre<\/li>\n\n\n\n<li><strong>Incentivi:<\/strong> \u201cInnovation Box\u201d \u2192 9% su redditi da IP<\/li>\n\n\n\n<li><strong>Condizioni:<\/strong> Nessuna industria al 0%, ma molte agevolazioni R&amp;S<\/li>\n<\/ul>\n\n\n\n<p><\/p>\n\n\n\n<p><strong>Mauricio<\/strong><\/p>\n\n\n\n<ul class=\"wp-block-list\">\n<li><strong>Aliquota:<\/strong> 15%<\/li>\n\n\n\n<li><strong>Esenzione parziale:<\/strong> 80% per aziende globali \u2192 effettiva al 3%<\/li>\n\n\n\n<li><strong>Condizioni:<\/strong> Licenza e attivit\u00e0 internazionale obbligatorie<\/li>\n<\/ul>\n\n\n\n<p><\/p>\n\n\n\n<p><strong>Cina<\/strong><\/p>\n\n\n\n<ul class=\"wp-block-list\">\n<li><strong>Aliquota standard:<\/strong> 25%<\/li>\n\n\n\n<li><strong>Ridotta al 15%<\/strong> per imprese tecnologiche avanzate<\/li>\n\n\n\n<li><strong>Condizioni:<\/strong> Requisiti rigorosi per qualificarsi<\/li>\n<\/ul>\n\n\n\n<p><\/p>\n\n\n\n<p><strong>Regno Unito<\/strong><\/p>\n\n\n\n<ul class=\"wp-block-list\">\n<li><strong>Aliquota:<\/strong> 25% (19% per utili &lt; \u00a350.000)<\/li>\n\n\n\n<li><strong>Incentivi:<\/strong> \u201cPatent Box\u201d e crediti R&amp;S<\/li>\n\n\n\n<li><strong>Condizioni:<\/strong> Validi solo per attivit\u00e0 altamente innovative<\/li>\n<\/ul>\n\n\n\n<p><\/p>\n\n\n\n<p><strong>Francia<\/strong><\/p>\n\n\n\n<ul class=\"wp-block-list\">\n<li><strong>Aliquota:<\/strong> 25%<\/li>\n\n\n\n<li><strong>PMI:<\/strong> 15% sui primi \u20ac42.500<\/li>\n\n\n\n<li><strong>Condizioni:<\/strong> Requisiti stringenti, nessun regime a zero imposte<\/li>\n<\/ul>\n\n\n\n<p><\/p>\n\n\n\n<p><strong>\u00bfLe duele la indecisi\u00f3n financiera? <\/strong><\/p>\n\n\n\n<figure class=\"wp-block-image size-large is-resized\"><img decoding=\"async\" width=\"512\" height=\"288\" src=\"https:\/\/adamfayed.com\/wp-content\/uploads\/2025\/03\/Adam-Fayed-Contact_CTA3-512x288.jpg\" alt=\"\" class=\"wp-image-117505\" style=\"width:683px;height:auto\" srcset=\"https:\/\/adamfayed.com\/wp-content\/uploads\/2025\/03\/Adam-Fayed-Contact_CTA3-512x288.jpg 512w, https:\/\/adamfayed.com\/wp-content\/uploads\/2025\/03\/Adam-Fayed-Contact_CTA3-300x169.jpg 300w, https:\/\/adamfayed.com\/wp-content\/uploads\/2025\/03\/Adam-Fayed-Contact_CTA3-768x432.jpg 768w, https:\/\/adamfayed.com\/wp-content\/uploads\/2025\/03\/Adam-Fayed-Contact_CTA3-scaled.jpg 825w\" sizes=\"(max-width: 512px) 100vw, 512px\" \/><\/figure>\n\n\n\n<div style=\"height:10px\" aria-hidden=\"true\" class=\"wp-block-spacer\"><\/div>\n\n\n\n<div class=\"wp-block-buttons is-layout-flex wp-block-buttons-is-layout-flex\">\n<div class=\"wp-block-button\"><a class=\"wp-block-button__link wp-element-button\" href=\"https:\/\/adamfayed.com\/es\/become-adams-client\/\">Convi\u00e9rtase en mi cliente<\/a><\/div>\n\n\n\n<div class=\"wp-block-button\"><a class=\"wp-block-button__link wp-element-button\" href=\"https:\/\/adamfayed.com\/es\/good-match-quiz\/\" target=\"_blank\" rel=\"noreferrer noopener\">Realice el cuestionario de elegibilidad de clientes<\/a><\/div>\n\n\n\n<div class=\"wp-block-button\"><a class=\"wp-block-button__link wp-element-button\" href=\"https:\/\/adamfayed.com\/es\/contact\/\" target=\"_blank\" rel=\"noreferrer noopener\">P\u00f3ngase en contacto con<\/a><\/div>\n<\/div>\n\n\n\n<p><strong>Adam es un autor reconocido internacionalmente en temas financieros, con m\u00e1s de 830 millones de respuestas en Quora, un libro muy vendido en Amazon y colaborador de Forbes.<\/strong><\/p>","protected":false},"excerpt":{"rendered":"<p>\ud83c\udf10 English | Ver en Espa\u00f1ol Cerchi paesi senza imposta sulle societ\u00e0? Scopri le principali giurisdizioni che offrono un\u2019imposta sulle societ\u00e0 pari a zero nel 2025, insieme a esenzioni condizionate e alternative a bassa tassazione. Se stai cercando di investire come espatriato o individuo con un patrimonio elevato \u2014 che \u00e8 la mia specialit\u00e0 \u2014 [&hellip;]<\/p>","protected":false},"author":14,"featured_media":188315,"parent":185423,"menu_order":0,"comment_status":"closed","ping_status":"closed","template":"","meta":{"rop_custom_images_group":[],"rop_custom_messages_group":[],"rop_publish_now":"initial","rop_publish_now_accounts":{"facebook_10166176115445471_100883565069113":""},"rop_publish_now_history":[],"rop_publish_now_status":"pending","footnotes":""},"class_list":["post-188266","page","type-page","status-publish","has-post-thumbnail","hentry"],"_links":{"self":[{"href":"https:\/\/adamfayed.com\/es\/wp-json\/wp\/v2\/pages\/188266","targetHints":{"allow":["GET"]}}],"collection":[{"href":"https:\/\/adamfayed.com\/es\/wp-json\/wp\/v2\/pages"}],"about":[{"href":"https:\/\/adamfayed.com\/es\/wp-json\/wp\/v2\/types\/page"}],"author":[{"embeddable":true,"href":"https:\/\/adamfayed.com\/es\/wp-json\/wp\/v2\/users\/14"}],"replies":[{"embeddable":true,"href":"https:\/\/adamfayed.com\/es\/wp-json\/wp\/v2\/comments?post=188266"}],"version-history":[{"count":2,"href":"https:\/\/adamfayed.com\/es\/wp-json\/wp\/v2\/pages\/188266\/revisions"}],"predecessor-version":[{"id":210077,"href":"https:\/\/adamfayed.com\/es\/wp-json\/wp\/v2\/pages\/188266\/revisions\/210077"}],"up":[{"embeddable":true,"href":"https:\/\/adamfayed.com\/es\/wp-json\/wp\/v2\/pages\/185423"}],"wp:featuredmedia":[{"embeddable":true,"href":"https:\/\/adamfayed.com\/es\/wp-json\/wp\/v2\/media\/188315"}],"wp:attachment":[{"href":"https:\/\/adamfayed.com\/es\/wp-json\/wp\/v2\/media?parent=188266"}],"curies":[{"name":"wp","href":"https:\/\/api.w.org\/{rel}","templated":true}]}}