{"id":191518,"date":"2025-07-20T17:32:40","date_gmt":"2025-07-20T17:32:40","guid":{"rendered":"https:\/\/adamfayed.com\/?page_id=191518"},"modified":"2025-09-09T17:28:06","modified_gmt":"2025-09-09T17:28:06","slug":"recensione-eden-pharma","status":"publish","type":"page","link":"https:\/\/adamfayed.com\/es\/italian-article\/recensione-eden-pharma\/","title":{"rendered":"Recensione Eden Pharma"},"content":{"rendered":"<p class=\"has-text-align-right\">\ud83c\udf10 <a href=\"https:\/\/adamfayed.com\/es\/review-articles\/eden-pharma-review\/\">Ingl\u00e9s<\/a> | <a href=\"https:\/\/adamfayed.com\/es\/spanish-article\/resena-de-eden-pharma\/\">View in English<\/a><\/p>\n\n\n\n<p>Questo articolo analizzer\u00e0 Eden Pharma e il mercato della cannabis in cui opera.<\/p>\n\n\n\n<p>Con sede a Londra, Eden Pharma Ltd \u00e8 un\u2019azienda indipendente di ricerca e sviluppo sulla cannabis fondata nel 2017 dal noto scrittore ed esperto di cannabis Martin Booth.<\/p>\n\n\n\n<p>I costi legati alla ricerca e sviluppo possono essere elevati, ma Eden Pharma \u00e8 impegnata a dare priorit\u00e0 alla ricerca sulla cannabis per usi innovativi.<\/p>\n\n\n\n<p>Se desideri investire come espatriato o individuo ad alto patrimonio, che \u00e8 la mia specializzazione, puoi scrivermi (hello@adamfayed.com) o contattarmi su WhatsApp (+44-7393-450-837).<\/p>\n\n\n\n<p>Gli investitori che stanno valutando opzioni nel settore della cannabis troveranno utile questa recensione.<\/p>\n\n\n\n<p>Va ricordato che investire in progetti come questo comporta sempre alti rischi e potresti perdere tutto il tuo denaro.<\/p>\n\n\n\n<h2 class=\"wp-block-heading\">Chi \u00e8 Eden Pharma?<\/h2>\n\n\n\n<p>L\u2019azienda si occupa della produzione e vendita di variet\u00e0 di cannabis personalizzate sia per uso medico che ricreativo. Si concentra anche sullo sviluppo di prodotti innovativi per la salute e la bellezza come integratori alimentari, bevande infuse e cosmetici.<\/p>\n\n\n\n<h3 class=\"wp-block-heading\">Potenziale di Crescita di Eden Pharma<\/h3>\n\n\n\n<p>Considerando il suo posizionamento e le sue strategie, Eden Pharma ha un grande potenziale di crescita nel settore della marijuana medicinale. Il valore di mercato dell\u2019azienda ha raggiunto circa 774 milioni di sterline nell\u2019ottobre 2022.<\/p>\n\n\n\n<p>Nello stesso anno, Eden Pharma ha acquisito un terreno di 5.000 acri in Uganda per ampliare i propri progetti di ricerca e sviluppo sulla cannabis. Il governo ugandese ha autorizzato pienamente la struttura, che si ritiene essere la pi\u00f9 grande del suo genere al mondo, per la produzione ed esportazione di CBD e cannabis.<\/p>\n\n\n\n<h3 class=\"wp-block-heading\">Sfide per Eden Pharma<\/h3>\n\n\n\n<p>I quadri normativi variano notevolmente da una giurisdizione all\u2019altra e impongono severi controlli all\u2019industria della cannabis medica. Mantenere la conformit\u00e0 pu\u00f2 rappresentare una sfida, soprattutto in un settore in continua evoluzione.<\/p>\n\n\n\n<p>Eden Pharma opera in un settore altamente competitivo, dove \u00e8 difficile distinguersi offrendo prodotti e servizi unici.<\/p>\n\n\n\n<p>Cambiamenti normativi, interruzioni della catena di approvvigionamento e gusti dei consumatori in evoluzione contribuiscono alla volatilit\u00e0 del mercato della cannabis.<\/p>\n\n\n\n<p>Bilanciare l\u2019investimento in ricerca con il raggiungimento degli obiettivi di profitto \u00e8 una sfida anche dal punto di vista finanziario.<\/p>\n\n\n\n<h2 class=\"wp-block-heading\">Il Mercato della Cannabis<\/h2>\n\n\n\n<p>Si prevede che entro il 2027 il mercato globale della cannabis raggiunger\u00e0 un valore di 82,3 miliardi di dollari.<\/p>\n\n\n\n<p>Il Nord America \u00e8 il mercato pi\u00f9 grande grazie all\u2019uso medico diffuso e alla legalizzazione in numerosi stati americani.<\/p>\n\n\n\n<p>Segmenti innovativi, maggiore accettazione sociale, progressi tecnologici e nuove ricerche stanno trainando la crescita del mercato.<\/p>\n\n\n\n<h3 class=\"wp-block-heading\">Pro e contro degli investimenti nella cannabis<\/h3>\n\n\n\n<h4 class=\"wp-block-heading\">Vantaggi degli investimenti nella cannabis<\/h4>\n\n\n\n<ul class=\"wp-block-list\">\n<li><strong>Opportunit\u00e0 Variegate:<\/strong> Il settore della cannabis medica offre opportunit\u00e0 d\u2019investimento dalla produzione primaria fino a settori secondari come t\u00e8, vaporizzatori, compresse e alimenti.<\/li>\n\n\n\n<li><strong>Sviluppi Promettenti:<\/strong> Il riconoscimento crescente delle propriet\u00e0 mediche della cannabis offre ottime opportunit\u00e0 nel settore.<\/li>\n\n\n\n<li><strong>Espansione del Brand:<\/strong> Gli operatori multi-statali aiutano i marchi a crescere superando le barriere normative sul commercio interstatale.<\/li>\n<\/ul>\n\n\n\n<p><\/p>\n\n\n\n<h4 class=\"wp-block-heading\">Rischi degli investimenti nella cannabis<\/h4>\n\n\n\n<ul class=\"wp-block-list\">\n<li><strong>Ambiguit\u00e0 Legali:<\/strong> Il settore \u00e8 altamente speculativo a causa della mancanza di normative chiare, soprattutto negli Stati Uniti.<\/li>\n\n\n\n<li><strong>Ostacoli Regolatori:<\/strong> Ambienti normativi complessi e variabili rendono difficile investire con sicurezza.<\/li>\n\n\n\n<li><strong>Volatilit\u00e0 di Mercato:<\/strong> I gusti mutevoli dei consumatori e l\u2019instabilit\u00e0 normativa causano fluttuazioni nel valore degli investimenti.<\/li>\n\n\n\n<li><strong>Settore Speculativo:<\/strong> Il contesto legale instabile e la dinamica di mercato incerta rendono questo settore molto speculativo.<\/li>\n<\/ul>\n\n\n\n<p><\/p>\n\n\n\n<p><strong>\u00bfLe duele la indecisi\u00f3n financiera? <\/strong><\/p>\n\n\n\n<figure class=\"wp-block-image size-large is-resized\"><img fetchpriority=\"high\" decoding=\"async\" width=\"512\" height=\"288\" src=\"https:\/\/adamfayed.com\/wp-content\/uploads\/2025\/03\/Adam-Fayed-Contact_CTA3-512x288.jpg\" alt=\"\" class=\"wp-image-117505\" style=\"width:683px;height:auto\" srcset=\"https:\/\/adamfayed.com\/wp-content\/uploads\/2025\/03\/Adam-Fayed-Contact_CTA3-512x288.jpg 512w, https:\/\/adamfayed.com\/wp-content\/uploads\/2025\/03\/Adam-Fayed-Contact_CTA3-300x169.jpg 300w, https:\/\/adamfayed.com\/wp-content\/uploads\/2025\/03\/Adam-Fayed-Contact_CTA3-768x432.jpg 768w, https:\/\/adamfayed.com\/wp-content\/uploads\/2025\/03\/Adam-Fayed-Contact_CTA3-scaled.jpg 825w\" sizes=\"(max-width: 512px) 100vw, 512px\" \/><\/figure>\n\n\n\n<div style=\"height:10px\" aria-hidden=\"true\" class=\"wp-block-spacer\"><\/div>\n\n\n\n<div class=\"wp-block-buttons is-layout-flex wp-block-buttons-is-layout-flex\">\n<div class=\"wp-block-button\"><a class=\"wp-block-button__link wp-element-button\" href=\"https:\/\/adamfayed.com\/es\/become-adams-client\/\">Convi\u00e9rtase en mi cliente<\/a><\/div>\n\n\n\n<div class=\"wp-block-button\"><a class=\"wp-block-button__link wp-element-button\" href=\"https:\/\/adamfayed.com\/es\/good-match-quiz\/\" target=\"_blank\" rel=\"noreferrer noopener\">Realice el cuestionario de elegibilidad de clientes<\/a><\/div>\n\n\n\n<div class=\"wp-block-button\"><a class=\"wp-block-button__link wp-element-button\" href=\"https:\/\/adamfayed.com\/es\/contact\/\" target=\"_blank\" rel=\"noreferrer noopener\">P\u00f3ngase en contacto con<\/a><\/div>\n<\/div>\n\n\n\n<p><strong>Adam es un autor reconocido internacionalmente en temas financieros, con m\u00e1s de 830 millones de respuestas en Quora, un libro muy vendido en Amazon y colaborador de Forbes.<\/strong><\/p>","protected":false},"excerpt":{"rendered":"<p>\ud83c\udf10 English | Ver en Espa\u00f1ol Questo articolo analizzer\u00e0 Eden Pharma e il mercato della cannabis in cui opera. Con sede a Londra, Eden Pharma Ltd \u00e8 un\u2019azienda indipendente di ricerca e sviluppo sulla cannabis fondata nel 2017 dal noto scrittore ed esperto di cannabis Martin Booth. I costi legati alla ricerca e sviluppo possono [&hellip;]<\/p>","protected":false},"author":14,"featured_media":191525,"parent":185423,"menu_order":0,"comment_status":"closed","ping_status":"closed","template":"","meta":{"rop_custom_images_group":[],"rop_custom_messages_group":[],"rop_publish_now":"initial","rop_publish_now_accounts":{"facebook_10166176115445471_100883565069113":""},"rop_publish_now_history":[],"rop_publish_now_status":"pending","footnotes":""},"class_list":["post-191518","page","type-page","status-publish","has-post-thumbnail","hentry"],"_links":{"self":[{"href":"https:\/\/adamfayed.com\/es\/wp-json\/wp\/v2\/pages\/191518","targetHints":{"allow":["GET"]}}],"collection":[{"href":"https:\/\/adamfayed.com\/es\/wp-json\/wp\/v2\/pages"}],"about":[{"href":"https:\/\/adamfayed.com\/es\/wp-json\/wp\/v2\/types\/page"}],"author":[{"embeddable":true,"href":"https:\/\/adamfayed.com\/es\/wp-json\/wp\/v2\/users\/14"}],"replies":[{"embeddable":true,"href":"https:\/\/adamfayed.com\/es\/wp-json\/wp\/v2\/comments?post=191518"}],"version-history":[{"count":3,"href":"https:\/\/adamfayed.com\/es\/wp-json\/wp\/v2\/pages\/191518\/revisions"}],"predecessor-version":[{"id":210082,"href":"https:\/\/adamfayed.com\/es\/wp-json\/wp\/v2\/pages\/191518\/revisions\/210082"}],"up":[{"embeddable":true,"href":"https:\/\/adamfayed.com\/es\/wp-json\/wp\/v2\/pages\/185423"}],"wp:featuredmedia":[{"embeddable":true,"href":"https:\/\/adamfayed.com\/es\/wp-json\/wp\/v2\/media\/191525"}],"wp:attachment":[{"href":"https:\/\/adamfayed.com\/es\/wp-json\/wp\/v2\/media?parent=191518"}],"curies":[{"name":"wp","href":"https:\/\/api.w.org\/{rel}","templated":true}]}}