{"id":191537,"date":"2025-07-20T17:59:17","date_gmt":"2025-07-20T17:59:17","guid":{"rendered":"https:\/\/adamfayed.com\/?page_id=191537"},"modified":"2025-09-07T15:10:26","modified_gmt":"2025-09-07T15:10:26","slug":"recensione-novia-global-isa","status":"publish","type":"page","link":"https:\/\/adamfayed.com\/es\/italian-article\/recensione-novia-global-isa\/","title":{"rendered":"Recensione Novia Global ISA"},"content":{"rendered":"<p class=\"has-text-align-right\">\ud83c\udf10 <a href=\"https:\/\/adamfayed.com\/es\/review-articles\/novia-global-isa-review\/\">Ingl\u00e9s<\/a> | <a href=\"https:\/\/adamfayed.com\/es\/spanish-article\/revision-novia-global-isa\/\">View in English<\/a><\/p>\n\n\n\n<p>De forma fiscalmente eficiente, Novia Global ISA le ofrece acceso a diversas opciones de inversi\u00f3n, como acciones, fondos comunes y obligaciones. Se trata de una nueva oferta de la plataforma Novia, que le presentamos en esta p\u00e1gina.<\/p>\n\n\n\n<p>In particolare, approfondiremo:<\/p>\n\n\n\n<ul class=\"wp-block-list\">\n<li>El contenido de <a class=\"wpil_keyword_link\" href=\"https:\/\/adamfayed.com\/es\/novia-global-review-do-better-options-exist\/\" title=\"Novia Global\" data-wpil-keyword-link=\"linked\" data-wpil-monitor-id=\"2318\">Novia Global<\/a><\/li>\n\n\n\n<li>Il Novia Global ISA<\/li>\n\n\n\n<li>Cos'\u00e8 un ISA azionario<\/li>\n\n\n\n<li>C\u00f3mo funciona una cuenta de ahorro individual<\/li>\n\n\n\n<li>Il conto Novia Stocks and Shares ISA<\/li>\n<\/ul>\n\n\n\n<p><\/p>\n\n\n\n<p>Si es usted un expatriado o una persona con un alto patrimonio que desea invertir, puede escribirnos a (hello@adamfayed.com) o por WhatsApp (+44-7393-450-837).<\/p>\n\n\n\n<p>Esto incluye tambi\u00e9n un servicio gratuito de revisi\u00f3n de la cartera de expatriados, para optimizar sus inversiones e identificar oportunidades de crecimiento.<\/p>\n\n\n\n<p>Algunos datos pueden cambiar en el momento de la redacci\u00f3n. Nada de lo aqu\u00ed escrito constituye asesoramiento financiero, legal, fiscal o personal, ni es una invitaci\u00f3n a invertir o una recomendaci\u00f3n de un producto o servicio espec\u00edfico.<\/p>\n\n\n\n<h2 class=\"wp-block-heading\">Contenido de Novia Global<\/h2>\n\n\n\n<p>Novia Global es una plataforma internacional de inversi\u00f3n creada en 2015. A trav\u00e9s de la plataforma Novia, consultores, bancos privados, organizaciones fiduciarias y clientes pueden acceder a diversos servicios financieros.<\/p>\n\n\n\n<h2 class=\"wp-block-heading\">Novia Global ISA<\/h2>\n\n\n\n<p>Seg\u00fan la revista brit\u00e1nica Money Marketing, Novia ha lanzado una cuenta de ahorro individual para gestionar los fondos de los expatriados en lo que se conoce como \u201canimaci\u00f3n sospechosa\u201d.<\/p>\n\n\n\n<p>Questa situazione si riferisce agli spatriati britannici che non possono pi\u00f9 contribuire ai loro ISA, e potrebbero pagare tasse su eventuali profitti o guadagni.<\/p>\n\n\n\n<h3 class=\"wp-block-heading\">Cos'\u00e8 un ISA azionario?<\/h3>\n\n\n\n<p>Los residentes en el Reino Unido pueden abrir una cuenta de inversi\u00f3n fiscalmente eficiente denominada Stocks and Shares ISA (Individual Savings Account). Este tipo de cuenta permite acceder a diversos tipos de activos financieros.<\/p>\n\n\n\n<h3 class=\"wp-block-heading\">\u00bfC\u00f3mo funciona una cuenta de ahorro individual?<\/h3>\n\n\n\n<p>Los guadagni in conto capitale e i dividendi ottenuti tramite un ISA sono generalmente esenti da imposte. Esto podr\u00eda mejorar significativamente los rendimientos a largo plazo.<\/p>\n\n\n\n<p>Una cuenta de ahorro individual ofrece muchas opciones de inversi\u00f3n, basadas en objetivos financieros, tolerancia al riesgo y preferencias personales.<\/p>\n\n\n\n<p>Cada a\u00f1o fiscal est\u00e1 previsto un l\u00edmite m\u00e1ximo para las inversiones en ISA. Para 2023\/2024, el l\u00edmite es de 20.000 \u00a3.<\/p>\n\n\n\n<h3 class=\"wp-block-heading\">Caracter\u00edsticas del contrato Novia Stocks and Shares ISA<\/h3>\n\n\n\n<p>Si es usted un expatriado brit\u00e1nico residente en el extranjero que ha madurado fondos ISA durante su residencia en el Reino Unido y desea regresar o puede hacerlo en el futuro, puede mantener sus fondos ISA en el Novia Global Stocks and Shares ISA.<\/p>\n\n\n\n<p>La nueva cuenta ISA de Novia permite a los extranjeros transferir sus cuentas ISA existentes.<\/p>\n\n\n\n<p>Esta soluci\u00f3n pretende cubrir una importante necesidad en el mercado de los servicios para expatriados que trabajan o se trasladan al extranjero, facilitando la gesti\u00f3n integrada de los ISA junto con otros activos.<\/p>\n\n\n\n<p>Nota: s\u00f3lo los residentes en el Reino Unido pueden solicitar o financiar un ISA.<\/p>\n\n\n\n<h3 class=\"wp-block-heading\">Costi del Novia Global ISA<\/h3>\n\n\n\n<p>Su asesor financiero podr\u00e1 percibir una comisi\u00f3n fija del 2% anual, adem\u00e1s de una comisi\u00f3n inicial del 5% sobre la inversi\u00f3n. No est\u00e1 prevista ninguna comisi\u00f3n de servicio para los activos mantenidos en el ISA de Novia Global.<\/p>\n\n\n\n<h3 class=\"wp-block-heading\">Pro e contro del conto Novia Global ISA<\/h3>\n\n\n\n<h4 class=\"wp-block-heading\">Vantaggi del Novia ISA<\/h4>\n\n\n\n<ul class=\"wp-block-list\">\n<li>La struttura degli ISA azionari \u00e8 fiscalmente vantaggiosa.<\/li>\n\n\n\n<li>La Cuenta de Ahorro Individual (ISA) est\u00e1 dise\u00f1ada para ofrecer opciones de inversi\u00f3n rentables y eficientes, con una funci\u00f3n de liquidez.<\/li>\n\n\n\n<li>Consultores e inversores podr\u00e1n beneficiarse de la posibilidad que ofrece la plataforma de ofrecer una estrategia unificada de consultor\u00eda y gesti\u00f3n.<\/li>\n<\/ul>\n\n\n\n<p><\/p>\n\n\n\n<h4 class=\"wp-block-heading\">Rischi del Novia ISA<\/h4>\n\n\n\n<ul class=\"wp-block-list\">\n<li>L'ISA \u00e8 pensato principalmente per il trasferimento di ISA esistenti; non consente agli spatriati di aprirne di nuovi.<\/li>\n\n\n\n<li>Novia solicita comisiones de gesti\u00f3n o de la plataforma para la gesti\u00f3n del conocimiento y la prestaci\u00f3n de servicios de inversi\u00f3n.<\/li>\n\n\n\n<li>Las acciones y obligaciones no son equivalentes a las cuentas de ahorro. Los dep\u00f3sitos en una cuenta ISA no est\u00e1n cubiertos por el Plan de Compensaci\u00f3n de Servicios Financieros ni por otros programas similares.<\/li>\n<\/ul>\n\n\n\n<p><\/p>\n\n\n\n<p><\/p>\n\n\n\n<p><strong>\u00bfLe duele la indecisi\u00f3n financiera? <\/strong><\/p>\n\n\n\n<figure class=\"wp-block-image size-large is-resized\"><img fetchpriority=\"high\" decoding=\"async\" width=\"512\" height=\"288\" src=\"https:\/\/adamfayed.com\/wp-content\/uploads\/2025\/03\/Adam-Fayed-Contact_CTA3-512x288.jpg\" alt=\"\" class=\"wp-image-117505\" style=\"width:683px;height:auto\" srcset=\"https:\/\/adamfayed.com\/wp-content\/uploads\/2025\/03\/Adam-Fayed-Contact_CTA3-512x288.jpg 512w, https:\/\/adamfayed.com\/wp-content\/uploads\/2025\/03\/Adam-Fayed-Contact_CTA3-300x169.jpg 300w, https:\/\/adamfayed.com\/wp-content\/uploads\/2025\/03\/Adam-Fayed-Contact_CTA3-768x432.jpg 768w, https:\/\/adamfayed.com\/wp-content\/uploads\/2025\/03\/Adam-Fayed-Contact_CTA3-scaled.jpg 825w\" sizes=\"(max-width: 512px) 100vw, 512px\" \/><\/figure>\n\n\n\n<div style=\"height:10px\" aria-hidden=\"true\" class=\"wp-block-spacer\"><\/div>\n\n\n\n<div class=\"wp-block-buttons is-layout-flex wp-block-buttons-is-layout-flex\">\n<div class=\"wp-block-button\"><a class=\"wp-block-button__link wp-element-button\" href=\"https:\/\/adamfayed.com\/es\/become-adams-client\/\">Convi\u00e9rtase en mi cliente<\/a><\/div>\n\n\n\n<div class=\"wp-block-button\"><a class=\"wp-block-button__link wp-element-button\" href=\"https:\/\/adamfayed.com\/es\/good-match-quiz\/\" target=\"_blank\" rel=\"noreferrer noopener\">Realice el cuestionario de elegibilidad de clientes<\/a><\/div>\n\n\n\n<div class=\"wp-block-button\"><a class=\"wp-block-button__link wp-element-button\" href=\"https:\/\/adamfayed.com\/es\/contact\/\" target=\"_blank\" rel=\"noreferrer noopener\">P\u00f3ngase en contacto con<\/a><\/div>\n<\/div>\n\n\n\n<p><strong>Adam es un autor reconocido internacionalmente en temas financieros, con m\u00e1s de 830 millones de respuestas en Quora, un libro muy vendido en Amazon y colaborador de Forbes.<\/strong><\/p>","protected":false},"excerpt":{"rendered":"<p>\ud83c\udf10 English | Ver en Espa\u00f1ol In modo fiscalmente efficiente, Novia Global ISA ti offre accesso a diverse opzioni di investimento, come azioni, fondi comuni e obbligazioni. Si tratta di una nuova offerta della piattaforma Novia, che esploreremo in questa pagina. In particolare, approfondiremo: Se sei un espatriato o una persona con un alto patrimonio [&hellip;]<\/p>","protected":false},"author":14,"featured_media":191548,"parent":185423,"menu_order":0,"comment_status":"closed","ping_status":"closed","template":"","meta":{"rop_custom_images_group":[],"rop_custom_messages_group":[],"rop_publish_now":"initial","rop_publish_now_accounts":{"facebook_10166176115445471_100883565069113":""},"rop_publish_now_history":[],"rop_publish_now_status":"pending","footnotes":""},"class_list":["post-191537","page","type-page","status-publish","has-post-thumbnail","hentry"],"_links":{"self":[{"href":"https:\/\/adamfayed.com\/es\/wp-json\/wp\/v2\/pages\/191537","targetHints":{"allow":["GET"]}}],"collection":[{"href":"https:\/\/adamfayed.com\/es\/wp-json\/wp\/v2\/pages"}],"about":[{"href":"https:\/\/adamfayed.com\/es\/wp-json\/wp\/v2\/types\/page"}],"author":[{"embeddable":true,"href":"https:\/\/adamfayed.com\/es\/wp-json\/wp\/v2\/users\/14"}],"replies":[{"embeddable":true,"href":"https:\/\/adamfayed.com\/es\/wp-json\/wp\/v2\/comments?post=191537"}],"version-history":[{"count":2,"href":"https:\/\/adamfayed.com\/es\/wp-json\/wp\/v2\/pages\/191537\/revisions"}],"predecessor-version":[{"id":209256,"href":"https:\/\/adamfayed.com\/es\/wp-json\/wp\/v2\/pages\/191537\/revisions\/209256"}],"up":[{"embeddable":true,"href":"https:\/\/adamfayed.com\/es\/wp-json\/wp\/v2\/pages\/185423"}],"wp:featuredmedia":[{"embeddable":true,"href":"https:\/\/adamfayed.com\/es\/wp-json\/wp\/v2\/media\/191548"}],"wp:attachment":[{"href":"https:\/\/adamfayed.com\/es\/wp-json\/wp\/v2\/media?parent=191537"}],"curies":[{"name":"wp","href":"https:\/\/api.w.org\/{rel}","templated":true}]}}