{"id":191552,"date":"2025-07-20T18:41:50","date_gmt":"2025-07-20T18:41:50","guid":{"rendered":"https:\/\/adamfayed.com\/?page_id=191552"},"modified":"2025-09-09T17:42:35","modified_gmt":"2025-09-09T17:42:35","slug":"recensione-pimco-income-fund","status":"publish","type":"page","link":"https:\/\/adamfayed.com\/es\/italian-article\/recensione-pimco-income-fund\/","title":{"rendered":"Recensione PIMCO Income Fund"},"content":{"rendered":"<p class=\"has-text-align-right\">\ud83c\udf10 <a href=\"https:\/\/adamfayed.com\/es\/review-articles\/pimco-income-fund-review\/\">Ingl\u00e9s<\/a> | <a href=\"https:\/\/adamfayed.com\/es\/spanish-article\/fondo-ingresos-pimco\/\">View in English<\/a><\/p>\n\n\n\n<p>Este informe del PIMCO Income Fund analiza las caracter\u00edsticas de las oportunidades de inversi\u00f3n, los costes y los rendimientos pasados.<\/p>\n\n\n\n<p>Esta inversi\u00f3n es ofrecida por PIMCO, Pacific Investment Management CO., un importante operador en los mercados de valores p\u00fablicos y privados. La empresa, con sede en Newport Beach, California, se fund\u00f3 en 1971.<\/p>\n\n\n\n<p>Si desea invertir como expatriado o persona de alto patrimonio, que es mi especialidad, puede escribirme (advice@adamfayed.com) o ponerse en contacto conmigo por WhatsApp (+44-7393-450-837).<\/p>\n\n\n\n<p>La mayor parte de la informaci\u00f3n procede de datos Morningstar publicados por Financial Times.<\/p>\n\n\n\n<h2 class=\"wp-block-heading\">\u00bfQui\u00e9n es PIMCO?<\/h2>\n\n\n\n<p>La sociedad ofrece servicios de gesti\u00f3n de activos y fondos comunes a clientes institucionales, particulares e inversores individuales.<\/p>\n\n\n\n<p>PIMCO se ha comprometido a gestionar 1,86 billones de d\u00f3lares en activos hasta el 31 de diciembre de 2023.<\/p>\n\n\n\n<h2 class=\"wp-block-heading\">Tutto sul PIMCO Income Fund<\/h2>\n\n\n\n<div class=\"wp-block-group is-layout-constrained wp-block-group-is-layout-constrained\">\n<figure class=\"wp-block-image alignright size-medium\"><img fetchpriority=\"high\" decoding=\"async\" width=\"300\" height=\"300\" src=\"https:\/\/adamfayed.com\/wp-content\/uploads\/2025\/07\/Tutto-sul-PIMCO-Income-Fund-300x300.png\" alt=\"\" class=\"wp-image-191580\" srcset=\"https:\/\/adamfayed.com\/wp-content\/uploads\/2025\/07\/Tutto-sul-PIMCO-Income-Fund-300x300.png 300w, https:\/\/adamfayed.com\/wp-content\/uploads\/2025\/07\/Tutto-sul-PIMCO-Income-Fund-512x512.png 512w, https:\/\/adamfayed.com\/wp-content\/uploads\/2025\/07\/Tutto-sul-PIMCO-Income-Fund-150x150.png 150w, https:\/\/adamfayed.com\/wp-content\/uploads\/2025\/07\/Tutto-sul-PIMCO-Income-Fund-768x768.png 768w, https:\/\/adamfayed.com\/wp-content\/uploads\/2025\/07\/Tutto-sul-PIMCO-Income-Fund-scaled.png 825w\" sizes=\"(max-width: 300px) 100vw, 300px\" \/><\/figure>\n<\/div>\n\n\n\n<h3 class=\"wp-block-heading\">Cos'\u00e8 un fondo a reddito?<\/h3>\n\n\n\n<p>Los fondos comunes de inversi\u00f3n y los ETF que generan ingresos regulares para los inversores se denominan \u201cfondos de renta\u201d. Incluyen obligaciones, acciones con dividendo, acciones privilegiadas y otros instrumentos de renta fija.<\/p>\n\n\n\n<h3 class=\"wp-block-heading\">\u00bfQu\u00e9 es el PIMCO Income Fund?<\/h3>\n\n\n\n<p>El PIMCO Income Fund (PIMIX) es un fondo com\u00fan lanzado por PIMCO el 30 de marzo de 2007. Es una opci\u00f3n a tener en cuenta para quien busca un flujo de capital costoso.<\/p>\n\n\n\n<h4 class=\"wp-block-heading\">Caracter\u00edsticas del PIMCO Income Fund Clase Institucional<\/h4>\n\n\n\n<p>Casi el 65% del total de activos del fondo se invierte en t\u00edtulos de renta fija con diversas escalas, incluidos derivados como opciones, futuros y swaps.<\/p>\n\n\n\n<p>Hasta 50% de los activos pueden invertirse en t\u00edtulos de alto rendimiento con calificaci\u00f3n inferior a investment grade seg\u00fan Moody's, S&amp;P o Fitch.<\/p>\n\n\n\n<p>El fondo se concentra en sociedades de capitalizaci\u00f3n media, con un estilo de inversi\u00f3n orientado al valor o con potencial de crecimiento.<\/p>\n\n\n\n<p>La estrategia oblicua apunta a t\u00edtulos con rating medio, diversificando los emisores y manteniendo una sensibilidad moderada a las tasas de inter\u00e9s.<\/p>\n\n\n\n<p>El precio del fondo est\u00e1 denominado en USD y se actualiza diariamente.<\/p>\n\n\n\n<p>A 31 de diciembre de 2023, el fondo gestionar\u00e1 137,46 millones de USD, de los cuales 81,93 millones de USD en la clase de cotizaci\u00f3n institucional.<\/p>\n\n\n\n<h4 class=\"wp-block-heading\">Asignaci\u00f3n de activos<\/h4>\n\n\n\n<p>El fondo invierte principalmente en obligaciones estatales (187,21%), con una inversi\u00f3n de 0,27% en el sector inmobiliario y de 155,11% en t\u00edtulos del Estado.<\/p>\n\n\n\n<p>Geogr\u00e1ficamente, la principal asignaci\u00f3n se encuentra en los Estados Unidos (0,56%).<\/p>\n\n\n\n<h4 class=\"wp-block-heading\">Inversi\u00f3n m\u00ednima en el fondo<\/h4>\n\n\n\n<p>La inversi\u00f3n inicial m\u00ednima es de 1 mill\u00f3n de d\u00f3lares. No hay l\u00edmites para futuras aportaciones. El fondo s\u00f3lo puede adquirirse en los Estados Unidos.<\/p>\n\n\n\n<h4 class=\"wp-block-heading\">Rendimiento del Fondo<\/h4>\n\n\n\n<p>En los \u00faltimos cinco a\u00f1os, el rendimiento diario ha aumentado en 3,40%; en el \u00faltimo a\u00f1o, en 9,32%; y en los \u00faltimos siete meses, en 5,32%. L'ultimo mese mostra un +3,14%.<\/p>\n\n\n\n<p>En 2022, el fondo ha registrado una ca\u00edda de 7,81%, pero en 2023 y hasta el final del a\u00f1o ha registrado un +9,32%.<\/p>\n\n\n\n<h3 class=\"wp-block-heading\">\u00bfPIMCO Income Fund es una buena inversi\u00f3n?<\/h3>\n\n\n\n<h4 class=\"wp-block-heading\">Vantaggi<\/h4>\n\n\n\n<ol start=\"1\" class=\"wp-block-list\">\n<li>Ideale per chi cerca rendimenti regolari e stabili.<\/li>\n\n\n\n<li>Estrategias diversificadas para objetivos de m\u00e1s de un siglo.<\/li>\n\n\n\n<li>Gesti\u00f3n esperada y resistente con riesgos consolidados.<\/li>\n<\/ol>\n\n\n\n<p><\/p>\n\n\n\n<h4 class=\"wp-block-heading\">Svantaggi<\/h4>\n\n\n\n<ol start=\"1\" class=\"wp-block-list\">\n<li>Esposizione a rischio di tasso, economico e di default.<\/li>\n\n\n\n<li>Suscettibile alla volatilit\u00e0 del mercato.<\/li>\n\n\n\n<li>No se garantizan los riesgos relacionados con entornos espec\u00edficos, como los mutuos residenciales.<\/li>\n<\/ol>\n\n\n\n<p><\/p>\n\n\n\n<h2 class=\"wp-block-heading\">Conclusi\u00f3n<\/h2>\n\n\n\n<p>La asignaci\u00f3n estrat\u00e9gica de activos es fundamental para maximizar la rentabilidad. El PIMCO Income Fund es una oportunidad \u00fanica para quien busque un componente de renta fija en su cartera.<\/p>\n\n\n\n<p>Te recomendamos que consultes tu estrategia de inversi\u00f3n global en reddit.<\/p>\n\n\n\n<p><\/p>\n\n\n\n<p><strong>\u00bfLe duele la indecisi\u00f3n financiera? <\/strong><\/p>\n\n\n\n<figure class=\"wp-block-image size-large is-resized\"><img decoding=\"async\" width=\"512\" height=\"288\" src=\"https:\/\/adamfayed.com\/wp-content\/uploads\/2025\/03\/Adam-Fayed-Contact_CTA3-512x288.jpg\" alt=\"\" class=\"wp-image-117505\" style=\"width:683px;height:auto\" srcset=\"https:\/\/adamfayed.com\/wp-content\/uploads\/2025\/03\/Adam-Fayed-Contact_CTA3-512x288.jpg 512w, https:\/\/adamfayed.com\/wp-content\/uploads\/2025\/03\/Adam-Fayed-Contact_CTA3-300x169.jpg 300w, https:\/\/adamfayed.com\/wp-content\/uploads\/2025\/03\/Adam-Fayed-Contact_CTA3-768x432.jpg 768w, https:\/\/adamfayed.com\/wp-content\/uploads\/2025\/03\/Adam-Fayed-Contact_CTA3-scaled.jpg 825w\" sizes=\"(max-width: 512px) 100vw, 512px\" \/><\/figure>\n\n\n\n<div style=\"height:10px\" aria-hidden=\"true\" class=\"wp-block-spacer\"><\/div>\n\n\n\n<div class=\"wp-block-buttons is-layout-flex wp-block-buttons-is-layout-flex\">\n<div class=\"wp-block-button\"><a class=\"wp-block-button__link wp-element-button\" href=\"https:\/\/adamfayed.com\/es\/become-adams-client\/\">Convi\u00e9rtase en mi cliente<\/a><\/div>\n\n\n\n<div class=\"wp-block-button\"><a class=\"wp-block-button__link wp-element-button\" href=\"https:\/\/adamfayed.com\/es\/good-match-quiz\/\" target=\"_blank\" rel=\"noreferrer noopener\">Realice el cuestionario de elegibilidad de clientes<\/a><\/div>\n\n\n\n<div class=\"wp-block-button\"><a class=\"wp-block-button__link wp-element-button\" href=\"https:\/\/adamfayed.com\/es\/contact\/\" target=\"_blank\" rel=\"noreferrer noopener\">P\u00f3ngase en contacto con<\/a><\/div>\n<\/div>\n\n\n\n<p><strong>Adam es un autor reconocido internacionalmente en temas financieros, con m\u00e1s de 830 millones de respuestas en Quora, un libro muy vendido en Amazon y colaborador de Forbes.<\/strong><\/p>","protected":false},"excerpt":{"rendered":"<p>\ud83c\udf10 English | Ver en Espa\u00f1ol Questa recensione del PIMCO Income Fund analizzer\u00e0 le caratteristiche dell\u2019opportunit\u00e0 di investimento, i costi e i rendimenti passati. Questo investimento \u00e8 offerto da PIMCO, Pacific Investment Management CO., un importante attore nei mercati del reddito fisso pubblico e privato. La societ\u00e0, con sede a Newport Beach, California, \u00e8 stata [&hellip;]<\/p>","protected":false},"author":14,"featured_media":191578,"parent":185423,"menu_order":0,"comment_status":"closed","ping_status":"closed","template":"","meta":{"rop_custom_images_group":[],"rop_custom_messages_group":[],"rop_publish_now":"initial","rop_publish_now_accounts":{"facebook_10166176115445471_100883565069113":""},"rop_publish_now_history":[],"rop_publish_now_status":"pending","footnotes":""},"class_list":["post-191552","page","type-page","status-publish","has-post-thumbnail","hentry"],"_links":{"self":[{"href":"https:\/\/adamfayed.com\/es\/wp-json\/wp\/v2\/pages\/191552","targetHints":{"allow":["GET"]}}],"collection":[{"href":"https:\/\/adamfayed.com\/es\/wp-json\/wp\/v2\/pages"}],"about":[{"href":"https:\/\/adamfayed.com\/es\/wp-json\/wp\/v2\/types\/page"}],"author":[{"embeddable":true,"href":"https:\/\/adamfayed.com\/es\/wp-json\/wp\/v2\/users\/14"}],"replies":[{"embeddable":true,"href":"https:\/\/adamfayed.com\/es\/wp-json\/wp\/v2\/comments?post=191552"}],"version-history":[{"count":2,"href":"https:\/\/adamfayed.com\/es\/wp-json\/wp\/v2\/pages\/191552\/revisions"}],"predecessor-version":[{"id":210108,"href":"https:\/\/adamfayed.com\/es\/wp-json\/wp\/v2\/pages\/191552\/revisions\/210108"}],"up":[{"embeddable":true,"href":"https:\/\/adamfayed.com\/es\/wp-json\/wp\/v2\/pages\/185423"}],"wp:featuredmedia":[{"embeddable":true,"href":"https:\/\/adamfayed.com\/es\/wp-json\/wp\/v2\/media\/191578"}],"wp:attachment":[{"href":"https:\/\/adamfayed.com\/es\/wp-json\/wp\/v2\/media?parent=191552"}],"curies":[{"name":"wp","href":"https:\/\/api.w.org\/{rel}","templated":true}]}}