{"id":191553,"date":"2025-07-20T18:36:56","date_gmt":"2025-07-20T18:36:56","guid":{"rendered":"https:\/\/adamfayed.com\/?page_id=191553"},"modified":"2025-09-09T17:40:04","modified_gmt":"2025-09-09T17:40:04","slug":"recensione-del-vida-fund","status":"publish","type":"page","link":"https:\/\/adamfayed.com\/es\/italian-article\/recensione-del-vida-fund\/","title":{"rendered":"Fondo Recensione del Vida"},"content":{"rendered":"<p class=\"has-text-align-right\">\ud83c\udf10 <a href=\"https:\/\/adamfayed.com\/es\/review-articles\/vida-fund-review\/\">Ingl\u00e9s<\/a> | <a href=\"https:\/\/adamfayed.com\/es\/spanish-article\/resena-vida-fund\/\">View in English<\/a><\/p>\n\n\n\n<p>Questa recensione del Vida Hospitality Growth Fund, noto anche come Vida Fund, analizza l\u2019opportunit\u00e0 d\u2019investimento nel settore dell\u2019ospitalit\u00e0.<\/p>\n\n\n\n<p>L\u2019obiettivo principale di Vida Capital Partners, societ\u00e0 regolamentata, \u00e8 investire in aziende alberghiere sostenibili. Con un investimento di 500.000 euro e una partnership con Vida Cap, gli investitori possono accedere alla Zona Schengen e ottenere la cittadinanza europea in sei anni.<\/p>\n\n\n\n<p>Si desea invertir como expatriado o persona de alto patrimonio, que es mi especialidad, puede escribirme (advice@adamfayed.com) o ponerse en contacto conmigo por WhatsApp (+44-7393-450-837).<\/p>\n\n\n\n<p>Poich\u00e9 investimenti come questo comportano sempre dei rischi, \u00e8 consigliabile cercare una guida esperta.<\/p>\n\n\n\n<h2 class=\"wp-block-heading\">Chi \u00e8 Vida Capital?<\/h2>\n\n\n\n<p>Vida Capital \u00e8 una societ\u00e0 d\u2019investimento attenta all\u2019ambiente, che certifica i suoi progetti in collaborazione con il Green Building Council. Partecipa anche all\u2019Iniziativa del Global Compact delle Nazioni Unite.<\/p>\n\n\n\n<p>Il team di Vida Capital ha contribuito alla creazione, gestione e promozione di asset per oltre 900 milioni di euro in aree strategiche come l\u2019Algarve, Lisbona e Porto. Tra i progetti pi\u00f9 noti c\u2019\u00e8 il Nomad Bay Algarve.<\/p>\n\n\n\n<p>Vida Capital ha gestito oltre 2 miliardi di euro in Europa, Stati Uniti, America Latina e Africa.<\/p>\n\n\n\n<h2 class=\"wp-block-heading\">Vida Hospitality Growth Fund<\/h2>\n\n\n\n<p>Il fondo mira a raccogliere 100 milioni di euro in sette anni, offrendo un rendimento medio annuo del 10%.<\/p>\n\n\n\n<p>Si concentra su appartamenti di lusso con servizi in Portogallo che necessitano di riqualificazione. Il fondo \u00e8 gestito da Vida Fund.<\/p>\n\n\n\n<p>Il fondo cerca investimenti strategici in societ\u00e0 proprietarie di appartamenti con servizi e si integra con il programma Golden Visa portoghese.<\/p>\n\n\n\n<p>Il portafoglio diversificato riduce i rischi normativi e di sviluppo, massimizzando i rendimenti e offrendo la possibilit\u00e0 di ottenere la cittadinanza UE.<\/p>\n\n\n\n<p>Il processo di investimento \u00e8 semplice, con monitoraggio specializzato per chi aderisce al Golden Visa.<\/p>\n\n\n\n<p>L\u2019investimento minimo richiesto \u00e8 di 500.000 euro.<\/p>\n\n\n\n<h3 class=\"wp-block-heading\">Programma Golden Visa Portoghese tramite Vida Fund<\/h3>\n\n\n\n<div class=\"wp-block-group is-layout-constrained wp-block-group-is-layout-constrained\">\n<figure class=\"wp-block-image alignleft size-medium\"><img fetchpriority=\"high\" decoding=\"async\" width=\"300\" height=\"300\" src=\"https:\/\/adamfayed.com\/wp-content\/uploads\/2025\/07\/Programma-Golden-Visa-Portoghese-tramite-Vida-Fund-300x300.png\" alt=\"\" class=\"wp-image-191574\" srcset=\"https:\/\/adamfayed.com\/wp-content\/uploads\/2025\/07\/Programma-Golden-Visa-Portoghese-tramite-Vida-Fund-300x300.png 300w, https:\/\/adamfayed.com\/wp-content\/uploads\/2025\/07\/Programma-Golden-Visa-Portoghese-tramite-Vida-Fund-512x512.png 512w, https:\/\/adamfayed.com\/wp-content\/uploads\/2025\/07\/Programma-Golden-Visa-Portoghese-tramite-Vida-Fund-150x150.png 150w, https:\/\/adamfayed.com\/wp-content\/uploads\/2025\/07\/Programma-Golden-Visa-Portoghese-tramite-Vida-Fund-768x768.png 768w, https:\/\/adamfayed.com\/wp-content\/uploads\/2025\/07\/Programma-Golden-Visa-Portoghese-tramite-Vida-Fund-scaled.png 825w\" sizes=\"(max-width: 300px) 100vw, 300px\" \/><\/figure>\n<\/div>\n\n\n\n<p>L\u2019applicazione \u00e8 semplice. Non \u00e8 necessario trasferirsi, basta soggiornare una settimana all\u2019anno per cinque anni.<\/p>\n\n\n\n<p>Tu e la tua famiglia potrete investire e vivere in Portogallo, con vantaggi fiscali interessanti.<\/p>\n\n\n\n<p>Non \u00e8 obbligatorio risiedere nella propriet\u00e0 acquistata. \u00c8 possibile affittarla, ma l\u2019affitto \u00e8 soggetto a una tassa del 28%.<\/p>\n\n\n\n<p>Il reddito estero \u00e8 esente da imposte in Portogallo se non si superano i 183 giorni consecutivi nel paese.<\/p>\n\n\n\n<h3 class=\"wp-block-heading\">Pro e contro dell\u2019investimento nel Vida Fund<\/h3>\n\n\n\n<h4 class=\"wp-block-heading\">Vantaggi<\/h4>\n\n\n\n<ul class=\"wp-block-list\">\n<li>Rendimenti interessanti con investimenti redditizi<\/li>\n\n\n\n<li>Focus su appartamenti con servizi in un mercato stabile<\/li>\n\n\n\n<li>Portafoglio diversificato che minimizza i rischi<\/li>\n\n\n\n<li>Collegamento strategico con il Golden Visa per ampliare i benefici di residenza<\/li>\n<\/ul>\n\n\n\n<p><\/p>\n\n\n\n<h4 class=\"wp-block-heading\">Rischi<\/h4>\n\n\n\n<ul class=\"wp-block-list\">\n<li>Fluttuazioni stagionali nei tassi di occupazione e prezzo camera<\/li>\n\n\n\n<li>Rischi economici e di spesa dei consumatori<\/li>\n\n\n\n<li>Fluttuazioni di EBITDA durante il periodo d\u2019investimento<\/li>\n\n\n\n<li>Rendimento influenzato da turismo, economia locale, consumo<\/li>\n<\/ul>\n\n\n\n<p><\/p>\n\n\n\n<h2 class=\"wp-block-heading\">Prospettive del Mercato dell\u2019Ospitalit\u00e0<\/h2>\n\n\n\n<p>Fattori economici, tendenze dei consumatori, tecnologia e regolamenti influenzano il settore dell\u2019ospitalit\u00e0. \u00c8 competitivo e in continua evoluzione.<\/p>\n\n\n\n<p>Si prevede una crescita globale del 10,62% nel periodo 2023\u20132030.<\/p>\n\n\n\n<p><strong>\u00bfLe duele la indecisi\u00f3n financiera? <\/strong><\/p>\n\n\n\n<figure class=\"wp-block-image size-large is-resized\"><img decoding=\"async\" width=\"512\" height=\"288\" src=\"https:\/\/adamfayed.com\/wp-content\/uploads\/2025\/03\/Adam-Fayed-Contact_CTA3-512x288.jpg\" alt=\"\" class=\"wp-image-117505\" style=\"width:683px;height:auto\" srcset=\"https:\/\/adamfayed.com\/wp-content\/uploads\/2025\/03\/Adam-Fayed-Contact_CTA3-512x288.jpg 512w, https:\/\/adamfayed.com\/wp-content\/uploads\/2025\/03\/Adam-Fayed-Contact_CTA3-300x169.jpg 300w, https:\/\/adamfayed.com\/wp-content\/uploads\/2025\/03\/Adam-Fayed-Contact_CTA3-768x432.jpg 768w, https:\/\/adamfayed.com\/wp-content\/uploads\/2025\/03\/Adam-Fayed-Contact_CTA3-scaled.jpg 825w\" sizes=\"(max-width: 512px) 100vw, 512px\" \/><\/figure>\n\n\n\n<div style=\"height:10px\" aria-hidden=\"true\" class=\"wp-block-spacer\"><\/div>\n\n\n\n<div class=\"wp-block-buttons is-layout-flex wp-block-buttons-is-layout-flex\">\n<div class=\"wp-block-button\"><a class=\"wp-block-button__link wp-element-button\" href=\"https:\/\/adamfayed.com\/es\/become-adams-client\/\">Convi\u00e9rtase en mi cliente<\/a><\/div>\n\n\n\n<div class=\"wp-block-button\"><a class=\"wp-block-button__link wp-element-button\" href=\"https:\/\/adamfayed.com\/es\/good-match-quiz\/\" target=\"_blank\" rel=\"noreferrer noopener\">Realice el cuestionario de elegibilidad de clientes<\/a><\/div>\n\n\n\n<div class=\"wp-block-button\"><a class=\"wp-block-button__link wp-element-button\" href=\"https:\/\/adamfayed.com\/es\/contact\/\" target=\"_blank\" rel=\"noreferrer noopener\">P\u00f3ngase en contacto con<\/a><\/div>\n<\/div>\n\n\n\n<p><strong>Adam es un autor reconocido internacionalmente en temas financieros, con m\u00e1s de 830 millones de respuestas en Quora, un libro muy vendido en Amazon y colaborador de Forbes.<\/strong><\/p>","protected":false},"excerpt":{"rendered":"<p>\ud83c\udf10 English | Ver en Espa\u00f1ol Questa recensione del Vida Hospitality Growth Fund, noto anche come Vida Fund, analizza l\u2019opportunit\u00e0 d\u2019investimento nel settore dell\u2019ospitalit\u00e0. L\u2019obiettivo principale di Vida Capital Partners, societ\u00e0 regolamentata, \u00e8 investire in aziende alberghiere sostenibili. Con un investimento di 500.000 euro e una partnership con Vida Cap, gli investitori possono accedere alla [&hellip;]<\/p>","protected":false},"author":14,"featured_media":191572,"parent":185423,"menu_order":0,"comment_status":"closed","ping_status":"closed","template":"","meta":{"rop_custom_images_group":[],"rop_custom_messages_group":[],"rop_publish_now":"initial","rop_publish_now_accounts":{"facebook_10166176115445471_100883565069113":""},"rop_publish_now_history":[],"rop_publish_now_status":"pending","footnotes":""},"class_list":["post-191553","page","type-page","status-publish","has-post-thumbnail","hentry"],"_links":{"self":[{"href":"https:\/\/adamfayed.com\/es\/wp-json\/wp\/v2\/pages\/191553","targetHints":{"allow":["GET"]}}],"collection":[{"href":"https:\/\/adamfayed.com\/es\/wp-json\/wp\/v2\/pages"}],"about":[{"href":"https:\/\/adamfayed.com\/es\/wp-json\/wp\/v2\/types\/page"}],"author":[{"embeddable":true,"href":"https:\/\/adamfayed.com\/es\/wp-json\/wp\/v2\/users\/14"}],"replies":[{"embeddable":true,"href":"https:\/\/adamfayed.com\/es\/wp-json\/wp\/v2\/comments?post=191553"}],"version-history":[{"count":2,"href":"https:\/\/adamfayed.com\/es\/wp-json\/wp\/v2\/pages\/191553\/revisions"}],"predecessor-version":[{"id":210103,"href":"https:\/\/adamfayed.com\/es\/wp-json\/wp\/v2\/pages\/191553\/revisions\/210103"}],"up":[{"embeddable":true,"href":"https:\/\/adamfayed.com\/es\/wp-json\/wp\/v2\/pages\/185423"}],"wp:featuredmedia":[{"embeddable":true,"href":"https:\/\/adamfayed.com\/es\/wp-json\/wp\/v2\/media\/191572"}],"wp:attachment":[{"href":"https:\/\/adamfayed.com\/es\/wp-json\/wp\/v2\/media?parent=191553"}],"curies":[{"name":"wp","href":"https:\/\/api.w.org\/{rel}","templated":true}]}}