{"id":191606,"date":"2025-07-20T19:12:09","date_gmt":"2025-07-20T19:12:09","guid":{"rendered":"https:\/\/adamfayed.com\/?page_id=191606"},"modified":"2025-07-20T19:12:11","modified_gmt":"2025-07-20T19:12:11","slug":"fracaso-inversion-high-street-group","status":"publish","type":"page","link":"https:\/\/adamfayed.com\/es\/spanish-article\/fracaso-inversion-high-street-group\/","title":{"rendered":"Fracaso de la Inversi\u00f3n en Notas de Pr\u00e9stamo de High Street Group"},"content":{"rendered":"<p>\u00bfFuiste inversor en la ya colapsada High Street Group? \u00bfTe interesa saber qu\u00e9 sucedi\u00f3 con sus promesas incumplidas? \u00bfO simplemente est\u00e1s investigando sobre notas de pr\u00e9stamo y encontraste esta historia?<\/p>\n\n\n\n<p>La empresa desarroll\u00f3 proyectos de viviendas estudiantiles, hoteles y residencias en el Reino Unido.<\/p>\n\n\n\n<p>Desafortunadamente, muchos inversores privados perdieron sus ahorros debido al colapso financiero del grupo.<\/p>\n\n\n\n<p>Si deseas invertir como expatriado o persona con alto patrimonio, que es mi especialidad, puedes escribirme (hello@adamfayed.com) o enviarme un WhatsApp (+44-7393-450-837).<\/p>\n\n\n\n<p>Revisa toda tu cartera, ya que podr\u00edas estar expuesto a riesgos ocultos tras esta insolvencia.<\/p>\n\n\n\n<p>Primero veamos los antecedentes del proveedor de inversi\u00f3n antes de entrar en lo que pas\u00f3 con sus notas de pr\u00e9stamo.<\/p>\n\n\n\n<h2 class=\"wp-block-heading\">\u00bfQui\u00e9n es High Street Group?<\/h2>\n\n\n\n<p>Fundada en 2006 por Gary Forrest, The High Street Group se especializaba en el desarrollo inmobiliario.<\/p>\n\n\n\n<p>La empresa particip\u00f3 en una variedad de proyectos comerciales y residenciales.<\/p>\n\n\n\n<p>Tras cambiar su nombre a Hadrian Real Estate, reorganiz\u00f3 m\u00e1s de 78 entidades y recaud\u00f3 fondos mediante la venta de notas de inversi\u00f3n.<\/p>\n\n\n\n<h2 class=\"wp-block-heading\">Inversi\u00f3n en High Street Group<\/h2>\n\n\n\n<div class=\"wp-block-group is-layout-constrained wp-block-group-is-layout-constrained\">\n<figure class=\"wp-block-image alignleft size-medium\"><img fetchpriority=\"high\" decoding=\"async\" width=\"300\" height=\"300\" src=\"https:\/\/adamfayed.com\/wp-content\/uploads\/2025\/07\/Inversion-en-High-Street-Group-300x300.jpg\" alt=\"\" class=\"wp-image-191616\" srcset=\"https:\/\/adamfayed.com\/wp-content\/uploads\/2025\/07\/Inversion-en-High-Street-Group-300x300.jpg 300w, https:\/\/adamfayed.com\/wp-content\/uploads\/2025\/07\/Inversion-en-High-Street-Group-512x512.jpg 512w, https:\/\/adamfayed.com\/wp-content\/uploads\/2025\/07\/Inversion-en-High-Street-Group-150x150.jpg 150w, https:\/\/adamfayed.com\/wp-content\/uploads\/2025\/07\/Inversion-en-High-Street-Group-768x768.jpg 768w, https:\/\/adamfayed.com\/wp-content\/uploads\/2025\/07\/Inversion-en-High-Street-Group-scaled.jpg 825w\" sizes=\"(max-width: 300px) 100vw, 300px\" \/><\/figure>\n<\/div>\n\n\n\n<p>Emitieron notas de pr\u00e9stamo para financiar desarrollos inmobiliarios en varias ciudades del Reino Unido.<\/p>\n\n\n\n<p>Pod\u00edan invertir empresas, inversores profesionales, sofisticados y de alto patrimonio.<\/p>\n\n\n\n<p>Los anuncios promet\u00edan retornos de hasta el 12% anual bajo ciertas condiciones, con bonificaciones adicionales.<\/p>\n\n\n\n<h3 class=\"wp-block-heading\">\u00bfQu\u00e9 pas\u00f3 con las notas de pr\u00e9stamo de High Street Group?<\/h3>\n\n\n\n<p>En 2019 dejaron de pagar intereses, y aproximadamente dos a\u00f1os despu\u00e9s negaron a los inversores el reembolso del capital, a pesar de haber prometido redenciones anuales.<\/p>\n\n\n\n<p>Seg\u00fan Insolvency &amp; Law, se invirtieron 118 millones de libras en High Street Group antes de su quiebra.<\/p>\n\n\n\n<p>Business Live UK inform\u00f3 que la insolvencia surgi\u00f3 por problemas en proyectos emblem\u00e1ticos como Hadrian's Tower en Newcastle y otros en Birmingham y el norte.<\/p>\n\n\n\n<p>Se han publicado procedimientos de quiebra e investigaciones sobre el traspaso de fondos entre empresas del grupo.<\/p>\n\n\n\n<p>Los administradores est\u00e1n revisando retiradas y transacciones que generan dudas sobre su estado financiero.<\/p>\n\n\n\n<p>Las deudas del grupo ascienden a unos 212 millones de libras.<\/p>\n\n\n\n<h3 class=\"wp-block-heading\">Otros datos clave sobre el colapso de High Street Group<\/h3>\n\n\n\n<ul class=\"wp-block-list\">\n<li><strong>Negligencia financiera:<\/strong> Los administradores pusieron en duda la capacidad financiera de Hadrian Real Estate PLC.<\/li>\n\n\n\n<li><strong>Falta de transparencia:<\/strong> Gary Forrest no present\u00f3 el \u201cStatement of Affairs\u201d solicitado en 2022.<\/li>\n\n\n\n<li><strong>Transferencias de capital:<\/strong> Se identificaron movimientos de 168 millones de libras entre empresas vinculadas.<\/li>\n\n\n\n<li><strong>Proyectos ambiciosos:<\/strong> Iniciativas como las de Birmingham podr\u00edan haber empeorado la situaci\u00f3n financiera.<\/li>\n<\/ul>\n\n\n\n<p><\/p>\n\n\n\n<p>Seg\u00fan Business Live, la empresa recibi\u00f3 opciones para proyectos financiados por inversores institucionales. Pero recuperar el dinero parece poco probable.<\/p>\n\n\n\n<h2 class=\"wp-block-heading\">Reflexi\u00f3n final<\/h2>\n\n\n\n<p>El caso de High Street Group muestra los retos que enfrentan los desarrolladores inmobiliarios del Reino Unido.<\/p>\n\n\n\n<p>La falta de viviendas accesibles ha elevado la demanda y los precios; el comercio minorista afronta costes elevados.<\/p>\n\n\n\n<p>Consulta con un asesor financiero para saber qu\u00e9 pasos seguir. Las insolvencias pueden tardar a\u00f1os y no siempre hay recuperaci\u00f3n para los inversores.<\/p>\n\n\n\n<p>Invertir en notas de pr\u00e9stamo implica riesgos significativos. Como ocurri\u00f3 con High Street Group, el pasado no garantiza resultados futuros. Ser cauteloso es clave al elegir d\u00f3nde invertir.<\/p>\n\n\n\n<p><\/p>\n\n\n\n<p><strong>\u00bfLe duele la indecisi\u00f3n financiera? <\/strong><\/p>\n\n\n\n<figure class=\"wp-block-image size-large is-resized\"><img decoding=\"async\" width=\"512\" height=\"288\" src=\"https:\/\/adamfayed.com\/wp-content\/uploads\/2025\/03\/Adam-Fayed-Contact_CTA3-512x288.jpg\" alt=\"\" class=\"wp-image-117505\" style=\"width:683px;height:auto\" srcset=\"https:\/\/adamfayed.com\/wp-content\/uploads\/2025\/03\/Adam-Fayed-Contact_CTA3-512x288.jpg 512w, https:\/\/adamfayed.com\/wp-content\/uploads\/2025\/03\/Adam-Fayed-Contact_CTA3-300x169.jpg 300w, https:\/\/adamfayed.com\/wp-content\/uploads\/2025\/03\/Adam-Fayed-Contact_CTA3-768x432.jpg 768w, https:\/\/adamfayed.com\/wp-content\/uploads\/2025\/03\/Adam-Fayed-Contact_CTA3-scaled.jpg 825w\" sizes=\"(max-width: 512px) 100vw, 512px\" \/><\/figure>\n\n\n\n<div style=\"height:10px\" aria-hidden=\"true\" class=\"wp-block-spacer\"><\/div>\n\n\n\n<div class=\"wp-block-buttons is-layout-flex wp-block-buttons-is-layout-flex\">\n<div class=\"wp-block-button\"><a class=\"wp-block-button__link wp-element-button\" href=\"https:\/\/adamfayed.com\/es\/become-adams-client\/\">Convi\u00e9rtase en mi cliente<\/a><\/div>\n\n\n\n<div class=\"wp-block-button\"><a class=\"wp-block-button__link wp-element-button\" href=\"https:\/\/adamfayed.com\/es\/good-match-quiz\/\" target=\"_blank\" rel=\"noreferrer noopener\">Realice el cuestionario de elegibilidad de clientes<\/a><\/div>\n\n\n\n<div class=\"wp-block-button\"><a class=\"wp-block-button__link wp-element-button\" href=\"https:\/\/adamfayed.com\/es\/contact\/\" target=\"_blank\" rel=\"noreferrer noopener\">P\u00f3ngase en contacto con<\/a><\/div>\n<\/div>\n\n\n\n<p><strong>Adam es un autor reconocido internacionalmente en temas financieros, con m\u00e1s de 830 millones de respuestas en Quora, un libro muy vendido en Amazon y colaborador de Forbes.<\/strong><\/p>","protected":false},"excerpt":{"rendered":"<p>\u00bfFuiste inversor en la ya colapsada High Street Group? \u00bfTe interesa saber qu\u00e9 sucedi\u00f3 con sus promesas incumplidas? \u00bfO simplemente est\u00e1s investigando sobre notas de pr\u00e9stamo y encontraste esta historia? La empresa desarroll\u00f3 proyectos de viviendas estudiantiles, hoteles y residencias en el Reino Unido. Desafortunadamente, muchos inversores privados perdieron sus ahorros debido al colapso financiero [&hellip;]<\/p>","protected":false},"author":14,"featured_media":191614,"parent":185416,"menu_order":0,"comment_status":"closed","ping_status":"closed","template":"","meta":{"rop_custom_images_group":[],"rop_custom_messages_group":[],"rop_publish_now":"initial","rop_publish_now_accounts":{"facebook_10166176115445471_100883565069113":""},"rop_publish_now_history":[],"rop_publish_now_status":"pending","footnotes":""},"class_list":["post-191606","page","type-page","status-publish","has-post-thumbnail","hentry"],"_links":{"self":[{"href":"https:\/\/adamfayed.com\/es\/wp-json\/wp\/v2\/pages\/191606","targetHints":{"allow":["GET"]}}],"collection":[{"href":"https:\/\/adamfayed.com\/es\/wp-json\/wp\/v2\/pages"}],"about":[{"href":"https:\/\/adamfayed.com\/es\/wp-json\/wp\/v2\/types\/page"}],"author":[{"embeddable":true,"href":"https:\/\/adamfayed.com\/es\/wp-json\/wp\/v2\/users\/14"}],"replies":[{"embeddable":true,"href":"https:\/\/adamfayed.com\/es\/wp-json\/wp\/v2\/comments?post=191606"}],"version-history":[{"count":1,"href":"https:\/\/adamfayed.com\/es\/wp-json\/wp\/v2\/pages\/191606\/revisions"}],"predecessor-version":[{"id":191617,"href":"https:\/\/adamfayed.com\/es\/wp-json\/wp\/v2\/pages\/191606\/revisions\/191617"}],"up":[{"embeddable":true,"href":"https:\/\/adamfayed.com\/es\/wp-json\/wp\/v2\/pages\/185416"}],"wp:featuredmedia":[{"embeddable":true,"href":"https:\/\/adamfayed.com\/es\/wp-json\/wp\/v2\/media\/191614"}],"wp:attachment":[{"href":"https:\/\/adamfayed.com\/es\/wp-json\/wp\/v2\/media?parent=191606"}],"curies":[{"name":"wp","href":"https:\/\/api.w.org\/{rel}","templated":true}]}}