{"id":191620,"date":"2025-07-20T19:28:46","date_gmt":"2025-07-20T19:28:46","guid":{"rendered":"https:\/\/adamfayed.com\/?page_id=191620"},"modified":"2025-09-09T17:39:50","modified_gmt":"2025-09-09T17:39:50","slug":"resena-vida-fund","status":"publish","type":"page","link":"https:\/\/adamfayed.com\/es\/spanish-article\/resena-vida-fund\/","title":{"rendered":"Rese\u00f1a del Vida Fund"},"content":{"rendered":"<p class=\"has-text-align-right\">\ud83c\udf10 <a href=\"https:\/\/adamfayed.com\/es\/review-articles\/vida-fund-review\/\">Ingl\u00e9s<\/a> | <a href=\"https:\/\/adamfayed.com\/es\/italian-article\/recensione-del-vida-fund\/\">Vedi in Italiano<\/a><\/p>\n\n\n\n<p>Esta rese\u00f1a del Vida Hospitality Growth Fund (Vida Fund) analiza esta oportunidad de inversi\u00f3n en el sector de la hospitalidad.<\/p>\n\n\n\n<p>Vida Capital Partners es una entidad regulada cuyo objetivo es invertir en operadores hoteleros sostenibles. Con una inversi\u00f3n de 500.000 euros y asociaci\u00f3n con Vida Cap, los inversores pueden acceder al espacio Schengen y ser elegibles para ciudadan\u00eda europea en seis a\u00f1os.<\/p>\n\n\n\n<p>Si deseas invertir como expatriado o persona con alto patrimonio, que es mi especialidad, puedes escribirme (hello@adamfayed.com) o enviarme un WhatsApp (+44-7393-450-837).<\/p>\n\n\n\n<p>Dado que estas inversiones conllevan riesgos, conviene buscar asesoramiento profesional.<\/p>\n\n\n\n<h2 class=\"wp-block-heading\">\u00bfQui\u00e9n es Vida Capital?<\/h2>\n\n\n\n<p>Vida Capital es una firma de inversi\u00f3n ambientalmente responsable, certificada por el Green Building Council. Tambi\u00e9n participa en el Pacto Mundial de las Naciones Unidas.<\/p>\n\n\n\n<p>El equipo de Vida ha gestionado activos por m\u00e1s de 900 millones de euros en lugares como Algarve, Lisboa y Oporto. Nomad Bay Algarve es uno de sus proyectos m\u00e1s destacados.<\/p>\n\n\n\n<p>Vida Capital ha recaudado y gestionado m\u00e1s de 2.000 millones de euros en Europa, EE.UU., Am\u00e9rica Latina y \u00c1frica.<\/p>\n\n\n\n<h2 class=\"wp-block-heading\">Vida Hospitality Growth Fund<\/h2>\n\n\n\n<p>El fondo busca recaudar 100 millones de euros en siete a\u00f1os, con un rendimiento promedio del 10% anual.<\/p>\n\n\n\n<p>Se centra en apartamentos con servicios premium en Portugal que requieren reforma o reposicionamiento. Est\u00e1 gestionado por Vida Fund.<\/p>\n\n\n\n<p>Busca inversiones estrat\u00e9gicas alineadas con el Golden Visa portugu\u00e9s, facilitando la residencia a trav\u00e9s del sector hotelero.<\/p>\n\n\n\n<p>El portafolio diversificado minimiza los riesgos regulatorios y de desarrollo, y ofrece la posibilidad de obtener la ciudadan\u00eda de la UE.<\/p>\n\n\n\n<p>El proceso de inversi\u00f3n es simple y cuenta con soporte especializado, especialmente para solicitantes del Golden Visa.<\/p>\n\n\n\n<p>La inversi\u00f3n m\u00ednima es de 500.000 euros.<\/p>\n\n\n\n<h3 class=\"wp-block-heading\">Programa Golden Visa Portugal a trav\u00e9s de Vida Fund<\/h3>\n\n\n\n<p>El proceso de aplicaci\u00f3n es sencillo. No es necesario mudarse; basta con una estad\u00eda m\u00ednima de una semana al a\u00f1o durante cinco a\u00f1os.<\/p>\n\n\n\n<p>T\u00fa y tu familia podr\u00e1n vivir en Portugal, con beneficios fiscales atractivos.<\/p>\n\n\n\n<p>No es obligatorio residir en la propiedad. Puede alquilarse, con un impuesto del 28% sobre ingresos por alquiler.<\/p>\n\n\n\n<p>Los ingresos obtenidos fuera de Portugal est\u00e1n exentos de impuestos si la estancia anual no supera los 183 d\u00edas consecutivos.<\/p>\n\n\n\n<h3 class=\"wp-block-heading\">Ventajas y riesgos de invertir en Vida Fund<\/h3>\n\n\n\n<h4 class=\"wp-block-heading\">Ventajas<\/h4>\n\n\n\n<ul class=\"wp-block-list\">\n<li>Inversiones rentables con altos retornos<\/li>\n\n\n\n<li>Enfoque en un mercado s\u00f3lido: apartamentos con servicios<\/li>\n\n\n\n<li>Portafolio diversificado que reduce los riesgos<\/li>\n\n\n\n<li>Conexi\u00f3n con Golden Visa que ampl\u00eda beneficios de residencia<\/li>\n<\/ul>\n\n\n\n<p><\/p>\n\n\n\n<h4 class=\"wp-block-heading\">Riesgos<\/h4>\n\n\n\n<ul class=\"wp-block-list\">\n<li>Estacionalidad y fluctuaci\u00f3n de precios y ocupaci\u00f3n<\/li>\n\n\n\n<li>Sensibilidad a crisis econ\u00f3micas y comportamiento del consumidor<\/li>\n\n\n\n<li>Riesgos operativos por variaci\u00f3n en EBITDA<\/li>\n\n\n\n<li>Influencia del turismo, econom\u00eda y tendencias locales<\/li>\n<\/ul>\n\n\n\n<p><\/p>\n\n\n\n<h2 class=\"wp-block-heading\">Perspectivas del Mercado Hotelero<\/h2>\n\n\n\n<p>La industria depende de la econom\u00eda, preferencias del consumidor, tecnolog\u00eda, viajes y pol\u00edticas gubernamentales. Es un sector competitivo en constante cambio.<\/p>\n\n\n\n<p>Se prev\u00e9 un crecimiento global del 10,62% entre 2023 y 2030.<\/p>\n\n\n\n<p><\/p>\n\n\n\n<p><strong>\u00bfLe duele la indecisi\u00f3n financiera? <\/strong><\/p>\n\n\n\n<figure class=\"wp-block-image size-large is-resized\"><img fetchpriority=\"high\" decoding=\"async\" width=\"512\" height=\"288\" src=\"https:\/\/adamfayed.com\/wp-content\/uploads\/2025\/03\/Adam-Fayed-Contact_CTA3-512x288.jpg\" alt=\"\" class=\"wp-image-117505\" style=\"width:683px;height:auto\" srcset=\"https:\/\/adamfayed.com\/wp-content\/uploads\/2025\/03\/Adam-Fayed-Contact_CTA3-512x288.jpg 512w, https:\/\/adamfayed.com\/wp-content\/uploads\/2025\/03\/Adam-Fayed-Contact_CTA3-300x169.jpg 300w, https:\/\/adamfayed.com\/wp-content\/uploads\/2025\/03\/Adam-Fayed-Contact_CTA3-768x432.jpg 768w, https:\/\/adamfayed.com\/wp-content\/uploads\/2025\/03\/Adam-Fayed-Contact_CTA3-scaled.jpg 825w\" sizes=\"(max-width: 512px) 100vw, 512px\" \/><\/figure>\n\n\n\n<div style=\"height:10px\" aria-hidden=\"true\" class=\"wp-block-spacer\"><\/div>\n\n\n\n<div class=\"wp-block-buttons is-layout-flex wp-block-buttons-is-layout-flex\">\n<div class=\"wp-block-button\"><a class=\"wp-block-button__link wp-element-button\" href=\"https:\/\/adamfayed.com\/es\/become-adams-client\/\">Convi\u00e9rtase en mi cliente<\/a><\/div>\n\n\n\n<div class=\"wp-block-button\"><a class=\"wp-block-button__link wp-element-button\" href=\"https:\/\/adamfayed.com\/es\/good-match-quiz\/\" target=\"_blank\" rel=\"noreferrer noopener\">Realice el cuestionario de elegibilidad de clientes<\/a><\/div>\n\n\n\n<div class=\"wp-block-button\"><a class=\"wp-block-button__link wp-element-button\" href=\"https:\/\/adamfayed.com\/es\/contact\/\" target=\"_blank\" rel=\"noreferrer noopener\">P\u00f3ngase en contacto con<\/a><\/div>\n<\/div>\n\n\n\n<p><strong>Adam es un autor reconocido internacionalmente en temas financieros, con m\u00e1s de 830 millones de respuestas en Quora, un libro muy vendido en Amazon y colaborador de Forbes.<\/strong><\/p>","protected":false},"excerpt":{"rendered":"<p>\ud83c\udf10 English | Vedi in Italiano Esta rese\u00f1a del Vida Hospitality Growth Fund (Vida Fund) analiza esta oportunidad de inversi\u00f3n en el sector de la hospitalidad. Vida Capital Partners es una entidad regulada cuyo objetivo es invertir en operadores hoteleros sostenibles. Con una inversi\u00f3n de 500.000 euros y asociaci\u00f3n con Vida Cap, los inversores pueden [&hellip;]<\/p>","protected":false},"author":14,"featured_media":191636,"parent":185416,"menu_order":0,"comment_status":"closed","ping_status":"closed","template":"","meta":{"rop_custom_images_group":[],"rop_custom_messages_group":[],"rop_publish_now":"initial","rop_publish_now_accounts":{"facebook_10166176115445471_100883565069113":""},"rop_publish_now_history":[],"rop_publish_now_status":"pending","footnotes":""},"class_list":["post-191620","page","type-page","status-publish","has-post-thumbnail","hentry"],"_links":{"self":[{"href":"https:\/\/adamfayed.com\/es\/wp-json\/wp\/v2\/pages\/191620","targetHints":{"allow":["GET"]}}],"collection":[{"href":"https:\/\/adamfayed.com\/es\/wp-json\/wp\/v2\/pages"}],"about":[{"href":"https:\/\/adamfayed.com\/es\/wp-json\/wp\/v2\/types\/page"}],"author":[{"embeddable":true,"href":"https:\/\/adamfayed.com\/es\/wp-json\/wp\/v2\/users\/14"}],"replies":[{"embeddable":true,"href":"https:\/\/adamfayed.com\/es\/wp-json\/wp\/v2\/comments?post=191620"}],"version-history":[{"count":2,"href":"https:\/\/adamfayed.com\/es\/wp-json\/wp\/v2\/pages\/191620\/revisions"}],"predecessor-version":[{"id":210102,"href":"https:\/\/adamfayed.com\/es\/wp-json\/wp\/v2\/pages\/191620\/revisions\/210102"}],"up":[{"embeddable":true,"href":"https:\/\/adamfayed.com\/es\/wp-json\/wp\/v2\/pages\/185416"}],"wp:featuredmedia":[{"embeddable":true,"href":"https:\/\/adamfayed.com\/es\/wp-json\/wp\/v2\/media\/191636"}],"wp:attachment":[{"href":"https:\/\/adamfayed.com\/es\/wp-json\/wp\/v2\/media?parent=191620"}],"curies":[{"name":"wp","href":"https:\/\/api.w.org\/{rel}","templated":true}]}}