{"id":191621,"date":"2025-07-20T19:23:26","date_gmt":"2025-07-20T19:23:26","guid":{"rendered":"https:\/\/adamfayed.com\/?page_id=191621"},"modified":"2025-09-08T03:39:51","modified_gmt":"2025-09-08T03:39:51","slug":"revision-novia-global-isa","status":"publish","type":"page","link":"https:\/\/adamfayed.com\/es\/spanish-article\/revision-novia-global-isa\/","title":{"rendered":"Revisi\u00f3n de Novia Global ISA"},"content":{"rendered":"<p class=\"has-text-align-right\">\ud83c\udf10 <a href=\"https:\/\/adamfayed.com\/es\/review-articles\/novia-global-isa-review\/\">Ingl\u00e9s<\/a> | <a href=\"https:\/\/adamfayed.com\/es\/italian-article\/recensione-novia-global-isa\/\">Vedi in Italiano<\/a><\/p>\n\n\n\n<p>De manera fiscalmente eficiente, Novia Global ISA te da acceso a diversas opciones de inversi\u00f3n, como acciones, participaciones, fondos y bonos. Esta es una nueva oferta de la plataforma Novia, que exploraremos en esta p\u00e1gina.<\/p>\n\n\n\n<p>En particular, profundizaremos en:<\/p>\n\n\n\n<ul class=\"wp-block-list\">\n<li>Antecedentes de Novia Global<\/li>\n\n\n\n<li>Novia Global ISA<\/li>\n\n\n\n<li>\u00bfQu\u00e9 es un ISA de acciones y participaciones?<\/li>\n\n\n\n<li>\u00bfC\u00f3mo funciona un ISA de acciones y participaciones?<\/li>\n\n\n\n<li>Cuenta ISA de acciones y participaciones de Novia<\/li>\n<\/ul>\n\n\n\n<p><\/p>\n\n\n\n<p>Si est\u00e1s buscando invertir como expatriado o como individuo con alto poder adquisitivo, puedes enviarme un correo electr\u00f3nico (hello@adamfayed.com) o un mensaje por WhatsApp (+44-7393-450-837).<\/p>\n\n\n\n<p>Esto incluye si est\u00e1s buscando un servicio gratuito de revisi\u00f3n de portafolio para expatriados para optimizar tus inversiones e identificar oportunidades de crecimiento.<\/p>\n\n\n\n<p>Algunos datos pueden cambiar desde el momento de la redacci\u00f3n. Nada de lo escrito aqu\u00ed constituye asesoramiento financiero, legal, fiscal o de ning\u00fan otro tipo, ni representa una solicitud de inversi\u00f3n o recomendaci\u00f3n de un producto o servicio espec\u00edfico.<\/p>\n\n\n\n<p><\/p>\n\n\n\n<h2 class=\"wp-block-heading\">Antecedentes de Novia Global<\/h2>\n\n\n\n<p><a class=\"wpil_keyword_link\" href=\"https:\/\/adamfayed.com\/es\/novia-global-review-do-better-options-exist\/\" title=\"Novia Global\" data-wpil-keyword-link=\"linked\" data-wpil-monitor-id=\"2319\">Novia Global<\/a> es una plataforma internacional de inversiones que comenz\u00f3 en 2015.<\/p>\n\n\n\n<p>Asesores, bancos privados, organizaciones fiduciarias y clientes tienen acceso a diferentes servicios financieros a trav\u00e9s de la plataforma Novia.<\/p>\n\n\n\n<h2 class=\"wp-block-heading\">Novia Global ISA<\/h2>\n\n\n\n<div class=\"wp-block-group is-layout-constrained wp-block-group-is-layout-constrained\">\n<figure class=\"wp-block-image alignleft size-medium\"><img fetchpriority=\"high\" decoding=\"async\" width=\"300\" height=\"300\" src=\"https:\/\/adamfayed.com\/wp-content\/uploads\/2025\/07\/Novia-Global-ISA-300x300.png\" alt=\"\" class=\"wp-image-191627\" srcset=\"https:\/\/adamfayed.com\/wp-content\/uploads\/2025\/07\/Novia-Global-ISA-300x300.png 300w, https:\/\/adamfayed.com\/wp-content\/uploads\/2025\/07\/Novia-Global-ISA-512x512.png 512w, https:\/\/adamfayed.com\/wp-content\/uploads\/2025\/07\/Novia-Global-ISA-150x150.png 150w, https:\/\/adamfayed.com\/wp-content\/uploads\/2025\/07\/Novia-Global-ISA-768x768.png 768w, https:\/\/adamfayed.com\/wp-content\/uploads\/2025\/07\/Novia-Global-ISA-scaled.png 825w\" sizes=\"(max-width: 300px) 100vw, 300px\" \/><\/figure>\n<\/div>\n\n\n\n<p>Novia lanz\u00f3 un ISA de Acciones y Participaciones para gestionar el dinero de los expatriados en lo que la revista brit\u00e1nica <em>Money Marketing<\/em> llama \u201canimaci\u00f3n suspendida\u201d.<\/p>\n\n\n\n<p>Esta situaci\u00f3n se caracteriza por la imposibilidad de los expatriados brit\u00e1nicos de aportar m\u00e1s dinero a su ISA. Tambi\u00e9n pueden estar obligados a pagar impuestos sobre cualquier ganancia o rendimiento.<\/p>\n\n\n\n<h3 class=\"wp-block-heading\">\u00bfQu\u00e9 es un ISA de acciones y participaciones?<\/h3>\n\n\n\n<p>Los residentes en el Reino Unido pueden abrir una cuenta de inversi\u00f3n fiscalmente eficiente llamada ISA de Acciones y Participaciones (Cuenta de Ahorro Individual). A trav\u00e9s de esta plataforma, los individuos tienen acceso a diversos activos financieros.<\/p>\n\n\n\n<h3 class=\"wp-block-heading\">\u00bfC\u00f3mo funciona un ISA de acciones y participaciones?<\/h3>\n\n\n\n<p>Las ganancias de capital y dividendos dentro de un ISA suelen estar exentas de impuestos. Esto puede mejorar los resultados de inversi\u00f3n a largo plazo.<\/p>\n\n\n\n<p>Un ISA de acciones y participaciones ofrece muchas opciones de inversi\u00f3n basadas en los objetivos financieros, la tolerancia al riesgo y las preferencias del cliente.<\/p>\n\n\n\n<p>Un l\u00edmite anual en la asignaci\u00f3n del ISA restringe cu\u00e1nto se puede invertir cada a\u00f1o fiscal. Para 2023\/2024, la asignaci\u00f3n del ISA es de \u00a320,000.<\/p>\n\n\n\n<h3 class=\"wp-block-heading\">Caracter\u00edsticas de la cuenta ISA de acciones y participaciones de Novia<\/h3>\n\n\n\n<p>Si eres un expatriado brit\u00e1nico viviendo en el extranjero que ha acumulado ventajas del ISA como residente del Reino Unido y planeas regresar o podr\u00edas regresar en el futuro, puedes mantener tus fondos ISA con el Novia Global Stocks and Shares ISA.<\/p>\n\n\n\n<p>El nuevo ISA de Novia permitir\u00e1 a los expatriados transferir sus ISAs existentes.<\/p>\n\n\n\n<p>Al facilitar la gesti\u00f3n de los ISAs junto con otros activos, la soluci\u00f3n busca cubrir una necesidad sustancial en el mercado para los servicios dirigidos a expatriados que trabajan o se mudan al extranjero.<\/p>\n\n\n\n<p>Ten en cuenta que solo los residentes del Reino Unido pueden abrir o financiar un ISA.<\/p>\n\n\n\n<h3 class=\"wp-block-heading\">Cargos del Novia Global ISA<\/h3>\n\n\n\n<p>Tu asesor financiero puede ganar una tarifa fija del 2% anual adem\u00e1s de una tarifa inicial del 5% de tu inversi\u00f3n. Cuando los activos se mantienen en el Novia Global ISA de acciones y participaciones, no hay cargo por servicio.<\/p>\n\n\n\n<h3 class=\"wp-block-heading\">Pros y contras de la cuenta Novia Global ISA<\/h3>\n\n\n\n<h4 class=\"wp-block-heading\"><strong>Ventajas del ISA de Novia<\/strong><\/h4>\n\n\n\n<ul class=\"wp-block-list\">\n<li>La estructura de los ISAs de acciones y participaciones tiene ventajas fiscales.<\/li>\n\n\n\n<li>La Cuenta de Ahorro Individual (ISA) est\u00e1 dise\u00f1ada para ofrecer opciones de inversi\u00f3n claras y eficientes y cuenta con una funci\u00f3n de efectivo.<\/li>\n\n\n\n<li>Tanto asesores como inversores pueden beneficiarse enormemente de la capacidad de la plataforma para facilitar una estrategia unificada de orientaci\u00f3n y gesti\u00f3n.<\/li>\n<\/ul>\n\n\n\n<p><\/p>\n\n\n\n<h4 class=\"wp-block-heading\"><strong>Riesgos del ISA de Novia<\/strong><\/h4>\n\n\n\n<ul class=\"wp-block-list\">\n<li>El ISA est\u00e1 dise\u00f1ado principalmente para transferir ISAs existentes; no permite a los expatriados establecer nuevos ISAs.<\/li>\n\n\n\n<li>Para la administraci\u00f3n de la cuenta y la prestaci\u00f3n de servicios de inversi\u00f3n, Novia cobra tarifas de gesti\u00f3n o tarifas de plataforma.<\/li>\n\n\n\n<li>Las acciones y participaciones no son como las cuentas de ahorro. Los dep\u00f3sitos en un ISA no est\u00e1n asegurados por el Esquema de Compensaci\u00f3n de Servicios Financieros ni por ning\u00fan otro programa similar.<\/li>\n<\/ul>\n\n\n\n<p><\/p>\n\n\n\n<p><strong>\u00bfLe duele la indecisi\u00f3n financiera? <\/strong><\/p>\n\n\n\n<figure class=\"wp-block-image size-large is-resized\"><img decoding=\"async\" width=\"512\" height=\"288\" src=\"https:\/\/adamfayed.com\/wp-content\/uploads\/2025\/03\/Adam-Fayed-Contact_CTA3-512x288.jpg\" alt=\"\" class=\"wp-image-117505\" style=\"width:683px;height:auto\" srcset=\"https:\/\/adamfayed.com\/wp-content\/uploads\/2025\/03\/Adam-Fayed-Contact_CTA3-512x288.jpg 512w, https:\/\/adamfayed.com\/wp-content\/uploads\/2025\/03\/Adam-Fayed-Contact_CTA3-300x169.jpg 300w, https:\/\/adamfayed.com\/wp-content\/uploads\/2025\/03\/Adam-Fayed-Contact_CTA3-768x432.jpg 768w, https:\/\/adamfayed.com\/wp-content\/uploads\/2025\/03\/Adam-Fayed-Contact_CTA3-scaled.jpg 825w\" sizes=\"(max-width: 512px) 100vw, 512px\" \/><\/figure>\n\n\n\n<div style=\"height:10px\" aria-hidden=\"true\" class=\"wp-block-spacer\"><\/div>\n\n\n\n<div class=\"wp-block-buttons is-layout-flex wp-block-buttons-is-layout-flex\">\n<div class=\"wp-block-button\"><a class=\"wp-block-button__link wp-element-button\" href=\"https:\/\/adamfayed.com\/es\/become-adams-client\/\">Convi\u00e9rtase en mi cliente<\/a><\/div>\n\n\n\n<div class=\"wp-block-button\"><a class=\"wp-block-button__link wp-element-button\" href=\"https:\/\/adamfayed.com\/es\/good-match-quiz\/\" target=\"_blank\" rel=\"noreferrer noopener\">Realice el cuestionario de elegibilidad de clientes<\/a><\/div>\n\n\n\n<div class=\"wp-block-button\"><a class=\"wp-block-button__link wp-element-button\" href=\"https:\/\/adamfayed.com\/es\/contact\/\" target=\"_blank\" rel=\"noreferrer noopener\">P\u00f3ngase en contacto con<\/a><\/div>\n<\/div>\n\n\n\n<p><strong>Adam es un autor reconocido internacionalmente en temas financieros, con m\u00e1s de 830 millones de respuestas en Quora, un libro muy vendido en Amazon y colaborador de Forbes.<\/strong><\/p>\n\n\n\n<p><\/p>","protected":false},"excerpt":{"rendered":"<p>\ud83c\udf10 English | Vedi in Italiano De manera fiscalmente eficiente, Novia Global ISA te da acceso a diversas opciones de inversi\u00f3n, como acciones, participaciones, fondos y bonos. Esta es una nueva oferta de la plataforma Novia, que exploraremos en esta p\u00e1gina. En particular, profundizaremos en: Si est\u00e1s buscando invertir como expatriado o como individuo con [&hellip;]<\/p>","protected":false},"author":14,"featured_media":191628,"parent":185416,"menu_order":0,"comment_status":"closed","ping_status":"closed","template":"","meta":{"rop_custom_images_group":[],"rop_custom_messages_group":[],"rop_publish_now":"initial","rop_publish_now_accounts":{"facebook_10166176115445471_100883565069113":""},"rop_publish_now_history":[],"rop_publish_now_status":"pending","footnotes":""},"class_list":["post-191621","page","type-page","status-publish","has-post-thumbnail","hentry"],"_links":{"self":[{"href":"https:\/\/adamfayed.com\/es\/wp-json\/wp\/v2\/pages\/191621","targetHints":{"allow":["GET"]}}],"collection":[{"href":"https:\/\/adamfayed.com\/es\/wp-json\/wp\/v2\/pages"}],"about":[{"href":"https:\/\/adamfayed.com\/es\/wp-json\/wp\/v2\/types\/page"}],"author":[{"embeddable":true,"href":"https:\/\/adamfayed.com\/es\/wp-json\/wp\/v2\/users\/14"}],"replies":[{"embeddable":true,"href":"https:\/\/adamfayed.com\/es\/wp-json\/wp\/v2\/comments?post=191621"}],"version-history":[{"count":3,"href":"https:\/\/adamfayed.com\/es\/wp-json\/wp\/v2\/pages\/191621\/revisions"}],"predecessor-version":[{"id":209481,"href":"https:\/\/adamfayed.com\/es\/wp-json\/wp\/v2\/pages\/191621\/revisions\/209481"}],"up":[{"embeddable":true,"href":"https:\/\/adamfayed.com\/es\/wp-json\/wp\/v2\/pages\/185416"}],"wp:featuredmedia":[{"embeddable":true,"href":"https:\/\/adamfayed.com\/es\/wp-json\/wp\/v2\/media\/191628"}],"wp:attachment":[{"href":"https:\/\/adamfayed.com\/es\/wp-json\/wp\/v2\/media?parent=191621"}],"curies":[{"name":"wp","href":"https:\/\/api.w.org\/{rel}","templated":true}]}}