{"id":191633,"date":"2025-07-20T19:36:37","date_gmt":"2025-07-20T19:36:37","guid":{"rendered":"https:\/\/adamfayed.com\/?page_id=191633"},"modified":"2025-09-09T17:48:42","modified_gmt":"2025-09-09T17:48:42","slug":"fondo-xhe-capital","status":"publish","type":"page","link":"https:\/\/adamfayed.com\/es\/spanish-article\/fondo-xhe-capital\/","title":{"rendered":"Rese\u00f1a del Fondo de Renta Variable Gestionado de XHE Capital"},"content":{"rendered":"<p class=\"has-text-align-right\">\ud83c\udf10 <a href=\"https:\/\/adamfayed.com\/es\/review-articles\/xhe-capital-managed-equity-fund-review\/\">Ingl\u00e9s<\/a> | <a href=\"https:\/\/adamfayed.com\/es\/italian-article\/recensione-fondo-xhe-capital\/\">Vedi in Italiano<\/a><\/p>\n\n\n\n<p>En esta rese\u00f1a, hablaremos de XHE y de la opci\u00f3n de inversi\u00f3n que se ofrece.<\/p>\n\n\n\n<p>XHE Capital LLP es una firma de gesti\u00f3n de inversiones especializada en los mercados de renta variable global. Su estrategia de inversi\u00f3n en mercados p\u00fablicos se basa en investigaci\u00f3n.<\/p>\n\n\n\n<p>Si deseas invertir como expatriado o persona con alto patrimonio, que es mi especialidad, puedes escribirme (hello@adamfayed.com) o enviarme un WhatsApp (+44-7393-450-837).<\/p>\n\n\n\n<p>Esto incluye si buscas una segunda opini\u00f3n o inversiones alternativas.<\/p>\n\n\n\n<p>Algunos datos pueden haber cambiado desde la fecha de redacci\u00f3n, y nada de lo que se dice aqu\u00ed constituye asesoramiento financiero, legal, fiscal o individual, ni una solicitud de inversi\u00f3n.<\/p>\n\n\n\n<p>Conocer el contexto del proveedor de inversi\u00f3n es importante antes de analizar la inversi\u00f3n en s\u00ed. Este art\u00edculo es solo para no residentes en el Reino Unido y los inversores deben realizar su propia investigaci\u00f3n.<\/p>\n\n\n\n<h2 class=\"wp-block-heading\">\u00bfQui\u00e9n es XHE Capital LLP?<\/h2>\n\n\n\n<p>La inversi\u00f3n a largo plazo y la gesti\u00f3n prudente del riesgo son el n\u00facleo de la misi\u00f3n de XHE Capital para ofrecer rendimientos estables protegiendo los fondos de los clientes.<\/p>\n\n\n\n<p>XHE Capital, con sede en Londres, est\u00e1 regulada por la Autoridad de Conducta Financiera del Reino Unido (FCA).<\/p>\n\n\n\n<h2 class=\"wp-block-heading\">\u00bfQu\u00e9 es un fondo gestionado?<\/h2>\n\n\n\n<p>Un \u201cfondo gestionado\u201d es un veh\u00edculo de inversi\u00f3n que emplea expertos financieros para administrar el dinero de m\u00faltiples inversores. Las decisiones de inversi\u00f3n las toma el gestor del fondo.<\/p>\n\n\n\n<p>Este tipo de estructura permite diversificar y reducir riesgos.<\/p>\n\n\n\n<h3 class=\"wp-block-heading\">Fondo de inversi\u00f3n gestionado vs Fondo de renta variable gestionado<\/h3>\n\n\n\n<p>Un fondo de inversi\u00f3n gestionado puede invertir en acciones, bonos, inmuebles, etc.<\/p>\n\n\n\n<p>Un fondo de renta variable gestionado se enfoca exclusivamente en acciones y otros valores de renta variable.<\/p>\n\n\n\n<h2 class=\"wp-block-heading\">Fondo de Renta Variable Gestionado de XHE Capital<\/h2>\n\n\n\n<p>El Fondo fue lanzado en 2020 para ofrecer crecimiento de capital a largo plazo con un perfil de riesgo definido. Se basa en el an\u00e1lisis propio de XHE.<\/p>\n\n\n\n<p>Primera parte: inversiones a largo plazo en mercados desarrollados, especialmente en Europa y EE.UU.<\/p>\n\n\n\n<p>Estrategias: trading de posiciones, gesti\u00f3n del riesgo y exposici\u00f3n a \u00edndices burs\u00e1tiles mediante acciones, futuros, ETFs, etc.<\/p>\n\n\n\n<p>Segunda parte: inversi\u00f3n activa para capturar alzas del mercado y cubrir ca\u00eddas. Objetivo: superar el \u00edndice MSCI World ajustado por riesgo.<\/p>\n\n\n\n<p>El fondo puede mantener activos l\u00edquidos e invertir en instrumentos cotizados en mercados de EE.UU. y fuera. Puede cubrirse frente a variaciones cambiarias.<\/p>\n\n\n\n<p>Ofrece liquidez mensual para compra y venta de participaciones.<\/p>\n\n\n\n<h3 class=\"wp-block-heading\">Comisiones del Fondo de Renta Variable Gestionado de XHE<\/h3>\n\n\n\n<p>1% de comisi\u00f3n de gesti\u00f3n y 10% de comisi\u00f3n de rendimiento si se alcanzan ciertos objetivos o benchmark.<\/p>\n\n\n\n<h3 class=\"wp-block-heading\">Rentabilidad del Fondo de Renta Variable Gestionado de XHE<\/h3>\n\n\n\n<p>2022: +6,9% enero, +9,2% febrero, +4,5% marzo, +6,4% abril, -0,9% mayo, +2,0% junio, +0,9% julio, -0,1% agosto, 0,0% septiembre, -0,3% octubre, -0,2% noviembre, +0,4% diciembre. Total: +32,2%.<\/p>\n\n\n\n<p>2023: +1,8% enero, +0,3% febrero, -0,2% marzo, +5,0% abril, +0,9% mayo, +0,8% junio. Datos julio-diciembre no disponibles. Retorno YTD 2023: +8,7%.<\/p>\n\n\n\n<h3 class=\"wp-block-heading\">RV Gestionada A1 USD \/ RV Gestionada H1 USD<\/h3>\n\n\n\n<p>Las participaciones pueden emitirse y reembolsarse de forma continua seg\u00fan la demanda. El fondo no tiene vencimiento; su duraci\u00f3n es indefinida.<\/p>\n\n\n\n<h3 class=\"wp-block-heading\">\u00bfQui\u00e9n puede invertir en el Fondo de Renta Variable Gestionado de XHE?<\/h3>\n\n\n\n<p>El producto es para inversores minoristas que cumplan ciertos requisitos: no ser persona estadounidense, comprender el riesgo de p\u00e9rdida total y buscar inversi\u00f3n a medio plazo.<\/p>\n\n\n\n<p>Se recomienda asesoramiento financiero antes de invertir.<\/p>\n\n\n\n<h3 class=\"wp-block-heading\">Reembolso del Fondo de Renta Variable Gestionado de XHE<\/h3>\n\n\n\n<p>La inversi\u00f3n debe mantenerse al menos cinco a\u00f1os. El reembolso anticipado puede reducir la rentabilidad y aumentar el riesgo.<\/p>\n\n\n\n<p>Vender antes de tiempo puede provocar p\u00e9rdidas. Considera tus objetivos financieros y tolerancia al riesgo antes de tomar esa decisi\u00f3n.<\/p>\n\n\n\n<p><\/p>\n\n\n\n<p><strong>\u00bfLe duele la indecisi\u00f3n financiera? <\/strong><\/p>\n\n\n\n<figure class=\"wp-block-image size-large is-resized\"><img fetchpriority=\"high\" decoding=\"async\" width=\"512\" height=\"288\" src=\"https:\/\/adamfayed.com\/wp-content\/uploads\/2025\/03\/Adam-Fayed-Contact_CTA3-512x288.jpg\" alt=\"\" class=\"wp-image-117505\" style=\"width:683px;height:auto\" srcset=\"https:\/\/adamfayed.com\/wp-content\/uploads\/2025\/03\/Adam-Fayed-Contact_CTA3-512x288.jpg 512w, https:\/\/adamfayed.com\/wp-content\/uploads\/2025\/03\/Adam-Fayed-Contact_CTA3-300x169.jpg 300w, https:\/\/adamfayed.com\/wp-content\/uploads\/2025\/03\/Adam-Fayed-Contact_CTA3-768x432.jpg 768w, https:\/\/adamfayed.com\/wp-content\/uploads\/2025\/03\/Adam-Fayed-Contact_CTA3-scaled.jpg 825w\" sizes=\"(max-width: 512px) 100vw, 512px\" \/><\/figure>\n\n\n\n<div style=\"height:10px\" aria-hidden=\"true\" class=\"wp-block-spacer\"><\/div>\n\n\n\n<div class=\"wp-block-buttons is-layout-flex wp-block-buttons-is-layout-flex\">\n<div class=\"wp-block-button\"><a class=\"wp-block-button__link wp-element-button\" href=\"https:\/\/adamfayed.com\/es\/become-adams-client\/\">Convi\u00e9rtase en mi cliente<\/a><\/div>\n\n\n\n<div class=\"wp-block-button\"><a class=\"wp-block-button__link wp-element-button\" href=\"https:\/\/adamfayed.com\/es\/good-match-quiz\/\" target=\"_blank\" rel=\"noreferrer noopener\">Realice el cuestionario de elegibilidad de clientes<\/a><\/div>\n\n\n\n<div class=\"wp-block-button\"><a class=\"wp-block-button__link wp-element-button\" href=\"https:\/\/adamfayed.com\/es\/contact\/\" target=\"_blank\" rel=\"noreferrer noopener\">P\u00f3ngase en contacto con<\/a><\/div>\n<\/div>\n\n\n\n<p><strong>Adam es un autor reconocido internacionalmente en temas financieros, con m\u00e1s de 830 millones de respuestas en Quora, un libro muy vendido en Amazon y colaborador de Forbes.<\/strong><\/p>","protected":false},"excerpt":{"rendered":"<p>\ud83c\udf10 English | Vedi in Italiano En esta rese\u00f1a, hablaremos de XHE y de la opci\u00f3n de inversi\u00f3n que se ofrece. XHE Capital LLP es una firma de gesti\u00f3n de inversiones especializada en los mercados de renta variable global. Su estrategia de inversi\u00f3n en mercados p\u00fablicos se basa en investigaci\u00f3n. Si deseas invertir como expatriado [&hellip;]<\/p>","protected":false},"author":14,"featured_media":191638,"parent":185416,"menu_order":0,"comment_status":"closed","ping_status":"closed","template":"","meta":{"rop_custom_images_group":[],"rop_custom_messages_group":[],"rop_publish_now":"initial","rop_publish_now_accounts":{"facebook_10166176115445471_100883565069113":""},"rop_publish_now_history":[],"rop_publish_now_status":"pending","footnotes":""},"class_list":["post-191633","page","type-page","status-publish","has-post-thumbnail","hentry"],"_links":{"self":[{"href":"https:\/\/adamfayed.com\/es\/wp-json\/wp\/v2\/pages\/191633","targetHints":{"allow":["GET"]}}],"collection":[{"href":"https:\/\/adamfayed.com\/es\/wp-json\/wp\/v2\/pages"}],"about":[{"href":"https:\/\/adamfayed.com\/es\/wp-json\/wp\/v2\/types\/page"}],"author":[{"embeddable":true,"href":"https:\/\/adamfayed.com\/es\/wp-json\/wp\/v2\/users\/14"}],"replies":[{"embeddable":true,"href":"https:\/\/adamfayed.com\/es\/wp-json\/wp\/v2\/comments?post=191633"}],"version-history":[{"count":2,"href":"https:\/\/adamfayed.com\/es\/wp-json\/wp\/v2\/pages\/191633\/revisions"}],"predecessor-version":[{"id":210119,"href":"https:\/\/adamfayed.com\/es\/wp-json\/wp\/v2\/pages\/191633\/revisions\/210119"}],"up":[{"embeddable":true,"href":"https:\/\/adamfayed.com\/es\/wp-json\/wp\/v2\/pages\/185416"}],"wp:featuredmedia":[{"embeddable":true,"href":"https:\/\/adamfayed.com\/es\/wp-json\/wp\/v2\/media\/191638"}],"wp:attachment":[{"href":"https:\/\/adamfayed.com\/es\/wp-json\/wp\/v2\/media?parent=191633"}],"curies":[{"name":"wp","href":"https:\/\/api.w.org\/{rel}","templated":true}]}}