{"id":194345,"date":"2025-07-28T07:37:44","date_gmt":"2025-07-28T07:37:44","guid":{"rendered":"https:\/\/adamfayed.com\/?page_id=194345"},"modified":"2025-09-09T17:52:09","modified_gmt":"2025-09-09T17:52:09","slug":"recensione-di-angelhub","status":"publish","type":"page","link":"https:\/\/adamfayed.com\/es\/italian-article\/recensione-di-angelhub\/","title":{"rendered":"Opini\u00f3n de AngelHub"},"content":{"rendered":"<p class=\"has-text-align-right\">\ud83c\udf10 <a href=\"https:\/\/adamfayed.com\/es\/review-articles\/angelhub-review\/\">Ingl\u00e9s<\/a> | <a href=\"https:\/\/adamfayed.com\/es\/spanish-article\/resena-de-angelhub\/\">View in English<\/a><\/p>\n\n\n\n<p>In questa recensione di AngelHub, analizzeremo lo sfondo della societ\u00e0 e le sue opportunit\u00e0 di investimento.<\/p>\n\n\n\n<p>AngelHub Limited \u00e8 una piattaforma regolamentata per investire in startup tecnologiche. Permette agli investitori professionali di collaborare per supportare startup innovative verificate, che vanno dalla Serie A fino allo status di unicorno. Supporta il processo decisionale degli investitori fornendo approfondimenti aziendali rilevanti e informazioni di due diligence.<\/p>\n\n\n\n<p>Si desea invertir como expatriado o persona con un patrimonio neto elevado, puede ponerse en contacto con nosotros por correo electr\u00f3nico (hello@adamfayed.com) o por WhatsApp (+44-7393-450-837).<\/p>\n\n\n\n<p>Questo include anche se cerchi un servizio gratuito di revisione del portafoglio per espatriati per ottimizzare i tuoi investimenti e individuare nuove prospettive di crescita.<\/p>\n\n\n\n<p>Algunos datos pueden haber cambiado con respecto al momento de la redacci\u00f3n. Nada de lo escrito constituye asesoramiento financiero, legal, fiscal o personal, ni representa una solvencia para la inversi\u00f3n o una recomendaci\u00f3n de cambio.<\/p>\n\n\n\n<p>L\u2019investimento nel settore tech pu\u00f2 offrire una buona opportunit\u00e0.<\/p>\n\n\n\n<p>La piattaforma di investimento in startup impiega un team di professionisti che analizzano rigorosamente le aziende e selezionano opportunit\u00e0 per la comunit\u00e0 di investitori.<\/p>\n\n\n\n<p>AngelHub garantisce equit\u00e0 e trasparenza nel processo d\u2019investimento mediante:<\/p>\n\n\n\n<ul class=\"wp-block-list\">\n<li>due diligence approfondita<\/li>\n\n\n\n<li>fornitura di dati completi sulle startup<\/li>\n\n\n\n<li>condizioni d\u2019investimento trasparenti<\/li>\n\n\n\n<li>verifica delle credenziali degli investitori<\/li>\n\n\n\n<li>meccanismo di allocazione equo<\/li>\n\n\n\n<li>formazione e assistenza agli investitori<\/li>\n\n\n\n<li>tutela degli interessi degli investitori<\/li>\n\n\n\n<li>monitoraggio e reportistica continua<\/li>\n<\/ul>\n\n\n\n<p><\/p>\n\n\n\n<p>La Securities and Futures Commission regola anche AngelHub Limited.<\/p>\n\n\n\n<p>Tuttavia, ci sono rischi sostanziali nonostante il potenziale di alti rendimenti. Questo a causa della natura imprevedibile degli investimenti in startup e del settore tecnologico. \u00c8 fondamentale consultare un consulente finanziario.<\/p>\n\n\n\n<h2 class=\"wp-block-heading\">AngelHub: Investimenti<\/h2>\n\n\n\n<div class=\"wp-block-group is-layout-constrained wp-block-group-is-layout-constrained\">\n<figure class=\"wp-block-image alignleft size-medium\"><img fetchpriority=\"high\" decoding=\"async\" width=\"300\" height=\"200\" src=\"https:\/\/adamfayed.com\/wp-content\/uploads\/2025\/07\/AngelHub-Investimenti-300x200.png\" alt=\"\" class=\"wp-image-194395\" srcset=\"https:\/\/adamfayed.com\/wp-content\/uploads\/2025\/07\/AngelHub-Investimenti-300x200.png 300w, https:\/\/adamfayed.com\/wp-content\/uploads\/2025\/07\/AngelHub-Investimenti-512x341.png 512w, https:\/\/adamfayed.com\/wp-content\/uploads\/2025\/07\/AngelHub-Investimenti-768x512.png 768w, https:\/\/adamfayed.com\/wp-content\/uploads\/2025\/07\/AngelHub-Investimenti-scaled.png 825w\" sizes=\"(max-width: 300px) 100vw, 300px\" \/><\/figure>\n<\/div>\n\n\n\n<p>A novembre 2022, gli investitori avevano ricevuto un rendimento totale di 9,1 milioni di USD da AngelHub Limited, che richiede un investimento minimo di 10.000 USD. La piattaforma vanta 25 campagne di investimento.<\/p>\n\n\n\n<p>In meno di due anni, ha realizzato due exit e generato un ritorno pari a 2,1 volte l\u2019importo investito.<\/p>\n\n\n\n<h3 class=\"wp-block-heading\">Chi pu\u00f2 investire in AngelHub?<\/h3>\n\n\n\n<p>AngelHub Limited consente agli investitori professionali l\u2019accesso a una nuova classe di asset e semplifica le procedure di raccolta fondi e investimento, democratizzando l\u2019investimento tecnologico.<\/p>\n\n\n\n<p>Per essere riconosciuto come investitore professionale, devi dimostrare di possedere almeno 8 milioni di HKD in attivit\u00e0 liquide (o l\u2019equivalente in valuta estera).<\/p>\n\n\n\n<h3 class=\"wp-block-heading\">Commissioni di AngelHub<\/h3>\n\n\n\n<p>AngelHub Limited non addebita commissioni annuali di gestione.<\/p>\n\n\n\n<p>Per coprire la struttura del veicolo a scopo speciale e le spese amministrative, viene addebitata una commissione iniziale del 5% per ogni investimento. Inoltre, al momento del ritiro o distribuzione di dividendi, si applica una commissione del 20% sui profitti (carried interest).<\/p>\n\n\n\n<h3 class=\"wp-block-heading\">Come investire in AngelHub<\/h3>\n\n\n\n<ol start=\"1\" class=\"wp-block-list\">\n<li>Registrati e sottoponiti alla verifica come investitore professionale.<\/li>\n\n\n\n<li>Esplora le opzioni d\u2019investimento disponibili.<\/li>\n\n\n\n<li>Esegui l\u2019investimento: AngelHub gestisce documentazione, procedure legali e trasferimenti.<\/li>\n\n\n\n<li>Considera almeno dieci investimenti in startup per aumentare le possibilit\u00e0 di successo.<\/li>\n<\/ol>\n\n\n\n<p><\/p>\n\n\n\n<h3 class=\"wp-block-heading\">Pro e Contro dell\u2019Investimento con AngelHub<\/h3>\n\n\n\n<h4 class=\"wp-block-heading\">Vantaggi<\/h4>\n\n\n\n<ul class=\"wp-block-list\">\n<li>Accesso a progetti innovativi con riduzione del rischio tramite investimenti collettivi.<\/li>\n\n\n\n<li>Sicurezza legale e collaborazione tra investitori.<\/li>\n\n\n\n<li>Piattaforma web intuitiva, con sessioni Zoom e supporto completo.<\/li>\n\n\n\n<li>Diversi metodi di finanziamento e assistenza costante.<\/li>\n<\/ul>\n\n\n\n<p><\/p>\n\n\n\n<h4 class=\"wp-block-heading\">Rischi<\/h4>\n\n\n\n<ul class=\"wp-block-list\">\n<li>Esiste la possibilit\u00e0 di perdere il capitale e la liquidit\u00e0 \u00e8 limitata.<\/li>\n\n\n\n<li>Le startup sono in fase iniziale e molto incerte in termini di performance.<\/li>\n\n\n\n<li>Anche se molte potrebbero fallire, alcune possono generare guadagni significativi.<\/li>\n\n\n\n<li>Gli investitori dovrebbero destinare solo capitali che possono permettersi di perdere.<\/li>\n<\/ul>\n\n\n\n<p><\/p>\n\n\n\n<p><\/p>\n\n\n\n<p><strong>\u00bfLe duele la indecisi\u00f3n financiera? <\/strong><\/p>\n\n\n\n<figure class=\"wp-block-image size-large is-resized\"><img decoding=\"async\" width=\"512\" height=\"288\" src=\"https:\/\/adamfayed.com\/wp-content\/uploads\/2025\/03\/Adam-Fayed-Contact_CTA3-512x288.jpg\" alt=\"\" class=\"wp-image-117505\" style=\"width:683px;height:auto\" srcset=\"https:\/\/adamfayed.com\/wp-content\/uploads\/2025\/03\/Adam-Fayed-Contact_CTA3-512x288.jpg 512w, https:\/\/adamfayed.com\/wp-content\/uploads\/2025\/03\/Adam-Fayed-Contact_CTA3-300x169.jpg 300w, https:\/\/adamfayed.com\/wp-content\/uploads\/2025\/03\/Adam-Fayed-Contact_CTA3-768x432.jpg 768w, https:\/\/adamfayed.com\/wp-content\/uploads\/2025\/03\/Adam-Fayed-Contact_CTA3-scaled.jpg 825w\" sizes=\"(max-width: 512px) 100vw, 512px\" \/><\/figure>\n\n\n\n<div style=\"height:10px\" aria-hidden=\"true\" class=\"wp-block-spacer\"><\/div>\n\n\n\n<div class=\"wp-block-buttons is-layout-flex wp-block-buttons-is-layout-flex\">\n<div class=\"wp-block-button\"><a class=\"wp-block-button__link wp-element-button\" href=\"https:\/\/adamfayed.com\/es\/become-adams-client\/\">Convi\u00e9rtase en mi cliente<\/a><\/div>\n\n\n\n<div class=\"wp-block-button\"><a class=\"wp-block-button__link wp-element-button\" href=\"https:\/\/adamfayed.com\/es\/good-match-quiz\/\" target=\"_blank\" rel=\"noreferrer noopener\">Realice el cuestionario de elegibilidad de clientes<\/a><\/div>\n\n\n\n<div class=\"wp-block-button\"><a class=\"wp-block-button__link wp-element-button\" href=\"https:\/\/adamfayed.com\/es\/contact\/\" target=\"_blank\" rel=\"noreferrer noopener\">P\u00f3ngase en contacto con<\/a><\/div>\n<\/div>\n\n\n\n<p><strong>Adam es un autor reconocido internacionalmente en temas financieros, con m\u00e1s de 830 millones de respuestas en Quora, un libro muy vendido en Amazon y colaborador de Forbes.<\/strong><\/p>","protected":false},"excerpt":{"rendered":"<p>\ud83c\udf10 English | Ver en Espa\u00f1ol In questa recensione di AngelHub, analizzeremo lo sfondo della societ\u00e0 e le sue opportunit\u00e0 di investimento. AngelHub Limited \u00e8 una piattaforma regolamentata per investire in startup tecnologiche. Permette agli investitori professionali di collaborare per supportare startup innovative verificate, che vanno dalla Serie A fino allo status di unicorno. Supporta [&hellip;]<\/p>","protected":false},"author":14,"featured_media":194392,"parent":185423,"menu_order":0,"comment_status":"closed","ping_status":"closed","template":"","meta":{"rop_custom_images_group":[],"rop_custom_messages_group":[],"rop_publish_now":"initial","rop_publish_now_accounts":{"facebook_10166176115445471_100883565069113":""},"rop_publish_now_history":[],"rop_publish_now_status":"pending","footnotes":""},"class_list":["post-194345","page","type-page","status-publish","has-post-thumbnail","hentry"],"_links":{"self":[{"href":"https:\/\/adamfayed.com\/es\/wp-json\/wp\/v2\/pages\/194345","targetHints":{"allow":["GET"]}}],"collection":[{"href":"https:\/\/adamfayed.com\/es\/wp-json\/wp\/v2\/pages"}],"about":[{"href":"https:\/\/adamfayed.com\/es\/wp-json\/wp\/v2\/types\/page"}],"author":[{"embeddable":true,"href":"https:\/\/adamfayed.com\/es\/wp-json\/wp\/v2\/users\/14"}],"replies":[{"embeddable":true,"href":"https:\/\/adamfayed.com\/es\/wp-json\/wp\/v2\/comments?post=194345"}],"version-history":[{"count":2,"href":"https:\/\/adamfayed.com\/es\/wp-json\/wp\/v2\/pages\/194345\/revisions"}],"predecessor-version":[{"id":210125,"href":"https:\/\/adamfayed.com\/es\/wp-json\/wp\/v2\/pages\/194345\/revisions\/210125"}],"up":[{"embeddable":true,"href":"https:\/\/adamfayed.com\/es\/wp-json\/wp\/v2\/pages\/185423"}],"wp:featuredmedia":[{"embeddable":true,"href":"https:\/\/adamfayed.com\/es\/wp-json\/wp\/v2\/media\/194392"}],"wp:attachment":[{"href":"https:\/\/adamfayed.com\/es\/wp-json\/wp\/v2\/media?parent=194345"}],"curies":[{"name":"wp","href":"https:\/\/api.w.org\/{rel}","templated":true}]}}