{"id":194437,"date":"2025-07-28T08:47:42","date_gmt":"2025-07-28T08:47:42","guid":{"rendered":"https:\/\/adamfayed.com\/?page_id=194437"},"modified":"2025-07-28T08:47:44","modified_gmt":"2025-07-28T08:47:44","slug":"resena-castlestone-faang","status":"publish","type":"page","link":"https:\/\/adamfayed.com\/es\/spanish-article\/resena-castlestone-faang\/","title":{"rendered":"Rese\u00f1a del Castlestone FAANG\u202f+\u202fUCITS Fund"},"content":{"rendered":"<p>Esta rese\u00f1a destacar\u00e1 las caracter\u00edsticas de esta oportunidad de inversi\u00f3n ofrecida por Castlestone Management LLC, una firma independiente de asesor\u00eda de inversiones ubicada en Nueva York.<\/p>\n\n\n\n<p>La empresa gestiona dos fondos UCITS centrados en acciones; este art\u00edculo se enfocar\u00e1 en uno de ellos.<\/p>\n\n\n\n<p>Si deseas invertir como expatriado o persona con alto patrimonio neto \u2014 \u00e1rea en la que me especializo \u2014 puedes escribirme al correo (hello@adamfayed.com) o por WhatsApp (+44\u20117393\u2011450\u2011837).<\/p>\n\n\n\n<p>Dado que los hechos pueden cambiar desde la redacci\u00f3n, es importante consultar asesor\u00eda financiera antes de tomar cualquier decisi\u00f3n de inversi\u00f3n.<\/p>\n\n\n\n<h2 class=\"wp-block-heading\">T\u00e9rminos y Caracter\u00edsticas del Castlestone FAANG\u202f+\u202fUCITS Fund<\/h2>\n\n\n\n<div class=\"wp-block-group is-layout-constrained wp-block-group-is-layout-constrained\">\n<figure class=\"wp-block-image alignleft size-large\"><img fetchpriority=\"high\" decoding=\"async\" width=\"512\" height=\"512\" src=\"https:\/\/adamfayed.com\/wp-content\/uploads\/2025\/07\/Terminos-y-Caracteristicas-del-Castlestone-FAANG-UCITS-Fund-512x512.png\" alt=\"\" class=\"wp-image-194461\" srcset=\"https:\/\/adamfayed.com\/wp-content\/uploads\/2025\/07\/Terminos-y-Caracteristicas-del-Castlestone-FAANG-UCITS-Fund-512x512.png 512w, https:\/\/adamfayed.com\/wp-content\/uploads\/2025\/07\/Terminos-y-Caracteristicas-del-Castlestone-FAANG-UCITS-Fund-300x300.png 300w, https:\/\/adamfayed.com\/wp-content\/uploads\/2025\/07\/Terminos-y-Caracteristicas-del-Castlestone-FAANG-UCITS-Fund-150x150.png 150w, https:\/\/adamfayed.com\/wp-content\/uploads\/2025\/07\/Terminos-y-Caracteristicas-del-Castlestone-FAANG-UCITS-Fund-768x768.png 768w, https:\/\/adamfayed.com\/wp-content\/uploads\/2025\/07\/Terminos-y-Caracteristicas-del-Castlestone-FAANG-UCITS-Fund-scaled.png 825w\" sizes=\"(max-width: 512px) 100vw, 512px\" \/><\/figure>\n<\/div>\n\n\n\n<p>El fondo busca crecimiento de capital invirtiendo en acciones tecnol\u00f3gicas internacionales, especialmente las conocidas FAANG: Facebook (Meta), Apple, Amazon, Netflix y Google (Alphabet).<\/p>\n\n\n\n<p>Hace hincapi\u00e9 en exposici\u00f3n tecnol\u00f3gica en sectores como bienes de consumo discrecional, servicios de comunicaci\u00f3n e inform\u00e1tica.<\/p>\n\n\n\n<p>Lanzado el 2 de enero de 2019, su divisa base es el USD; tambi\u00e9n ofrece clases en GBP y EUR.<br>Hasta marzo 2024, cuenta con un patrimonio gestionado cercano a 267 millones de USD.<\/p>\n\n\n\n<p>La inversi\u00f3n m\u00ednima inicial depende de la moneda: puede ser 10.000, 5.000 o 1.000 unidades.<\/p>\n\n\n\n<p>La distribuci\u00f3n por sectores es aproximadamente 45\u202f% tecnolog\u00eda, 25\u202f% consumo discrecional y 23\u202f% servicios de comunicaci\u00f3n.<\/p>\n\n\n\n<p>Geogr\u00e1ficamente: EE.\u202fUU. (70\u202f%), Europa (18,5\u202f%) y China (5\u202f%).<\/p>\n\n\n\n<p>Principales posiciones:<\/p>\n\n\n\n<ul class=\"wp-block-list\">\n<li>The London Tunnels Plc (12,71\u202f%)<\/li>\n\n\n\n<li>Apple Inc (7,25\u202f%)<\/li>\n\n\n\n<li>Alphabet Inc Class C (7,15\u202f%)<\/li>\n<\/ul>\n\n\n\n<p><\/p>\n\n\n\n<h3 class=\"wp-block-heading\">Rendimientos del Castlestone FAANG\u202f+\u202fUCITS Fund<\/h3>\n\n\n\n<ul class=\"wp-block-list\">\n<li>En USD: +13,25\u202f% en junio y +23,54\u202f% YTD. El fondo tuvo una ganancia del 47,02\u202f% en 2020, y una p\u00e9rdida del 37,63\u202f% en 2022.<\/li>\n\n\n\n<li>En GBP: +13,26\u202f% en junio y rendimiento YTD de 23,96\u202f%. Subida del 43,07\u202f% en 2023, con p\u00e9rdida del 39,14\u202f% en 2022.<\/li>\n\n\n\n<li>En EUR: rendimiento YTD del 23,48\u202f%, con +13,28\u202f% en junio. En 2023 obtuvo 42,60\u202f%, descendiendo un 38,84\u202f% en 2022.<\/li>\n<\/ul>\n\n\n\n<p><\/p>\n\n\n\n<h3 class=\"wp-block-heading\">Comisiones del Castlestone FAANG\u202f+\u202fUCITS Fund<\/h3>\n\n\n\n<p>El fondo aplica hasta 1\u202f% de comisi\u00f3n de venta mensual, coste de suscripci\u00f3n entre 4\u202f% y 6\u202f%, y comisi\u00f3n de gesti\u00f3n entre 1,25\u202f% y 1,75\u202f%.<br>Se suman otros gastos potenciales como tarifas del custodio, costes de transacci\u00f3n por compra y venta de los activos subyacentes, y honorarios administrativos.<\/p>\n\n\n\n<h3 class=\"wp-block-heading\">Pros y Contras del Castlestone FAANG\u202f+\u202fUCITS Fund<\/h3>\n\n\n\n<h4 class=\"wp-block-heading\">Ventajas<\/h4>\n\n\n\n<ul class=\"wp-block-list\">\n<li>Fondos diversificados en distintas industrias.<\/li>\n\n\n\n<li>Acceso a empresas tecnol\u00f3gicas l\u00edderes del sector.<\/li>\n\n\n\n<li>Liquidez diaria que facilita entradas y salidas r\u00e1pidas.<\/li>\n<\/ul>\n\n\n\n<p><\/p>\n\n\n\n<h4 class=\"wp-block-heading\">Riesgos<\/h4>\n\n\n\n<ul class=\"wp-block-list\">\n<li>Las acciones tecnol\u00f3gicas pueden ser muy vol\u00e1tiles, lo que genera fuertes oscilaciones en el valor del fondo.<\/li>\n\n\n\n<li>Exposici\u00f3n significativa a FAANG implica riesgo si estas compa\u00f1\u00edas tienen un desempe\u00f1o pobre.<\/li>\n\n\n\n<li>La rentabilidad del fondo est\u00e1 estrechamente ligada al desempe\u00f1o del mercado general y del sector tecnol\u00f3gico.<\/li>\n\n\n\n<li>Las inversiones internacionales implican riesgo cambiario que puede afectar el retorno.<\/li>\n<\/ul>\n\n\n\n<p><\/p>\n\n\n\n<p><strong>\u00bfLe duele la indecisi\u00f3n financiera? <\/strong><\/p>\n\n\n\n<figure class=\"wp-block-image size-large is-resized\"><img decoding=\"async\" width=\"512\" height=\"288\" src=\"https:\/\/adamfayed.com\/wp-content\/uploads\/2025\/03\/Adam-Fayed-Contact_CTA3-512x288.jpg\" alt=\"\" class=\"wp-image-117505\" style=\"width:683px;height:auto\" srcset=\"https:\/\/adamfayed.com\/wp-content\/uploads\/2025\/03\/Adam-Fayed-Contact_CTA3-512x288.jpg 512w, https:\/\/adamfayed.com\/wp-content\/uploads\/2025\/03\/Adam-Fayed-Contact_CTA3-300x169.jpg 300w, https:\/\/adamfayed.com\/wp-content\/uploads\/2025\/03\/Adam-Fayed-Contact_CTA3-768x432.jpg 768w, https:\/\/adamfayed.com\/wp-content\/uploads\/2025\/03\/Adam-Fayed-Contact_CTA3-scaled.jpg 825w\" sizes=\"(max-width: 512px) 100vw, 512px\" \/><\/figure>\n\n\n\n<div style=\"height:10px\" aria-hidden=\"true\" class=\"wp-block-spacer\"><\/div>\n\n\n\n<div class=\"wp-block-buttons is-layout-flex wp-block-buttons-is-layout-flex\">\n<div class=\"wp-block-button\"><a class=\"wp-block-button__link wp-element-button\" href=\"https:\/\/adamfayed.com\/es\/become-adams-client\/\">Convi\u00e9rtase en mi cliente<\/a><\/div>\n\n\n\n<div class=\"wp-block-button\"><a class=\"wp-block-button__link wp-element-button\" href=\"https:\/\/adamfayed.com\/es\/good-match-quiz\/\" target=\"_blank\" rel=\"noreferrer noopener\">Realice el cuestionario de elegibilidad de clientes<\/a><\/div>\n\n\n\n<div class=\"wp-block-button\"><a class=\"wp-block-button__link wp-element-button\" href=\"https:\/\/adamfayed.com\/es\/contact\/\" target=\"_blank\" rel=\"noreferrer noopener\">P\u00f3ngase en contacto con<\/a><\/div>\n<\/div>\n\n\n\n<p><strong>Adam es un autor reconocido internacionalmente en temas financieros, con m\u00e1s de 830 millones de respuestas en Quora, un libro muy vendido en Amazon y colaborador de Forbes.<\/strong><\/p>","protected":false},"excerpt":{"rendered":"<p>Esta rese\u00f1a destacar\u00e1 las caracter\u00edsticas de esta oportunidad de inversi\u00f3n ofrecida por Castlestone Management LLC, una firma independiente de asesor\u00eda de inversiones ubicada en Nueva York. La empresa gestiona dos fondos UCITS centrados en acciones; este art\u00edculo se enfocar\u00e1 en uno de ellos. Si deseas invertir como expatriado o persona con alto patrimonio neto \u2014 [&hellip;]<\/p>","protected":false},"author":14,"featured_media":194458,"parent":185416,"menu_order":0,"comment_status":"closed","ping_status":"closed","template":"","meta":{"rop_custom_images_group":[],"rop_custom_messages_group":[],"rop_publish_now":"initial","rop_publish_now_accounts":{"facebook_10166176115445471_100883565069113":""},"rop_publish_now_history":[],"rop_publish_now_status":"pending","footnotes":""},"class_list":["post-194437","page","type-page","status-publish","has-post-thumbnail","hentry"],"_links":{"self":[{"href":"https:\/\/adamfayed.com\/es\/wp-json\/wp\/v2\/pages\/194437","targetHints":{"allow":["GET"]}}],"collection":[{"href":"https:\/\/adamfayed.com\/es\/wp-json\/wp\/v2\/pages"}],"about":[{"href":"https:\/\/adamfayed.com\/es\/wp-json\/wp\/v2\/types\/page"}],"author":[{"embeddable":true,"href":"https:\/\/adamfayed.com\/es\/wp-json\/wp\/v2\/users\/14"}],"replies":[{"embeddable":true,"href":"https:\/\/adamfayed.com\/es\/wp-json\/wp\/v2\/comments?post=194437"}],"version-history":[{"count":3,"href":"https:\/\/adamfayed.com\/es\/wp-json\/wp\/v2\/pages\/194437\/revisions"}],"predecessor-version":[{"id":194468,"href":"https:\/\/adamfayed.com\/es\/wp-json\/wp\/v2\/pages\/194437\/revisions\/194468"}],"up":[{"embeddable":true,"href":"https:\/\/adamfayed.com\/es\/wp-json\/wp\/v2\/pages\/185416"}],"wp:featuredmedia":[{"embeddable":true,"href":"https:\/\/adamfayed.com\/es\/wp-json\/wp\/v2\/media\/194458"}],"wp:attachment":[{"href":"https:\/\/adamfayed.com\/es\/wp-json\/wp\/v2\/media?parent=194437"}],"curies":[{"name":"wp","href":"https:\/\/api.w.org\/{rel}","templated":true}]}}