{"id":194439,"date":"2025-07-28T08:58:59","date_gmt":"2025-07-28T08:58:59","guid":{"rendered":"https:\/\/adamfayed.com\/?page_id=194439"},"modified":"2025-07-28T08:59:00","modified_gmt":"2025-07-28T08:59:00","slug":"piano-risparmio-investors-evolution","status":"publish","type":"page","link":"https:\/\/adamfayed.com\/es\/italian-article\/piano-risparmio-investors-evolution\/","title":{"rendered":"Recensione del Piano di Risparmio Investors Trust Evolution"},"content":{"rendered":"<p>En esta recensi\u00f3n del <em>Investors Trust Evolution Savings Plan<\/em>, analizzeremo le caratteristiche dell\u2019opportunit\u00e0 di risparmio offerta dal provider, oltre a evidenziare benefici e rischi associati.<\/p>\n\n\n\n<p>En <em>Piano di Risparmio Investors Trust Evolution<\/em> pu\u00f2 essere usato per risparmiare per l\u2019istruzione o la pensione, in USD, EUR o GBP. Un impegno maggiore incrementa il potenziale di risparmio: quando i contributi annuali superano determinate soglie, si attivano allocazioni extra per aiutare a raggiungere gli obiettivi futuri di investimento.<\/p>\n\n\n\n<p>Si desea invertir como expatriado o persona con un alto patrimonio neto, puede ponerse en contacto conmigo por correo electr\u00f3nico (hello@adamfayed.com) o por WhatsApp (+44-7393-450-837).<\/p>\n\n\n\n<p>Questo include anche se cerchi un servizio gratuito di revisione portafoglio per ottimizzare i tuoi investimenti e scoprire nuove opportunit\u00e0 di crescita.<\/p>\n\n\n\n<p>Alcuni dati potrebbero essere cambiati dalla data di redazione. Nulla di quanto scritto costituisce consulenza finanziaria, legale, fiscale o personale, n\u00e9 rappresenta una sollecitazione d\u2019investimento o raccomandazione di prodotti o servizi specifici.<\/p>\n\n\n\n<p>Diversi investitori hanno tolleranze diverse al rischio. Investors Trust offre vari prodotti a capitale unico per rispondere a tali esigenze, inclusi investimenti alternativi e portafogli a reddito fisso con protezione del capitale. L\u2019azienda privilegia strategie di investimento innovative che proteggono il capitale, generano reddito regolare e, in alcuni casi, sfruttano le fluttuazioni dei mercati.<\/p>\n\n\n\n<p>Offre soluzioni unit-linked con focus sull\u2019accesso ai mercati globali per investitori esteri. Dispone di compagnie assicurative nei Caraibi (Cayman Islands), Malaysia e Puerto Rico, con investitori distribuiti a livello internazionale.<\/p>\n\n\n\n<h2 class=\"wp-block-heading\">Caratteristiche dei Piani di Risparmio Investors Trust Evolution<\/h2>\n\n\n\n<h3 class=\"wp-block-heading\">Investors Trust Evolution Savings Plan<\/h3>\n\n\n\n<ul class=\"wp-block-list\">\n<li>Piano flessibile in USD, EUR o GBP<\/li>\n\n\n\n<li>Contributo annuale minimo: 1.200 unit\u00e0 valutarie (raddoppiato per piani da 5 anni), con incremento minimo annuale di 600<\/li>\n\n\n\n<li>Frequenza pagamenti: annuale, semestrale, trimestrale o mensile<\/li>\n\n\n\n<li>Durate disponibili: 5, 10, 15, 20 o 25 anni<\/li>\n\n\n\n<li>Commissione amministrativa: 1,9\u202f% annuo per i primi 10 anni, poi 0,35\u202f%<\/li>\n\n\n\n<li>Commissione struttura: 0,125\u202f% del valore del conto<\/li>\n\n\n\n<li>Spese polizza: 7 USD\/EUR o 4,5 GBP al mese<\/li>\n\n\n\n<li>Spread bid\/offer: nessuno<\/li>\n\n\n\n<li>Benefit in caso di decesso: 101\u202f% del valore del conto<\/li>\n\n\n\n<li>Trasferimenti tra fondi: gratuiti<\/li>\n\n\n\n<li>Penali di riscatto in base agli anni residui del contratto<\/li>\n\n\n\n<li>Prelievi parziali consentiti dopo il termine con valore minimo di riscatto di 1.200 unit\u00e0<\/li>\n\n\n\n<li>Et\u00e0 di ingresso: 18\u201380 anni per durate da 5 anni (scende per durate pi\u00f9 lunghe)<\/li>\n<\/ul>\n\n\n\n<p><\/p>\n\n\n\n<h3 class=\"wp-block-heading\">Investors Trust Evolution Plus Savings Plan<\/h3>\n\n\n\n<ul class=\"wp-block-list\">\n<li>Riconosciuto come \u201cBest International Savings Plan\u201d da <em>International Investment<\/em><\/li>\n\n\n\n<li>Disponibile in USD, EUR, GBP<\/li>\n\n\n\n<li>Contributo annuale minimo: 12.000<\/li>\n\n\n\n<li>Rider disponibili per contributi una tantum da minimo 2.500<\/li>\n\n\n\n<li>Incremento annuo minimo: 12.000<\/li>\n\n\n\n<li>Frequenza premi: annuale, semestrale, trimestrale o mensile<\/li>\n\n\n\n<li>Nessuna commissione amministrativa annuale e nessuno spread bid\/offer<\/li>\n\n\n\n<li>Spese polizza: 10 USD\/EUR o 7 GBP al mese<\/li>\n\n\n\n<li>Commissione struttura: 0,16\u202f% del valore del conto (1,92\u202f% annuo)<\/li>\n\n\n\n<li>Commissione carta di credito: 3,5\u202f%<\/li>\n\n\n\n<li>Trasferimenti gratuiti tra fondi; benefit in caso di morte pari al 101\u202f% del valore del conto<\/li>\n\n\n\n<li>Penali di riscatto: 1,92\u202f% nel primo anno, poi 0\u202f%<\/li>\n\n\n\n<li>Prelievi parziali sempre permessi con valore minimo di 10.000<\/li>\n\n\n\n<li>Edad m\u00ednima: 18-85 a\u00f1os<\/li>\n<\/ul>\n\n\n\n<p><\/p>\n\n\n\n<h3 class=\"wp-block-heading\">Investors Trust Evolution Select<\/h3>\n\n\n\n<ul class=\"wp-block-list\">\n<li>Contributo minimo annuale: 12.000 USD\/EUR\/GBP<\/li>\n\n\n\n<li>Rider per contributi una tantum da minimo 2.500 e incrementi annuali da 12.000<\/li>\n\n\n\n<li>Modalit\u00e0 di pagamento: annuale, semestrale, trimestrale o mensile<\/li>\n\n\n\n<li>Nessuno spread bid\/offer<\/li>\n\n\n\n<li>Commissione amministrativa: 1\u202f% sul premio originale per i primi 5 anni<\/li>\n\n\n\n<li>Spese polizza: 10 USD\/EUR o 7 GBP al mese<\/li>\n\n\n\n<li>Commissione struttura: 0,125\u202f% al mese del valore del conto (1,5\u202f% annuo)<\/li>\n\n\n\n<li>Commissione carta di credito: 3,5\u202f%<\/li>\n\n\n\n<li>Trasferimenti gratuiti; benefit morte: 101\u202f%<\/li>\n\n\n\n<li>Prelievi parziali permessi con valore minimo di riscatto di 10.000<\/li>\n\n\n\n<li>Commissioni di riscatto: dal 4\u202f% nel primo anno a 0\u202f% al quinto anno<\/li>\n\n\n\n<li>Et\u00e0 disponibile: 18\u201385 anni<\/li>\n<\/ul>\n\n\n\n<p><\/p>\n\n\n\n<h2 class=\"wp-block-heading\">Pro e Contro del Piano di Risparmio<\/h2>\n\n\n\n<h3 class=\"wp-block-heading\">Beneficiario<\/h3>\n\n\n\n<ul class=\"wp-block-list\">\n<li>Fedelt\u00e0 e allocazioni aggiuntive<\/li>\n\n\n\n<li>Ampia selezione di fondi comuni di investimento<\/li>\n\n\n\n<li>Vasta scelta di gestori di asset<\/li>\n\n\n\n<li>Monitoraggio del portafoglio online<\/li>\n\n\n\n<li>Investimento iniziale minimo contenuto<\/li>\n\n\n\n<li>Trasferimenti tra fondi gratuiti<\/li>\n\n\n\n<li>Piano pi\u00f9 economico rispetto a molti concorrenti<\/li>\n<\/ul>\n\n\n\n<p><\/p>\n\n\n\n<h3 class=\"wp-block-heading\">Svantaggi<\/h3>\n\n\n\n<ul class=\"wp-block-list\">\n<li>Per chi pu\u00f2 investire in un\u2019unica somma elevata, i prodotti a capitale unico potrebbero essere pi\u00f9 idonei<\/li>\n\n\n\n<li>Chi desidera accedere ai fondi prima della maturit\u00e0 pu\u00f2 incorrere in penali di uscita legate alla durata della polizza<\/li>\n\n\n\n<li>I rendimenti non sono garantiti, a differenza di un semplice conto S&amp;P\u202f500<\/li>\n<\/ul>\n\n\n\n<p><\/p>\n\n\n\n<h2 class=\"wp-block-heading\"><strong>Conclusi\u00f3n<\/strong><\/h2>\n\n\n\n<p>Questo piano offre flessibilit\u00e0 e costi contenuti rispetto alla concorrenza, con una buona scelta di fondi. \u00c8 per\u00f2 ideale solo in alcune situazioni personali: \u00e8 consigliabile valutare se \u00e8 coerente con i tuoi obiettivi e considerare una consulenza professionale.<\/p>\n\n\n\n<p><\/p>\n\n\n\n<p><strong>\u00bfLe duele la indecisi\u00f3n financiera? <\/strong><\/p>\n\n\n\n<figure class=\"wp-block-image size-large is-resized\"><img fetchpriority=\"high\" decoding=\"async\" width=\"512\" height=\"288\" src=\"https:\/\/adamfayed.com\/wp-content\/uploads\/2025\/03\/Adam-Fayed-Contact_CTA3-512x288.jpg\" alt=\"\" class=\"wp-image-117505\" style=\"width:683px;height:auto\" srcset=\"https:\/\/adamfayed.com\/wp-content\/uploads\/2025\/03\/Adam-Fayed-Contact_CTA3-512x288.jpg 512w, https:\/\/adamfayed.com\/wp-content\/uploads\/2025\/03\/Adam-Fayed-Contact_CTA3-300x169.jpg 300w, https:\/\/adamfayed.com\/wp-content\/uploads\/2025\/03\/Adam-Fayed-Contact_CTA3-768x432.jpg 768w, https:\/\/adamfayed.com\/wp-content\/uploads\/2025\/03\/Adam-Fayed-Contact_CTA3-scaled.jpg 825w\" sizes=\"(max-width: 512px) 100vw, 512px\" \/><\/figure>\n\n\n\n<div style=\"height:10px\" aria-hidden=\"true\" class=\"wp-block-spacer\"><\/div>\n\n\n\n<div class=\"wp-block-buttons is-layout-flex wp-block-buttons-is-layout-flex\">\n<div class=\"wp-block-button\"><a class=\"wp-block-button__link wp-element-button\" href=\"https:\/\/adamfayed.com\/es\/become-adams-client\/\">Convi\u00e9rtase en mi cliente<\/a><\/div>\n\n\n\n<div class=\"wp-block-button\"><a class=\"wp-block-button__link wp-element-button\" href=\"https:\/\/adamfayed.com\/es\/good-match-quiz\/\" target=\"_blank\" rel=\"noreferrer noopener\">Realice el cuestionario de elegibilidad de clientes<\/a><\/div>\n\n\n\n<div class=\"wp-block-button\"><a class=\"wp-block-button__link wp-element-button\" href=\"https:\/\/adamfayed.com\/es\/contact\/\" target=\"_blank\" rel=\"noreferrer noopener\">P\u00f3ngase en contacto con<\/a><\/div>\n<\/div>\n\n\n\n<p><strong>Adam es un autor reconocido internacionalmente en temas financieros, con m\u00e1s de 830 millones de respuestas en Quora, un libro muy vendido en Amazon y colaborador de Forbes.<\/strong><\/p>","protected":false},"excerpt":{"rendered":"<p>In questa recensione del Investors Trust Evolution Savings Plan, analizzeremo le caratteristiche dell\u2019opportunit\u00e0 di risparmio offerta dal provider, oltre a evidenziare benefici e rischi associati. Il Piano di Risparmio Investors Trust Evolution pu\u00f2 essere usato per risparmiare per l\u2019istruzione o la pensione, in USD, EUR o GBP. Un impegno maggiore incrementa il potenziale di risparmio: [&hellip;]<\/p>\n","protected":false},"author":14,"featured_media":194473,"parent":185423,"menu_order":0,"comment_status":"closed","ping_status":"closed","template":"","meta":{"rop_custom_images_group":[],"rop_custom_messages_group":[],"rop_publish_now":"initial","rop_publish_now_accounts":{"facebook_10166176115445471_100883565069113":""},"rop_publish_now_history":[],"rop_publish_now_status":"pending","footnotes":""},"class_list":["post-194439","page","type-page","status-publish","has-post-thumbnail","hentry"],"_links":{"self":[{"href":"https:\/\/adamfayed.com\/es\/wp-json\/wp\/v2\/pages\/194439","targetHints":{"allow":["GET"]}}],"collection":[{"href":"https:\/\/adamfayed.com\/es\/wp-json\/wp\/v2\/pages"}],"about":[{"href":"https:\/\/adamfayed.com\/es\/wp-json\/wp\/v2\/types\/page"}],"author":[{"embeddable":true,"href":"https:\/\/adamfayed.com\/es\/wp-json\/wp\/v2\/users\/14"}],"replies":[{"embeddable":true,"href":"https:\/\/adamfayed.com\/es\/wp-json\/wp\/v2\/comments?post=194439"}],"version-history":[{"count":1,"href":"https:\/\/adamfayed.com\/es\/wp-json\/wp\/v2\/pages\/194439\/revisions"}],"predecessor-version":[{"id":194474,"href":"https:\/\/adamfayed.com\/es\/wp-json\/wp\/v2\/pages\/194439\/revisions\/194474"}],"up":[{"embeddable":true,"href":"https:\/\/adamfayed.com\/es\/wp-json\/wp\/v2\/pages\/185423"}],"wp:featuredmedia":[{"embeddable":true,"href":"https:\/\/adamfayed.com\/es\/wp-json\/wp\/v2\/media\/194473"}],"wp:attachment":[{"href":"https:\/\/adamfayed.com\/es\/wp-json\/wp\/v2\/media?parent=194439"}],"curies":[{"name":"wp","href":"https:\/\/api.w.org\/{rel}","templated":true}]}}