{"id":194440,"date":"2025-07-28T09:35:14","date_gmt":"2025-07-28T09:35:14","guid":{"rendered":"https:\/\/adamfayed.com\/?page_id=194440"},"modified":"2025-07-28T09:35:15","modified_gmt":"2025-07-28T09:35:15","slug":"portafoglio-reddito-fisso-investors","status":"publish","type":"page","link":"https:\/\/adamfayed.com\/es\/italian-article\/portafoglio-reddito-fisso-investors\/","title":{"rendered":"Recensione del Portafoglio a Reddito Fisso di Investors Trust"},"content":{"rendered":"<p>En esta recensi\u00f3n del <em>Cartera de renta fija de Investors Trust<\/em> examine las caracter\u00edsticas, ventajas y desventajas de esta opci\u00f3n de inversi\u00f3n.<\/p>\n\n\n\n<p>Hay que tener en cuenta que muchos inversores que desean conservar su liquidez o sus pensiones aprecian los portafolios de deuda por su capacidad de ofrecer un flujo de deuda costoso.<\/p>\n\n\n\n<p>Sin embargo, estas inversiones tambi\u00e9n presentan riesgos.<\/p>\n\n\n\n<p>Si desea invertir como expatriado o persona con un alto patrimonio neto, puede ponerse en contacto conmigo por correo electr\u00f3nico (hello@adamfayed.com) o por WhatsApp (+44-7393-450-837).<\/p>\n\n\n\n<p>Esto incluye si necesita un servicio gratuito de revisi\u00f3n de cartera para optimizar sus inversiones y encontrar oportunidades de crecimiento.<\/p>\n\n\n\n<p>Algunos datos podr\u00e1n ser modificados a partir de los datos de redirecci\u00f3n. Nada de lo escrito constituye asesoramiento financiero, legal, fiscal o personal, ni supone invitaci\u00f3n a invertir o petici\u00f3n de productos o servicios espec\u00edficos.<\/p>\n\n\n\n<h2 class=\"wp-block-heading\">Antecedentes: chi \u00e8 Investors Trust?<\/h2>\n\n\n\n<p>El Grupo ITA, un grupo multinacional de seguros, est\u00e1 representado por Investors Trust. La empresa ofrece seguros a plazo fijo con protecci\u00f3n del capital e inversiones alternativas en diversos productos de capital \u00fanico.<br>Ofrece soluciones vinculadas a fondos de inversi\u00f3n para facilitar a los inversores offshore el acceso a los mercados internacionales y permite personalizar las estrategias en funci\u00f3n de los objetivos financieros.<\/p>\n\n\n\n<h2 class=\"wp-block-heading\">Cartera de renta fija de Investors Trust<\/h2>\n\n\n\n<h3 class=\"wp-block-heading\">\ud83d\udd39 15 anni a Tasso Variabile<\/h3>\n\n\n\n<ul class=\"wp-block-list\">\n<li>Portafoglio denominato in USD con tasso variabile per 15 anni<\/li>\n\n\n\n<li>Contribuciones m\u00ednimas: $2.400 anuales, con posibilidad de \u201crider\u201d para integraciones anuales<\/li>\n\n\n\n<li>Precio basado en SOFR: entre 3,50 % y 6 % anuales<\/li>\n\n\n\n<li>Premios: anuales, semestrales, trimestrales o mensuales<\/li>\n\n\n\n<li>Protecci\u00f3n de 100 % del capital durante su vida \u00fatil<\/li>\n\n\n\n<li>Comisiones: 1,125 % anual de amministraci\u00f3n; ning\u00fan spread bid\/offer; primi 12 mesi gratuiti; poi $7 al mese<\/li>\n\n\n\n<li>Bonificaci\u00f3n fedelt\u00e0: 7,5 % sui contributi nei primi 10 anni, 5 % nei successivi 5<\/li>\n\n\n\n<li>Riscatto parziale gratuito dopo il 2\u00ba anno (interessi + capitale), mantenendo valore minimo di $2.400<\/li>\n\n\n\n<li>En caso de pr\u00f3rroga, la tasa se reducir\u00e1 a 3,5 % anuales.<\/li>\n\n\n\n<li>Beneficio por fallecimiento: 101 % del valor del contrato<\/li>\n\n\n\n<li>Edad del inversor: 18-70 a\u00f1os<\/li>\n<\/ul>\n\n\n\n<p><\/p>\n\n\n\n<figure class=\"wp-block-image aligncenter size-large\"><img fetchpriority=\"high\" decoding=\"async\" width=\"512\" height=\"341\" src=\"https:\/\/adamfayed.com\/wp-content\/uploads\/2025\/07\/Investors-Trust-Fixed-Income-Portfolio-512x341.jpg\" alt=\"\" class=\"wp-image-194494\" srcset=\"https:\/\/adamfayed.com\/wp-content\/uploads\/2025\/07\/Investors-Trust-Fixed-Income-Portfolio-512x341.jpg 512w, https:\/\/adamfayed.com\/wp-content\/uploads\/2025\/07\/Investors-Trust-Fixed-Income-Portfolio-300x200.jpg 300w, https:\/\/adamfayed.com\/wp-content\/uploads\/2025\/07\/Investors-Trust-Fixed-Income-Portfolio-768x512.jpg 768w, https:\/\/adamfayed.com\/wp-content\/uploads\/2025\/07\/Investors-Trust-Fixed-Income-Portfolio-scaled.jpg 825w\" sizes=\"(max-width: 512px) 100vw, 512px\" \/><\/figure>\n\n\n\n<p><\/p>\n\n\n\n<h3 class=\"wp-block-heading\">\ud83d\udd39 3, 5, 7 &amp; 10 anni a Tasso Fisso<\/h3>\n\n\n\n<ul class=\"wp-block-list\">\n<li>Opciones en USD con una duraci\u00f3n de 3 a 10 a\u00f1os<\/li>\n\n\n\n<li>Contribuci\u00f3n m\u00ednima: $10.000; \u201crider\u201d autorizado para contribuciones anuales<\/li>\n\n\n\n<li>Rendimiento variable en funci\u00f3n de la duraci\u00f3n: de 3,75 % (3 a\u00f1os) a 4,75 % (10 a\u00f1os)<\/li>\n\n\n\n<li>Protecci\u00f3n del 100 % de la capital<\/li>\n\n\n\n<li>Nessuna commissione amministrativa annuale; enjoy <em>cuota de p\u00f3liza<\/em> di $7 mensili<\/li>\n\n\n\n<li>Benefit morte garantito: 101 % del valore di riscatto<\/li>\n\n\n\n<li>Edad m\u00ednima: 18-85 a\u00f1os<\/li>\n<\/ul>\n\n\n\n<p><\/p>\n\n\n\n<h3 class=\"wp-block-heading\">Pro e Contro del Portafoglio a Reddito Fisso<\/h3>\n\n\n\n<h4 class=\"wp-block-heading\">Vantaggi<\/h4>\n\n\n\n<ul class=\"wp-block-list\">\n<li>Protecci\u00f3n de capitales garantizada<\/li>\n\n\n\n<li>Reddito stabile e prevedibile<\/li>\n\n\n\n<li>M\u00ednimos accesibles y penales de alquiler contenidos<\/li>\n\n\n\n<li>Estructura de costes econ\u00f3mica y competitiva<\/li>\n\n\n\n<li>Bonificaciones basadas en las contribuciones incentivadas<\/li>\n<\/ul>\n\n\n\n<p><\/p>\n\n\n\n<h4 class=\"wp-block-heading\">Rischi<\/h4>\n\n\n\n<ul class=\"wp-block-list\">\n<li>Los detenidos anticipados podr\u00e1n ser sancionados por la duraci\u00f3n de la pena de prisi\u00f3n<\/li>\n\n\n\n<li>Las condiciones del mercado pueden influir en los rendimientos<\/li>\n\n\n\n<li>Existe una correlaci\u00f3n inversa entre los tipos de inter\u00e9s y el rendimiento a corto plazo.<\/li>\n\n\n\n<li>La inflaci\u00f3n puede mermar la capacidad de compra de los rendimientos financieros<\/li>\n\n\n\n<li>Con los niveles actuales, las cadenas de clasificaci\u00f3n A pueden producir 6-8 %.<\/li>\n<\/ul>\n\n\n\n<p><\/p>\n\n\n\n<h2 class=\"wp-block-heading\">Conclusi\u00f3n<\/h2>\n\n\n\n<p>Se trata de un producto conservador, con un rendimiento inferior al de otras opciones m\u00e1s din\u00e1micas. Es adecuado para quienes valoran la estabilidad y la protecci\u00f3n del capital.<\/p>\n\n\n\n<p><\/p>\n\n\n\n<p><strong>\u00bfLe duele la indecisi\u00f3n financiera? <\/strong><\/p>\n\n\n\n<figure class=\"wp-block-image size-large is-resized\"><img decoding=\"async\" width=\"512\" height=\"288\" src=\"https:\/\/adamfayed.com\/wp-content\/uploads\/2025\/03\/Adam-Fayed-Contact_CTA3-512x288.jpg\" alt=\"\" class=\"wp-image-117505\" style=\"width:683px;height:auto\" srcset=\"https:\/\/adamfayed.com\/wp-content\/uploads\/2025\/03\/Adam-Fayed-Contact_CTA3-512x288.jpg 512w, https:\/\/adamfayed.com\/wp-content\/uploads\/2025\/03\/Adam-Fayed-Contact_CTA3-300x169.jpg 300w, https:\/\/adamfayed.com\/wp-content\/uploads\/2025\/03\/Adam-Fayed-Contact_CTA3-768x432.jpg 768w, https:\/\/adamfayed.com\/wp-content\/uploads\/2025\/03\/Adam-Fayed-Contact_CTA3-scaled.jpg 825w\" sizes=\"(max-width: 512px) 100vw, 512px\" \/><\/figure>\n\n\n\n<div style=\"height:10px\" aria-hidden=\"true\" class=\"wp-block-spacer\"><\/div>\n\n\n\n<div class=\"wp-block-buttons is-layout-flex wp-block-buttons-is-layout-flex\">\n<div class=\"wp-block-button\"><a class=\"wp-block-button__link wp-element-button\" href=\"https:\/\/adamfayed.com\/es\/become-adams-client\/\">Convi\u00e9rtase en mi cliente<\/a><\/div>\n\n\n\n<div class=\"wp-block-button\"><a class=\"wp-block-button__link wp-element-button\" href=\"https:\/\/adamfayed.com\/es\/good-match-quiz\/\" target=\"_blank\" rel=\"noreferrer noopener\">Realice el cuestionario de elegibilidad de clientes<\/a><\/div>\n\n\n\n<div class=\"wp-block-button\"><a class=\"wp-block-button__link wp-element-button\" href=\"https:\/\/adamfayed.com\/es\/contact\/\" target=\"_blank\" rel=\"noreferrer noopener\">P\u00f3ngase en contacto con<\/a><\/div>\n<\/div>\n\n\n\n<p><strong>Adam es un autor reconocido internacionalmente en temas financieros, con m\u00e1s de 830 millones de respuestas en Quora, un libro muy vendido en Amazon y colaborador de Forbes.<\/strong><\/p>\n\n\n\n<p><\/p>","protected":false},"excerpt":{"rendered":"<p>In questa recensione del Investors Trust Fixed Income Portfolio esamineremo le caratteristiche, i vantaggi e i svantaggi di questa opzione di investimento. Da notare che molti investitori che desiderano conservare liquidit\u00e0 o pensionati apprezzano i portafogli a reddito fisso per la loro capacit\u00e0 di offrire un flusso costante di reddito. Tuttavia, anche questi investimenti presentano [&hellip;]<\/p>","protected":false},"author":14,"featured_media":194490,"parent":185423,"menu_order":0,"comment_status":"closed","ping_status":"closed","template":"","meta":{"rop_custom_images_group":[],"rop_custom_messages_group":[],"rop_publish_now":"initial","rop_publish_now_accounts":{"facebook_10166176115445471_100883565069113":""},"rop_publish_now_history":[],"rop_publish_now_status":"pending","footnotes":""},"class_list":["post-194440","page","type-page","status-publish","has-post-thumbnail","hentry"],"_links":{"self":[{"href":"https:\/\/adamfayed.com\/es\/wp-json\/wp\/v2\/pages\/194440","targetHints":{"allow":["GET"]}}],"collection":[{"href":"https:\/\/adamfayed.com\/es\/wp-json\/wp\/v2\/pages"}],"about":[{"href":"https:\/\/adamfayed.com\/es\/wp-json\/wp\/v2\/types\/page"}],"author":[{"embeddable":true,"href":"https:\/\/adamfayed.com\/es\/wp-json\/wp\/v2\/users\/14"}],"replies":[{"embeddable":true,"href":"https:\/\/adamfayed.com\/es\/wp-json\/wp\/v2\/comments?post=194440"}],"version-history":[{"count":1,"href":"https:\/\/adamfayed.com\/es\/wp-json\/wp\/v2\/pages\/194440\/revisions"}],"predecessor-version":[{"id":194495,"href":"https:\/\/adamfayed.com\/es\/wp-json\/wp\/v2\/pages\/194440\/revisions\/194495"}],"up":[{"embeddable":true,"href":"https:\/\/adamfayed.com\/es\/wp-json\/wp\/v2\/pages\/185423"}],"wp:featuredmedia":[{"embeddable":true,"href":"https:\/\/adamfayed.com\/es\/wp-json\/wp\/v2\/media\/194490"}],"wp:attachment":[{"href":"https:\/\/adamfayed.com\/es\/wp-json\/wp\/v2\/media?parent=194440"}],"curies":[{"name":"wp","href":"https:\/\/api.w.org\/{rel}","templated":true}]}}