{"id":194442,"date":"2025-07-28T09:49:31","date_gmt":"2025-07-28T09:49:31","guid":{"rendered":"https:\/\/adamfayed.com\/?page_id=194442"},"modified":"2025-07-28T09:49:33","modified_gmt":"2025-07-28T09:49:33","slug":"resena-del-bono-kaeva-plc","status":"publish","type":"page","link":"https:\/\/adamfayed.com\/es\/spanish-article\/resena-del-bono-kaeva-plc\/","title":{"rendered":"Rese\u00f1a del Bono Kaeva PLC"},"content":{"rendered":"<p>Este art\u00edculo analiza el bono emitido por Kaeva PLC, evaluando sus t\u00e9rminos y particularidades. Tambi\u00e9n actualiza sobre el programa de bonos, ya que no se pagaron intereses a tiempo y se iniciaron procedimientos de liquidaci\u00f3n contra Kaeva Pty Ltd., deudor.<\/p>\n\n\n\n<p>Este incumplimiento reciente hace clave revaluar todo tu portafolio, ya que podr\u00edas estar expuesto a riesgos ocultos.<\/p>\n\n\n\n<p>Si deseas invertir como expatriado o persona con alto patrimonio neto, puedes escribirme al correo (hello@adamfayed.com) o por WhatsApp (+44-7393-450-837).<\/p>\n\n\n\n<p>Tambi\u00e9n aplicable si buscas una revisi\u00f3n gratuita de cartera para expatriados y optimizar tus inversiones o identificar oportunidades.<\/p>\n\n\n\n<p>Algunos datos podr\u00edan haber cambiado desde la redacci\u00f3n. Nada en este texto constituye asesor\u00eda financiera, legal, fiscal o personal, ni representa una invitaci\u00f3n a invertir o recomendaci\u00f3n de productos o servicios espec\u00edficos.<\/p>\n\n\n\n<p>Kaeva PLC ofrec\u00eda oportunidades a inversores institucionales. Antes operaba como BWIInternational Capital PLC e Index Ecogen PLC. Fue constituida el 17 de agosto de 2016 para emitir valores negociables como <em>secured notes<\/em>, y cambi\u00f3 oficialmente a Kaeva Ltd el 2 de octubre de 2023. En esta rese\u00f1a, ambos nombres se consideran equivalentes.<\/p>\n\n\n\n<h2 class=\"wp-block-heading\">T\u00e9rminos y Caracter\u00edsticas del Bono Kaeva PLC<\/h2>\n\n\n\n<p>Kaeva emiti\u00f3 hasta 1.000 millones de GBP en <em>senior secured notes<\/em> con tasa fija del 9\u202f% anual, pagaderos semestralmente. Los bonos estaban disponibles en GBP, EUR y USD.<\/p>\n\n\n\n<p>Emitidos el 8 de febrero de 2019, vencieron el 8 de febrero de 2024 como primera emisi\u00f3n de un programa mercantil por 5.000 millones de GBP. Los fondos netos se destinaron a pr\u00e9stamos anticipados o inversiones respaldadas por activos.<\/p>\n\n\n\n<p>Las notas estaban garantizadas por los proyectos mismos, con prioridad de pago como <em>senior<\/em>, y cotizaban en Euronext Dubl\u00edn y la Bolsa de Fr\u00e1ncfort, siendo f\u00e1ciles de negociar. Pueden ser mantenidas en veh\u00edculos como UCITS, ISA, SIPP, SSAS, QROPS y Portfolio Bonds.<\/p>\n\n\n\n<h3 class=\"wp-block-heading\">Pros y Contras de los Bonos Senior Secured a Tasa Fija<\/h3>\n\n\n\n<h4 class=\"wp-block-heading\">Ventajas<\/h4>\n\n\n\n<ul class=\"wp-block-list\">\n<li>Pagan intereses fijos de forma regular.<\/li>\n\n\n\n<li>En caso de problemas, los bonistas senior cobran antes que otros acreedores.<\/li>\n<\/ul>\n\n\n\n<p><\/p>\n\n\n\n<h4 class=\"wp-block-heading\">Riesgos<\/h4>\n\n\n\n<ul class=\"wp-block-list\">\n<li>Los cambios en las tasas de inter\u00e9s pueden reducir el valor de mercado del bono.<\/li>\n\n\n\n<li>Existe riesgo de impago por parte del emisor.<\/li>\n<\/ul>\n\n\n\n<p><\/p>\n\n\n\n<div class=\"wp-block-group is-layout-constrained wp-block-group-is-layout-constrained\">\n<figure class=\"wp-block-image aligncenter size-large\"><img fetchpriority=\"high\" decoding=\"async\" width=\"512\" height=\"341\" src=\"https:\/\/adamfayed.com\/wp-content\/uploads\/2025\/07\/Actualizaciones-sobre-el-Bono-Kaeva-PLC-512x341.jpg\" alt=\"\" class=\"wp-image-194503\" srcset=\"https:\/\/adamfayed.com\/wp-content\/uploads\/2025\/07\/Actualizaciones-sobre-el-Bono-Kaeva-PLC-512x341.jpg 512w, https:\/\/adamfayed.com\/wp-content\/uploads\/2025\/07\/Actualizaciones-sobre-el-Bono-Kaeva-PLC-300x200.jpg 300w, https:\/\/adamfayed.com\/wp-content\/uploads\/2025\/07\/Actualizaciones-sobre-el-Bono-Kaeva-PLC-768x512.jpg 768w, https:\/\/adamfayed.com\/wp-content\/uploads\/2025\/07\/Actualizaciones-sobre-el-Bono-Kaeva-PLC-scaled.jpg 825w\" sizes=\"(max-width: 512px) 100vw, 512px\" \/><\/figure>\n<\/div>\n\n\n\n<p><\/p>\n\n\n\n<h2 class=\"wp-block-heading\">Actualizaciones sobre el Bono Kaeva PLC<\/h2>\n\n\n\n<ul class=\"wp-block-list\">\n<li>El 9 de abril de 2022, Kaeva retir\u00f3 las notas 2024 de la Bolsa de Fr\u00e1ncfort; el 6 de febrero de 2023 hizo lo mismo en Euronext Dubl\u00edn.<\/li>\n\n\n\n<li>En 2023 no se obtuvieron ingresos por la emisi\u00f3n, comparado con 1,9 millones GBP el a\u00f1o anterior.<\/li>\n\n\n\n<li>Para el ejercicio que cerr\u00f3 el 31 de agosto de 2023, no se pagaron cupones pues Kaeva Pty Ltd (deudor) no cumpli\u00f3 con los pagos.<\/li>\n\n\n\n<li>El 9 de julio de 2023 se inici\u00f3 el proceso de liquidaci\u00f3n de Kaeva Pty Ltd; esto activ\u00f3 el vencimiento inmediato de las <em>secured notes<\/em>.<\/li>\n\n\n\n<li>Al no recuperarse activos suficientes, Kaeva Ltd inform\u00f3 a acreedores e inversores que no habr\u00e1 pagos. Aun as\u00ed, sigue operando como <em>empresa en funcionamiento<\/em>.<\/li>\n\n\n\n<li>El 14 de marzo de 2024 se convoc\u00f3 una reuni\u00f3n informal de tenedores de notas para abordar el retraso en pagos y definir pasos futuros. Se requerir\u00e1n nuevas votaciones sobre posibles modificaciones del acuerdo.<\/li>\n<\/ul>\n\n\n\n<p><\/p>\n\n\n\n<h2 class=\"wp-block-heading\">Reflexiones finales<\/h2>\n\n\n\n<p>Las inversiones en bonos conllevan riesgos como el default y la p\u00e9rdida de capital. Es esencial analizar la solvencia del emisor, diversificar y planificar cuidadosamente, preferiblemente con asesor\u00eda profesional.<\/p>\n\n\n\n<p>El impago de intereses y el proceso de liquidaci\u00f3n exponen a los bonistas a p\u00e9rdidas significativas. Aunque los tenedores senior tienen prioridad, los activos podr\u00edan no cubrir todos los pasivos, y el capital invertido puede perderse o recuperarse parcialmente.<\/p>\n\n\n\n<p>Podr\u00eda ser necesario emprender acciones legales en el proceso de liquidaci\u00f3n, lo cual implica esfuerzo, tiempo y costos.<\/p>\n\n\n\n<p><\/p>\n\n\n\n<p><strong>\u00bfLe duele la indecisi\u00f3n financiera? <\/strong><\/p>\n\n\n\n<figure class=\"wp-block-image size-large is-resized\"><img decoding=\"async\" width=\"512\" height=\"288\" src=\"https:\/\/adamfayed.com\/wp-content\/uploads\/2025\/03\/Adam-Fayed-Contact_CTA3-512x288.jpg\" alt=\"\" class=\"wp-image-117505\" style=\"width:683px;height:auto\" srcset=\"https:\/\/adamfayed.com\/wp-content\/uploads\/2025\/03\/Adam-Fayed-Contact_CTA3-512x288.jpg 512w, https:\/\/adamfayed.com\/wp-content\/uploads\/2025\/03\/Adam-Fayed-Contact_CTA3-300x169.jpg 300w, https:\/\/adamfayed.com\/wp-content\/uploads\/2025\/03\/Adam-Fayed-Contact_CTA3-768x432.jpg 768w, https:\/\/adamfayed.com\/wp-content\/uploads\/2025\/03\/Adam-Fayed-Contact_CTA3-scaled.jpg 825w\" sizes=\"(max-width: 512px) 100vw, 512px\" \/><\/figure>\n\n\n\n<div style=\"height:10px\" aria-hidden=\"true\" class=\"wp-block-spacer\"><\/div>\n\n\n\n<div class=\"wp-block-buttons is-layout-flex wp-block-buttons-is-layout-flex\">\n<div class=\"wp-block-button\"><a class=\"wp-block-button__link wp-element-button\" href=\"https:\/\/adamfayed.com\/es\/become-adams-client\/\">Convi\u00e9rtase en mi cliente<\/a><\/div>\n\n\n\n<div class=\"wp-block-button\"><a class=\"wp-block-button__link wp-element-button\" href=\"https:\/\/adamfayed.com\/es\/good-match-quiz\/\" target=\"_blank\" rel=\"noreferrer noopener\">Realice el cuestionario de elegibilidad de clientes<\/a><\/div>\n\n\n\n<div class=\"wp-block-button\"><a class=\"wp-block-button__link wp-element-button\" href=\"https:\/\/adamfayed.com\/es\/contact\/\" target=\"_blank\" rel=\"noreferrer noopener\">P\u00f3ngase en contacto con<\/a><\/div>\n<\/div>\n\n\n\n<p><strong>Adam es un autor reconocido internacionalmente en temas financieros, con m\u00e1s de 830 millones de respuestas en Quora, un libro muy vendido en Amazon y colaborador de Forbes.<\/strong><\/p>","protected":false},"excerpt":{"rendered":"<p>Este art\u00edculo analiza el bono emitido por Kaeva PLC, evaluando sus t\u00e9rminos y particularidades. Tambi\u00e9n actualiza sobre el programa de bonos, ya que no se pagaron intereses a tiempo y se iniciaron procedimientos de liquidaci\u00f3n contra Kaeva Pty Ltd., deudor. Este incumplimiento reciente hace clave revaluar todo tu portafolio, ya que podr\u00edas estar expuesto a [&hellip;]<\/p>","protected":false},"author":14,"featured_media":194504,"parent":185416,"menu_order":0,"comment_status":"closed","ping_status":"closed","template":"","meta":{"rop_custom_images_group":[],"rop_custom_messages_group":[],"rop_publish_now":"initial","rop_publish_now_accounts":{"facebook_10166176115445471_100883565069113":""},"rop_publish_now_history":[],"rop_publish_now_status":"pending","footnotes":""},"class_list":["post-194442","page","type-page","status-publish","has-post-thumbnail","hentry"],"_links":{"self":[{"href":"https:\/\/adamfayed.com\/es\/wp-json\/wp\/v2\/pages\/194442","targetHints":{"allow":["GET"]}}],"collection":[{"href":"https:\/\/adamfayed.com\/es\/wp-json\/wp\/v2\/pages"}],"about":[{"href":"https:\/\/adamfayed.com\/es\/wp-json\/wp\/v2\/types\/page"}],"author":[{"embeddable":true,"href":"https:\/\/adamfayed.com\/es\/wp-json\/wp\/v2\/users\/14"}],"replies":[{"embeddable":true,"href":"https:\/\/adamfayed.com\/es\/wp-json\/wp\/v2\/comments?post=194442"}],"version-history":[{"count":2,"href":"https:\/\/adamfayed.com\/es\/wp-json\/wp\/v2\/pages\/194442\/revisions"}],"predecessor-version":[{"id":194506,"href":"https:\/\/adamfayed.com\/es\/wp-json\/wp\/v2\/pages\/194442\/revisions\/194506"}],"up":[{"embeddable":true,"href":"https:\/\/adamfayed.com\/es\/wp-json\/wp\/v2\/pages\/185416"}],"wp:featuredmedia":[{"embeddable":true,"href":"https:\/\/adamfayed.com\/es\/wp-json\/wp\/v2\/media\/194504"}],"wp:attachment":[{"href":"https:\/\/adamfayed.com\/es\/wp-json\/wp\/v2\/media?parent=194442"}],"curies":[{"name":"wp","href":"https:\/\/api.w.org\/{rel}","templated":true}]}}