{"id":194478,"date":"2025-07-28T10:20:41","date_gmt":"2025-07-28T10:20:41","guid":{"rendered":"https:\/\/adamfayed.com\/?page_id=194478"},"modified":"2025-07-28T10:20:42","modified_gmt":"2025-07-28T10:20:42","slug":"recensione-di-linqto","status":"publish","type":"page","link":"https:\/\/adamfayed.com\/es\/italian-article\/recensione-di-linqto\/","title":{"rendered":"Recensi\u00f3n de Linqto"},"content":{"rendered":"<p>In questa recensione di Linqto esamineremo le origini della piattaforma di private equity, le opzioni di investimento, i requisiti minimi e le commissioni.<\/p>\n\n\n\n<p>Non ci concentreremo solo su vantaggi e rischi dell\u2019operatore di investimento, ma anche su pro e contro dell\u2019investimento in private equity.<\/p>\n\n\n\n<p>Linqto non diversifica i suoi servizi con altri prodotti: si concentra esclusivamente sugli investimenti privati in aziende pre-IPO. Questo approccio pu\u00f2 funzionare per alcuni utenti, ma potrebbe non essere abbastanza flessibile per chi cerca una piattaforma con funzionalit\u00e0 bancarie e di investimento integrate.<\/p>\n\n\n\n<p>Si desea invertir como expatriado o persona con un patrimonio neto elevado, puede ponerse en contacto con nosotros por correo electr\u00f3nico (hello@adamfayed.com) o por WhatsApp (+44-7393-450-837).<\/p>\n\n\n\n<p>Questo vale anche se stai cercando un servizio gratuito di revisione del portafoglio per ottimizzare i tuoi investimenti e individuare nuove prospettive di crescita.<\/p>\n\n\n\n<p>Alcuni dati possono essere cambiati dalla data di pubblicazione. Nulla di quanto scritto costituisce consulenza finanziaria, legale o fiscale, n\u00e9 \u00e8 una sollecitazione all\u2019investimento.<\/p>\n\n\n\n<p>Dato che questo tipo di investimento comporta sempre rischi, \u00e8 consigliabile chiedere supporto a un esperto.<\/p>\n\n\n\n<h2 class=\"wp-block-heading\">Cos&#8217;\u00e8 l\u2019app Linqto?<\/h2>\n\n\n\n<p>Come piattaforma di private equity, Linqto consente agli investitori accreditati e non di accedere al mercato privato acquistando quote in societ\u00e0 pre-IPO. Migliora l\u2019accesso grazie a un processo d\u2019investimento semplice, soglie di ingresso basse e zero costi aggiuntivi.<\/p>\n\n\n\n<p>Attraverso un processo interno rigoroso di analisi aziendale, Linqto offre un&#8217;esperienza fluida agli utenti. La sua tecnologia rende il mercato privato pi\u00f9 liquido, permettendo compravendite dirette sul sito.<\/p>\n\n\n\n<p>Nonostante il design intuitivo, l\u2019assistenza clienti \u00e8 limitata a email e moduli online.<\/p>\n\n\n\n<p>\u00c8 importante sapere che la custodia delle azioni resta con Linqto finch\u00e9 la societ\u00e0 non va in borsa (IPO). Se Linqto dovesse fallire prima dell\u2019IPO, l\u2019equity detenuto potrebbe andare perso.<\/p>\n\n\n\n<h2 class=\"wp-block-heading\">Linqto: Investimenti<\/h2>\n\n\n\n<figure class=\"wp-block-image alignright size-large\"><img fetchpriority=\"high\" decoding=\"async\" width=\"512\" height=\"341\" src=\"https:\/\/adamfayed.com\/wp-content\/uploads\/2025\/07\/Linqto-Investimenti-512x341.png\" alt=\"\" class=\"wp-image-194530\" srcset=\"https:\/\/adamfayed.com\/wp-content\/uploads\/2025\/07\/Linqto-Investimenti-512x341.png 512w, https:\/\/adamfayed.com\/wp-content\/uploads\/2025\/07\/Linqto-Investimenti-300x200.png 300w, https:\/\/adamfayed.com\/wp-content\/uploads\/2025\/07\/Linqto-Investimenti-768x512.png 768w, https:\/\/adamfayed.com\/wp-content\/uploads\/2025\/07\/Linqto-Investimenti-scaled.png 825w\" sizes=\"(max-width: 512px) 100vw, 512px\" \/><\/figure>\n\n\n\n<h3 class=\"wp-block-heading\">Quali opportunit\u00e0 offre Linqto?<\/h3>\n\n\n\n<p>Linqto propone investimenti in societ\u00e0 pre-IPO e unicorns tech. Aziende in evidenza includono Zipline, Epic Games, Polysign e Ripple.<\/p>\n\n\n\n<p>L\u2019investitore acquista azioni tramite un veicolo a scopo speciale gestito da Linqto ma di propriet\u00e0 degli investitori. Questo protegge il capitale in caso di bancarotta.<\/p>\n\n\n\n<h3 class=\"wp-block-heading\">Investimento minimo<\/h3>\n\n\n\n<p>Linqto \u00e8 riservata agli investitori accreditati (solitamente con patrimonio netto di almeno 1 milione di dollari). Il minimo d\u2019ingresso \u00e8 di 5.000 USD.<\/p>\n\n\n\n<p>Gli utenti possono usare Linqto Bucks come credito sconto (1.000 USD per ogni referral che investe).<\/p>\n\n\n\n<h3 class=\"wp-block-heading\">Periodo di blocco delle azioni<\/h3>\n\n\n\n<p>Le azioni devono essere detenute per almeno 90 giorni prima della vendita. Non possono essere trasferite ad altri titoli. Le offerte di vendita devono essere di almeno 5.000 USD o l\u2019intero valore posseduto.<\/p>\n\n\n\n<h3 class=\"wp-block-heading\">Commissioni<\/h3>\n\n\n\n<p>Linqto non applica commissioni di gestione, brokeraggio o interessi. Tuttavia, potrebbero esserci costi iniziali e commissioni di transazione alla vendita delle quote.<\/p>\n\n\n\n<h3 class=\"wp-block-heading\">Come investire<\/h3>\n\n\n\n<ol start=\"1\" class=\"wp-block-list\">\n<li>Carica una foto del documento (patente, passaporto) e un autoritratto.<\/li>\n\n\n\n<li>Dichiara lo status di investitore accreditato e allega prova.<\/li>\n\n\n\n<li>Investi tramite wallet Uphold o bonifico bancario.<\/li>\n\n\n\n<li>Puoi investire anche tramite azienda o fondo pensione.<\/li>\n<\/ol>\n\n\n\n<p><\/p>\n\n\n\n<h3 class=\"wp-block-heading\">Pro e contro di Linqto<\/h3>\n\n\n\n<h4 class=\"wp-block-heading\">Vantaggi<\/h4>\n\n\n\n<ul class=\"wp-block-list\">\n<li>Ingresso al private equity con solo 5.000 USD (prima servivano 100.000 USD).<\/li>\n\n\n\n<li>Linqto Bucks premia le referenze.<\/li>\n\n\n\n<li>Design semplice e intuitivo.<\/li>\n\n\n\n<li>Nessuna commissione di gestione, broker o interessi.<\/li>\n\n\n\n<li>Focus su aziende ad alta crescita.<\/li>\n\n\n\n<li>Orizzonte d\u2019investimento pi\u00f9 lungo.<\/li>\n\n\n\n<li>Accesso a settori non quotati in borsa.<\/li>\n<\/ul>\n\n\n\n<p><\/p>\n\n\n\n<h4 class=\"wp-block-heading\">Svantaggi<\/h4>\n\n\n\n<ul class=\"wp-block-list\">\n<li>Nessuna offerta bancaria o diversificazione.<\/li>\n\n\n\n<li>Assistenza clienti limitata.<\/li>\n\n\n\n<li>Accesso solo per investitori accreditati.<\/li>\n\n\n\n<li>Esposizione elevata e rischio intrinseco.<\/li>\n\n\n\n<li>Le azioni sono soggette al successo dell\u2019IPO futura.<\/li>\n<\/ul>\n\n\n\n<p><\/p>\n\n\n\n<p><\/p>\n\n\n\n<p><strong>\u00bfLe duele la indecisi\u00f3n financiera? <\/strong><\/p>\n\n\n\n<figure class=\"wp-block-image size-large is-resized\"><img decoding=\"async\" width=\"512\" height=\"288\" src=\"https:\/\/adamfayed.com\/wp-content\/uploads\/2025\/03\/Adam-Fayed-Contact_CTA3-512x288.jpg\" alt=\"\" class=\"wp-image-117505\" style=\"width:683px;height:auto\" srcset=\"https:\/\/adamfayed.com\/wp-content\/uploads\/2025\/03\/Adam-Fayed-Contact_CTA3-512x288.jpg 512w, https:\/\/adamfayed.com\/wp-content\/uploads\/2025\/03\/Adam-Fayed-Contact_CTA3-300x169.jpg 300w, https:\/\/adamfayed.com\/wp-content\/uploads\/2025\/03\/Adam-Fayed-Contact_CTA3-768x432.jpg 768w, https:\/\/adamfayed.com\/wp-content\/uploads\/2025\/03\/Adam-Fayed-Contact_CTA3-scaled.jpg 825w\" sizes=\"(max-width: 512px) 100vw, 512px\" \/><\/figure>\n\n\n\n<div style=\"height:10px\" aria-hidden=\"true\" class=\"wp-block-spacer\"><\/div>\n\n\n\n<div class=\"wp-block-buttons is-layout-flex wp-block-buttons-is-layout-flex\">\n<div class=\"wp-block-button\"><a class=\"wp-block-button__link wp-element-button\" href=\"https:\/\/adamfayed.com\/es\/become-adams-client\/\">Convi\u00e9rtase en mi cliente<\/a><\/div>\n\n\n\n<div class=\"wp-block-button\"><a class=\"wp-block-button__link wp-element-button\" href=\"https:\/\/adamfayed.com\/es\/good-match-quiz\/\" target=\"_blank\" rel=\"noreferrer noopener\">Realice el cuestionario de elegibilidad de clientes<\/a><\/div>\n\n\n\n<div class=\"wp-block-button\"><a class=\"wp-block-button__link wp-element-button\" href=\"https:\/\/adamfayed.com\/es\/contact\/\" target=\"_blank\" rel=\"noreferrer noopener\">P\u00f3ngase en contacto con<\/a><\/div>\n<\/div>\n\n\n\n<p><strong>Adam es un autor reconocido internacionalmente en temas financieros, con m\u00e1s de 830 millones de respuestas en Quora, un libro muy vendido en Amazon y colaborador de Forbes.<\/strong><\/p>","protected":false},"excerpt":{"rendered":"<p>In questa recensione di Linqto esamineremo le origini della piattaforma di private equity, le opzioni di investimento, i requisiti minimi e le commissioni. Non ci concentreremo solo su vantaggi e rischi dell\u2019operatore di investimento, ma anche su pro e contro dell\u2019investimento in private equity. Linqto non diversifica i suoi servizi con altri prodotti: si concentra [&hellip;]<\/p>","protected":false},"author":14,"featured_media":194529,"parent":185423,"menu_order":0,"comment_status":"closed","ping_status":"closed","template":"","meta":{"rop_custom_images_group":[],"rop_custom_messages_group":[],"rop_publish_now":"initial","rop_publish_now_accounts":{"facebook_10166176115445471_100883565069113":""},"rop_publish_now_history":[],"rop_publish_now_status":"pending","footnotes":""},"class_list":["post-194478","page","type-page","status-publish","has-post-thumbnail","hentry"],"_links":{"self":[{"href":"https:\/\/adamfayed.com\/es\/wp-json\/wp\/v2\/pages\/194478","targetHints":{"allow":["GET"]}}],"collection":[{"href":"https:\/\/adamfayed.com\/es\/wp-json\/wp\/v2\/pages"}],"about":[{"href":"https:\/\/adamfayed.com\/es\/wp-json\/wp\/v2\/types\/page"}],"author":[{"embeddable":true,"href":"https:\/\/adamfayed.com\/es\/wp-json\/wp\/v2\/users\/14"}],"replies":[{"embeddable":true,"href":"https:\/\/adamfayed.com\/es\/wp-json\/wp\/v2\/comments?post=194478"}],"version-history":[{"count":1,"href":"https:\/\/adamfayed.com\/es\/wp-json\/wp\/v2\/pages\/194478\/revisions"}],"predecessor-version":[{"id":194531,"href":"https:\/\/adamfayed.com\/es\/wp-json\/wp\/v2\/pages\/194478\/revisions\/194531"}],"up":[{"embeddable":true,"href":"https:\/\/adamfayed.com\/es\/wp-json\/wp\/v2\/pages\/185423"}],"wp:featuredmedia":[{"embeddable":true,"href":"https:\/\/adamfayed.com\/es\/wp-json\/wp\/v2\/media\/194529"}],"wp:attachment":[{"href":"https:\/\/adamfayed.com\/es\/wp-json\/wp\/v2\/media?parent=194478"}],"curies":[{"name":"wp","href":"https:\/\/api.w.org\/{rel}","templated":true}]}}