{"id":194480,"date":"2025-07-28T10:08:17","date_gmt":"2025-07-28T10:08:17","guid":{"rendered":"https:\/\/adamfayed.com\/?page_id=194480"},"modified":"2025-07-28T10:08:19","modified_gmt":"2025-07-28T10:08:19","slug":"recensione-di-london-de-limited","status":"publish","type":"page","link":"https:\/\/adamfayed.com\/es\/italian-article\/recensione-di-london-de-limited\/","title":{"rendered":"Recensi\u00f3n de London DE Limited"},"content":{"rendered":"<p>Abbiamo ricevuto notizie secondo cui le note di prestito (<em>pagar\u00e9s de pr\u00e9stamo<\/em>) di London DE sono andate in default, il che dimostra quanto siano rischiosi gli investimenti di questo tipo.<\/p>\n\n\n\n<p>Nel 2019, l\u2019azienda cercava di raccogliere un milione di sterline tramite un\u2019offerta di note di prestito, oltre a un altro milione dalla vendita di azioni per sostenere la sua espansione.<\/p>\n\n\n\n<p>Questa recensione fornir\u00e0 informazioni su London DE Limited e sui suoi servizi. Parleremo anche di suggerimenti per investire in gioielli e dei pro e contro di questa attivit\u00e0, per valutare se pu\u00f2 valere la pena. Specializzata in gioielli e orologi ottenuti in modo responsabile, London DE Limited fornisce diamanti certificati, smeraldi, rubini, zaffiri e altre gemme preziose colorate nel Regno Unito.<\/p>\n\n\n\n<p>Si desea invertir como expatriado o persona con un alto patrimonio neto, puede ponerse en contacto conmigo por correo electr\u00f3nico (hello@adamfayed.com) o por WhatsApp (+44-7393-450-837).<\/p>\n\n\n\n<p>Questo vale anche se stai cercando una revisione gratuita del portafoglio per ottimizzare i tuoi investimenti ed esplorare nuove opportunit\u00e0.<\/p>\n\n\n\n<p>Alcuni dati potrebbero essere cambiati dalla data di scrittura. Nulla in questo testo costituisce consulenza finanziaria, legale o fiscale, n\u00e9 rappresenta una sollecitazione all\u2019investimento.<\/p>\n\n\n\n<p>Prima di investire in questa classe di asset, \u00e8 importante valutare attentamente rischi e benefici potenziali.<\/p>\n\n\n\n<p>I gioielli non seguono una struttura di prezzo definita come azioni o obbligazioni. Per questo motivo, ha senso destinare solo una piccola parte del portafoglio a investimenti in gioielli come quelli di London DE.<\/p>\n\n\n\n<p>Se possiedi gi\u00e0 note di prestito con l\u2019azienda, \u00e8 essenziale riesaminare l\u2019intero portafoglio, poich\u00e9 potrebbero esserci rischi nascosti dopo il default recente. L\u2019azienda nega il default, ma alcuni clienti segnalano di non essere stati rimborsati da anni (dati aggiornati al 2025).<\/p>\n\n\n\n<p>Investire in note di prestito comporta sempre rischi elevati e potresti perdere tutto il capitale. Questo articolo \u00e8 destinato esclusivamente a non residenti nel Regno Unito e invita gli investitori a condurre le proprie ricerche.<\/p>\n\n\n\n<h2 class=\"wp-block-heading\">Novit\u00e0 su London DE Limited<\/h2>\n\n\n\n<p>Oltre alle proprie collezioni, London DE offre servizi su misura per la creazione di gioielli personalizzati.<\/p>\n\n\n\n<p>I diamanti dell\u2019azienda sono certificati da enti come il Diamond High Council e l\u2019International Gemological Institute.<\/p>\n\n\n\n<h2 class=\"wp-block-heading\">Investire in Gioielli<\/h2>\n\n\n\n<figure class=\"wp-block-image alignright size-large\"><img fetchpriority=\"high\" decoding=\"async\" width=\"512\" height=\"512\" src=\"https:\/\/adamfayed.com\/wp-content\/uploads\/2025\/07\/Investire-in-Gioielli-512x512.png\" alt=\"\" class=\"wp-image-194520\" srcset=\"https:\/\/adamfayed.com\/wp-content\/uploads\/2025\/07\/Investire-in-Gioielli-512x512.png 512w, https:\/\/adamfayed.com\/wp-content\/uploads\/2025\/07\/Investire-in-Gioielli-300x300.png 300w, https:\/\/adamfayed.com\/wp-content\/uploads\/2025\/07\/Investire-in-Gioielli-150x150.png 150w, https:\/\/adamfayed.com\/wp-content\/uploads\/2025\/07\/Investire-in-Gioielli-768x768.png 768w, https:\/\/adamfayed.com\/wp-content\/uploads\/2025\/07\/Investire-in-Gioielli-scaled.png 825w\" sizes=\"(max-width: 512px) 100vw, 512px\" \/><\/figure>\n\n\n\n<h3 class=\"wp-block-heading\">Suggerimenti per l\u2019investimento<\/h3>\n\n\n\n<ol start=\"1\" class=\"wp-block-list\">\n<li>Informati su metalli, gemme e tendenze di mercato.<\/li>\n\n\n\n<li>Punta su artigianato di qualit\u00e0 e acquista gioielli raffinati.<\/li>\n\n\n\n<li>Diversifica il tuo portafoglio con diversi tipi di gioielli.<\/li>\n\n\n\n<li>Scegli pezzi unici, in edizione limitata o con valore storico.<\/li>\n\n\n\n<li>Richiedi perizie professionali per valutazioni accurate.<\/li>\n\n\n\n<li>Assicura i tuoi beni contro furto, danni o perdita.<\/li>\n\n\n\n<li>Valuta soluzioni sicure di conservazione come cassette di sicurezza.<\/li>\n<\/ol>\n\n\n\n<p><\/p>\n\n\n\n<h3 class=\"wp-block-heading\">Pro e Contro dell\u2019Investimento in Gioielli<\/h3>\n\n\n\n<h4 class=\"wp-block-heading\">\u2705 Vantaggi<\/h4>\n\n\n\n<ul class=\"wp-block-list\">\n<li>I gioielli raffinati mantengono o aumentano il valore, specie le gemme rare.<\/li>\n\n\n\n<li>Estetica e potenziale guadagno vanno di pari passo.<\/li>\n\n\n\n<li>Investimento passivo che richiede poca gestione.<\/li>\n\n\n\n<li>Alta liquidit\u00e0: possono essere venduti facilmente.<\/li>\n\n\n\n<li>Piccole dimensioni e bassa manutenzione.<\/li>\n\n\n\n<li>Pezzi da collezione o con valore affettivo possono valere di pi\u00f9.<\/li>\n<\/ul>\n\n\n\n<p><\/p>\n\n\n\n<h4 class=\"wp-block-heading\">\u203c\ufe0f Rischi<\/h4>\n\n\n\n<ul class=\"wp-block-list\">\n<li>Costo iniziale elevato rispetto ad altri strumenti.<\/li>\n\n\n\n<li>Spese aggiuntive per assicurazione e conservazione.<\/li>\n\n\n\n<li>Preziose gemme possono non seguire l\u2019andamento del mercato.<\/li>\n\n\n\n<li>Difficolt\u00e0 nel trovare acquirenti e valutare il valore di mercato.<\/li>\n\n\n\n<li>Costi nascosti: commissioni, certificazioni, aste.<\/li>\n\n\n\n<li>I gioielli personalizzati possono perdere valore nel tempo.<\/li>\n\n\n\n<li>Gli aumenti di valore sono lenti, non adatti a investimenti a breve termine.<\/li>\n<\/ul>\n\n\n\n<p><\/p>\n\n\n\n<h2 class=\"wp-block-heading\">Vale la pena investire in gioielli?<\/h2>\n\n\n\n<p>\u00c8 possibile trarne profitto, ma serve analisi e conoscenza del mercato. I gioielli possono ridurre il rischio complessivo del portafoglio e offrire buone opportunit\u00e0.<\/p>\n\n\n\n<p>Tuttavia, non \u00e8 garantito che superino altri investimenti nel lungo termine, il che pu\u00f2 limitare la crescita dei fondi pensione.<\/p>\n\n\n\n<p><\/p>\n\n\n\n<p><\/p>\n\n\n\n<p><strong>\u00bfLe duele la indecisi\u00f3n financiera? <\/strong><\/p>\n\n\n\n<figure class=\"wp-block-image size-large is-resized\"><img decoding=\"async\" width=\"512\" height=\"288\" src=\"https:\/\/adamfayed.com\/wp-content\/uploads\/2025\/03\/Adam-Fayed-Contact_CTA3-512x288.jpg\" alt=\"\" class=\"wp-image-117505\" style=\"width:683px;height:auto\" srcset=\"https:\/\/adamfayed.com\/wp-content\/uploads\/2025\/03\/Adam-Fayed-Contact_CTA3-512x288.jpg 512w, https:\/\/adamfayed.com\/wp-content\/uploads\/2025\/03\/Adam-Fayed-Contact_CTA3-300x169.jpg 300w, https:\/\/adamfayed.com\/wp-content\/uploads\/2025\/03\/Adam-Fayed-Contact_CTA3-768x432.jpg 768w, https:\/\/adamfayed.com\/wp-content\/uploads\/2025\/03\/Adam-Fayed-Contact_CTA3-scaled.jpg 825w\" sizes=\"(max-width: 512px) 100vw, 512px\" \/><\/figure>\n\n\n\n<div style=\"height:10px\" aria-hidden=\"true\" class=\"wp-block-spacer\"><\/div>\n\n\n\n<div class=\"wp-block-buttons is-layout-flex wp-block-buttons-is-layout-flex\">\n<div class=\"wp-block-button\"><a class=\"wp-block-button__link wp-element-button\" href=\"https:\/\/adamfayed.com\/es\/become-adams-client\/\">Convi\u00e9rtase en mi cliente<\/a><\/div>\n\n\n\n<div class=\"wp-block-button\"><a class=\"wp-block-button__link wp-element-button\" href=\"https:\/\/adamfayed.com\/es\/good-match-quiz\/\" target=\"_blank\" rel=\"noreferrer noopener\">Realice el cuestionario de elegibilidad de clientes<\/a><\/div>\n\n\n\n<div class=\"wp-block-button\"><a class=\"wp-block-button__link wp-element-button\" href=\"https:\/\/adamfayed.com\/es\/contact\/\" target=\"_blank\" rel=\"noreferrer noopener\">P\u00f3ngase en contacto con<\/a><\/div>\n<\/div>\n\n\n\n<p><strong>Adam es un autor reconocido internacionalmente en temas financieros, con m\u00e1s de 830 millones de respuestas en Quora, un libro muy vendido en Amazon y colaborador de Forbes.<\/strong><\/p>","protected":false},"excerpt":{"rendered":"<p>Abbiamo ricevuto notizie secondo cui le note di prestito (loan notes) di London DE sono andate in default, il che dimostra quanto siano rischiosi gli investimenti di questo tipo. Nel 2019, l\u2019azienda cercava di raccogliere un milione di sterline tramite un\u2019offerta di note di prestito, oltre a un altro milione dalla vendita di azioni per [&hellip;]<\/p>","protected":false},"author":14,"featured_media":194516,"parent":185423,"menu_order":0,"comment_status":"closed","ping_status":"closed","template":"","meta":{"rop_custom_images_group":[],"rop_custom_messages_group":[],"rop_publish_now":"initial","rop_publish_now_accounts":{"facebook_10166176115445471_100883565069113":""},"rop_publish_now_history":[],"rop_publish_now_status":"pending","footnotes":""},"class_list":["post-194480","page","type-page","status-publish","has-post-thumbnail","hentry"],"_links":{"self":[{"href":"https:\/\/adamfayed.com\/es\/wp-json\/wp\/v2\/pages\/194480","targetHints":{"allow":["GET"]}}],"collection":[{"href":"https:\/\/adamfayed.com\/es\/wp-json\/wp\/v2\/pages"}],"about":[{"href":"https:\/\/adamfayed.com\/es\/wp-json\/wp\/v2\/types\/page"}],"author":[{"embeddable":true,"href":"https:\/\/adamfayed.com\/es\/wp-json\/wp\/v2\/users\/14"}],"replies":[{"embeddable":true,"href":"https:\/\/adamfayed.com\/es\/wp-json\/wp\/v2\/comments?post=194480"}],"version-history":[{"count":1,"href":"https:\/\/adamfayed.com\/es\/wp-json\/wp\/v2\/pages\/194480\/revisions"}],"predecessor-version":[{"id":194521,"href":"https:\/\/adamfayed.com\/es\/wp-json\/wp\/v2\/pages\/194480\/revisions\/194521"}],"up":[{"embeddable":true,"href":"https:\/\/adamfayed.com\/es\/wp-json\/wp\/v2\/pages\/185423"}],"wp:featuredmedia":[{"embeddable":true,"href":"https:\/\/adamfayed.com\/es\/wp-json\/wp\/v2\/media\/194516"}],"wp:attachment":[{"href":"https:\/\/adamfayed.com\/es\/wp-json\/wp\/v2\/media?parent=194480"}],"curies":[{"name":"wp","href":"https:\/\/api.w.org\/{rel}","templated":true}]}}