{"id":194482,"date":"2025-07-28T10:38:41","date_gmt":"2025-07-28T10:38:41","guid":{"rendered":"https:\/\/adamfayed.com\/?page_id=194482"},"modified":"2025-07-28T10:38:43","modified_gmt":"2025-07-28T10:38:43","slug":"nevastar-climate-change-classe-i-eur","status":"publish","type":"page","link":"https:\/\/adamfayed.com\/es\/italian-article\/nevastar-climate-change-classe-i-eur\/","title":{"rendered":"Recensione del Fondo Nevastar Finance SICAV Climate Change+ Classe I en EUR"},"content":{"rendered":"<p>Fondata nel 2003, Nevastar Finance \u00e8 una societ\u00e0 multinazionale di investimento finanziario indipendente. Nevastar Finance \u00e8 supervisionata da autorit\u00e0 britanniche, americane, lussemburghesi e svizzere. L\u2019azienda ha uffici a Londra, Lussemburgo e Ginevra.<\/p>\n\n\n\n<p>In quanto fondo azionario tematico, l\u2019offerta NSF SICAV mira a investire in aziende che lavorano per alleviare i problemi ambientali.<\/p>\n\n\n\n<p>Se desideri investire come espatriato o individuo con un patrimonio elevato, puoi scrivermi a (hello@adamfayed.com) o inviarmi un messaggio WhatsApp (+44-7393-450-837).<\/p>\n\n\n\n<p>Questo vale anche se cerchi un servizio gratuito di revisione del portafoglio per espatriati per ottimizzare i tuoi investimenti e individuare opportunit\u00e0 di crescita.<\/p>\n\n\n\n<p>Alcuni dati potrebbero essere cambiati rispetto al momento della scrittura. Nulla di quanto scritto costituisce consulenza finanziaria, legale, fiscale o personale, n\u00e9 rappresenta una sollecitazione all\u2019investimento o una raccomandazione di specifici prodotti o servizi.<\/p>\n\n\n\n<h2 class=\"wp-block-heading\">Cosa Sapere sul Fondo Nevastar Finance SICAV Climate Change Classe I in EUR<\/h2>\n\n\n\n<h3 class=\"wp-block-heading\">Caratteristiche del Fondo NSF<\/h3>\n\n\n\n<p>Questo portafoglio Nevastar Finance SICAV include 50 aziende tecnologiche e industriali che esplorano e offrono soluzioni sostenibili. Tra queste soluzioni ci sono l\u2019energia eolica e solare, tecnologie di isolamento per edifici, opzioni di trasporto sostenibile e programmi di gestione delle risorse.<\/p>\n\n\n\n<p>Questo veicolo d\u2019investimento \u00e8 organizzato come fondo UCITS.<\/p>\n\n\n\n<h4 class=\"wp-block-heading\">Cos&#8217;\u00e8 una SICAV?<\/h4>\n\n\n\n<p>Il termine SICAV si riferisce a un tipo di veicolo di investimento originario dell\u2019Europa che consente agli investitori di mettere in comune i propri fondi e investirli in vari asset. Ogni investitore pu\u00f2 acquistare o vendere quote del fondo in base al suo valore netto patrimoniale attuale.<\/p>\n\n\n\n<h4 class=\"wp-block-heading\">Cosa sono gli UCITS?<\/h4>\n\n\n\n<p>UCITS significa &#8220;Undertakings for Collective Investment in Transferable Securities&#8221;, una normativa creata dall\u2019UE per standardizzare i fondi d\u2019investimento in tutta Europa. Di solito sono strutturati come fondi comuni aperti.<\/p>\n\n\n\n<h3 class=\"wp-block-heading\">Allocazione degli Attivi del Fondo Climate Change NSF<\/h3>\n\n\n\n<p>Il settore industriale rappresenta il 44,50% e quello dell\u2019informazione tecnologica il 43,92% dell\u2019allocazione degli attivi del fondo NSF Climate Change. I due principali titoli in portafoglio sono Advanced Energy Industries Inc. e NXP Semiconductors NV, con rispettivamente il 3,23% e il 2,93%.<\/p>\n\n\n\n<p>Il Nord America rappresenta il 68,08% dell\u2019allocazione geografica complessiva. Nell\u2019allocazione tematica, l\u2019energia pulita rappresenta il 31,09% dell\u2019investimento totale del fondo e l\u2019efficienza energetica il 38,07%.<\/p>\n\n\n\n<h3 class=\"wp-block-heading\">Qual \u00e8 l\u2019Investimento Minimo per il Fondo Climate Change?<\/h3>\n\n\n\n<p>Nevastar Finance richiede un investimento preliminare di 1 milione di euro per il fondo SICAV.<\/p>\n\n\n\n<h3 class=\"wp-block-heading\">Commissioni del Fondo NSF<\/h3>\n\n\n\n<p>Tutti gli investimenti con Nevastar Finance sono soggetti a una commissione annuale dell\u20191,00%. Inoltre, si applica una commissione di performance del 10% con soglia di riferimento (\u201chigh-water mark\u201d) per qualsiasi rendimento superiore.<\/p>\n\n\n\n<h3 class=\"wp-block-heading\">Performance del Fondo Nevastar Finance<\/h3>\n\n\n\n<p>Al 31 gennaio 2024, il fondo ha registrato una perdita del 7,63%. \u00c8 inoltre sceso del 4,96% negli ultimi 12 mesi. Considerando la performance a lungo termine, ovvero negli ultimi cinque anni, il fondo tematico \u00e8 aumentato del 15,65%. Inoltre, il fondo ha ottenuto un rendimento annualizzato del 7,34% sin dall\u2019inizio delle sue operazioni nel 2010.<\/p>\n\n\n\n<p>Gli investitori hanno accesso alla liquidit\u00e0 giornaliera tramite il fondo.<\/p>\n\n\n\n<p>Secondo Nevastar Finance, NEXTracker Inc. e Disco Corp. sono stati i principali contributori alla performance. Al contrario, Sunrun Inc. e SolarEdge Technologies hanno avuto l\u2019impatto pi\u00f9 negativo.<\/p>\n\n\n\n<h3 class=\"wp-block-heading\">Pro e Contro dell\u2019Investimento nel Fondo Nevastar Finance SICAV<\/h3>\n\n\n\n<h4 class=\"wp-block-heading\">Vantaggi del Fondo Climate Change<\/h4>\n\n\n\n<ul class=\"wp-block-list\">\n<li>I fondi tematici in strutture SICAV possono diversificare gli investimenti offrendo accesso a varie aziende e iniziative legate al cambiamento climatico in diversi settori e localit\u00e0.<\/li>\n\n\n\n<li>Gli investitori retail possono accedere al fondo Nevastar Finance SICAV tramite piattaforme d\u2019investimento, consulenti finanziari o investimenti diretti, poich\u00e9 i fondi UCITS sono accessibili.<\/li>\n\n\n\n<li>La commissione annuale dell\u20191% \u00e8 moderata rispetto ad altri fondi d\u2019investimento.<\/li>\n<\/ul>\n\n\n\n<p><\/p>\n\n\n\n<h4 class=\"wp-block-heading\">Rischi del Fondo Climate Change<\/h4>\n\n\n\n<ul class=\"wp-block-list\">\n<li>Poich\u00e9 la performance del fondo dipende dal suo focus sul cambiamento climatico, l\u2019investimento tematico pu\u00f2 essere rischioso. I fondi sul cambiamento climatico si basano su tendenze a lungo termine e sviluppi strutturali, ma se il tema sottostante non performa o subisce battute d\u2019arresto, i rendimenti potrebbero risentirne.<\/li>\n\n\n\n<li>La commissione di performance premia i risultati superiori, allineando gli interessi dei gestori del fondo con quelli degli investitori, ma pu\u00f2 aumentare il costo di partecipazione al fondo NSF, soprattutto durante fasi di mercato molto positive.<\/li>\n<\/ul>\n\n\n\n<p><\/p>\n\n\n\n<h2 class=\"wp-block-heading\">Conclusi\u00f3n<\/h2>\n\n\n\n<p>Dal solo punto di vista della performance, il Fondo Climate Change di Nevastar Finance offre risultati misti.<\/p>\n\n\n\n<p>Il vantaggio dell\u2019investimento tematico \u00e8 che espone l\u2019investitore a tendenze con un grande potenziale di crescita e a nuove opportunit\u00e0 d\u2019investimento.<\/p>\n\n\n\n<p>Nel valutare l\u2019adeguatezza del fondo per i portafogli degli investitori, \u00e8 importante considerare il rendimento in relazione alle condizioni di mercato, agli obiettivi d\u2019investimento e alla propensione al rischio.<\/p>\n\n\n\n<p><\/p>\n\n\n\n<p><\/p>\n\n\n\n<p><strong>\u00bfLe duele la indecisi\u00f3n financiera? <\/strong><\/p>\n\n\n\n<figure class=\"wp-block-image size-large is-resized\"><img fetchpriority=\"high\" decoding=\"async\" width=\"512\" height=\"288\" src=\"https:\/\/adamfayed.com\/wp-content\/uploads\/2025\/03\/Adam-Fayed-Contact_CTA3-512x288.jpg\" alt=\"\" class=\"wp-image-117505\" style=\"width:683px;height:auto\" srcset=\"https:\/\/adamfayed.com\/wp-content\/uploads\/2025\/03\/Adam-Fayed-Contact_CTA3-512x288.jpg 512w, https:\/\/adamfayed.com\/wp-content\/uploads\/2025\/03\/Adam-Fayed-Contact_CTA3-300x169.jpg 300w, https:\/\/adamfayed.com\/wp-content\/uploads\/2025\/03\/Adam-Fayed-Contact_CTA3-768x432.jpg 768w, https:\/\/adamfayed.com\/wp-content\/uploads\/2025\/03\/Adam-Fayed-Contact_CTA3-scaled.jpg 825w\" sizes=\"(max-width: 512px) 100vw, 512px\" \/><\/figure>\n\n\n\n<div style=\"height:10px\" aria-hidden=\"true\" class=\"wp-block-spacer\"><\/div>\n\n\n\n<div class=\"wp-block-buttons is-layout-flex wp-block-buttons-is-layout-flex\">\n<div class=\"wp-block-button\"><a class=\"wp-block-button__link wp-element-button\" href=\"https:\/\/adamfayed.com\/es\/become-adams-client\/\">Convi\u00e9rtase en mi cliente<\/a><\/div>\n\n\n\n<div class=\"wp-block-button\"><a class=\"wp-block-button__link wp-element-button\" href=\"https:\/\/adamfayed.com\/es\/good-match-quiz\/\" target=\"_blank\" rel=\"noreferrer noopener\">Realice el cuestionario de elegibilidad de clientes<\/a><\/div>\n\n\n\n<div class=\"wp-block-button\"><a class=\"wp-block-button__link wp-element-button\" href=\"https:\/\/adamfayed.com\/es\/contact\/\" target=\"_blank\" rel=\"noreferrer noopener\">P\u00f3ngase en contacto con<\/a><\/div>\n<\/div>\n\n\n\n<p><strong>Adam es un autor reconocido internacionalmente en temas financieros, con m\u00e1s de 830 millones de respuestas en Quora, un libro muy vendido en Amazon y colaborador de Forbes.<\/strong><\/p>","protected":false},"excerpt":{"rendered":"<p>Fondata nel 2003, Nevastar Finance \u00e8 una societ\u00e0 multinazionale di investimento finanziario indipendente. Nevastar Finance \u00e8 supervisionata da autorit\u00e0 britanniche, americane, lussemburghesi e svizzere. L\u2019azienda ha uffici a Londra, Lussemburgo e Ginevra. In quanto fondo azionario tematico, l\u2019offerta NSF SICAV mira a investire in aziende che lavorano per alleviare i problemi ambientali. Se desideri investire [&hellip;]<\/p>","protected":false},"author":14,"featured_media":194545,"parent":185423,"menu_order":0,"comment_status":"closed","ping_status":"closed","template":"","meta":{"rop_custom_images_group":[],"rop_custom_messages_group":[],"rop_publish_now":"initial","rop_publish_now_accounts":{"facebook_10166176115445471_100883565069113":""},"rop_publish_now_history":[],"rop_publish_now_status":"pending","footnotes":""},"class_list":["post-194482","page","type-page","status-publish","has-post-thumbnail","hentry"],"_links":{"self":[{"href":"https:\/\/adamfayed.com\/es\/wp-json\/wp\/v2\/pages\/194482","targetHints":{"allow":["GET"]}}],"collection":[{"href":"https:\/\/adamfayed.com\/es\/wp-json\/wp\/v2\/pages"}],"about":[{"href":"https:\/\/adamfayed.com\/es\/wp-json\/wp\/v2\/types\/page"}],"author":[{"embeddable":true,"href":"https:\/\/adamfayed.com\/es\/wp-json\/wp\/v2\/users\/14"}],"replies":[{"embeddable":true,"href":"https:\/\/adamfayed.com\/es\/wp-json\/wp\/v2\/comments?post=194482"}],"version-history":[{"count":2,"href":"https:\/\/adamfayed.com\/es\/wp-json\/wp\/v2\/pages\/194482\/revisions"}],"predecessor-version":[{"id":194552,"href":"https:\/\/adamfayed.com\/es\/wp-json\/wp\/v2\/pages\/194482\/revisions\/194552"}],"up":[{"embeddable":true,"href":"https:\/\/adamfayed.com\/es\/wp-json\/wp\/v2\/pages\/185423"}],"wp:featuredmedia":[{"embeddable":true,"href":"https:\/\/adamfayed.com\/es\/wp-json\/wp\/v2\/media\/194545"}],"wp:attachment":[{"href":"https:\/\/adamfayed.com\/es\/wp-json\/wp\/v2\/media?parent=194482"}],"curies":[{"name":"wp","href":"https:\/\/api.w.org\/{rel}","templated":true}]}}