{"id":194535,"date":"2025-07-28T10:51:52","date_gmt":"2025-07-28T10:51:52","guid":{"rendered":"https:\/\/adamfayed.com\/?page_id=194535"},"modified":"2025-07-28T10:54:13","modified_gmt":"2025-07-28T10:54:13","slug":"blackrock-fondo-energia-sostenible-a2","status":"publish","type":"page","link":"https:\/\/adamfayed.com\/es\/spanish-article\/blackrock-fondo-energia-sostenible-a2\/","title":{"rendered":"Rese\u00f1a del BlackRock Global Funds Sustainable Energy Fund A2"},"content":{"rendered":"<p>El BlackRock Global Funds Sustainable Energy Fund (BGF Sustainable Energy Fund), una iniciativa de BlackRock, busca maximizar el rendimiento total destinando al menos el 70% de sus activos totales a valores de renta variable de empresas de energ\u00eda sostenible.<\/p>\n\n\n\n<p>Las empresas que se centran en energ\u00eda sostenible incluyen aquellas que desarrollan tecnolog\u00edas de energ\u00eda renovable, trabajan con combustibles alternativos, mejoran la eficiencia energ\u00e9tica, crean energ\u00eda habilitante, construyen infraestructura y utilizan combustibles alternativos.<\/p>\n\n\n\n<p>Si est\u00e1s buscando invertir como expatriado o persona con alto patrimonio neto \u2014que es mi especialidad\u2014 puedes escribirme al correo (hello@adamfayed.com) o por WhatsApp (+44\u20117393\u2011450\u2011837).<\/p>\n\n\n\n<p>En esta publicaci\u00f3n analizaremos el fondo para conocer sus caracter\u00edsticas, costos y rendimientos.<\/p>\n\n\n\n<p>La mayor\u00eda de la informaci\u00f3n proviene de datos de Morningstar seg\u00fan el Financial Times.<\/p>\n\n\n\n<h2 class=\"wp-block-heading\">\u00bfQui\u00e9n es BlackRock?<\/h2>\n\n\n\n<p>BlackRock ofrece una variedad de productos y servicios a individuos, organizaciones y gobiernos en todo el mundo como parte de su negocio de gesti\u00f3n de inversiones.<\/p>\n\n\n\n<p>Es un actor clave en el sector de inversiones en energ\u00eda sostenible, y con fondos como el BGF Sustainable Energy Fund, tambi\u00e9n brinda servicios de gesti\u00f3n de riesgos, asesor\u00eda y soluciones tecnol\u00f3gicas.<\/p>\n\n\n\n<h2 class=\"wp-block-heading\">Todo lo que necesitas saber sobre el BlackRock Global Funds Sustainable Energy Fund<\/h2>\n\n\n\n<div class=\"wp-block-group is-layout-constrained wp-block-group-is-layout-constrained\">\n<figure class=\"wp-block-image alignleft size-large\"><img fetchpriority=\"high\" decoding=\"async\" width=\"512\" height=\"341\" src=\"https:\/\/adamfayed.com\/wp-content\/uploads\/2025\/07\/Todo-lo-que-necesitas-saber-sobre-el-BlackRock-Global-Funds-Sustainable-Energy-Fund-512x341.png\" alt=\"\" class=\"wp-image-194563\" srcset=\"https:\/\/adamfayed.com\/wp-content\/uploads\/2025\/07\/Todo-lo-que-necesitas-saber-sobre-el-BlackRock-Global-Funds-Sustainable-Energy-Fund-512x341.png 512w, https:\/\/adamfayed.com\/wp-content\/uploads\/2025\/07\/Todo-lo-que-necesitas-saber-sobre-el-BlackRock-Global-Funds-Sustainable-Energy-Fund-300x200.png 300w, https:\/\/adamfayed.com\/wp-content\/uploads\/2025\/07\/Todo-lo-que-necesitas-saber-sobre-el-BlackRock-Global-Funds-Sustainable-Energy-Fund-768x512.png 768w, https:\/\/adamfayed.com\/wp-content\/uploads\/2025\/07\/Todo-lo-que-necesitas-saber-sobre-el-BlackRock-Global-Funds-Sustainable-Energy-Fund-scaled.png 825w\" sizes=\"(max-width: 512px) 100vw, 512px\" \/><\/figure>\n<\/div>\n\n\n\n<h3 class=\"wp-block-heading\">Caracter\u00edsticas del Fondo<\/h3>\n\n\n\n<p>Este fondo de acumulaci\u00f3n (ISIN LU0124384867) apunta a empresas de gran capitalizaci\u00f3n. Fue lanzado el 6 de abril de 2001. <\/p>\n\n\n\n<p>El tama\u00f1o total del fondo es de 5.280 millones de libras esterlinas al 31 de diciembre de 2023, con una clase de acciones de 2.130 millones; la cotizaci\u00f3n es diaria.<\/p>\n\n\n\n<p>El fondo no est\u00e1 disponible para cuentas ISA en Reino Unido.<\/p>\n\n\n\n<h3 class=\"wp-block-heading\">Asignaci\u00f3n de Activos<\/h3>\n\n\n\n<p>Las dos mayores participaciones del fondo son RWE AG y Nextera Energy Inc., con 5,74% y 5,69% respectivamente.<\/p>\n\n\n\n<p>El 95,74% de los activos est\u00e1 invertido fuera del Reino Unido. Por sectores, tecnolog\u00eda lidera con 33,23%, seguida por industria (26,22%) y utilities (23,50%).<\/p>\n\n\n\n<p>Estados Unidos representa el 42,53% del total de los activos del fondo.<\/p>\n\n\n\n<h3 class=\"wp-block-heading\">M\u00ednimos de Inversi\u00f3n<\/h3>\n\n\n\n<p>Se requiere un m\u00ednimo de 3.922 libras para la inversi\u00f3n inicial y 588 libras para aportes adicionales.<\/p>\n\n\n\n<h3 class=\"wp-block-heading\">Comisiones del Fondo<\/h3>\n\n\n\n<p>La comisi\u00f3n m\u00e1xima anual de gesti\u00f3n es de 1,65%, con un cargo continuo del 1,98%. Tambi\u00e9n hay un cargo inicial del 5,26%.<\/p>\n\n\n\n<h3 class=\"wp-block-heading\">Pa\u00edses en los que est\u00e1 disponible<\/h3>\n\n\n\n<ul class=\"wp-block-list\">\n<li>Alemania<\/li>\n\n\n\n<li>Austria<\/li>\n\n\n\n<li>B\u00e9lgica<\/li>\n\n\n\n<li>Brun\u00e9i Darussalam<\/li>\n\n\n\n<li>Corea del Sur<\/li>\n\n\n\n<li>Dinamarca<\/li>\n\n\n\n<li>Emiratos \u00c1rabes Unidos<\/li>\n\n\n\n<li>Eslovaquia<\/li>\n\n\n\n<li>Espa\u00f1a<\/li>\n\n\n\n<li>Finlandia<\/li>\n\n\n\n<li>Francia<\/li>\n\n\n\n<li>Gibraltar<\/li>\n\n\n\n<li>Grecia<\/li>\n\n\n\n<li>Hong Kong<\/li>\n\n\n\n<li>Hungr\u00eda<\/li>\n\n\n\n<li>Islandia<\/li>\n\n\n\n<li>Irlanda<\/li>\n\n\n\n<li>Italia<\/li>\n\n\n\n<li>Luxemburgo<\/li>\n\n\n\n<li>Macao<\/li>\n\n\n\n<li>Malta<\/li>\n\n\n\n<li>Noruega<\/li>\n\n\n\n<li>Pa\u00edses Bajos<\/li>\n\n\n\n<li>Polonia<\/li>\n\n\n\n<li>Portugal<\/li>\n\n\n\n<li>Rep\u00fablica Checa<\/li>\n\n\n\n<li>Reino Unido<\/li>\n\n\n\n<li>Singapur<\/li>\n\n\n\n<li>Suecia<\/li>\n\n\n\n<li>Suiza<\/li>\n\n\n\n<li>Taiw\u00e1n<br><br><\/li>\n<\/ul>\n\n\n\n<h3 class=\"wp-block-heading\">Rendimiento del Fondo<\/h3>\n\n\n\n<p>En 2023, el fondo cay\u00f3 un 3,17%. En los \u00faltimos seis meses perdi\u00f3 un 8,13% y en el \u00faltimo mes un 5,28%. Sin embargo, a cinco a\u00f1os presenta un aumento del 13,73%.<\/p>\n\n\n\n<p>En 2022 perdi\u00f3 un 8,03%, mientras que en 2023 subi\u00f3 un 6,40%. Hasta el 22 de enero de 2024, ha registrado una ca\u00edda del 6,40%.<\/p>\n\n\n\n<h3 class=\"wp-block-heading\">Pros y Contras del Fondo<\/h3>\n\n\n\n<h4 class=\"wp-block-heading\">Ventajas<\/h4>\n\n\n\n<ul class=\"wp-block-list\">\n<li>Su enfoque ESG atrae a inversores con enfoque sostenible.<\/li>\n\n\n\n<li>La inversi\u00f3n en energ\u00eda sostenible puede actuar como cobertura ante cambios del mercado.<\/li>\n\n\n\n<li>La diversificaci\u00f3n tem\u00e1tica ayuda a equilibrar el portafolio.<\/li>\n<\/ul>\n\n\n\n<p><\/p>\n\n\n\n<h4 class=\"wp-block-heading\">Riesgos<\/h4>\n\n\n\n<ul class=\"wp-block-list\">\n<li>Los fondos tem\u00e1ticos como este dependen del desempe\u00f1o del sector.<\/li>\n\n\n\n<li>Podr\u00eda ser m\u00e1s vol\u00e1til que otros fondos m\u00e1s diversificados.<\/li>\n\n\n\n<li>Tiene un enfoque estrecho que incrementa el riesgo de concentraci\u00f3n.<\/li>\n<\/ul>\n\n\n\n<p><\/p>\n\n\n\n<h2 class=\"wp-block-heading\">Conclusi\u00f3n<\/h2>\n\n\n\n<p>Invertir en fondos, incluidos los de energ\u00eda limpia como el BGF Sustainable Energy Fund, implica riesgos. El rendimiento pasado no garantiza resultados futuros.<\/p>\n\n\n\n<p>Sin embargo, por la creciente tendencia mundial hacia energ\u00edas renovables, este fondo representa una opci\u00f3n atractiva.<\/p>\n\n\n\n<p>Aprovecha la experiencia global de BlackRock y responde a la creciente demanda de inversi\u00f3n responsable.<\/p>\n\n\n\n<p>Aseg\u00farate de conocer tu tolerancia al riesgo y consulta con un asesor financiero profesional para una planificaci\u00f3n adecuada.<\/p>\n\n\n\n<p><\/p>\n\n\n\n<p><\/p>\n\n\n\n<p><strong>\u00bfLe duele la indecisi\u00f3n financiera? <\/strong><\/p>\n\n\n\n<figure class=\"wp-block-image size-large is-resized\"><img decoding=\"async\" width=\"512\" height=\"288\" src=\"https:\/\/adamfayed.com\/wp-content\/uploads\/2025\/03\/Adam-Fayed-Contact_CTA3-512x288.jpg\" alt=\"\" class=\"wp-image-117505\" style=\"width:683px;height:auto\" srcset=\"https:\/\/adamfayed.com\/wp-content\/uploads\/2025\/03\/Adam-Fayed-Contact_CTA3-512x288.jpg 512w, https:\/\/adamfayed.com\/wp-content\/uploads\/2025\/03\/Adam-Fayed-Contact_CTA3-300x169.jpg 300w, https:\/\/adamfayed.com\/wp-content\/uploads\/2025\/03\/Adam-Fayed-Contact_CTA3-768x432.jpg 768w, https:\/\/adamfayed.com\/wp-content\/uploads\/2025\/03\/Adam-Fayed-Contact_CTA3-scaled.jpg 825w\" sizes=\"(max-width: 512px) 100vw, 512px\" \/><\/figure>\n\n\n\n<div style=\"height:10px\" aria-hidden=\"true\" class=\"wp-block-spacer\"><\/div>\n\n\n\n<div class=\"wp-block-buttons is-layout-flex wp-block-buttons-is-layout-flex\">\n<div class=\"wp-block-button\"><a class=\"wp-block-button__link wp-element-button\" href=\"https:\/\/adamfayed.com\/es\/become-adams-client\/\">Convi\u00e9rtase en mi cliente<\/a><\/div>\n\n\n\n<div class=\"wp-block-button\"><a class=\"wp-block-button__link wp-element-button\" href=\"https:\/\/adamfayed.com\/es\/good-match-quiz\/\" target=\"_blank\" rel=\"noreferrer noopener\">Realice el cuestionario de elegibilidad de clientes<\/a><\/div>\n\n\n\n<div class=\"wp-block-button\"><a class=\"wp-block-button__link wp-element-button\" href=\"https:\/\/adamfayed.com\/es\/contact\/\" target=\"_blank\" rel=\"noreferrer noopener\">P\u00f3ngase en contacto con<\/a><\/div>\n<\/div>\n\n\n\n<p><strong>Adam es un autor reconocido internacionalmente en temas financieros, con m\u00e1s de 830 millones de respuestas en Quora, un libro muy vendido en Amazon y colaborador de Forbes.<\/strong><\/p>","protected":false},"excerpt":{"rendered":"<p>El BlackRock Global Funds Sustainable Energy Fund (BGF Sustainable Energy Fund), una iniciativa de BlackRock, busca maximizar el rendimiento total destinando al menos el 70% de sus activos totales a valores de renta variable de empresas de energ\u00eda sostenible. Las empresas que se centran en energ\u00eda sostenible incluyen aquellas que desarrollan tecnolog\u00edas de energ\u00eda renovable, [&hellip;]<\/p>","protected":false},"author":14,"featured_media":194562,"parent":185416,"menu_order":0,"comment_status":"closed","ping_status":"closed","template":"","meta":{"rop_custom_images_group":[],"rop_custom_messages_group":[],"rop_publish_now":"initial","rop_publish_now_accounts":{"facebook_10166176115445471_100883565069113":""},"rop_publish_now_history":[],"rop_publish_now_status":"pending","footnotes":""},"class_list":["post-194535","page","type-page","status-publish","has-post-thumbnail","hentry"],"_links":{"self":[{"href":"https:\/\/adamfayed.com\/es\/wp-json\/wp\/v2\/pages\/194535","targetHints":{"allow":["GET"]}}],"collection":[{"href":"https:\/\/adamfayed.com\/es\/wp-json\/wp\/v2\/pages"}],"about":[{"href":"https:\/\/adamfayed.com\/es\/wp-json\/wp\/v2\/types\/page"}],"author":[{"embeddable":true,"href":"https:\/\/adamfayed.com\/es\/wp-json\/wp\/v2\/users\/14"}],"replies":[{"embeddable":true,"href":"https:\/\/adamfayed.com\/es\/wp-json\/wp\/v2\/comments?post=194535"}],"version-history":[{"count":3,"href":"https:\/\/adamfayed.com\/es\/wp-json\/wp\/v2\/pages\/194535\/revisions"}],"predecessor-version":[{"id":194571,"href":"https:\/\/adamfayed.com\/es\/wp-json\/wp\/v2\/pages\/194535\/revisions\/194571"}],"up":[{"embeddable":true,"href":"https:\/\/adamfayed.com\/es\/wp-json\/wp\/v2\/pages\/185416"}],"wp:featuredmedia":[{"embeddable":true,"href":"https:\/\/adamfayed.com\/es\/wp-json\/wp\/v2\/media\/194562"}],"wp:attachment":[{"href":"https:\/\/adamfayed.com\/es\/wp-json\/wp\/v2\/media?parent=194535"}],"curies":[{"name":"wp","href":"https:\/\/api.w.org\/{rel}","templated":true}]}}