{"id":194537,"date":"2025-07-28T11:04:33","date_gmt":"2025-07-28T11:04:33","guid":{"rendered":"https:\/\/adamfayed.com\/?page_id=194537"},"modified":"2025-07-28T11:04:34","modified_gmt":"2025-07-28T11:04:34","slug":"resena-del-bono-redhat-capital","status":"publish","type":"page","link":"https:\/\/adamfayed.com\/es\/spanish-article\/resena-del-bono-redhat-capital\/","title":{"rendered":"Rese\u00f1a del Bono Redhat Capital"},"content":{"rendered":"<p>Redhat Capital plc ofrece inversiones en bonos, que ser\u00e1n el enfoque particular de esta revisi\u00f3n.<\/p>\n\n\n\n<p>Este art\u00edculo est\u00e1 destinado al mercado de no residentes en el Reino Unido y para aquellos que pueden evaluar el riesgo de inversi\u00f3n.<\/p>\n\n\n\n<p>Si desea invertir como expatriado o individuo de alto patrimonio, que es mi especialidad, puede enviarme un correo electr\u00f3nico (hello@adamfayed.com) o usar WhatsApp (+44-7393-450-837).<\/p>\n\n\n\n<p>Aunque hemos intentado que este art\u00edculo sea preciso, no podemos garantizar que toda la informaci\u00f3n est\u00e9 actualizada, por lo que siempre debe hacer su propia investigaci\u00f3n.<\/p>\n\n\n\n<h2 class=\"wp-block-heading\">\u00bfQu\u00e9 es Redhat Capital?<\/h2>\n\n\n\n<p>Entre los muchos mercados globales en los que Redhat Capital PLC tiene una amplia experiencia en operaciones se encuentran los productos b\u00e1sicos, \u00edndices clave y el mercado de divisas (FX).<\/p>\n\n\n\n<p>Las clases de activos en moneda extranjera y productos b\u00e1sicos ahora forman parte de las \u00e1reas de negociaci\u00f3n en constante crecimiento de Redhat Capital.<\/p>\n\n\n\n<p>La empresa tambi\u00e9n tiene como objetivo comerciar con propiedades comerciales para diversificar su cartera.<\/p>\n\n\n\n<h2 class=\"wp-block-heading\">Oferta Serie\u202f1 Bono de Renta Fija<\/h2>\n\n\n\n<div class=\"wp-block-group is-layout-constrained wp-block-group-is-layout-constrained\">\n<figure class=\"wp-block-image alignleft size-large\"><img fetchpriority=\"high\" decoding=\"async\" width=\"512\" height=\"341\" src=\"https:\/\/adamfayed.com\/wp-content\/uploads\/2025\/07\/Oferta-Serie-1-Bono-de-Renta-Fija-512x341.png\" alt=\"\" class=\"wp-image-194578\" srcset=\"https:\/\/adamfayed.com\/wp-content\/uploads\/2025\/07\/Oferta-Serie-1-Bono-de-Renta-Fija-512x341.png 512w, https:\/\/adamfayed.com\/wp-content\/uploads\/2025\/07\/Oferta-Serie-1-Bono-de-Renta-Fija-300x200.png 300w, https:\/\/adamfayed.com\/wp-content\/uploads\/2025\/07\/Oferta-Serie-1-Bono-de-Renta-Fija-768x512.png 768w, https:\/\/adamfayed.com\/wp-content\/uploads\/2025\/07\/Oferta-Serie-1-Bono-de-Renta-Fija-scaled.png 825w\" sizes=\"(max-width: 512px) 100vw, 512px\" \/><\/figure>\n<\/div>\n\n\n\n<p>La emisi\u00f3n de bonos de renta fija permite a los inversores protegerse del riesgo manteniendo liquidez. El bono ofrece un inter\u00e9s anual del 12%, pagado trimestralmente a posteriori, con vencimiento a dos a\u00f1os.<\/p>\n\n\n\n<p>La Serie\u202f1 es la primera tranche del programa de bonos de Redhat Capital.<\/p>\n\n\n\n<p>Estos bonos cotizan en la Bolsa de Viena, requieren un m\u00ednimo de inversi\u00f3n de 100.000\u202f\u20ac y est\u00e1n disponibles en GBP, USD y EUR.<\/p>\n\n\n\n<p>Las obligaciones est\u00e1n respaldadas por activos de la empresa y est\u00e1n dirigidas a inversores profesionales y contrapartes calificadas. El fiduciario es The City Partnership Trustee (UK) Ltd.<\/p>\n\n\n\n<p>Los poseedores de criptomonedas pueden convertir sus monedas en USD para invertir en el bono Redhat.<\/p>\n\n\n\n<p>Debido a la fuerte demanda, Redhat Capital aument\u00f3 el programa de emisi\u00f3n de 2 a 5 mil millones de euros para su Serie\u202f2, aunque no se han revelado detalles adicionales sobre esta segunda tranche.<\/p>\n\n\n\n<h3 class=\"wp-block-heading\">Asignaci\u00f3n de Activos<\/h3>\n\n\n\n<p>El bono est\u00e1 estructurado para superar est\u00e1ndares del sector, reduciendo exposici\u00f3n al mercado, gestionando el riesgo y generando retornos estables sin importar el contexto.<\/p>\n\n\n\n<p>El 25\u202f% de los activos est\u00e1 en equity (liquidez), invertido principalmente en grandes compa\u00f1\u00edas de EE.UU. y blue\u2011chips del Reino Unido. Un 15\u202f% se destina a commodities como energ\u00eda y metales por medio de futuros y opciones. El 13\u202f% est\u00e1 en futuros de \u00edndices, sobre todo de EE.UU. y Reino Unido.<\/p>\n\n\n\n<h3 class=\"wp-block-heading\">\u00bfC\u00f3mo Invertir?<\/h3>\n\n\n\n<p>Existen cuatro v\u00edas para participar en la inversi\u00f3n:<\/p>\n\n\n\n<ol start=\"1\" class=\"wp-block-list\">\n<li>Solicitar directamente al equipo de Redhat Capital.<\/li>\n\n\n\n<li>A trav\u00e9s de plataformas de inversi\u00f3n reconocidas.<\/li>\n\n\n\n<li>Con un gestor discrecional regulado.<\/li>\n\n\n\n<li>Comprando bonos en plataformas con acuerdos exclusivos desde 25.000\u202fUSD como m\u00ednimo.<\/li>\n<\/ol>\n\n\n\n<p><\/p>\n\n\n\n<h3 class=\"wp-block-heading\">Pros y Contras del Bono Redhat Capital<\/h3>\n\n\n\n<h4 class=\"wp-block-heading\">Ventajas<\/h4>\n\n\n\n<ul class=\"wp-block-list\">\n<li>Al vencimiento, se devuelve el capital invertido.<\/li>\n\n\n\n<li>Historial limpio de pagos puntuales cada trimestre.<\/li>\n\n\n\n<li>Los bonos a tasa fija ofrecen retornos predecibles y m\u00e1s seguros.<\/li>\n\n\n\n<li>Diversificaci\u00f3n con acceso a mercados globales, \u00edndices clave y commodities respaldados por activos.<\/li>\n\n\n\n<li>Gesti\u00f3n del riesgo basada en d\u00e9cadas de experiencia acumulada en trading y gesti\u00f3n.<\/li>\n<\/ul>\n\n\n\n<p><\/p>\n\n\n\n<h4 class=\"wp-block-heading\">Desventajas<\/h4>\n\n\n\n<ul class=\"wp-block-list\">\n<li>Sensibilidad a cambios en tasas de inter\u00e9s: si estas suben, el valor del bono baja y puede haber p\u00e9rdidas si se vende antes del vencimiento.<\/li>\n\n\n\n<li>La inflaci\u00f3n a largo plazo puede erosionar el poder adquisitivo del inter\u00e9s recibido.<\/li>\n\n\n\n<li>Riesgo de incumplimiento por parte del emisor.<\/li>\n\n\n\n<li>En mercados alcistas, los bonos pueden rendir menos que acciones o bienes ra\u00edces.<\/li>\n<\/ul>\n\n\n\n<p><\/p>\n\n\n\n<p>Aunque los bonos ofrecen estabilidad e ingresos previsibles, los inversores deben evaluar riesgos y objetivos antes de comprometer capital. Si tienes dudas, consulta con un asesor financiero.<\/p>\n\n\n\n<p><\/p>\n\n\n\n<p><\/p>\n\n\n\n<p><strong>\u00bfLe duele la indecisi\u00f3n financiera? <\/strong><\/p>\n\n\n\n<figure class=\"wp-block-image size-large is-resized\"><img decoding=\"async\" width=\"512\" height=\"288\" src=\"https:\/\/adamfayed.com\/wp-content\/uploads\/2025\/03\/Adam-Fayed-Contact_CTA3-512x288.jpg\" alt=\"\" class=\"wp-image-117505\" style=\"width:683px;height:auto\" srcset=\"https:\/\/adamfayed.com\/wp-content\/uploads\/2025\/03\/Adam-Fayed-Contact_CTA3-512x288.jpg 512w, https:\/\/adamfayed.com\/wp-content\/uploads\/2025\/03\/Adam-Fayed-Contact_CTA3-300x169.jpg 300w, https:\/\/adamfayed.com\/wp-content\/uploads\/2025\/03\/Adam-Fayed-Contact_CTA3-768x432.jpg 768w, https:\/\/adamfayed.com\/wp-content\/uploads\/2025\/03\/Adam-Fayed-Contact_CTA3-scaled.jpg 825w\" sizes=\"(max-width: 512px) 100vw, 512px\" \/><\/figure>\n\n\n\n<div style=\"height:10px\" aria-hidden=\"true\" class=\"wp-block-spacer\"><\/div>\n\n\n\n<div class=\"wp-block-buttons is-layout-flex wp-block-buttons-is-layout-flex\">\n<div class=\"wp-block-button\"><a class=\"wp-block-button__link wp-element-button\" href=\"https:\/\/adamfayed.com\/es\/become-adams-client\/\">Convi\u00e9rtase en mi cliente<\/a><\/div>\n\n\n\n<div class=\"wp-block-button\"><a class=\"wp-block-button__link wp-element-button\" href=\"https:\/\/adamfayed.com\/es\/good-match-quiz\/\" target=\"_blank\" rel=\"noreferrer noopener\">Realice el cuestionario de elegibilidad de clientes<\/a><\/div>\n\n\n\n<div class=\"wp-block-button\"><a class=\"wp-block-button__link wp-element-button\" href=\"https:\/\/adamfayed.com\/es\/contact\/\" target=\"_blank\" rel=\"noreferrer noopener\">P\u00f3ngase en contacto con<\/a><\/div>\n<\/div>\n\n\n\n<p><strong>Adam es un autor reconocido internacionalmente en temas financieros, con m\u00e1s de 830 millones de respuestas en Quora, un libro muy vendido en Amazon y colaborador de Forbes.<\/strong><\/p>","protected":false},"excerpt":{"rendered":"<p>Redhat Capital plc ofrece inversiones en bonos, que ser\u00e1n el enfoque particular de esta revisi\u00f3n. Este art\u00edculo est\u00e1 destinado al mercado de no residentes en el Reino Unido y para aquellos que pueden evaluar el riesgo de inversi\u00f3n. Si desea invertir como expatriado o individuo de alto patrimonio, que es mi especialidad, puede enviarme un [&hellip;]<\/p>","protected":false},"author":14,"featured_media":194576,"parent":185416,"menu_order":0,"comment_status":"closed","ping_status":"closed","template":"","meta":{"rop_custom_images_group":[],"rop_custom_messages_group":[],"rop_publish_now":"initial","rop_publish_now_accounts":{"facebook_10166176115445471_100883565069113":""},"rop_publish_now_history":[],"rop_publish_now_status":"pending","footnotes":""},"class_list":["post-194537","page","type-page","status-publish","has-post-thumbnail","hentry"],"_links":{"self":[{"href":"https:\/\/adamfayed.com\/es\/wp-json\/wp\/v2\/pages\/194537","targetHints":{"allow":["GET"]}}],"collection":[{"href":"https:\/\/adamfayed.com\/es\/wp-json\/wp\/v2\/pages"}],"about":[{"href":"https:\/\/adamfayed.com\/es\/wp-json\/wp\/v2\/types\/page"}],"author":[{"embeddable":true,"href":"https:\/\/adamfayed.com\/es\/wp-json\/wp\/v2\/users\/14"}],"replies":[{"embeddable":true,"href":"https:\/\/adamfayed.com\/es\/wp-json\/wp\/v2\/comments?post=194537"}],"version-history":[{"count":1,"href":"https:\/\/adamfayed.com\/es\/wp-json\/wp\/v2\/pages\/194537\/revisions"}],"predecessor-version":[{"id":194579,"href":"https:\/\/adamfayed.com\/es\/wp-json\/wp\/v2\/pages\/194537\/revisions\/194579"}],"up":[{"embeddable":true,"href":"https:\/\/adamfayed.com\/es\/wp-json\/wp\/v2\/pages\/185416"}],"wp:featuredmedia":[{"embeddable":true,"href":"https:\/\/adamfayed.com\/es\/wp-json\/wp\/v2\/media\/194576"}],"wp:attachment":[{"href":"https:\/\/adamfayed.com\/es\/wp-json\/wp\/v2\/media?parent=194537"}],"curies":[{"name":"wp","href":"https:\/\/api.w.org\/{rel}","templated":true}]}}