{"id":194600,"date":"2025-07-28T11:48:26","date_gmt":"2025-07-28T11:48:26","guid":{"rendered":"https:\/\/adamfayed.com\/?page_id=194600"},"modified":"2025-07-28T11:48:28","modified_gmt":"2025-07-28T11:48:28","slug":"recensione-del-us-consumer-recovery-fund","status":"publish","type":"page","link":"https:\/\/adamfayed.com\/es\/italian-article\/recensione-del-us-consumer-recovery-fund\/","title":{"rendered":"Recensi\u00f3n del US Consumer Recovery Fund"},"content":{"rendered":"<p>En <em>Fondo para la Recuperaci\u00f3n de los Consumidores de EE.UU.<\/em> ofrece oportunidades de inversi\u00f3n a quienes est\u00e9n interesados en la clase de activos alternativos de los pr\u00e9stamos al consumo.<\/p>\n\n\n\n<p>Entre las principales categor\u00edas de activos, el cr\u00e9dito al consumo est\u00e1 m\u00e1s diversificado que la tradicional redistribuci\u00f3n de fondos. A diferencia de las empresas o de los fondos gubernamentales, los clientes individuales constituyen la mayor parte de la exposici\u00f3n crediticia de base.<\/p>\n\n\n\n<p>Si desea invertir como expatriado o persona con un patrimonio neto elevado, puede ponerse en contacto con nosotros por correo electr\u00f3nico (hello@adamfayed.com) o por WhatsApp (+44-7393-450-837).<\/p>\n\n\n\n<p>Esto incluye tambi\u00e9n si busca un servicio gratuito de revisi\u00f3n de cartera para expatriados que optimice sus inversiones y perspectivas individuales de crecimiento.<\/p>\n\n\n\n<p>Algunos datos pueden haber cambiado con respecto al momento de la redacci\u00f3n. Nada de lo escrito constituye asesoramiento financiero, legal, fiscal o personal, ni representa una solvencia para la inversi\u00f3n o una recomendaci\u00f3n de cambio.<\/p>\n\n\n\n<p>En comparaci\u00f3n con las actividades o inversiones convencionales, los rendimientos de los pr\u00e9stamos al consumo suelen ser m\u00e1s estables y resistentes en per\u00edodos de volatilidad del mercado. Sin embargo, estos pr\u00e9stamos consisten en la concesi\u00f3n de dinero a particulares para uso privado, y tambi\u00e9n conllevan riesgos significativos. \u00c8 quindi consigliabile richiedere una consulenza finanziaria.<\/p>\n\n\n\n<h2 class=\"wp-block-heading\">Fondo de Recuperaci\u00f3n de los Consumidores de EE.UU. II<\/h2>\n\n\n\n<div class=\"wp-block-group is-layout-constrained wp-block-group-is-layout-constrained\">\n<figure class=\"wp-block-image alignleft size-large\"><img fetchpriority=\"high\" decoding=\"async\" width=\"341\" height=\"512\" src=\"https:\/\/adamfayed.com\/wp-content\/uploads\/2025\/07\/US-Consumer-Recovery-Fund-II-341x512.png\" alt=\"\" class=\"wp-image-194617\" srcset=\"https:\/\/adamfayed.com\/wp-content\/uploads\/2025\/07\/US-Consumer-Recovery-Fund-II-341x512.png 341w, https:\/\/adamfayed.com\/wp-content\/uploads\/2025\/07\/US-Consumer-Recovery-Fund-II-200x300.png 200w, https:\/\/adamfayed.com\/wp-content\/uploads\/2025\/07\/US-Consumer-Recovery-Fund-II-768x1152.png 768w, https:\/\/adamfayed.com\/wp-content\/uploads\/2025\/07\/US-Consumer-Recovery-Fund-II-scaled.png 550w\" sizes=\"(max-width: 341px) 100vw, 341px\" \/><\/figure>\n<\/div>\n\n\n\n<h3 class=\"wp-block-heading\">\u00bfQu\u00e9 es un fondo de recuperaci\u00f3n?<\/h3>\n\n\n\n<p>Los fondos de recuperaci\u00f3n se constituyen para ofrecer apoyo financiero a personas, empresas o comunidades afectadas por crisis, calamidades o recesiones econ\u00f3micas.<\/p>\n\n\n\n<h3 class=\"wp-block-heading\">\u00bfA qu\u00e9 sirve el fondo de recuperaci\u00f3n?<\/h3>\n\n\n\n<p>En el caso del <em>Fondo para la Recuperaci\u00f3n de los Consumidores de EE.UU.<\/em>, El fondo funciona como canal de acceso para inversores cualificados a oportunidades de inversi\u00f3n, y no ofrece directamente servicios de recuperaci\u00f3n a los consumidores.<\/p>\n\n\n\n<h3 class=\"wp-block-heading\">Caracter\u00edsticas del US Consumer Recovery Fund<\/h3>\n\n\n\n<p>En <em>Fondo de Recuperaci\u00f3n de los Consumidores de EE.UU. II<\/em> o USCRF is stato lanciato l\u20198 gennaio 2024 per investitori accreditati. Se trata de un fondo de casi 100 millones de d\u00f3lares de capital y ofrece un rendimiento anual objetivo de 10%.<\/p>\n\n\n\n<p>El fondo evergreen open-end, con sede en las Islas V\u00edrgenes Brit\u00e1nicas, est\u00e1 destinado exclusivamente a la inversi\u00f3n en pr\u00e9stamos al consumo de bajo coste emitidos en los Estados Unidos.<\/p>\n\n\n\n<p>Las inversiones en el fondo pueden efectuarse de forma peri\u00f3dica, con un periodo de bloqueo de un a\u00f1o. Transcurrido dicho per\u00edodo, los inversores podr\u00e1n retirar parte o la totalidad del capital, previa notificaci\u00f3n de siete d\u00edas.<\/p>\n\n\n\n<p>Inizialmente, USCRF ha finanziato privatamente l'acquisizione di debiti al consumo prima di istituire un veicolo a scopo speciale in Lussemburgo.<\/p>\n\n\n\n<p>Ha emitido una serie de obligaciones en cinco tramos. Due tranches di 18 mesi, con esposizione ai prestiti al consumo, are already state rimborsate. Los otros dos tramos, de 2 y 5 a\u00f1os, se reembolsar\u00e1n respectivamente en 2024 y 2025.<\/p>\n\n\n\n<p>La agencia de calificaci\u00f3n Credit Spectrum ha asignado a las obligaciones una calificaci\u00f3n A2.<\/p>\n\n\n\n<p>El fondo est\u00e1 gestionado por <em>Fundviews Capital LLC<\/em>.<\/p>\n\n\n\n<p>En total, USCRF y sus socios han emitido o adquirido m\u00e1s de 5,5 millones de d\u00f3lares en deudas al consumo.<\/p>\n\n\n\n<h3 class=\"wp-block-heading\">Inversi\u00f3n m\u00ednima<\/h3>\n\n\n\n<p>Para las obligaciones de Clase A y E del <em>Fondo para la Recuperaci\u00f3n de los Consumidores de EE.UU.<\/em>, La inversi\u00f3n m\u00ednima es de 100.000 USD; para las obligaciones de Clase B es de 1 mill\u00f3n de USD.<\/p>\n\n\n\n<h3 class=\"wp-block-heading\">\u00bfEn qu\u00e9 invierte el fondo?<\/h3>\n\n\n\n<p>El fondo adquiere principalmente pr\u00e9stamos al consumo, pr\u00e9stamos para veh\u00edculos, tarjetas de cr\u00e9dito y scoperti, en general inferiores a 1.000 USD por deudor.<\/p>\n\n\n\n<p>La selecci\u00f3n de los portafolios de deuda depende de factores como el coste, el volumen, los aspectos jur\u00eddicos y la capacidad de los socios de recuperaci\u00f3n. El gestor colabora ocasionalmente con empresas para adquirir o ceder deudas en condiciones de riesgo.<\/p>\n\n\n\n<h3 class=\"wp-block-heading\">Comisiones del fondo<\/h3>\n\n\n\n<p>Le commissioni di gestione annua sono del 2% del valore patrimoniale netto (NAV) per le classi A\/E e dell\u20191,50% per la Classe B.<\/p>\n\n\n\n<p>Las comisiones de rendimiento prev\u00e9n que el inversor reciba 80% de las ganancias hasta la obtenci\u00f3n de un importe de 10%. Adem\u00e1s, el inversor obtiene 50% de beneficios extraordinarios. La mayor rentabilidad anual es de 10%.<\/p>\n\n\n\n<h3 class=\"wp-block-heading\">Ventajas y desventajas<\/h3>\n\n\n\n<h4 class=\"wp-block-heading\">Ventajas del fondo<\/h4>\n\n\n\n<ul class=\"wp-block-list\">\n<li>Acceso a un sector (cr\u00e9dito al consumo) que resulta muy dif\u00edcil para los inversores particulares.<\/li>\n\n\n\n<li>Diversificaci\u00f3n entre categor\u00edas de deuda y regiones de EE.UU., reduciendo el riesgo y la volatilidad.<\/li>\n\n\n\n<li>El fondo permite la suscripci\u00f3n a una amplia gama de pr\u00e9stamos, en comparaci\u00f3n con la adquisici\u00f3n directa de pr\u00e9stamos individuales.<\/li>\n<\/ul>\n\n\n\n<p><\/p>\n\n\n\n<h4 class=\"wp-block-heading\">Avances del fondo<\/h4>\n\n\n\n<ul class=\"wp-block-list\">\n<li>Riservato a investitori accreditate, con soglia d'ingresso elevata.<\/li>\n\n\n\n<li>Rischi connessi ai prestiti sottostanti e alla gestione operativa del fondo.<\/li>\n\n\n\n<li>El riesgo de impago por parte de los deudores es costoso y puede influir en los rendimientos.<\/li>\n<\/ul>\n\n\n\n<p><\/p>\n\n\n\n<p><\/p>\n\n\n\n<p><strong>\u00bfLe duele la indecisi\u00f3n financiera? <\/strong><\/p>\n\n\n\n<figure class=\"wp-block-image size-large is-resized\"><img decoding=\"async\" width=\"512\" height=\"288\" src=\"https:\/\/adamfayed.com\/wp-content\/uploads\/2025\/03\/Adam-Fayed-Contact_CTA3-512x288.jpg\" alt=\"\" class=\"wp-image-117505\" style=\"width:683px;height:auto\" srcset=\"https:\/\/adamfayed.com\/wp-content\/uploads\/2025\/03\/Adam-Fayed-Contact_CTA3-512x288.jpg 512w, https:\/\/adamfayed.com\/wp-content\/uploads\/2025\/03\/Adam-Fayed-Contact_CTA3-300x169.jpg 300w, https:\/\/adamfayed.com\/wp-content\/uploads\/2025\/03\/Adam-Fayed-Contact_CTA3-768x432.jpg 768w, https:\/\/adamfayed.com\/wp-content\/uploads\/2025\/03\/Adam-Fayed-Contact_CTA3-scaled.jpg 825w\" sizes=\"(max-width: 512px) 100vw, 512px\" \/><\/figure>\n\n\n\n<div style=\"height:10px\" aria-hidden=\"true\" class=\"wp-block-spacer\"><\/div>\n\n\n\n<div class=\"wp-block-buttons is-layout-flex wp-block-buttons-is-layout-flex\">\n<div class=\"wp-block-button\"><a class=\"wp-block-button__link wp-element-button\" href=\"https:\/\/adamfayed.com\/es\/become-adams-client\/\">Convi\u00e9rtase en mi cliente<\/a><\/div>\n\n\n\n<div class=\"wp-block-button\"><a class=\"wp-block-button__link wp-element-button\" href=\"https:\/\/adamfayed.com\/es\/good-match-quiz\/\" target=\"_blank\" rel=\"noreferrer noopener\">Realice el cuestionario de elegibilidad de clientes<\/a><\/div>\n\n\n\n<div class=\"wp-block-button\"><a class=\"wp-block-button__link wp-element-button\" href=\"https:\/\/adamfayed.com\/es\/contact\/\" target=\"_blank\" rel=\"noreferrer noopener\">P\u00f3ngase en contacto con<\/a><\/div>\n<\/div>\n\n\n\n<p><strong>Adam es un autor reconocido internacionalmente en temas financieros, con m\u00e1s de 830 millones de respuestas en Quora, un libro muy vendido en Amazon y colaborador de Forbes.<\/strong><\/p>","protected":false},"excerpt":{"rendered":"<p>Il US Consumer Recovery Fund offre opportunit\u00e0 di investimento a coloro che sono interessati alla classe di asset alternativi dei prestiti al consumo. Tra le tipologie di asset principali, il credito al consumo \u00e8 pi\u00f9 diversificato rispetto alla tradizionale redditivit\u00e0 fissa. A differenza delle imprese o delle fonti governative, i singoli clienti costituiscono la maggior [&hellip;]<\/p>","protected":false},"author":14,"featured_media":194615,"parent":185423,"menu_order":0,"comment_status":"closed","ping_status":"closed","template":"","meta":{"rop_custom_images_group":[],"rop_custom_messages_group":[],"rop_publish_now":"initial","rop_publish_now_accounts":{"facebook_10166176115445471_100883565069113":""},"rop_publish_now_history":[],"rop_publish_now_status":"pending","footnotes":""},"class_list":["post-194600","page","type-page","status-publish","has-post-thumbnail","hentry"],"_links":{"self":[{"href":"https:\/\/adamfayed.com\/es\/wp-json\/wp\/v2\/pages\/194600","targetHints":{"allow":["GET"]}}],"collection":[{"href":"https:\/\/adamfayed.com\/es\/wp-json\/wp\/v2\/pages"}],"about":[{"href":"https:\/\/adamfayed.com\/es\/wp-json\/wp\/v2\/types\/page"}],"author":[{"embeddable":true,"href":"https:\/\/adamfayed.com\/es\/wp-json\/wp\/v2\/users\/14"}],"replies":[{"embeddable":true,"href":"https:\/\/adamfayed.com\/es\/wp-json\/wp\/v2\/comments?post=194600"}],"version-history":[{"count":1,"href":"https:\/\/adamfayed.com\/es\/wp-json\/wp\/v2\/pages\/194600\/revisions"}],"predecessor-version":[{"id":194619,"href":"https:\/\/adamfayed.com\/es\/wp-json\/wp\/v2\/pages\/194600\/revisions\/194619"}],"up":[{"embeddable":true,"href":"https:\/\/adamfayed.com\/es\/wp-json\/wp\/v2\/pages\/185423"}],"wp:featuredmedia":[{"embeddable":true,"href":"https:\/\/adamfayed.com\/es\/wp-json\/wp\/v2\/media\/194615"}],"wp:attachment":[{"href":"https:\/\/adamfayed.com\/es\/wp-json\/wp\/v2\/media?parent=194600"}],"curies":[{"name":"wp","href":"https:\/\/api.w.org\/{rel}","templated":true}]}}