{"id":194601,"date":"2025-07-28T11:57:31","date_gmt":"2025-07-28T11:57:31","guid":{"rendered":"https:\/\/adamfayed.com\/?page_id=194601"},"modified":"2025-07-28T11:57:33","modified_gmt":"2025-07-28T11:57:33","slug":"resena-de-yield-investing","status":"publish","type":"page","link":"https:\/\/adamfayed.com\/es\/spanish-article\/resena-de-yield-investing\/","title":{"rendered":"Rese\u00f1a de Yield Investing"},"content":{"rendered":"<p>En esta rese\u00f1a sobre <em>Rendimiento de la inversi\u00f3n<\/em>, ofreceremos una visi\u00f3n general de la empresa, sus propiedades, condiciones de inversi\u00f3n, as\u00ed como sus ventajas y desventajas.<\/p>\n\n\n\n<p>La inversi\u00f3n inmobiliaria requiere estudios detallados, planificaci\u00f3n financiera y supervisi\u00f3n constante para maximizar ganancias y reducir riesgos.<\/p>\n\n\n\n<p>Si deseas invertir como expatriado o persona con alto patrimonio neto, puedes escribirme al correo (hello@adamfayed.com) o por WhatsApp (+44-7393-450-837).<\/p>\n\n\n\n<p>Esto tambi\u00e9n aplica si buscas un servicio gratuito de revisi\u00f3n de cartera para expatriados con el fin de optimizar tus inversiones e identificar nuevas oportunidades de crecimiento.<\/p>\n\n\n\n<p>Algunos datos podr\u00edan haber cambiado desde la fecha de redacci\u00f3n. Nada de lo escrito constituye asesor\u00eda financiera, legal, fiscal ni recomendaci\u00f3n o invitaci\u00f3n a invertir en productos o servicios espec\u00edficos.<\/p>\n\n\n\n<p>Tiene sentido buscar asesoramiento, ya que este tipo de inversi\u00f3n conlleva riesgos inherentes.<\/p>\n\n\n\n<h2 class=\"wp-block-heading\">Antecedentes de Yield Investing UK<\/h2>\n\n\n\n<div class=\"wp-block-group is-layout-constrained wp-block-group-is-layout-constrained\">\n<figure class=\"wp-block-image alignleft size-large\"><img fetchpriority=\"high\" decoding=\"async\" width=\"512\" height=\"341\" src=\"https:\/\/adamfayed.com\/wp-content\/uploads\/2025\/07\/Antecedentes-de-Yield-Investing-UK-512x341.png\" alt=\"\" class=\"wp-image-194629\" srcset=\"https:\/\/adamfayed.com\/wp-content\/uploads\/2025\/07\/Antecedentes-de-Yield-Investing-UK-512x341.png 512w, https:\/\/adamfayed.com\/wp-content\/uploads\/2025\/07\/Antecedentes-de-Yield-Investing-UK-300x200.png 300w, https:\/\/adamfayed.com\/wp-content\/uploads\/2025\/07\/Antecedentes-de-Yield-Investing-UK-768x512.png 768w, https:\/\/adamfayed.com\/wp-content\/uploads\/2025\/07\/Antecedentes-de-Yield-Investing-UK-scaled.png 825w\" sizes=\"(max-width: 512px) 100vw, 512px\" \/><\/figure>\n<\/div>\n\n\n\n<p>Respaldadas por iniciativas gubernamentales, las propiedades de Yield Investing est\u00e1n terminadas y listas para ocupar, con rendimientos netos de alquiler superiores al 8-9% anual.<\/p>\n\n\n\n<p>Mediante contratos de arrendamiento a largo plazo con inquilinos comerciales, la empresa garantiza ingresos estables por periodos de 10 a 25 a\u00f1os.<\/p>\n\n\n\n<h2 class=\"wp-block-heading\">Inversi\u00f3n Inmobiliaria con Yield Investing<\/h2>\n\n\n\n<p>Yield Investing ofrece a los inversores extranjeros opciones de inversi\u00f3n pasiva, eliminando las dificultades habituales de ser propietario y generando ingresos pasivos.<\/p>\n\n\n\n<p>A trav\u00e9s de la vivienda social -apoyada por el gobierno brit\u00e1nico- se proporcionan viviendas asequibles a personas y familias necesitadas. Trabajan con asociaciones de vivienda para identificar zonas del Reino Unido con alta demanda y precios favorables.<\/p>\n\n\n\n<p>Estas colaboraciones permiten a los inversores obtener beneficios constantes mientras aportan valor social.<\/p>\n\n\n\n<h3 class=\"wp-block-heading\">Inversi\u00f3n M\u00ednima<\/h3>\n\n\n\n<p>Se requiere una inversi\u00f3n m\u00ednima de 75.000 libras esterlinas.<\/p>\n\n\n\n<h3 class=\"wp-block-heading\">Propiedades ofrecidas<\/h3>\n\n\n\n<p>Todas las propiedades que ofrece Yield Investing en el Reino Unido est\u00e1n completamente finalizadas y cuentan con diversas caracter\u00edsticas, reduciendo as\u00ed los riesgos comunes de proyectos en planos.<\/p>\n\n\n\n<p>La empresa garantiza estabilidad y previsibilidad mediante contratos de alquiler a largo plazo con inquilinos comerciales.<\/p>\n\n\n\n<p>Sus paquetes incluyen contratos de mantenimiento y seguros integrales, cubriendo da\u00f1os y costes de mantenimiento, lo que protege al inversor de gastos inesperados.<\/p>\n\n\n\n<p>Adem\u00e1s, todas las inversiones est\u00e1n dise\u00f1adas para ser totalmente gestionadas, liberando al inversor de encontrar inquilinos, cobrar rentas o mantener la propiedad.<\/p>\n\n\n\n<p>La ausencia de gastos de <em>alquiler de terrenos<\/em> y cuotas de servicio tambi\u00e9n hace m\u00e1s atractiva la inversi\u00f3n.<\/p>\n\n\n\n<h3 class=\"wp-block-heading\">C\u00f3mo invertir<\/h3>\n\n\n\n<p>Rellena el formulario en el sitio web oficial de la empresa con tu nombre completo, direcci\u00f3n, tel\u00e9fono y mensaje. Un miembro del equipo se pondr\u00e1 en contacto contigo para responder a tu consulta.<\/p>\n\n\n\n<h3 class=\"wp-block-heading\">Pros y Contras<\/h3>\n\n\n\n<h4 class=\"wp-block-heading\">\u2705 Ventajas<\/h4>\n\n\n\n<ul class=\"wp-block-list\">\n<li>Yield Investing garantiza ingresos estables gracias a propiedades con altos rendimientos de alquiler, especialmente en lugares como Durham donde hay alta demanda de estudiantes y profesionales.<\/li>\n\n\n\n<li>Invertir con Yield Investing en Londres, como centro financiero global, puede llevar a una apreciaci\u00f3n del capital.<\/li>\n\n\n\n<li>Las propiedades en las zonas m\u00e1s buscadas de Londres ofrecen mayor liquidez frente a otras opciones.<\/li>\n\n\n\n<li>Yield Investing brinda acceso a propiedades diversas, desde apartamentos modernos hasta propiedades de lujo, permitiendo una selecci\u00f3n seg\u00fan los objetivos financieros del inversor.<\/li>\n\n\n\n<li>La inversi\u00f3n en vivienda social se alinea con criterios ESG (ambientales, sociales y de gobernanza).<\/li>\n<\/ul>\n\n\n\n<p><\/p>\n\n\n\n<h4 class=\"wp-block-heading\">\u203c\ufe0f Riesgos<\/h4>\n\n\n\n<ul class=\"wp-block-list\">\n<li>El mercado inmobiliario del Reino Unido puede ser costoso y requerir un pago inicial elevado, especialmente en zonas codiciadas.<\/li>\n\n\n\n<li>Aunque el mercado londinense es estable, los precios y rentas pueden verse afectados por cambios econ\u00f3micos, demogr\u00e1ficos o en los tipos de inter\u00e9s.<\/li>\n<\/ul>\n\n\n\n<p><\/p>\n\n\n\n<p><\/p>\n\n\n\n<p><strong>\u00bfLe duele la indecisi\u00f3n financiera? <\/strong><\/p>\n\n\n\n<figure class=\"wp-block-image size-large is-resized\"><img decoding=\"async\" width=\"512\" height=\"288\" src=\"https:\/\/adamfayed.com\/wp-content\/uploads\/2025\/03\/Adam-Fayed-Contact_CTA3-512x288.jpg\" alt=\"\" class=\"wp-image-117505\" style=\"width:683px;height:auto\" srcset=\"https:\/\/adamfayed.com\/wp-content\/uploads\/2025\/03\/Adam-Fayed-Contact_CTA3-512x288.jpg 512w, https:\/\/adamfayed.com\/wp-content\/uploads\/2025\/03\/Adam-Fayed-Contact_CTA3-300x169.jpg 300w, https:\/\/adamfayed.com\/wp-content\/uploads\/2025\/03\/Adam-Fayed-Contact_CTA3-768x432.jpg 768w, https:\/\/adamfayed.com\/wp-content\/uploads\/2025\/03\/Adam-Fayed-Contact_CTA3-scaled.jpg 825w\" sizes=\"(max-width: 512px) 100vw, 512px\" \/><\/figure>\n\n\n\n<div style=\"height:10px\" aria-hidden=\"true\" class=\"wp-block-spacer\"><\/div>\n\n\n\n<div class=\"wp-block-buttons is-layout-flex wp-block-buttons-is-layout-flex\">\n<div class=\"wp-block-button\"><a class=\"wp-block-button__link wp-element-button\" href=\"https:\/\/adamfayed.com\/es\/become-adams-client\/\">Convi\u00e9rtase en mi cliente<\/a><\/div>\n\n\n\n<div class=\"wp-block-button\"><a class=\"wp-block-button__link wp-element-button\" href=\"https:\/\/adamfayed.com\/es\/good-match-quiz\/\" target=\"_blank\" rel=\"noreferrer noopener\">Realice el cuestionario de elegibilidad de clientes<\/a><\/div>\n\n\n\n<div class=\"wp-block-button\"><a class=\"wp-block-button__link wp-element-button\" href=\"https:\/\/adamfayed.com\/es\/contact\/\" target=\"_blank\" rel=\"noreferrer noopener\">P\u00f3ngase en contacto con<\/a><\/div>\n<\/div>\n\n\n\n<p><strong>Adam es un autor reconocido internacionalmente en temas financieros, con m\u00e1s de 830 millones de respuestas en Quora, un libro muy vendido en Amazon y colaborador de Forbes.<\/strong><\/p>","protected":false},"excerpt":{"rendered":"<p>En esta rese\u00f1a sobre Yield Investing, ofreceremos una visi\u00f3n general de la empresa, sus propiedades, condiciones de inversi\u00f3n, as\u00ed como sus ventajas y desventajas. La inversi\u00f3n inmobiliaria requiere estudios detallados, planificaci\u00f3n financiera y supervisi\u00f3n constante para maximizar ganancias y reducir riesgos. Si deseas invertir como expatriado o persona con alto patrimonio neto, puedes escribirme al [&hellip;]<\/p>","protected":false},"author":14,"featured_media":194625,"parent":185416,"menu_order":0,"comment_status":"closed","ping_status":"closed","template":"","meta":{"rop_custom_images_group":[],"rop_custom_messages_group":[],"rop_publish_now":"initial","rop_publish_now_accounts":{"facebook_10166176115445471_100883565069113":""},"rop_publish_now_history":[],"rop_publish_now_status":"pending","footnotes":""},"class_list":["post-194601","page","type-page","status-publish","has-post-thumbnail","hentry"],"_links":{"self":[{"href":"https:\/\/adamfayed.com\/es\/wp-json\/wp\/v2\/pages\/194601","targetHints":{"allow":["GET"]}}],"collection":[{"href":"https:\/\/adamfayed.com\/es\/wp-json\/wp\/v2\/pages"}],"about":[{"href":"https:\/\/adamfayed.com\/es\/wp-json\/wp\/v2\/types\/page"}],"author":[{"embeddable":true,"href":"https:\/\/adamfayed.com\/es\/wp-json\/wp\/v2\/users\/14"}],"replies":[{"embeddable":true,"href":"https:\/\/adamfayed.com\/es\/wp-json\/wp\/v2\/comments?post=194601"}],"version-history":[{"count":1,"href":"https:\/\/adamfayed.com\/es\/wp-json\/wp\/v2\/pages\/194601\/revisions"}],"predecessor-version":[{"id":194631,"href":"https:\/\/adamfayed.com\/es\/wp-json\/wp\/v2\/pages\/194601\/revisions\/194631"}],"up":[{"embeddable":true,"href":"https:\/\/adamfayed.com\/es\/wp-json\/wp\/v2\/pages\/185416"}],"wp:featuredmedia":[{"embeddable":true,"href":"https:\/\/adamfayed.com\/es\/wp-json\/wp\/v2\/media\/194625"}],"wp:attachment":[{"href":"https:\/\/adamfayed.com\/es\/wp-json\/wp\/v2\/media?parent=194601"}],"curies":[{"name":"wp","href":"https:\/\/api.w.org\/{rel}","templated":true}]}}