{"id":194602,"date":"2025-07-28T11:57:29","date_gmt":"2025-07-28T11:57:29","guid":{"rendered":"https:\/\/adamfayed.com\/?page_id=194602"},"modified":"2025-07-28T11:58:38","modified_gmt":"2025-07-28T11:58:38","slug":"recensione-di-yield-investing","status":"publish","type":"page","link":"https:\/\/adamfayed.com\/es\/italian-article\/recensione-di-yield-investing\/","title":{"rendered":"Recensi\u00f3n de Yield Investing"},"content":{"rendered":"<p>In questa recensione su <em>Rendimiento de la inversi\u00f3n<\/em>, forniremo una panoramica dell\u2019azienda, delle sue offerte immobiliari, dei termini previsti, nonch\u00e9 dei vantaggi e degli svantaggi.<\/p>\n\n\n\n<p>L\u2019investimento immobiliare richiede uno studio approfondito, una pianificazione finanziaria e una supervisione continua per ottimizzare i rendimenti e ridurre i rischi.<\/p>\n\n\n\n<p>Si desea invertir como expatriado o persona con un patrimonio neto elevado, puede ponerse en contacto con nosotros por correo electr\u00f3nico (hello@adamfayed.com) o por WhatsApp (+44-7393-450-837).<\/p>\n\n\n\n<p>Questo vale anche se stai cercando un servizio gratuito di revisione del portafoglio per espatriati, per ottimizzare i tuoi investimenti e individuare nuove opportunit\u00e0 di crescita.<\/p>\n\n\n\n<p>Alcuni dati potrebbero essere cambiati dalla data di redazione. Nulla di quanto scritto costituisce consulenza finanziaria, legale, fiscale o personale, n\u00e9 rappresenta una sollecitazione all\u2019investimento o una raccomandazione di prodotti o servizi specifici.<\/p>\n\n\n\n<p>\u00c8 logico cercare consulenza, poich\u00e9 investimenti di questo tipo sono intrinsecamente rischiosi.<\/p>\n\n\n\n<h2 class=\"wp-block-heading\">Origini di Yield Investing UK<\/h2>\n\n\n\n<div class=\"wp-block-group is-layout-constrained wp-block-group-is-layout-constrained\">\n<figure class=\"wp-block-image alignleft size-large\"><img fetchpriority=\"high\" decoding=\"async\" width=\"512\" height=\"341\" src=\"https:\/\/adamfayed.com\/wp-content\/uploads\/2025\/07\/Origini-di-Yield-Investing-UK-512x341.png\" alt=\"\" class=\"wp-image-194628\" srcset=\"https:\/\/adamfayed.com\/wp-content\/uploads\/2025\/07\/Origini-di-Yield-Investing-UK-512x341.png 512w, https:\/\/adamfayed.com\/wp-content\/uploads\/2025\/07\/Origini-di-Yield-Investing-UK-300x200.png 300w, https:\/\/adamfayed.com\/wp-content\/uploads\/2025\/07\/Origini-di-Yield-Investing-UK-768x512.png 768w, https:\/\/adamfayed.com\/wp-content\/uploads\/2025\/07\/Origini-di-Yield-Investing-UK-scaled.png 825w\" sizes=\"(max-width: 512px) 100vw, 512px\" \/><\/figure>\n<\/div>\n\n\n\n<p>Con il sostegno di iniziative finanziate dal governo, le propriet\u00e0 di Yield Investing sono completate e pronte per l\u2019occupazione, con rendimenti da affitto superiori all\u20198\u20139% netto annuo.<\/p>\n\n\n\n<p>Attraverso contratti di locazione a lungo termine con inquilini commerciali, l\u2019azienda garantisce un flusso di reddito costante per un periodo che va dai 10 ai 25 anni.<\/p>\n\n\n\n<p><\/p>\n\n\n\n<p><\/p>\n\n\n\n<div style=\"height:25px\" aria-hidden=\"true\" class=\"wp-block-spacer\"><\/div>\n\n\n\n<h2 class=\"wp-block-heading\">Investimenti Immobiliari con Yield Investing<\/h2>\n\n\n\n<p>Yield Investing offre agli investitori stranieri opzioni immobiliari passive che evitano le difficolt\u00e0 tipiche della propriet\u00e0 diretta e generano una fonte di reddito passivo.<\/p>\n\n\n\n<p>Attraverso l\u2019edilizia sociale, supportata dal governo britannico, viene offerto alloggio accessibile a persone e famiglie in difficolt\u00e0. Collaborando con associazioni abitative, individuano aree nel Regno Unito dove la domanda \u00e8 alta ma i prezzi delle propriet\u00e0 sono vantaggiosi.<\/p>\n\n\n\n<p>Grazie a queste collaborazioni, gli investitori possono ottenere rendimenti costanti e allo stesso tempo contribuire al bene sociale.<\/p>\n\n\n\n<h3 class=\"wp-block-heading\">Inversi\u00f3n m\u00ednima<\/h3>\n\n\n\n<p>\u00c8 richiesto un investimento minimo di 75.000 sterline britanniche.<\/p>\n\n\n\n<h3 class=\"wp-block-heading\">Offerte Immobiliari<\/h3>\n\n\n\n<p>Tutte le propriet\u00e0 offerte da Yield Investing nel Regno Unito sono completamente rifinite e dotate di varie caratteristiche, riducendo i rischi legati ai progetti su carta (<em>off-plan<\/em>).<\/p>\n\n\n\n<p>La societ\u00e0 assicura stabilit\u00e0 e prevedibilit\u00e0 ottenendo contratti di locazione a lungo termine con inquilini commerciali.<\/p>\n\n\n\n<p>I pacchetti includono anche contratti di manutenzione e assicurazione completi, che coprono le spese per la manutenzione e i danni all\u2019immobile, proteggendo l\u2019investitore da costi imprevisti.<\/p>\n\n\n\n<p>Inoltre, tutte le offerte sono completamente gestite: l\u2019investitore non si deve occupare di trovare inquilini, riscuotere l\u2019affitto o gestire la manutenzione.<\/p>\n\n\n\n<p>L\u2019opportunit\u00e0 d\u2019investimento \u00e8 resa ancora pi\u00f9 interessante dall\u2019esenzione dal <em>alquiler de terrenos<\/em> (canone fondiario) e dalle spese condominiali sulle propriet\u00e0 offerte.<\/p>\n\n\n\n<h3 class=\"wp-block-heading\">Come Investire<\/h3>\n\n\n\n<p>Compila il modulo sul sito ufficiale dell\u2019azienda inserendo nome completo, indirizzo, numero di telefono e messaggio. Un membro dello staff ti contatter\u00e0 per discutere la tua richiesta.<\/p>\n\n\n\n<h3 class=\"wp-block-heading\">Pro e Contro<\/h3>\n\n\n\n<h4 class=\"wp-block-heading\">\u2705 Vantaggi<\/h4>\n\n\n\n<ul class=\"wp-block-list\">\n<li>Con immobili che offrono alti tassi di affitto, Yield Investing assicura agli investitori un flusso stabile di reddito. Questo \u00e8 particolarmente rilevante in luoghi come Durham, dove la domanda da parte di studenti e professionisti \u00e8 elevata.<\/li>\n\n\n\n<li>In una citt\u00e0 globale come Londra, collaborare con Yield Investing nel settore immobiliare pu\u00f2 portare a una rivalutazione del capitale nel tempo.<\/li>\n\n\n\n<li>Gli immobili nelle zone pi\u00f9 richieste di Londra offrono maggiore liquidit\u00e0 rispetto ad altre opzioni.<\/li>\n\n\n\n<li>Yield Investing offre diverse tipologie di immobili, da appartamenti moderni a propriet\u00e0 di lusso, permettendo agli investitori di scegliere in base ai propri obiettivi finanziari.<\/li>\n\n\n\n<li>Gli investimenti in edilizia sociale sono coerenti con i principi ESG (ambientali, sociali e di governance).<\/li>\n<\/ul>\n\n\n\n<p><\/p>\n\n\n\n<h4 class=\"wp-block-heading\">\u203c\ufe0f Rischi<\/h4>\n\n\n\n<ul class=\"wp-block-list\">\n<li>Il mercato immobiliare britannico pu\u00f2 essere costoso e richiede solitamente un anticipo elevato, soprattutto nelle zone pi\u00f9 ambite.<\/li>\n\n\n\n<li>Nonostante la stabilit\u00e0 generale del mercato londinese, i valori degli immobili e i redditi da affitto possono essere influenzati da economia, tassi di interesse e cambiamenti demografici.<\/li>\n<\/ul>\n\n\n\n<p><\/p>\n\n\n\n<p><\/p>\n\n\n\n<p><strong>\u00bfLe duele la indecisi\u00f3n financiera? <\/strong><\/p>\n\n\n\n<figure class=\"wp-block-image size-large is-resized\"><img decoding=\"async\" width=\"512\" height=\"288\" src=\"https:\/\/adamfayed.com\/wp-content\/uploads\/2025\/03\/Adam-Fayed-Contact_CTA3-512x288.jpg\" alt=\"\" class=\"wp-image-117505\" style=\"width:683px;height:auto\" srcset=\"https:\/\/adamfayed.com\/wp-content\/uploads\/2025\/03\/Adam-Fayed-Contact_CTA3-512x288.jpg 512w, https:\/\/adamfayed.com\/wp-content\/uploads\/2025\/03\/Adam-Fayed-Contact_CTA3-300x169.jpg 300w, https:\/\/adamfayed.com\/wp-content\/uploads\/2025\/03\/Adam-Fayed-Contact_CTA3-768x432.jpg 768w, https:\/\/adamfayed.com\/wp-content\/uploads\/2025\/03\/Adam-Fayed-Contact_CTA3-scaled.jpg 825w\" sizes=\"(max-width: 512px) 100vw, 512px\" \/><\/figure>\n\n\n\n<div style=\"height:10px\" aria-hidden=\"true\" class=\"wp-block-spacer\"><\/div>\n\n\n\n<div class=\"wp-block-buttons is-layout-flex wp-block-buttons-is-layout-flex\">\n<div class=\"wp-block-button\"><a class=\"wp-block-button__link wp-element-button\" href=\"https:\/\/adamfayed.com\/es\/become-adams-client\/\">Convi\u00e9rtase en mi cliente<\/a><\/div>\n\n\n\n<div class=\"wp-block-button\"><a class=\"wp-block-button__link wp-element-button\" href=\"https:\/\/adamfayed.com\/es\/good-match-quiz\/\" target=\"_blank\" rel=\"noreferrer noopener\">Realice el cuestionario de elegibilidad de clientes<\/a><\/div>\n\n\n\n<div class=\"wp-block-button\"><a class=\"wp-block-button__link wp-element-button\" href=\"https:\/\/adamfayed.com\/es\/contact\/\" target=\"_blank\" rel=\"noreferrer noopener\">P\u00f3ngase en contacto con<\/a><\/div>\n<\/div>\n\n\n\n<p><strong>Adam es un autor reconocido internacionalmente en temas financieros, con m\u00e1s de 830 millones de respuestas en Quora, un libro muy vendido en Amazon y colaborador de Forbes.<\/strong><\/p>","protected":false},"excerpt":{"rendered":"<p>In questa recensione su Yield Investing, forniremo una panoramica dell\u2019azienda, delle sue offerte immobiliari, dei termini previsti, nonch\u00e9 dei vantaggi e degli svantaggi. L\u2019investimento immobiliare richiede uno studio approfondito, una pianificazione finanziaria e una supervisione continua per ottimizzare i rendimenti e ridurre i rischi. Se desideri investire come espatriato o persona con alto patrimonio netto, [&hellip;]<\/p>","protected":false},"author":14,"featured_media":194626,"parent":185423,"menu_order":0,"comment_status":"closed","ping_status":"closed","template":"","meta":{"rop_custom_images_group":[],"rop_custom_messages_group":[],"rop_publish_now":"initial","rop_publish_now_accounts":{"facebook_10166176115445471_100883565069113":""},"rop_publish_now_history":[],"rop_publish_now_status":"pending","footnotes":""},"class_list":["post-194602","page","type-page","status-publish","has-post-thumbnail","hentry"],"_links":{"self":[{"href":"https:\/\/adamfayed.com\/es\/wp-json\/wp\/v2\/pages\/194602","targetHints":{"allow":["GET"]}}],"collection":[{"href":"https:\/\/adamfayed.com\/es\/wp-json\/wp\/v2\/pages"}],"about":[{"href":"https:\/\/adamfayed.com\/es\/wp-json\/wp\/v2\/types\/page"}],"author":[{"embeddable":true,"href":"https:\/\/adamfayed.com\/es\/wp-json\/wp\/v2\/users\/14"}],"replies":[{"embeddable":true,"href":"https:\/\/adamfayed.com\/es\/wp-json\/wp\/v2\/comments?post=194602"}],"version-history":[{"count":2,"href":"https:\/\/adamfayed.com\/es\/wp-json\/wp\/v2\/pages\/194602\/revisions"}],"predecessor-version":[{"id":194633,"href":"https:\/\/adamfayed.com\/es\/wp-json\/wp\/v2\/pages\/194602\/revisions\/194633"}],"up":[{"embeddable":true,"href":"https:\/\/adamfayed.com\/es\/wp-json\/wp\/v2\/pages\/185423"}],"wp:featuredmedia":[{"embeddable":true,"href":"https:\/\/adamfayed.com\/es\/wp-json\/wp\/v2\/media\/194626"}],"wp:attachment":[{"href":"https:\/\/adamfayed.com\/es\/wp-json\/wp\/v2\/media?parent=194602"}],"curies":[{"name":"wp","href":"https:\/\/api.w.org\/{rel}","templated":true}]}}