{"id":194604,"date":"2025-07-28T12:16:05","date_gmt":"2025-07-28T12:16:05","guid":{"rendered":"https:\/\/adamfayed.com\/?page_id=194604"},"modified":"2025-07-28T12:16:31","modified_gmt":"2025-07-28T12:16:31","slug":"obbligazioni-zp-direct-lending","status":"publish","type":"page","link":"https:\/\/adamfayed.com\/es\/italian-article\/obbligazioni-zp-direct-lending\/","title":{"rendered":"Recensione delle Obbligazioni ZP Secured Direct Lending"},"content":{"rendered":"<p>En esta recensi\u00f3n de las obligaciones <em>ZP Pr\u00e9stamo directo garantizado<\/em>, En este art\u00edculo se examinan las caracter\u00edsticas y los t\u00e9rminos de esta opci\u00f3n de inversi\u00f3n, adem\u00e1s de sus ventajas y desventajas.<\/p>\n\n\n\n<p><em>ZP Secured Direct Lending PLC<\/em>, emittente delle obbligazioni, \u00e8 una societ\u00e0 del settore creditizio con sede a Londra.<\/p>\n\n\n\n<p>La empresa obtiene rendimientos regulares e interesantes invirtiendo en una cartera diversificada de instrumentos de deuda garantizados emitidos por PMI brit\u00e1nicos.<\/p>\n\n\n\n<p>Entre las posibles garant\u00edas se encuentran la propiedad, las reparaciones y los cr\u00e9ditos a terceros.<\/p>\n\n\n\n<p>Si desea invertir como expatriado o persona con alto patrimonio neto, que es mi campo de especializaci\u00f3n, puede ponerse en contacto conmigo por correo electr\u00f3nico (hello@adamfayed.com) o por WhatsApp (+44-7393-450-837).<\/p>\n\n\n\n<p>Si tiene estas obligaciones en su cartera, debe revisar la cartera, ya que este tipo de inversi\u00f3n no es adecuada para todos.<\/p>\n\n\n\n<h2 class=\"wp-block-heading\">T\u00e9rminos y caracter\u00edsticas de las obligaciones<\/h2>\n\n\n\n<div class=\"wp-block-group is-layout-constrained wp-block-group-is-layout-constrained\">\n<figure class=\"wp-block-image alignleft size-large\"><img fetchpriority=\"high\" decoding=\"async\" width=\"512\" height=\"512\" src=\"https:\/\/adamfayed.com\/wp-content\/uploads\/2025\/07\/Termini-e-Caratteristiche-delle-Obbligazioni-512x512.png\" alt=\"\" class=\"wp-image-194641\" srcset=\"https:\/\/adamfayed.com\/wp-content\/uploads\/2025\/07\/Termini-e-Caratteristiche-delle-Obbligazioni-512x512.png 512w, https:\/\/adamfayed.com\/wp-content\/uploads\/2025\/07\/Termini-e-Caratteristiche-delle-Obbligazioni-300x300.png 300w, https:\/\/adamfayed.com\/wp-content\/uploads\/2025\/07\/Termini-e-Caratteristiche-delle-Obbligazioni-150x150.png 150w, https:\/\/adamfayed.com\/wp-content\/uploads\/2025\/07\/Termini-e-Caratteristiche-delle-Obbligazioni-768x768.png 768w, https:\/\/adamfayed.com\/wp-content\/uploads\/2025\/07\/Termini-e-Caratteristiche-delle-Obbligazioni-scaled.png 825w\" sizes=\"(max-width: 512px) 100vw, 512px\" \/><\/figure>\n<\/div>\n\n\n\n<h3 class=\"wp-block-heading\">ZP 8% Senior Secured Bonds in scadenza 2024<\/h3>\n\n\n\n<p>Los inversores profesionales recibir\u00e1n c\u00e9dulas con inter\u00e9s fijo de 8%, pagaderas trimestralmente, sobre obligaciones senior garantizadas con scadenza a settembre 2024.<\/p>\n\n\n\n<p>Esta oportunidad de inversi\u00f3n est\u00e1 destinada a 150 millones de libras esterlinas y d\u00f3lares estadounidenses.<\/p>\n\n\n\n<p>Las obligaciones se citan en <em>Euronext Dubl\u00edn<\/em>, Adem\u00e1s, son compatibles con OICVM, ISA, SIPP, SSAS, QROPS y bonos de cartera.<\/p>\n\n\n\n<p>Emisi\u00f3n originaria: septiembre de 2019.<\/p>\n\n\n\n<p>Aplicable al programa de <em>pagar\u00e9 a medio plazo garantizado<\/em> da 500 milioni di sterline di ZP.<\/p>\n\n\n\n<h3 class=\"wp-block-heading\">ZP 7,25% Bonos a tipo fijo en scadenza 2026<\/h3>\n\n\n\n<p>ZP tambi\u00e9n ofrece obligaciones garantizadas por hasta 50 millones de libras esterlinas con una c\u00e9dula de 7,25%. Saldr\u00e1 el 23 de diciembre de 2021 y lo har\u00e1 el mismo d\u00eda de 2026.<\/p>\n\n\n\n<p>Estas obligaciones se citan en <em>Viena MTF<\/em> per il trading.<\/p>\n\n\n\n<p>Valor nominal unitario: 500.000 esterlinas; se puede comprar o vender en m\u00faltiplos de 1.000 esterlinas.<\/p>\n\n\n\n<p>Tambi\u00e9n forman parte del programa <em>pagar\u00e9 a medio plazo garantizado<\/em> di ZP Secured Direct Lending PLC.<\/p>\n\n\n\n<h2 class=\"wp-block-heading\">Pro e Contro delle Obbligazioni a Tasso Fisso Garantite<\/h2>\n\n\n\n<h3 class=\"wp-block-heading\">Vantaggi<\/h3>\n\n\n\n<ul class=\"wp-block-list\">\n<li>En caso de impago del emisor, las obligaciones garantizadas ofrecen protecci\u00f3n gracias a la copertura a trav\u00e9s de asset.<\/li>\n\n\n\n<li>Minore rischio rispetto alle obbligazioni non garantite: gli investitori hanno priorit\u00e0 sul colateral in caso di insolvenza.<\/li>\n\n\n\n<li>Las cuotas peri\u00f3dicas garantizan un reembolso costoso y previsible.<\/li>\n\n\n\n<li>La asignaci\u00f3n en portafolios diversificados reduce el riesgo y mejora la estabilidad, incluso en mercados vol\u00e1tiles.<\/li>\n<\/ul>\n\n\n\n<p><\/p>\n\n\n\n<h3 class=\"wp-block-heading\">Svantaggi<\/h3>\n\n\n\n<ul class=\"wp-block-list\">\n<li>En caso de aumento de la inflaci\u00f3n o de las tasas, el rendimiento f\u00edsico puede resultar poco competitivo y el valor de la obligaci\u00f3n puede disminuir.<\/li>\n\n\n\n<li>Rischio di credito: il debitore potrebbe non rimborsare capitale o interessi.<\/li>\n\n\n\n<li>Si la inflaci\u00f3n aumenta m\u00e1s r\u00e1pidamente que el rendimiento obligatorio, el valor real de las monedas puede disminuir con el tiempo.<\/li>\n<\/ul>\n\n\n\n<p><\/p>\n\n\n\n<h2 class=\"wp-block-heading\">Consideraciones finales<\/h2>\n\n\n\n<p>Estas obligaciones, que se cotizan en los mercados, ofrecen liquidez, garant\u00edas preventivas y garant\u00edas expl\u00edcitas.<\/p>\n\n\n\n<p>Inoltre, <em>ZP Secured Direct Lending PLC<\/em> resta operativa (<em>empresa en funcionamiento<\/em>) e non hai programmi di liquidazione in corso, permettendo l'adempimento degli obblighi finanziari.<\/p>\n\n\n\n<p>Sin embargo, es fundamental actuar con cautela y llevar a cabo una diligencia debida precisa, ya que los resultados pasados no garantizan el rendimiento futuro.<\/p>\n\n\n\n<p><\/p>\n\n\n\n<p><\/p>\n\n\n\n<p><strong>\u00bfLe duele la indecisi\u00f3n financiera? <\/strong><\/p>\n\n\n\n<figure class=\"wp-block-image size-large is-resized\"><img decoding=\"async\" width=\"512\" height=\"288\" src=\"https:\/\/adamfayed.com\/wp-content\/uploads\/2025\/03\/Adam-Fayed-Contact_CTA3-512x288.jpg\" alt=\"\" class=\"wp-image-117505\" style=\"width:683px;height:auto\" srcset=\"https:\/\/adamfayed.com\/wp-content\/uploads\/2025\/03\/Adam-Fayed-Contact_CTA3-512x288.jpg 512w, https:\/\/adamfayed.com\/wp-content\/uploads\/2025\/03\/Adam-Fayed-Contact_CTA3-300x169.jpg 300w, https:\/\/adamfayed.com\/wp-content\/uploads\/2025\/03\/Adam-Fayed-Contact_CTA3-768x432.jpg 768w, https:\/\/adamfayed.com\/wp-content\/uploads\/2025\/03\/Adam-Fayed-Contact_CTA3-scaled.jpg 825w\" sizes=\"(max-width: 512px) 100vw, 512px\" \/><\/figure>\n\n\n\n<div style=\"height:10px\" aria-hidden=\"true\" class=\"wp-block-spacer\"><\/div>\n\n\n\n<div class=\"wp-block-buttons is-layout-flex wp-block-buttons-is-layout-flex\">\n<div class=\"wp-block-button\"><a class=\"wp-block-button__link wp-element-button\" href=\"https:\/\/adamfayed.com\/es\/become-adams-client\/\">Convi\u00e9rtase en mi cliente<\/a><\/div>\n\n\n\n<div class=\"wp-block-button\"><a class=\"wp-block-button__link wp-element-button\" href=\"https:\/\/adamfayed.com\/es\/good-match-quiz\/\" target=\"_blank\" rel=\"noreferrer noopener\">Realice el cuestionario de elegibilidad de clientes<\/a><\/div>\n\n\n\n<div class=\"wp-block-button\"><a class=\"wp-block-button__link wp-element-button\" href=\"https:\/\/adamfayed.com\/es\/contact\/\" target=\"_blank\" rel=\"noreferrer noopener\">P\u00f3ngase en contacto con<\/a><\/div>\n<\/div>\n\n\n\n<p><strong>Adam es un autor reconocido internacionalmente en temas financieros, con m\u00e1s de 830 millones de respuestas en Quora, un libro muy vendido en Amazon y colaborador de Forbes.<\/strong><\/p>","protected":false},"excerpt":{"rendered":"<p>In questa recensione delle obbligazioni ZP Secured Direct Lending, esamineremo le caratteristiche e i termini di questa opzione di investimento, oltre ai pro e contro associati. ZP Secured Direct Lending PLC, emittente delle obbligazioni, \u00e8 una societ\u00e0 del settore creditizio con sede a Londra. L\u2019azienda punta a rendimenti regolari e interessanti investendo in un portafoglio [&hellip;]<\/p>","protected":false},"author":14,"featured_media":194638,"parent":185423,"menu_order":0,"comment_status":"closed","ping_status":"closed","template":"","meta":{"rop_custom_images_group":[],"rop_custom_messages_group":[],"rop_publish_now":"initial","rop_publish_now_accounts":{"facebook_10166176115445471_100883565069113":""},"rop_publish_now_history":[],"rop_publish_now_status":"pending","footnotes":""},"class_list":["post-194604","page","type-page","status-publish","has-post-thumbnail","hentry"],"_links":{"self":[{"href":"https:\/\/adamfayed.com\/es\/wp-json\/wp\/v2\/pages\/194604","targetHints":{"allow":["GET"]}}],"collection":[{"href":"https:\/\/adamfayed.com\/es\/wp-json\/wp\/v2\/pages"}],"about":[{"href":"https:\/\/adamfayed.com\/es\/wp-json\/wp\/v2\/types\/page"}],"author":[{"embeddable":true,"href":"https:\/\/adamfayed.com\/es\/wp-json\/wp\/v2\/users\/14"}],"replies":[{"embeddable":true,"href":"https:\/\/adamfayed.com\/es\/wp-json\/wp\/v2\/comments?post=194604"}],"version-history":[{"count":2,"href":"https:\/\/adamfayed.com\/es\/wp-json\/wp\/v2\/pages\/194604\/revisions"}],"predecessor-version":[{"id":194644,"href":"https:\/\/adamfayed.com\/es\/wp-json\/wp\/v2\/pages\/194604\/revisions\/194644"}],"up":[{"embeddable":true,"href":"https:\/\/adamfayed.com\/es\/wp-json\/wp\/v2\/pages\/185423"}],"wp:featuredmedia":[{"embeddable":true,"href":"https:\/\/adamfayed.com\/es\/wp-json\/wp\/v2\/media\/194638"}],"wp:attachment":[{"href":"https:\/\/adamfayed.com\/es\/wp-json\/wp\/v2\/media?parent=194604"}],"curies":[{"name":"wp","href":"https:\/\/api.w.org\/{rel}","templated":true}]}}