{"id":3,"date":"2018-05-20T03:07:30","date_gmt":"2018-05-20T03:07:30","guid":{"rendered":"https:\/\/adamfayed.com\/?page_id=3"},"modified":"2025-08-12T21:31:14","modified_gmt":"2025-08-12T21:31:14","slug":"termsandconditionsandprivacy","status":"publish","type":"page","link":"https:\/\/adamfayed.com\/es\/termsandconditionsandprivacy\/","title":{"rendered":"Privacidad, cookies, t\u00e9rminos y condiciones"},"content":{"rendered":"<div data-elementor-type=\"wp-page\" data-elementor-id=\"3\" class=\"elementor elementor-3\" data-elementor-post-type=\"page\">\n\t\t\t\t\t\t<section class=\"elementor-section elementor-top-section elementor-element elementor-element-3c9e6b7c elementor-section-boxed elementor-section-height-default elementor-section-height-default\" data-id=\"3c9e6b7c\" data-element_type=\"section\">\n\t\t\t\t\t\t<div class=\"elementor-container elementor-column-gap-default\">\n\t\t\t\t\t<div class=\"elementor-column elementor-col-100 elementor-top-column elementor-element elementor-element-32b3318d\" data-id=\"32b3318d\" data-element_type=\"column\">\n\t\t\t<div class=\"elementor-widget-wrap elementor-element-populated\">\n\t\t\t\t\t\t<div class=\"elementor-element elementor-element-60fccd41 elementor-widget elementor-widget-text-editor\" data-id=\"60fccd41\" data-element_type=\"widget\" data-widget_type=\"text-editor.default\">\n\t\t\t\t<div class=\"elementor-widget-container\">\n\t\t\t\t\t\t\t\t\t<p><!-- \/wp:paragraph --><\/p>\n<p><!-- wp:paragraph --><\/p>\n<p>Los T\u00e9rminos y Condiciones (los \u201cT\u00e9rminos\u201d) se aplican no s\u00f3lo a quienes acceden al contenido de Adam Fayed por correo electr\u00f3nico, sino tambi\u00e9n a cualquier persona que visite www.adamfayed.com (el \u201cSitio Web\u201d). Cada vez que acceda a este Sitio Web o lo utilice, reconoce haber le\u00eddo las presentes Condiciones y estar de acuerdo con ellas. Si usted no est\u00e1 de acuerdo con estos T\u00e9rminos, entrar o seguir utilizando este sitio web est\u00e1 prohibido.<\/p>\n<p>\u00bfQui\u00e9n es <a class=\"wpil_keyword_link\" title=\"Adam Fayed\" href=\"https:\/\/adamfayed.com\/es\/\" data-wpil-keyword-link=\"linked\" data-wpil-monitor-id=\"2048\">Adam Fayed<\/a><\/p>\n<p>Este sitio web se mantiene con fines de marca personal y est\u00e1 destinado \u00fanicamente a compartir las opiniones y experiencias personales, as\u00ed como la trayectoria personal y profesional de Adam Fayed.<\/p>\n<p>Todos los puntos de vista, opiniones, afirmaciones, ideas y declaraciones expresadas en este sitio web y realizadas por Adam Fayed en podcasts, en Youtube y en otros medios de comunicaci\u00f3n\/redes sociales (incluidos WhatsApp, Facebook, WeChat, Instagram, etc.) son realizadas por Adam Fayed a t\u00edtulo estrictamente personal. No representan, reflejan ni implican ninguna posici\u00f3n oficial, opini\u00f3n o respaldo de ninguna organizaci\u00f3n, empleador, cliente o instituci\u00f3n con la que Adam Fayed est\u00e9 o haya estado afiliado. Nada de lo contenido en este sitio web debe interpretarse como realizado en nombre o con autorizaci\u00f3n de ninguna de dichas entidades.<\/p>\n<p><\/p>\n<p>Cumplimiento de la legislaci\u00f3n<\/p>\n<p>Usted se compromete a cumplir con todas las normas locales con respecto al uso de este sitio web, incluyendo todas las leyes, normas, c\u00f3digos y reglamentos del pa\u00eds en el que reside y el pa\u00eds desde el que accede a este sitio web, incluyendo, sin limitaci\u00f3n, todas las leyes, normas, c\u00f3digos, reglamentos, decretos, actos, \u00f3rdenes, directivas, legislaci\u00f3n, proyectos de ley y estatutos relativos a impuestos, contratos, propiedad intelectual, valores, tecnolog\u00eda, inform\u00e1tica, fraude y privacidad.<\/p>\n<p>Este sitio web no est\u00e1 dirigido a ninguna persona de ninguna jurisdicci\u00f3n -incluidos los Estados Unidos de Am\u00e9rica, el Reino Unido, los Emiratos \u00c1rabes Unidos y la RAE de Hong Kong- en la que (debido a la nacionalidad, residencia o cualquier otro motivo de dicha persona) est\u00e9 prohibida la publicaci\u00f3n o disponibilidad de este sitio web y\/o de sus contenidos, materiales e informaci\u00f3n disponible en este sitio web o a trav\u00e9s de \u00e9l (los \u201cMateriales\u201d), ni ninguna persona deber\u00eda acceder a este sitio web.<\/p>\n<p>Adam Fayed no garantiza que los Materiales sean apropiados para su uso en todos los lugares, ni que los productos o servicios tratados en este Sitio Web est\u00e9n disponibles o sean apropiados para su venta o uso en todas las jurisdicciones o pa\u00edses, o por todo tipo de inversores. Es su responsabilidad conocer y cumplir todas las leyes y normativas aplicables de cualquier jurisdicci\u00f3n pertinente.<\/p>\n<p>Sin garant\u00eda<\/p>\n<p>Adam Fayed no ofrece declaraciones ni garant\u00edas, expresas o impl\u00edcitas, sobre la exactitud, fiabilidad, integridad, idoneidad u otras caracter\u00edsticas de los Materiales. Cualquier contenido de este sitio Web est\u00e1 sujeto a cambios sin previo aviso. Todos los Materiales se proporcionan \u201ctal cual\u201d, sin garant\u00eda de ning\u00fan tipo. En la medida en que lo permita la legislaci\u00f3n aplicable, Adam Fayed renuncia adem\u00e1s a todas las garant\u00edas y condiciones con respecto a dichos Materiales, incluidas todas las garant\u00edas y condiciones impl\u00edcitas de comerciabilidad, idoneidad para un fin determinado, titularidad, no infracci\u00f3n y disponibilidad.<\/p>\n<p>Ninguna oferta, solicitud o asesoramiento<\/p>\n<p>El Sitio Web y los Materiales est\u00e1n destinados a proporcionar informaci\u00f3n \u00fanicamente a inversores profesionales y sofisticados que est\u00e9n familiarizados y sean capaces de evaluar las ventajas y los riesgos asociados a los productos y servicios financieros del tipo descrito en el presente documento, y ninguna otra persona debe acceder a ellos, actuar en consecuencia o basarse en ellos. Nada de lo contenido en este sitio web pretende constituir (i) asesoramiento en materia de inversi\u00f3n o cualquier forma de solicitud o recomendaci\u00f3n, ni una oferta, o solicitud de oferta, de compra o venta de cualquier producto o servicio financiero, (ii) asesoramiento en materia de inversi\u00f3n, jur\u00eddico, empresarial o fiscal, ni una oferta para proporcionar dicho asesoramiento, ni (iii) una base para tomar cualquier decisi\u00f3n en materia de inversi\u00f3n.&nbsp;<\/p>\n<p><\/p>\n<p>Los Materiales se facilitan \u00fanicamente a t\u00edtulo informativo y no tienen en cuenta las circunstancias individuales de ning\u00fan usuario.<\/p>\n<p>Debe buscar asesoramiento financiero, fiscal, jur\u00eddico y de otro tipo antes de tomar cualquier decisi\u00f3n de inversi\u00f3n.<\/p>\n<p>Algunas p\u00e1ginas de este sitio web pueden contener informaci\u00f3n general que le ayude a determinar si re\u00fane los requisitos necesarios para contratar los servicios profesionales de Adam Fayed o de cualquier entidad en la que Adam Fayed trabaje, ocupe un cargo (como consejero, directivo, empleado o consultor), tenga una participaci\u00f3n accionarial o financiera, o con la que Adam Fayed tenga alg\u00fan otro tipo de relaci\u00f3n profesional. No obstante, dichos servicios, ya sean ofrecidos por Adam Fayed a t\u00edtulo profesional o por cualquier entidad afiliada, se prestar\u00e1n de forma totalmente independiente a este sitio web y estar\u00e1n sujetos a t\u00e9rminos, condiciones y procesos de contrataci\u00f3n formales distintos. Nada de lo contenido en este sitio web constituye una oferta de prestaci\u00f3n de servicios profesionales, ni debe interpretarse como la formaci\u00f3n de una relaci\u00f3n de cliente de ning\u00fan tipo. Toda referencia a terceros, servicios o productos no implica aprobaci\u00f3n ni asociaci\u00f3n, a menos que se indique expl\u00edcitamente.<\/p>\n<p>Privacidad y cookies<\/p>\n<p>Legislaci\u00f3n sobre protecci\u00f3n de datos<\/p>\n<p>Adam Fayed cumple todas las leyes de protecci\u00f3n de datos aplicables y no tiene ning\u00fan inter\u00e9s en conservar sus datos, a menos que as\u00ed lo exijan las leyes.<br>Adam Fayed no env\u00eda correos electr\u00f3nicos masivos a menos que usted se suscriba a su bolet\u00edn de noticias a trav\u00e9s del sitio web o de la aplicaci\u00f3n Investing Right. Usted tiene derecho a darse de baja de las listas de correo de Adam Fayed en cualquier momento, incluso si originalmente opt\u00f3 por ello, haciendo clic en el bot\u00f3n \u201cdarse de baja\u201d disponible en la parte inferior de cada correo electr\u00f3nico.<\/p>\n<p>Recogida, almacenamiento, protecci\u00f3n, uso y acceso a la informaci\u00f3n recogida<\/p>\n<p>Adam Fayed s\u00c3\u00b3lo recoge la informaci\u00c3\u00b3n del usuario si \u00c3\u00a9ste se ha puesto en contacto con Adam Fayed y lo ha solicitado expresamente. Por ejemplo, si se suscribe a una de las listas de correo de Adam Fayed, su direcci\u00f3n de correo electr\u00f3nico se almacenar\u00e1 conforme a su solicitud.<\/p>\n<p>Adam Fayed no vende los datos personales de los usuarios del sitio web. <\/p>\n<p>Comentarios<\/p>\n<p>Si deja un comentario en el sitio web, los datos que aparecen en el formulario de comentarios, su direcci\u00f3n IP y la cadena de agente de usuario del navegador se recopilan para ayudar a la detecci\u00f3n de spam.<\/p>\n<p>Una cadena anonimizada creada a partir de su direcci\u00f3n de correo electr\u00f3nico (tambi\u00e9n llamada hash) puede ser proporcionada al servicio Gravatar para saber si usted la est\u00e1 utilizando. La pol\u00edtica de privacidad del servicio Gravatar est\u00e1 disponible aqu\u00ed: https:\/\/automattic.com\/privacy\/.<\/p>\n<p>Una vez aprobado su comentario, aparecer\u00e1 en el Sitio Web junto con su foto de perfil. Al dejar un comentario en el Sitio Web, da su consentimiento para que Adam Fayed lo muestre en el Sitio Web junto con su foto de perfil.<\/p>\n<p>Intercambio de datos<\/p>\n<p>Adam Fayed no vende datos a terceros y cumple todas las normas aplicables en materia de protecci\u00f3n de datos. En cualquier momento, puede solicitar la supresi\u00f3n de sus datos.<\/p>\n<p>Conservaci\u00f3n de datos<\/p>\n<p>Si deja un comentario, el comentario y sus metadatos se conservan indefinidamente, de modo que cualquier comentario posterior se aprueba autom\u00e1ticamente (en lugar de quedar retenido en una cola de moderaci\u00f3n).<\/p>\n<p>Si se registra en el sitio web, se guardar\u00e1 la informaci\u00f3n personal de su perfil de usuario. Todos los usuarios registrados pueden ver, editar y\/o borrar su informaci\u00f3n personal en cualquier momento (excepto que no pueden cambiar su nombre de usuario). Los administradores del sitio web tambi\u00e9n pueden ver y editar esa informaci\u00f3n.<\/p>\n<p>Qu\u00e9 derechos tiene sobre sus datos<\/p>\n<p>Si es usted un usuario registrado del sitio web o ha dejado comentarios en \u00e9l, puede solicitar que se le env\u00ede un archivo exportado de los datos personales que tenemos sobre usted, incluidos los datos que haya proporcionado como parte de su uso del sitio web. Tambi\u00e9n puede solicitar la eliminaci\u00f3n de cualquier dato personal que tengamos sobre usted. Esto no incluye los datos que deban conservarse con fines administrativos, legales o de seguridad.<br>D\u00f3nde se env\u00edan sus datos y c\u00f3mo puede ponerse en contacto conmigo en relaci\u00f3n con ellos.<\/p>\n<p>Los comentarios dejados por los visitantes del Sitio Web pueden ser comprobados a trav\u00e9s de un servicio automatizado de detecci\u00f3n de spam. Puede ponerse en contacto con Adam Fayed por correo electr\u00f3nico acerca de sus datos - hello@adamfayed.com<br>Cookies<\/p>\n<p>Si deja un comentario en el sitio web, puede optar por guardar su nombre, direcci\u00f3n de correo electr\u00f3nico y sitio web en cookies. Esto es para su comodidad, para que no tenga que volver a introducir sus datos cuando deje otro comentario. Estas cookies durar\u00e1n un a\u00f1o.<\/p>\n<p>Si tiene una cuenta e inicia sesi\u00f3n en el sitio web, se instalar\u00e1 una cookie temporal para determinar si su navegador acepta cookies. Esta cookie no contiene datos personales y se desecha al cerrar el navegador.<\/p>\n<p>Cuando inicie sesi\u00f3n como usuario registrado en el sitio web, se crear\u00e1n autom\u00e1ticamente varias cookies para guardar sus datos de inicio de sesi\u00f3n y sus opciones de visualizaci\u00f3n en pantalla. Las cookies de inicio de sesi\u00f3n duran dos d\u00edas, y las de opciones de pantalla, un a\u00f1o. Si selecciona \u201cRecordarme\u201d, sus datos de inicio de sesi\u00f3n persistir\u00e1n durante dos semanas. Si cierra la sesi\u00f3n de su cuenta, se eliminar\u00e1n las cookies de inicio de sesi\u00f3n.<\/p>\n<p>Sitios web de terceros<\/p>\n<p>Adam Fayed no acepta ninguna responsabilidad por los sitios de terceros disponibles a trav\u00e9s del Sitio Web, mediante hiperv\u00ednculos o de otro modo, y cualquier acceso o uso de un sitio de terceros corre exclusivamente por su cuenta y riesgo. Le recomendamos que <a class=\"wpil_keyword_link\" title=\"revise\" href=\"https:\/\/adamfayed.com\/es\/category\/review-articles\/\" data-wpil-keyword-link=\"linked\" data-wpil-monitor-id=\"2047\">revise<\/a> las condiciones de uso aplicables a dichos sitios.<\/p>\n<p>Declaraciones prospectivas<br>Ciertas afirmaciones del sitio web o contenidas en los materiales constituyen \u201cdeclaraciones prospectivas\u201d, que pueden identificarse por el uso de terminolog\u00eda prospectiva como \u201cpuede\u201d, \u201char\u00e1\u201d, \u201cdeber\u00eda\u201d, \u201cespera\u201d, \u201canticipa\u201d, \u201cestima\u201d, \u201cpretende\u201d, \u201cproyecta\u201d, \u201capunta\u201d, \u201cpretende\u201d, \u201ccontin\u00faa\u201d o \u201ccree\u201d, sus negativos, otras variaciones de los mismos u otra terminolog\u00eda comparable. Todas las declaraciones prospectivas se basan en suposiciones que pueden no ser correctas.  Debido a diversos riesgos e incertidumbres, los acontecimientos o resultados reales pueden diferir materialmente de lo reflejado o contemplado en dichas declaraciones prospectivas. Adam Fayed no tiene obligaci\u00f3n alguna de actualizar o modificar las declaraciones prospectivas, ya sea como resultado de nueva informaci\u00f3n, acontecimientos futuros u otros motivos. <\/p>\n<p>LIMITACI\u00d3N DE RESPONSABILIDAD&nbsp;&nbsp;&nbsp; <\/p>\n<p>EN LA MEDIDA EN QUE LO PERMITA LA LEGISLACI\u00d3N APLICABLE, ADAM FAYED NO SER\u00c1 RESPONSABLE DE NINGUNA RECLAMACI\u00d3N, OBLIGACI\u00d3N, P\u00c9RDIDA, COSTE O DA\u00d1O, INCLUIDOS LOS DA\u00d1OS DIRECTOS, INDIRECTOS, PUNITIVOS, ACCIDENTALES, ESPECIALES O CONSECUENTES, QUE SE DERIVEN O EST\u00c9N RELACIONADOS DE ALG\u00daN MODO CON (I) EL USO O LA IMPOSIBILIDAD DE USO DE ESTE SITIO WEB O CON CUALQUIER RETRASO EN EL USO DEL SITIO WEB, O (II) CUALQUIER MATERIAL OBTENIDO A TRAV\u00c9S DE ESTE SITIO WEB, O (III) CUALQUIER OTRO DERIVADO DEL ACCESO Y\/O USO DE ESTE SITIO WEB; EN CUALQUIER CASO, TANTO SI SE BASAN EN TEOR\u00cdAS CONTRACTUALES, EXTRACONTRACTUALES, DE RESPONSABILIDAD OBJETIVA O DE OTRO TIPO. DICHAS LIMITACIONES SE APLICAR\u00c1N INCLUSO SI ADAM FAYED HA SIDO ADVERTIDO DE LA POSIBILIDAD DE QUE SE PRODUZCAN DA\u00d1OS.<\/p>\n<p>Modificaci\u00f3n de las condiciones<\/p>\n<p>Adam Fayed se reserva el derecho de modificar estos<i>e<\/i> Condiciones en cualquier momento.<br>Su uso continuado de nuestro Sitio Web constituir\u00e1 su aceptaci\u00f3n, incondicional, de estos T\u00e9rminos.  Es su responsabilidad revisar las Condiciones cada vez que acceda al Sitio Web o a los Materiales.  Usted estar\u00e1 siempre sujeto a las versiones vigentes y actualizadas de las Condiciones y de la legislaci\u00f3n aplicable.<\/p>\n<p>Propiedad de marcas, etc.<\/p>\n<p>Todos los textos, fotos, gr\u00c3\u00a1ficos, logotipos, contenidos y dem\u00c3\u00a1s materiales de este sitio web est\u00c3\u00a1n protegidos por derechos de autor, marcas registradas y otras leyes aplicables. En particular, todas las marcas comerciales, nombres comerciales y logotipos que aparecen en este sitio web son propiedad de Adam Fayed y este sitio web no concede ninguna licencia sobre ellos.<\/p>\n<p>Correos electr\u00f3nicos<\/p>\n<p>Si se pone en contacto con Adam Fayed o recibe de \u00e9l comunicaciones de cualquier otro tipo, no podr\u00e1 reenviar ni copiar (total o parcialmente) ninguna de dichas comunicaciones -ya sean enviadas por correo electr\u00f3nico u otros medios de comunicaci\u00f3n- a nadie sin el previo consentimiento por escrito de Adam Fayed.<\/p>\n<p>El correo electr\u00f3nico hello@adamfayed.com est\u00e1 controlado por numerosas personas. Por lo tanto, no debe considerarse autom\u00e1ticamente que los correos electr\u00f3nicos enviados por esa direcci\u00f3n proceden de Adam Fayed o reflejan su opini\u00f3n oficial.<\/p>\n<p>Adam Fayed procura enviar todos los correos electr\u00f3nicos desde hello@adamfayed.com. No obstante, Adam Fayed puede utilizar otras direcciones personales de correo electr\u00f3nico (por ejemplo, adamfayed@hotmail.co.uk, adamfayed@iamgltd.com, adamfayed@int-amg.com). Estas Condiciones tambi\u00e9n se aplican a cualquier comunicaci\u00f3n enviada desde esas direcciones de correo electr\u00f3nico personales.<\/p>\n<p>Traducciones y contenidos en lenguas extranjeras<\/p>\n<p>Este sitio web puede contener contenidos en idiomas distintos del ingl\u00e9s o contenidos traducidos de otro idioma al ingl\u00e9s. Dichos contenidos se facilitan \u00fanicamente para informaci\u00f3n general y comodidad.<\/p>\n<p>Adam Fayed no garantiza la exactitud, integridad o fiabilidad de los contenidos facilitados en idiomas distintos del ingl\u00e9s ni de las traducciones al ingl\u00e9s. En particular, Adam Fayed declina toda responsabilidad por cualquier error, omisi\u00f3n o interpretaci\u00f3n err\u00f3nea que se derive de las traducciones, ya sean del ingl\u00e9s o al ingl\u00e9s, y por la confianza depositada en dichos contenidos.<\/p>\n<p>Procedimientos de reclamaci\u00f3n<\/p>\n<p>Todas las quejas deben enviarse a hello@adamfayed.com.<\/p>\n<p>Perfiles falsos<\/p>\n<p>Adam Fayed no se hace legalmente responsable de los sitios web falsos de Adam Fayed ni de los perfiles falsos en plataformas de redes sociales, como Quora y Medium.<\/p>\n<p>Del mismo modo, si usted se compromete con otro colaborador del Sitio Web o mencionado en \u00c3\u00a9l, Adam Fayed no ser\u00c3\u00a1 responsable de su compromiso con este colaborador.<\/p>\n<p>Solicitudes DMCA<\/p>\n<p>Todas las solicitudes y avisos de retirada de servicio DMCA deben enviarse a hello@adamfayed.com y especificar la URL exacta de la p\u00e1gina que requiere la acci\u00f3n; de lo contrario, ser\u00e1 muy dif\u00edcil ayudarle con cualquier solicitud.<\/p>\n<p>Las solicitudes leg\u00edtimas recibir\u00e1n la debida consideraci\u00f3n.<\/p>\n<p>REINO UNIDO\/FCA<\/p>\n<p>Este es un sitio web de marca personal.  El uso de un n\u00famero de WhatsApp del Reino Unido no debe considerarse una indicaci\u00f3n de que vivo en el Reino Unido o de que mis entidades est\u00e1n reguladas por la FCA, que no lo est\u00e1n.&nbsp;&nbsp;<\/p>\n<p>Contenido&nbsp;<\/p>\n<p>No todo el contenido escrito en este sitio web, Medium, LinkedIn, TikTok, Instagram y m\u00e1s all\u00e1 est\u00e1 escrito, producido o controlado directamente por Adam Fayed.  Todas las opiniones no deben considerarse la posici\u00f3n oficial de Adam Fayed o sus entidades.&nbsp;<\/p>\n<p><!-- \/wp:paragraph --><\/p>\n<p><!-- wp:paragraph --><\/p>\n<p><!-- \/wp:paragraph --><\/p>\n<p><!-- wp:paragraph --><\/p>\n<p><\/p>\n<p><!-- \/wp:paragraph --><\/p>\t\t\t\t\t\t\t\t<\/div>\n\t\t\t\t<\/div>\n\t\t\t\t\t<\/div>\n\t\t<\/div>\n\t\t\t\t\t<\/div>\n\t\t<\/section>\n\t\t\t\t<\/div>","protected":false},"excerpt":{"rendered":"<p>The Terms and Conditions (the \u201cTerms\u201d) apply not only to those accessing Adam Fayed\u2019s content visa email, but also to anyone visiting www.adamfayed.com (the \u201cWebsite\u201d). Each time you access or use this Website, you acknowledge that you have read and agree to be bound by these Terms. If you do not agree to these Terms,&nbsp;entering [&hellip;]<\/p>","protected":false},"author":1,"featured_media":0,"parent":0,"menu_order":0,"comment_status":"closed","ping_status":"closed","template":"","meta":{"rop_custom_images_group":[],"rop_custom_messages_group":[],"rop_publish_now":"initial","rop_publish_now_accounts":{"facebook_10166176115445471_100883565069113":""},"rop_publish_now_history":[],"rop_publish_now_status":"pending","footnotes":""},"class_list":["post-3","page","type-page","status-publish","hentry"],"_links":{"self":[{"href":"https:\/\/adamfayed.com\/es\/wp-json\/wp\/v2\/pages\/3","targetHints":{"allow":["GET"]}}],"collection":[{"href":"https:\/\/adamfayed.com\/es\/wp-json\/wp\/v2\/pages"}],"about":[{"href":"https:\/\/adamfayed.com\/es\/wp-json\/wp\/v2\/types\/page"}],"author":[{"embeddable":true,"href":"https:\/\/adamfayed.com\/es\/wp-json\/wp\/v2\/users\/1"}],"replies":[{"embeddable":true,"href":"https:\/\/adamfayed.com\/es\/wp-json\/wp\/v2\/comments?post=3"}],"version-history":[{"count":3,"href":"https:\/\/adamfayed.com\/es\/wp-json\/wp\/v2\/pages\/3\/revisions"}],"predecessor-version":[{"id":200220,"href":"https:\/\/adamfayed.com\/es\/wp-json\/wp\/v2\/pages\/3\/revisions\/200220"}],"wp:attachment":[{"href":"https:\/\/adamfayed.com\/es\/wp-json\/wp\/v2\/media?parent=3"}],"curies":[{"name":"wp","href":"https:\/\/api.w.org\/{rel}","templated":true}]}}