{"id":32841,"date":"2021-12-31T03:10:20","date_gmt":"2021-12-31T03:10:20","guid":{"rendered":"https:\/\/adamfayed.com\/?page_id=32841"},"modified":"2022-12-16T04:03:18","modified_gmt":"2022-12-16T04:03:18","slug":"affiliate","status":"publish","type":"page","link":"https:\/\/adamfayed.com\/es\/affiliate\/","title":{"rendered":"Programa de afiliaci\u00f3n"},"content":{"rendered":"<style>\n.entry-content{margin-top: 250px;}<br \/>\n<\/style>\n\n\n<p>Adam Fayed ofrece ahora $200 por cada cliente que consiga acceder al nivel oro o plata. S\u00f3lo tienes que rellenar el siguiente formulario y Adam se pondr\u00e1 en contacto contigo directamente.<\/p>\n\n\n\n<div class=\"wpforms-container wpforms-container-full\" id=\"wpforms-32843\"><form id=\"wpforms-form-32843\" class=\"wpforms-validate wpforms-form\" data-formid=\"32843\" method=\"post\" enctype=\"multipart\/form-data\" action=\"\/es\/wp-json\/wp\/v2\/pages\/32841\" data-token=\"c37cd50cdc094735d9023654979dd31c\" data-token-time=\"1775409429\" data-trp-original-action=\"\/es\/wp-json\/wp\/v2\/pages\/32841\"><noscript class=\"wpforms-error-noscript\">Por favor, activa JavaScript en tu navegador para completar este formulario.<\/noscript><div class=\"wpforms-field-container\"><div id=\"wpforms-32843-field_0-container\" class=\"wpforms-field wpforms-field-name\" data-field-id=\"0\"><label class=\"wpforms-field-label\" for=\"wpforms-32843-field_0\">Nombre y apellidos <span class=\"wpforms-required-label\">*<\/span><\/label><input type=\"text\" id=\"wpforms-32843-field_0\" class=\"wpforms-field-medium wpforms-field-required\" name=\"wpforms[fields][0]\" required><\/div><div id=\"wpforms-32843-field_9-container\" class=\"wpforms-field wpforms-field-select wpforms-field-select-style-classic\" data-field-id=\"9\"><label class=\"wpforms-field-label\" for=\"wpforms-32843-field_9\">\u00bfD\u00f3nde se encuentra?<\/label><select id=\"wpforms-32843-field_9\" class=\"wpforms-field-medium\" name=\"wpforms[fields][9]\"><option value=\"Afghanistan\" >Afganist\u00e1n<\/option><option value=\"Albania\" >Albania<\/option><option value=\"Algeria\" >Argelia<\/option><option value=\"American Samoa\" >Samoa Americana<\/option><option value=\"Andorra\" >Andorra<\/option><option value=\"Angola\" >Angola<\/option><option value=\"Anguilla\" >Anguila<\/option><option value=\"Antarctica\" >Ant\u00e1rtida<\/option><option value=\"Antigua and Barbuda\" >Antigua y Barbuda<\/option><option value=\"Argentina\" >Argentina<\/option><option value=\"Armenia\" >Armenia<\/option><option value=\"Aruba\" >Aruba<\/option><option value=\"Australia\" >Australia<\/option><option value=\"Austria\" >Austria<\/option><option value=\"Azerbaijan\" >Azerbaiy\u00e1n<\/option><option value=\"Bahamas\" >Bahamas<\/option><option value=\"Bahrain\" >Bahr\u00e9in<\/option><option value=\"Bangladesh\" >Bangladesh<\/option><option value=\"Barbados\" >Barbados<\/option><option value=\"Belarus\" >Bielorrusia<\/option><option value=\"Belgium\" >B\u00e9lgica<\/option><option value=\"Belize\" >Belice<\/option><option value=\"Benin\" >Ben\u00edn<\/option><option value=\"Bermuda\" >Bermudas<\/option><option value=\"Bhutan\" >But\u00e1n<\/option><option value=\"Bolivia (Plurinational State of)\" >Bolivia (Estado Plurinacional de)<\/option><option value=\"Bosnia and Herzegovina\" >Bosnia y Herzegovina<\/option><option value=\"Botswana\" >Botsuana<\/option><option value=\"Bouvet Island\" >Isla Bouvet<\/option><option value=\"Brazil\" >Brasil<\/option><option value=\"British Indian Ocean Territory\" >Territorio Brit\u00e1nico del Oc\u00e9ano \u00cdndico<\/option><option value=\"Brunei Darussalam\" >Brunei Darussalam<\/option><option value=\"Bulgaria\" >Bulgaria<\/option><option value=\"Burkina Faso\" >Burkina Faso<\/option><option value=\"Burundi\" >Burundi<\/option><option value=\"Cabo Verde\" >Cabo Verde<\/option><option value=\"Cambodia\" >Camboya<\/option><option value=\"Cameroon\" >Camer\u00fan<\/option><option value=\"Canada\" >Canad\u00e1<\/option><option value=\"Cayman Islands\" >Islas Caim\u00e1n<\/option><option value=\"Central African Republic\" >Rep\u00fablica Centroafricana<\/option><option value=\"Chad\" >Chad<\/option><option value=\"Chile\" >Chile<\/option><option value=\"China\" >China<\/option><option value=\"Christmas Island\" >Isla de Navidad<\/option><option value=\"Cocos (Keeling) Islands\" >Islas Cocos (Keeling)<\/option><option value=\"Colombia\" >Colombia<\/option><option value=\"Comoros\" >Comoras<\/option><option value=\"Congo\" >Congo<\/option><option value=\"Congo (Democratic Republic of the)\" >Congo (Rep\u00fablica Democr\u00e1tica del)<\/option><option value=\"Cook Islands\" >Islas Cook<\/option><option value=\"Costa Rica\" >Costa Rica<\/option><option value=\"Croatia\" >Croacia<\/option><option value=\"Cuba\" >Cuba<\/option><option value=\"Cura\u00e7ao\" >Cura\u00e7ao<\/option><option value=\"Cyprus\" >Chipre<\/option><option value=\"Czech Republic\" >Rep\u00fablica Checa<\/option><option value=\"C\u00f4te d&#039;Ivoire\" >Costa de Marfil<\/option><option value=\"Denmark\" >Dinamarca<\/option><option value=\"Djibouti\" >Yibuti<\/option><option value=\"Dominica\" >Dominica<\/option><option value=\"Dominican Republic\" >Rep\u00fablica Dominicana<\/option><option value=\"Ecuador\" >Ecuador<\/option><option value=\"Egypt\" >Egipto<\/option><option value=\"El Salvador\" >El Salvador<\/option><option value=\"Equatorial Guinea\" >Guinea Ecuatorial<\/option><option value=\"Eritrea\" >Eritrea<\/option><option value=\"Estonia\" >Estonia<\/option><option value=\"Eswatini (Kingdom of)\" >Eswatini (Reino de)<\/option><option value=\"Ethiopia\" >Etiop\u00eda<\/option><option value=\"Falkland Islands (Malvinas)\" >Islas Malvinas (Falkland Islands)<\/option><option value=\"Faroe Islands\" >Islas Feroe<\/option><option value=\"Fiji\" >Fiyi<\/option><option value=\"Finland\" >Finlandia<\/option><option value=\"France\" >Francia<\/option><option value=\"French Guiana\" >Guayana Francesa<\/option><option value=\"French Polynesia\" >Polinesia Francesa<\/option><option value=\"French Southern Territories\" >Territorios Australes Franceses<\/option><option value=\"Gabon\" >Gab\u00f3n<\/option><option value=\"Gambia\" >Gambia<\/option><option value=\"Georgia\" >Georgia<\/option><option value=\"Germany\" >Alemania<\/option><option value=\"Ghana\" >Ghana<\/option><option value=\"Gibraltar\" >Gibraltar<\/option><option value=\"Greece\" >Grecia<\/option><option value=\"Greenland\" >Groenlandia<\/option><option value=\"Grenada\" >Granada<\/option><option value=\"Guadeloupe\" >Guadalupe<\/option><option value=\"Guam\" >Guam<\/option><option value=\"Guatemala\" >Guatemala<\/option><option value=\"Guernsey\" >Guernsey<\/option><option value=\"Guinea\" >Guinea<\/option><option value=\"Guinea-Bissau\" >Guinea-Bissau<\/option><option value=\"Guyana\" >Guyana<\/option><option value=\"Haiti\" >Hait\u00ed<\/option><option value=\"Heard Island and McDonald Islands\" >Islas Heard y McDonald<\/option><option value=\"Honduras\" >Honduras<\/option><option value=\"Hong Kong\" >Hong Kong<\/option><option value=\"Hungary\" >Hungr\u00eda<\/option><option value=\"Iceland\" >Islandia<\/option><option value=\"India\" >India<\/option><option value=\"Indonesia\" >Indonesia<\/option><option value=\"Iran (Islamic Republic of)\" >Ir\u00e1n (Rep\u00fablica Isl\u00e1mica del)<\/option><option value=\"Iraq\" >Iraq<\/option><option value=\"Ireland (Republic of)\" >Irlanda (Rep\u00fablica de)<\/option><option value=\"Isle of Man\" >Isla de Man<\/option><option value=\"Israel\" >Israel<\/option><option value=\"Italy\" >Italia<\/option><option value=\"Jamaica\" >Jamaica<\/option><option value=\"Japan\" >Jap\u00f3n<\/option><option value=\"Jersey\" >Jersey<\/option><option value=\"Jordan\" >Jordan<\/option><option value=\"Kazakhstan\" >Kazajst\u00e1n<\/option><option value=\"Kenya\" >Kenia<\/option><option value=\"Kiribati\" >Kiribati<\/option><option value=\"Korea (Democratic People&#039;s Republic of)\" >Corea (Rep\u00fablica Popular Democr\u00e1tica de)<\/option><option value=\"Korea (Republic of)\" >Corea (Rep\u00fablica de)<\/option><option value=\"Kosovo\" >Kosovo<\/option><option value=\"Kuwait\" >Kuwait<\/option><option value=\"Kyrgyzstan\" >Kirguist\u00e1n<\/option><option value=\"Lao People&#039;s Democratic Republic\" >Rep\u00fablica Democr\u00e1tica Popular Lao<\/option><option value=\"Latvia\" >Letonia<\/option><option value=\"Lebanon\" >L\u00edbano<\/option><option value=\"Lesotho\" >Lesotho<\/option><option value=\"Liberia\" >Liberia<\/option><option value=\"Libya\" >Libia<\/option><option value=\"Liechtenstein\" >Liechtenstein<\/option><option value=\"Lithuania\" >Lituania<\/option><option value=\"Luxembourg\" >Luxemburgo<\/option><option value=\"Macao\" >Macao<\/option><option value=\"Madagascar\" >Madagascar<\/option><option value=\"Malawi\" >Malawi<\/option><option value=\"Malaysia\" >Malasia<\/option><option value=\"Maldives\" >Maldivas<\/option><option value=\"Mali\" >Mali<\/option><option value=\"Malta\" >Malta<\/option><option value=\"Marshall Islands\" >Islas Marshall<\/option><option value=\"Martinique\" >Martinica<\/option><option value=\"Mauritania\" >Mauritania<\/option><option value=\"Mauritius\" >Mauricio<\/option><option value=\"Mayotte\" >Mayotte<\/option><option value=\"Mexico\" >M\u00e9xico<\/option><option value=\"Micronesia (Federated States of)\" >Micronesia (Estados Federados de)<\/option><option value=\"Moldova (Republic of)\" >Moldavia (Rep\u00fablica de)<\/option><option value=\"Monaco\" >M\u00f3naco<\/option><option value=\"Mongolia\" >Mongolia<\/option><option value=\"Montenegro\" >Montenegro<\/option><option value=\"Montserrat\" >Montserrat<\/option><option value=\"Morocco\" >Marruecos<\/option><option value=\"Mozambique\" >Mozambique<\/option><option value=\"Myanmar\" >Myanmar<\/option><option value=\"Namibia\" >Namibia<\/option><option value=\"Nauru\" >Nauru<\/option><option value=\"Nepal\" >Nepal<\/option><option value=\"Netherlands\" >Pa\u00edses Bajos<\/option><option value=\"New Caledonia\" >Nueva Caledonia<\/option><option value=\"New Zealand\" >Nueva Zelanda<\/option><option value=\"Nicaragua\" >Nicaragua<\/option><option value=\"Niger\" >N\u00edger<\/option><option value=\"Nigeria\" >Nigeria<\/option><option value=\"Niue\" >Niue<\/option><option value=\"Norfolk Island\" >Isla de Norfolk<\/option><option value=\"North Macedonia (Republic of)\" >Macedonia del Norte (Rep\u00fablica de)<\/option><option value=\"Northern Mariana Islands\" >Islas Marianas del Norte<\/option><option value=\"Norway\" >Noruega<\/option><option value=\"Oman\" >Om\u00e1n<\/option><option value=\"Pakistan\" >Pakist\u00e1n<\/option><option value=\"Palau\" >Palau<\/option><option value=\"Palestine (State of)\" >Palestina (Estado de)<\/option><option value=\"Panama\" >Panam\u00e1<\/option><option value=\"Papua New Guinea\" >Pap\u00faa Nueva Guinea<\/option><option value=\"Paraguay\" >Paraguay<\/option><option value=\"Peru\" >Per\u00fa<\/option><option value=\"Philippines\" >Filipinas<\/option><option value=\"Pitcairn\" >Pitcairn<\/option><option value=\"Poland\" >Polonia<\/option><option value=\"Portugal\" >Portugal<\/option><option value=\"Puerto Rico\" >Puerto Rico<\/option><option value=\"Qatar\" >Qatar<\/option><option value=\"Romania\" >Ruman\u00eda<\/option><option value=\"Russian Federation\" >Federaci\u00f3n de Rusia<\/option><option value=\"Rwanda\" >Ruanda<\/option><option value=\"R\u00e9union\" >Reuni\u00f3n<\/option><option value=\"Saint Barth\u00e9lemy\" >San Bartolom\u00e9<\/option><option value=\"Saint Helena, Ascension and Tristan da Cunha\" >Santa Elena, Ascensi\u00f3n y Trist\u00e1n da Cunha<\/option><option value=\"Saint Kitts and Nevis\" >San Crist\u00f3bal y Nieves<\/option><option value=\"Saint Lucia\" >Santa Luc\u00eda<\/option><option value=\"Saint Martin (French part)\" >San Mart\u00edn (parte francesa)<\/option><option value=\"Saint Pierre and Miquelon\" >San Pedro y Miquel\u00f3n<\/option><option value=\"Saint Vincent and the Grenadines\" >San Vicente y las Granadinas<\/option><option value=\"Samoa\" >Samoa<\/option><option value=\"San Marino\" >San Marino<\/option><option value=\"Sao Tome and Principe\" >Santo Tom\u00e9 y Pr\u00edncipe<\/option><option value=\"Saudi Arabia\" >Arabia Saud\u00ed<\/option><option value=\"Senegal\" >Senegal<\/option><option value=\"Serbia\" >Serbia<\/option><option value=\"Seychelles\" >Seychelles<\/option><option value=\"Sierra Leone\" >Sierra Leona<\/option><option value=\"Singapore\" >Singapur<\/option><option value=\"Sint Maarten (Dutch part)\" >San Mart\u00edn (parte neerlandesa)<\/option><option value=\"Slovakia\" >Eslovaquia<\/option><option value=\"Slovenia\" >Eslovenia<\/option><option value=\"Solomon Islands\" >Islas Salom\u00f3n<\/option><option value=\"Somalia\" >Somalia<\/option><option value=\"South Africa\" >Sud\u00e1frica<\/option><option value=\"South Georgia and the South Sandwich Islands\" >Georgia del Sur y las islas Sandwich del Sur<\/option><option value=\"South Sudan\" >Sud\u00e1n del Sur<\/option><option value=\"Spain\" >Espa\u00f1a<\/option><option value=\"Sri Lanka\" >Sri Lanka<\/option><option value=\"Sudan\" >Sud\u00e1n<\/option><option value=\"Suriname\" >Surinam<\/option><option value=\"Svalbard and Jan Mayen\" >Svalbard y Jan Mayen<\/option><option value=\"Sweden\" >Suecia<\/option><option value=\"Switzerland\" >Suiza<\/option><option value=\"Syrian Arab Republic\" >Rep\u00fablica \u00c1rabe Siria<\/option><option value=\"Taiwan, Province of China\" >Taiw\u00e1n, provincia de China<\/option><option value=\"Tajikistan\" >Tayikist\u00e1n<\/option><option value=\"Tanzania (United Republic of)\" >Tanzania (Rep\u00fablica Unida de)<\/option><option value=\"Thailand\" >Tailandia<\/option><option value=\"Timor-Leste\" >Timor Oriental<\/option><option value=\"Togo\" >Togo<\/option><option value=\"Tokelau\" >Tokelau<\/option><option value=\"Tonga\" >Tonga<\/option><option value=\"Trinidad and Tobago\" >Trinidad y Tobago<\/option><option value=\"Tunisia\" >T\u00fanez<\/option><option value=\"Turkey\" >Turqu\u00eda<\/option><option value=\"Turkmenistan\" >Turkmenist\u00e1n<\/option><option value=\"Turks and Caicos Islands\" >Islas Turcas y Caicos<\/option><option value=\"Tuvalu\" >Tuvalu<\/option><option value=\"Uganda\" >Uganda<\/option><option value=\"Ukraine\" >Ucrania<\/option><option value=\"United Arab Emirates\" >Emiratos \u00c1rabes Unidos<\/option><option value=\"United Kingdom of Great Britain and Northern Ireland\" >Reino Unido de Gran Breta\u00f1a e Irlanda del Norte<\/option><option value=\"United States Minor Outlying Islands\" >Islas perif\u00e9ricas menores de Estados Unidos<\/option><option value=\"United States of America\" >Estados Unidos de Am\u00e9rica<\/option><option value=\"Uruguay\" >Uruguay<\/option><option value=\"Uzbekistan\" >Uzbekist\u00e1n<\/option><option value=\"Vanuatu\" >Vanuatu<\/option><option value=\"Vatican City State\" >Estado de la Ciudad del Vaticano<\/option><option value=\"Venezuela (Bolivarian Republic of)\" >Venezuela (Rep\u00fablica Bolivariana de)<\/option><option value=\"Vietnam\" >Vietnam<\/option><option value=\"Virgin Islands (British)\" >Islas V\u00edrgenes Brit\u00e1nicas<\/option><option value=\"Virgin Islands (U.S.)\" >Islas V\u00edrgenes (EE.UU.)<\/option><option value=\"Wallis and Futuna\" >Wallis y Futuna<\/option><option value=\"Western Sahara\" >S\u00e1hara Occidental<\/option><option value=\"Yemen\" >Yemen<\/option><option value=\"Zambia\" >Zambia<\/option><option value=\"Zimbabwe\" >Zimbabue<\/option><option value=\"\u00c5land Islands\" >Islas \u00c5land<\/option><\/select><\/div><div id=\"wpforms-32843-field_8-container\" class=\"wpforms-field wpforms-field-select wpforms-field-select-style-classic\" data-field-id=\"8\"><label class=\"wpforms-field-label\" for=\"wpforms-32843-field_8\">\u00bfCu\u00e1l es su nacionalidad?<\/label><select id=\"wpforms-32843-field_8\" class=\"wpforms-field-medium\" name=\"wpforms[fields][8]\"><option value=\"Afghan\" >Afgano<\/option><option value=\"Albanian\" >Alban\u00e9s<\/option><option value=\"Algerian\" >Argelia<\/option><option value=\"Argentinian\" >Argentino<\/option><option value=\"Australian\" >Australia<\/option><option value=\"Bangladeshi\" >Bangladesh<\/option><option value=\"Belgian\" >Belga<\/option><option value=\"Bolivian\" >Bolivia<\/option><option value=\"Batswana\" >Batsuana<\/option><option value=\"Brazilian\" >Brasile\u00f1o<\/option><option value=\"Bulgarian\" >B\u00falgaro<\/option><option value=\"Cambodian\" >Camboya<\/option><option value=\"Cameroonian\" >Camer\u00fan<\/option><option value=\"Canadian\" >Canadiense<\/option><option value=\"Chilean\" >Chile<\/option><option value=\"Chinese\" >Chino<\/option><option value=\"Colombian\" >Colombia<\/option><option value=\"Costa Rican\" >Costarricense<\/option><option value=\"Croatian\" >Croata<\/option><option value=\"Cuban\" >Cubano<\/option><option value=\"Czech\" >Checa<\/option><option value=\"Danish\" >Dan\u00e9s<\/option><option value=\"Dominican\" >Dominicana<\/option><option value=\"Ecuadorian\" >Ecuador<\/option><option value=\"Egyptian\" >Egipcio<\/option><option value=\"Salvadorian\t\" >Salvadore\u00f1o<\/option><option value=\"English\" >Ingl\u00e9s<\/option><option value=\"Estonian\" >Estonia<\/option><option value=\"Ethiopian\" >Etiop\u00eda<\/option><option value=\"Fijian\" >Fiyi<\/option><option value=\"Finnish\" >En fin\u00e9s<\/option><option value=\"French\" >Franc\u00e9s<\/option><option value=\"German\" >Alem\u00e1n<\/option><option value=\"Ghanaian\" >Ghana<\/option><option value=\"Greek\" >Griego<\/option><option value=\"Guatemalan\" >Guatemala<\/option><option value=\"Haitian\" >Hait\u00ed<\/option><option value=\"Honduran\" >Honduras<\/option><option value=\"Hungarian\" >H\u00fangaro<\/option><option value=\"Icelandic\" >Islandia<\/option><option value=\"Indian\" >India<\/option><option value=\"Indonesian\" >Indonesia<\/option><option value=\"Iranian\" >Ir\u00e1n<\/option><option value=\"Iraqi\" >Iraqi<\/option><option value=\"Irish\" >Irland\u00e9s<\/option><option value=\"Israeli\" >Israel<\/option><option value=\"Italian\" >Italiano<\/option><option value=\"Jamaican\" >Jamaica<\/option><option value=\"Japanese\" >Japon\u00e9s<\/option><option value=\"Jordanian\" >Jordania<\/option><option value=\"Kenyan\" >Kenia<\/option><option value=\"Kuwaiti\" >Kuwait<\/option><option value=\"Lao\" >Lao<\/option><option value=\"Latvian\" >Let\u00f3n<\/option><option value=\"Lebanese\" >L\u00edbano<\/option><option value=\"Libyan\" >Libia<\/option><option value=\"Lithuanian\" >Lituania<\/option><option value=\"Malagasy\" >Malgache<\/option><option value=\"Malaysian\" >Malasia<\/option><option value=\"Malian\" >Mal\u00ed<\/option><option value=\"Maltese\" >Malt\u00e9s<\/option><option value=\"Mexican\" >Mexicano<\/option><option value=\"Mongolian\" >Mongolia<\/option><option value=\"Moroccan\" >Marroqu\u00ed<\/option><option value=\"Mozambican\" >Mozambique<\/option><option value=\"Namibian\" >Namibia<\/option><option value=\"Nepalese\" >Nepal\u00e9s<\/option><option value=\"Dutch\" >Holand\u00e9s<\/option><option value=\"New Zealand\t\" >Nueva Zelanda<\/option><option value=\"Nicaraguan\" >Nicaragua<\/option><option value=\"Nigerian\" >Nigeria<\/option><option value=\"Norwegian\" >Noruega<\/option><option value=\"Pakistani\" >Pakist\u00e1n<\/option><option value=\"Panamanian\" >Paname\u00f1o<\/option><option value=\"Paraguayan\t\" >Paraguay<\/option><option value=\"Peruvia\" >Per\u00favia<\/option><option value=\"Philippine\" >Filipinas<\/option><option value=\"Polish\" >Polaco<\/option><option value=\"Portuguese\" >Portugu\u00e9s<\/option><option value=\"Romanian\" >Rumano<\/option><option value=\"Russian\" >Ruso<\/option><option value=\"Saudi\" >Saud\u00ed<\/option><option value=\"Scottish\" >Escoc\u00e9s<\/option><option value=\"Senegalese\" >Senegal<\/option><option value=\"Serbian\" >Serbio<\/option><option value=\"Singaporean\" >Singapur<\/option><option value=\"Slovak\" >Eslovaquia<\/option><option value=\"South African\" >Sud\u00e1frica<\/option><option value=\"Korean\" >Coreano<\/option><option value=\"Spanish\" >Espa\u00f1ol<\/option><option value=\"Sri Lankan\" >Sri Lanka<\/option><option value=\"Sudanese\" >Sud\u00e1n<\/option><option value=\"Swedish\" >Sueco<\/option><option value=\"Swiss\" >Suiza<\/option><option value=\"Syrian\" >Siria<\/option><option value=\"Taiwanese\" >Taiw\u00e1n<\/option><option value=\"Tajikistani\" >Tayikist\u00e1n<\/option><option value=\"Thai\" >Tailand\u00e9s<\/option><option value=\"Tongan\" >Tonga<\/option><option value=\"Tunisian\" >T\u00fanez<\/option><option value=\"Turkish\" >Turco<\/option><option value=\"Ukrainian\" >Ucraniano<\/option><option value=\"Emirati\" >Emirati<\/option><option value=\"British\" >Brit\u00e1nico<\/option><option value=\"American\" >Americana<\/option><option value=\"Uruguayan\" >Uruguay<\/option><option value=\"Venezuelan\" >Venezuela<\/option><option value=\"Vietnamese\" >Vietnamita<\/option><option value=\"Welsh\" >Gal\u00e9s<\/option><option value=\"Zambian\" >Zambia<\/option><option value=\"Zimbabwean\" >Zimbabue<\/option><\/select><\/div><div id=\"wpforms-32843-field_2-container\" class=\"wpforms-field wpforms-field-email\" data-field-id=\"2\"><label class=\"wpforms-field-label\" for=\"wpforms-32843-field_2\">Correo electr\u00f3nico <span class=\"wpforms-required-label\">*<\/span><\/label><input type=\"email\" id=\"wpforms-32843-field_2\" class=\"wpforms-field-medium wpforms-field-required\" name=\"wpforms[fields][2]\" spellcheck=\"false\" required><\/div><div id=\"wpforms-32843-field_3-container\" class=\"wpforms-field wpforms-field-phone\" data-field-id=\"3\"><label class=\"wpforms-field-label\" for=\"wpforms-32843-field_3\">N\u00famero de tel\u00e9fono o WhatsApp<\/label><input type=\"tel\" id=\"wpforms-32843-field_3\" class=\"wpforms-field-medium\" data-rule-int-phone-field=\"true\" name=\"wpforms[fields][3]\" aria-label=\"N\u00famero de tel\u00e9fono o WhatsApp\" ><\/div><div id=\"wpforms-32843-field_13-container\" class=\"wpforms-field wpforms-field-radio\" data-field-id=\"13\"><label class=\"wpforms-field-label\">M\u00e9todo de comunicaci\u00f3n preferido<\/label><ul id=\"wpforms-32843-field_13\"><li class=\"choice-1 depth-1\"><input type=\"radio\" id=\"wpforms-32843-field_13_1\" name=\"wpforms[fields][13]\" value=\"WhatsApp\"  ><label class=\"wpforms-field-label-inline\" for=\"wpforms-32843-field_13_1\">WhatsApp<\/label><\/li><li class=\"choice-2 depth-1\"><input type=\"radio\" id=\"wpforms-32843-field_13_2\" name=\"wpforms[fields][13]\" value=\"Call\"  ><label class=\"wpforms-field-label-inline\" for=\"wpforms-32843-field_13_2\">Llame a<\/label><\/li><li class=\"choice-3 depth-1\"><input type=\"radio\" id=\"wpforms-32843-field_13_3\" name=\"wpforms[fields][13]\" value=\"Email\"  ><label class=\"wpforms-field-label-inline\" for=\"wpforms-32843-field_13_3\">Correo electr\u00f3nico<\/label><\/li><li class=\"choice-4 depth-1\"><input type=\"radio\" id=\"wpforms-32843-field_13_4\" name=\"wpforms[fields][13]\" value=\"Zoom\"  ><label class=\"wpforms-field-label-inline\" for=\"wpforms-32843-field_13_4\">Zoom<\/label><\/li><\/ul><\/div><\/div><!-- .wpforms-field-container --><div class=\"wpforms-recaptcha-container wpforms-is-recaptcha wpforms-is-recaptcha-type-v3\" ><input type=\"hidden\" name=\"wpforms[recaptcha]\" value=\"\"><\/div><div class=\"wpforms-submit-container\" ><input type=\"hidden\" name=\"wpforms[id]\" value=\"32843\"><input type=\"hidden\" name=\"page_title\" value=\"\"><input type=\"hidden\" name=\"page_url\" value=\"https:\/\/adamfayed.com\/es\/wp-json\/wp\/v2\/pages\/32841\"><button type=\"submit\" name=\"wpforms[submit]\" id=\"wpforms-submit-32843\" class=\"wpforms-submit\" data-alt-text=\"Sending...\" data-submit-text=\"Submit\" aria-live=\"assertive\" value=\"wpforms-submit\">Enviar<\/button><\/div><input type=\"hidden\" name=\"trp-form-language\" value=\"es\"\/><\/form><\/div>  <!-- .wpforms-container -->","protected":false},"excerpt":{"rendered":"<p>Adam Fayed ofrece ahora $200 por cada cliente que consiga acceder al nivel oro o plata. S\u00f3lo tienes que rellenar el siguiente formulario y Adam se pondr\u00e1 en contacto contigo directamente.<\/p>","protected":false},"author":1,"featured_media":0,"parent":0,"menu_order":0,"comment_status":"closed","ping_status":"closed","template":"","meta":{"rop_custom_images_group":[],"rop_custom_messages_group":[],"rop_publish_now":"initial","rop_publish_now_accounts":{"facebook_10166176115445471_100883565069113":""},"rop_publish_now_history":[],"rop_publish_now_status":"pending","footnotes":""},"class_list":["post-32841","page","type-page","status-publish","hentry"],"_links":{"self":[{"href":"https:\/\/adamfayed.com\/es\/wp-json\/wp\/v2\/pages\/32841","targetHints":{"allow":["GET"]}}],"collection":[{"href":"https:\/\/adamfayed.com\/es\/wp-json\/wp\/v2\/pages"}],"about":[{"href":"https:\/\/adamfayed.com\/es\/wp-json\/wp\/v2\/types\/page"}],"author":[{"embeddable":true,"href":"https:\/\/adamfayed.com\/es\/wp-json\/wp\/v2\/users\/1"}],"replies":[{"embeddable":true,"href":"https:\/\/adamfayed.com\/es\/wp-json\/wp\/v2\/comments?post=32841"}],"version-history":[{"count":0,"href":"https:\/\/adamfayed.com\/es\/wp-json\/wp\/v2\/pages\/32841\/revisions"}],"wp:attachment":[{"href":"https:\/\/adamfayed.com\/es\/wp-json\/wp\/v2\/media?parent=32841"}],"curies":[{"name":"wp","href":"https:\/\/api.w.org\/{rel}","templated":true}]}}