{"id":41148,"date":"2022-04-25T07:52:47","date_gmt":"2022-04-25T07:52:47","guid":{"rendered":"https:\/\/adamfayed.com\/?page_id=41148"},"modified":"2023-12-18T12:22:45","modified_gmt":"2023-12-18T12:22:45","slug":"advisor-buy-out","status":"publish","type":"page","link":"https:\/\/adamfayed.com\/es\/advisor-buy-out\/","title":{"rendered":"Compra de asesores"},"content":{"rendered":"<div class=\"flex flex-grow flex-col max-w-full\">\n<div class=\"min-h-[20px] text-message flex flex-col items-start gap-3 whitespace-pre-wrap break-words [.text-message+&amp;]:mt-5 overflow-x-auto\" data-message-author-role=\"assistant\" data-message-id=\"af7d1963-0921-4dc5-9b87-8fe19b956ee9\">\n<div class=\"markdown prose w-full break-words dark:prose-invert light\">\n<p>AdamFayed.com est\u00e1 experimentando un notable crecimiento, marcado por una exitosa adquisici\u00f3n a principios de este a\u00f1o, con ambiciosos planes de expansi\u00f3n en los pr\u00f3ximos meses y a\u00f1os.<\/p>\n<p>Si forma parte de la comunidad de asesores internacionales y se encuentra cerca de la edad de jubilaci\u00f3n, est\u00e1 pensando en regresar a su pa\u00eds de origen o simplemente busca un nuevo comienzo con un equipo din\u00e1mico, ahora podr\u00eda ser el momento oportuno para plantearse un cambio estrat\u00e9gico.<\/p>\n<p>Si desea m\u00e1s informaci\u00f3n, no dude en ponerse en contacto con nosotros por correo electr\u00f3nico en la direcci\u00f3n <a href=\"mailto:advice@adamfayed.com\" target=\"_new\" rel=\"noopener\">advice@adamfayed.com<\/a>.<\/p>\n<\/div>\n<\/div>\n<\/div>","protected":false},"excerpt":{"rendered":"<p>AdamFayed.com is experiencing remarkable growth, marked by a successful acquisition earlier this year, with ambitious plans for further expansion in the coming months and years. If you are part of the international advisory community and find yourself nearing retirement age, contemplating a return to your home country, or simply seeking a fresh start with a [&hellip;]<\/p>","protected":false},"author":1,"featured_media":0,"parent":0,"menu_order":0,"comment_status":"closed","ping_status":"closed","template":"","meta":{"rop_custom_images_group":[],"rop_custom_messages_group":[],"rop_publish_now":"initial","rop_publish_now_accounts":{"facebook_10166176115445471_100883565069113":""},"rop_publish_now_history":[],"rop_publish_now_status":"pending","footnotes":""},"class_list":["post-41148","page","type-page","status-publish","hentry"],"_links":{"self":[{"href":"https:\/\/adamfayed.com\/es\/wp-json\/wp\/v2\/pages\/41148","targetHints":{"allow":["GET"]}}],"collection":[{"href":"https:\/\/adamfayed.com\/es\/wp-json\/wp\/v2\/pages"}],"about":[{"href":"https:\/\/adamfayed.com\/es\/wp-json\/wp\/v2\/types\/page"}],"author":[{"embeddable":true,"href":"https:\/\/adamfayed.com\/es\/wp-json\/wp\/v2\/users\/1"}],"replies":[{"embeddable":true,"href":"https:\/\/adamfayed.com\/es\/wp-json\/wp\/v2\/comments?post=41148"}],"version-history":[{"count":0,"href":"https:\/\/adamfayed.com\/es\/wp-json\/wp\/v2\/pages\/41148\/revisions"}],"wp:attachment":[{"href":"https:\/\/adamfayed.com\/es\/wp-json\/wp\/v2\/media?parent=41148"}],"curies":[{"name":"wp","href":"https:\/\/api.w.org\/{rel}","templated":true}]}}