{"id":72385,"date":"2023-11-17T06:45:49","date_gmt":"2023-11-17T06:45:49","guid":{"rendered":"https:\/\/adamfayed.com\/?page_id=72385"},"modified":"2024-02-28T08:30:38","modified_gmt":"2024-02-28T08:30:38","slug":"categories-index","status":"publish","type":"page","link":"https:\/\/adamfayed.com\/es\/categories-index\/","title":{"rendered":"\u00cdndice de categor\u00edas"},"content":{"rendered":"<div data-elementor-type=\"wp-page\" data-elementor-id=\"72385\" class=\"elementor elementor-72385\" data-elementor-post-type=\"page\">\n\t\t\t\t\t\t<section class=\"elementor-section elementor-top-section elementor-element elementor-element-3dd5a677 elementor-section-boxed elementor-section-height-default elementor-section-height-default\" data-id=\"3dd5a677\" data-element_type=\"section\">\n\t\t\t\t\t\t<div class=\"elementor-container elementor-column-gap-default\">\n\t\t\t\t\t<div class=\"elementor-column elementor-col-100 elementor-top-column elementor-element elementor-element-6aec899\" data-id=\"6aec899\" data-element_type=\"column\">\n\t\t\t<div class=\"elementor-widget-wrap elementor-element-populated\">\n\t\t\t\t\t\t<div class=\"elementor-element elementor-element-47d4e962 elementor-widget elementor-widget-text-editor\" data-id=\"47d4e962\" data-element_type=\"widget\" data-widget_type=\"text-editor.default\">\n\t\t\t\t<div class=\"elementor-widget-container\">\n\t\t\t\t\t\t\t\t\t<p><\/p>\n<p><\/p>\n<p><\/p>\n<h2 class=\"wp-block-heading\"><a href=\"https:\/\/adamfayed.com\/es\/category\/review-articles\/\"><strong>Art\u00edculos de revisi\u00f3n<\/strong><\/a><\/h2>\n<p><\/p>\n<p><\/p>\n<p><\/p>\n<p><\/p>\n<p>Esta categor\u00eda ofrece evaluaciones y an\u00e1lisis exhaustivos de productos, servicios y tendencias financieros. Presenta rese\u00f1as imparciales y detalladas de un equipo de expertos financieros, que abarcan plataformas de inversi\u00f3n, servicios bancarios, p\u00f3lizas de seguros y herramientas financieras. Las rese\u00f1as abordan cuestiones clave para inversores y consumidores, evaluando productos en funci\u00f3n de criterios como la rentabilidad, la experiencia del usuario y la innovaci\u00f3n.<\/p>\n<p><\/p>\n<p><\/p>\n<h2 class=\"wp-block-heading\"><a href=\"https:\/\/adamfayed.com\/es\/category\/banking-review-articles\/\"><strong>Art\u00edculos de la Revista Bancaria<\/strong><\/a><\/h2>\n<p><\/p>\n<p><\/p>\n<p><\/p>\n<p><\/p>\n<p>Centrado en ofrecer rese\u00f1as y an\u00e1lisis de diversos servicios bancarios. Puede incluir evaluaciones de distintos bancos, sus servicios, tipos de cuenta y la calidad del servicio de atenci\u00f3n al cliente ofrecido.<\/p>\n<p><\/p>\n<p><\/p>\n<h2 class=\"wp-block-heading\"><a href=\"https:\/\/adamfayed.com\/es\/category\/investment-provider-reviews\/\"><strong>Rese\u00f1as sobre proveedores de inversi\u00f3n<\/strong><\/a><\/h2>\n<p><\/p>\n<p><\/p>\n<p><\/p>\n<p><\/p>\n<p>Ofrece rese\u00f1as y an\u00e1lisis de diversos proveedores de inversi\u00f3n. Puede incluir evaluaciones de plataformas de inversi\u00f3n, servicios de intermediaci\u00f3n y comparaciones de comisiones y servicios de proveedores.<\/p>\n<p><\/p>\n<p><\/p>\n<p><\/p>\n<p><\/p>\n<h2 class=\"wp-block-heading\"><a href=\"https:\/\/adamfayed.com\/es\/category\/investment-options\/\"><strong>Opciones de inversi\u00f3n<\/strong><\/a><\/h2>\n<p><\/p>\n<p><\/p>\n<p><\/p>\n<p><\/p>\n<p>Una categor\u00eda probablemente dedicada a explorar y explicar diferentes oportunidades de inversi\u00f3n. Puede abarcar una amplia gama de veh\u00edculos de inversi\u00f3n, desde acciones y bonos hasta opciones m\u00e1s especializadas.<\/p>\n<p><\/p>\n<p><\/p>\n<h2 class=\"wp-block-heading\"><a href=\"https:\/\/adamfayed.com\/es\/category\/wealth-asset-management\/\"><strong>Gesti\u00f3n de patrimonios<\/strong><\/a><\/h2>\n<p><\/p>\n<p><\/p>\n<p><\/p>\n<p><\/p>\n<p>Trata temas relacionados con la gesti\u00f3n del patrimonio y los activos, incluidas estrategias de inversi\u00f3n, gesti\u00f3n de carteras y asesoramiento sobre la conservaci\u00f3n y el crecimiento del patrimonio.<\/p>\n<p><\/p>\n<p><\/p>\n<p><\/p>\n<p><\/p>\n<h2 class=\"wp-block-heading\"><a href=\"https:\/\/adamfayed.com\/es\/category\/stock-markets\/\"><strong>Mercados burs\u00e1tiles<\/strong><\/a><\/h2>\n<p><\/p>\n<p><\/p>\n<p><\/p>\n<p><\/p>\n<p>Proporciona informaci\u00f3n y an\u00e1lisis de los mercados burs\u00e1tiles de todo el mundo, ofreciendo actualizaciones sobre las tendencias del mercado, oportunidades de inversi\u00f3n y estrategias para invertir en bolsa.<\/p>\n<p><\/p>\n<p><\/p>\n<h2 class=\"wp-block-heading\"><a href=\"https:\/\/adamfayed.com\/es\/category\/etf\/\"><strong>ETF<\/strong><\/a><\/h2>\n<p><\/p>\n<p><\/p>\n<p><\/p>\n<p><\/p>\n<p>Se centra en los fondos cotizados (ETF) y ofrece informaci\u00f3n sobre c\u00f3mo invertir en ellos, sus ventajas, las tendencias del mercado y su comparaci\u00f3n con otras opciones de inversi\u00f3n.<\/p>\n<p><\/p>\n<p><\/p>\n<h2 class=\"wp-block-heading\"><a href=\"https:\/\/adamfayed.com\/es\/category\/precious-metals-investment\/\"><strong>Inversi\u00f3n en metales preciosos<\/strong><\/a><\/h2>\n<p><\/p>\n<p><\/p>\n<p><\/p>\n<p><\/p>\n<p>Se centra en la inversi\u00f3n en metales preciosos como oro, plata, platino y paladio, incluidos metales f\u00edsicos, ETF, futuros y acciones de empresas mineras.<\/p>\n<p><\/p>\n<p><\/p>\n<p><\/p>\n<p><\/p>\n<p><\/p>\n<p><\/p>\n<p><\/p>\n<p><\/p>\n<p><\/p>\n<p><\/p>\n<p><\/p>\n<p><\/p>\n<h2 class=\"wp-block-heading\"><a href=\"https:\/\/adamfayed.com\/es\/category\/financial-planning\/\"><strong>Planificaci\u00f3n financiera<\/strong><\/a><\/h2>\n<p><\/p>\n<p><\/p>\n<p><\/p>\n<p><\/p>\n<p>Se centra en las estrategias para <a class=\"wpil_keyword_link\" title=\"planificaci\u00f3n financiera\" href=\"https:\/\/adamfayed.com\/es\/personal-financial-planning\/\" data-wpil-keyword-link=\"linked\">planificaci\u00f3n financiera<\/a>, En este curso se abordan temas como la elaboraci\u00f3n de presupuestos, el ahorro, la planificaci\u00f3n de inversiones y la fijaci\u00f3n de objetivos financieros a largo plazo.<\/p>\n<p><\/p>\n<p><\/p>\n<h2 class=\"wp-block-heading\"><a href=\"https:\/\/adamfayed.com\/es\/category\/retirement\/\"><strong>Jubilaci\u00f3n<\/strong><\/a><\/h2>\n<p><\/p>\n<p><\/p>\n<p><\/p>\n<p><\/p>\n<p>Ofrece informaci\u00f3n y asesoramiento sobre la planificaci\u00f3n de la jubilaci\u00f3n. Incluye estrategias de ahorro, opciones de inversi\u00f3n para los fondos de jubilaci\u00f3n y consejos para gestionar las finanzas tras la jubilaci\u00f3n.<\/p>\n<p><\/p>\n<p><\/p>\n<h2 class=\"wp-block-heading\"><a href=\"https:\/\/adamfayed.com\/es\/category\/pension\/\"><strong>Pensi\u00f3n<\/strong><\/a><\/h2>\n<p><\/p>\n<p><\/p>\n<p><\/p>\n<p><\/p>\n<p>Ofrece asesoramiento e informaci\u00f3n sobre planificaci\u00f3n de pensiones, incluidos los distintos tipos de planes de pensiones, estrategias para maximizar las prestaciones de jubilaci\u00f3n y planificaci\u00f3n de la jubilaci\u00f3n.<\/p>\n<p><\/p>\n<p><\/p>\n<p><\/p>\n<p><\/p>\n<p><\/p>\n<p><\/p>\n<p><\/p>\n<p><\/p>\n<h2 class=\"wp-block-heading\"><strong><a href=\"https:\/\/adamfayed.com\/es\/category\/expats\/\">Expatriados<\/a><\/strong><\/h2>\n<p><\/p>\n<p><\/p>\n<p><\/p>\n<p><\/p>\n<p>Esta categor\u00eda se centra en el asesoramiento financiero y la informaci\u00f3n relevante para los expatriados, cubriendo temas como la banca internacional, la inversi\u00f3n mientras que <a class=\"wpil_keyword_link\" title=\"vivir en el extranjero\" href=\"https:\/\/adamfayed.com\/es\/living-abroad\/\" data-wpil-keyword-link=\"linked\">vivir en el extranjero<\/a>, y la gesti\u00f3n de las finanzas en distintos pa\u00edses.<\/p>\n<p><\/p>\n<p><\/p>\n<p><\/p>\n<p><\/p>\n<h2 class=\"wp-block-heading\"><a href=\"https:\/\/adamfayed.com\/es\/category\/how-to-guides\/\"><strong>Gu\u00edas pr\u00e1cticas<\/strong><\/a><\/h2>\n<p><\/p>\n<p><\/p>\n<p><\/p>\n<p><\/p>\n<p>Gu\u00edas de bricolaje centradas en la inversi\u00f3n y las finanzas. Estos art\u00edculos ofrecen probablemente instrucciones paso a paso y consejos sobre diversas actividades financieras y estrategias de inversi\u00f3n.<\/p>\n<p><\/p>\n<p><\/p>\n<h2 class=\"wp-block-heading\"><a href=\"https:\/\/adamfayed.com\/es\/category\/savings\/\"><strong>Ahorro<\/strong><\/a><\/h2>\n<p><\/p>\n<p><\/p>\n<p><\/p>\n<p><\/p>\n<p>Dedicado a estrategias y consejos para ahorrar dinero, incluidos consejos para crear un fondo de emergencia, cuentas de ahorro de alto rendimiento y t\u00e9cnicas para ahorrar eficazmente.<\/p>\n<p><\/p>\n<p><\/p>\n<h2 class=\"wp-block-heading\"><a href=\"https:\/\/adamfayed.com\/es\/category\/send-money-money-transfer\/\"><strong>Enviar dinero\/Transferencia de dinero<\/strong><\/a><\/h2>\n<p><\/p>\n<p><\/p>\n<p><\/p>\n<p><\/p>\n<p>Trata los diversos aspectos de las transferencias internacionales de dinero, incluidos los mejores servicios para expatriados, consejos para realizar transferencias rentables y c\u00f3mo entender los tipos de cambio.<\/p>\n<p><\/p>\n<p><\/p>\n<p><\/p>\n<p><\/p>\n<p><\/p>\n<p><\/p>\n<p><\/p>\n<p><\/p>\n<h2 class=\"wp-block-heading\"><a href=\"https:\/\/adamfayed.com\/es\/category\/real-estate\/\"><strong>Inmobiliario\/Propiedad<\/strong><\/a><\/h2>\n<p><\/p>\n<p><\/p>\n<p><\/p>\n<p><\/p>\n<p>Ofrece ideas y consejos sobre inversi\u00f3n inmobiliaria y gesti\u00f3n de propiedades. Puede abarcar tendencias del mercado, estrategias de inversi\u00f3n y consejos para comprar o vender propiedades.<\/p>\n<p><\/p>\n<p><\/p>\n<p><\/p>\n<p><\/p>\n<h2 class=\"wp-block-heading\"><a href=\"https:\/\/adamfayed.com\/es\/category\/lifestyle\/\"><strong>Estilo de vida<\/strong><\/a><\/h2>\n<p><\/p>\n<p><\/p>\n<p><\/p>\n<p><\/p>\n<p>Se centra en los aspectos financieros de diversas opciones de estilo de vida. Esto podr\u00eda incluir la elaboraci\u00f3n de presupuestos para los objetivos de estilo de vida, el impacto financiero de las decisiones de estilo de vida, o la integraci\u00f3n de las finanzas personales con la planificaci\u00f3n del estilo de vida.<\/p>\n<h3><a href=\"https:\/\/adamfayed.com\/es\/category\/lifestyle\/cost-of-living\/\">Coste de la vida<\/a><\/h3>\n<p>El coste de la vida es una subcategor\u00eda del estilo de vida.  La categor\u00eda \u201cCoste de la vida\u201d ofrece una visi\u00f3n detallada del panorama econ\u00f3mico al que se enfrentan los expatriados en todo el mundo.<\/p>\n<p><\/p>\n<p><\/p>\n<p><\/p>\n<p><\/p>\n<p><\/p>\n<p><\/p>\n<p><\/p>\n<p><\/p>\n<p><\/p>\n<p><\/p>\n<p><\/p>\n<p><\/p>\n<p><\/p>\n<p><\/p>\n<p><\/p>\n<p><\/p>\n<h2 class=\"wp-block-heading\"><a href=\"https:\/\/adamfayed.com\/es\/category\/business-strategy\/\"><strong>Estrategia empresarial<\/strong><\/a><\/h2>\n<p><\/p>\n<p><\/p>\n<p><\/p>\n<p><\/p>\n<p>Se centra en las estrategias para el crecimiento y la gesti\u00f3n empresarial, abarcando temas como el an\u00e1lisis de mercado, la planificaci\u00f3n empresarial y la toma de decisiones estrat\u00e9gicas para el \u00e9xito empresarial.<\/p>\n<p><\/p>\n<p><\/p>\n<h2 class=\"wp-block-heading\"><a href=\"https:\/\/adamfayed.com\/es\/category\/insurance\/\"><strong>Seguros<\/strong><\/a><\/h2>\n<p><\/p>\n<p><\/p>\n<p><\/p>\n<p><\/p>\n<p>Cubre diversos aspectos de las p\u00f3lizas de seguros de salud, vida y autom\u00f3vil, incluida la selecci\u00f3n<\/p>\n<p><\/p>\n<p><\/p>\n<p><\/p>\n<p><\/p>\n<h2 class=\"wp-block-heading\"><a href=\"https:\/\/adamfayed.com\/es\/category\/trading-platforms-review\/\"><strong>Plataformas de negociaci\u00f3n<\/strong><\/a><\/h2>\n<p><\/p>\n<p><\/p>\n<p><\/p>\n<p><\/p>\n<p>Ofrece evaluaciones y opiniones sobre varias plataformas de negociaci\u00f3n, centr\u00e1ndose en la experiencia del usuario, las comisiones y las caracter\u00edsticas.<\/p>\n<p><\/p>\n<p><\/p>\n<h2 class=\"wp-block-heading\"><a href=\"https:\/\/adamfayed.com\/es\/category\/investment-funds\/\"><strong>Fondos de inversi\u00f3n<\/strong><\/a><\/h2>\n<p><\/p>\n<p><\/p>\n<p><\/p>\n<p><\/p>\n<p>Analiza los distintos tipos de fondos de inversi\u00f3n, sus estrategias, su rendimiento y c\u00f3mo elegir el m\u00e1s adecuado.<\/p>\n<p><\/p>\n<p><\/p>\n<h2><a href=\"https:\/\/adamfayed.com\/es\/category\/bonds\/\"><strong>Bonos<\/strong><\/a><\/h2>\n<p><\/p>\n<p><\/p>\n<p><\/p>\n<p><\/p>\n<p>Se centra en las inversiones en bonos, abarcando tipos de bonos, an\u00e1lisis de mercado y t\u00e1cticas de inversi\u00f3n.<\/p>\n<p><\/p>\n<p><\/p>\n<h2><a href=\"https:\/\/adamfayed.com\/es\/category\/index-fund\/\"><strong>Fondo indexado<\/strong><\/a><\/h2>\n<p><\/p>\n<p><\/p>\n<p><\/p>\n<p><\/p>\n<p>Dedicado a los fondos indexados, en el que se analizan sus ventajas, la comparaci\u00f3n con otros tipos de inversi\u00f3n y las estrategias de selecci\u00f3n.<\/p>\n<p><\/p>\n<p><\/p>\n<h2><a href=\"https:\/\/adamfayed.com\/es\/category\/mutual-funds\/\"><strong>Fondos de inversi\u00f3n <\/strong><\/a><\/h2>\n<p><\/p>\n<p><\/p>\n<p><\/p>\n<p><\/p>\n<p>Trata diversos aspectos de las inversiones en fondos de inversi\u00f3n, incluidos los tipos de fondos, la gesti\u00f3n de carteras y el an\u00e1lisis de la rentabilidad.<\/p>\n<p><\/p>\n<p><\/p>\n<p><\/p>\n<p><\/p>\n<p><\/p>\n<p><\/p>\n<p><\/p>\n<p><\/p>\n<p><\/p>\n<p><\/p>\n<h2 class=\"wp-block-heading\"><a href=\"https:\/\/adamfayed.com\/es\/category\/financial-news\/\"><strong>Noticias financieras<\/strong><\/a><\/h2>\n<p><\/p>\n<p><\/p>\n<p><\/p>\n<p><\/p>\n<p>Proporciona las \u00faltimas noticias y actualizaciones del mundo financiero, cubriendo las tendencias del mercado, los acontecimientos econ\u00f3micos y las previsiones financieras.<\/p>\n<p><\/p>\n<p><\/p>\n<p><\/p>\n<p><\/p>\n<p><\/p>\n<p><\/p>\n<p><\/p>\n<p><\/p>\n<h2 class=\"wp-block-heading\"><a href=\"https:\/\/adamfayed.com\/es\/category\/mortgage\/\"><strong>Hipoteca<\/strong><\/a><\/h2>\n<p><\/p>\n<p><\/p>\n<p><\/p>\n<p><\/p>\n<p>Ofrece asesoramiento sobre hipotecas, incluida la selecci\u00f3n del plan hipotecario adecuado, tipos de inter\u00e9s y estrategias de amortizaci\u00f3n.<\/p>\n<p><\/p>\n<p><\/p>\n<p><\/p>\n<p><\/p>\n<p><\/p>\n<p><\/p>\n<p><\/p>\n<p><\/p>\n<h2 class=\"wp-block-heading\"><a href=\"https:\/\/adamfayed.com\/es\/category\/adam-fayed-in-the-media\/\"><strong>Adam Fayed en los medios<\/strong><\/a><\/h2>\n<p><\/p>\n<p><\/p>\n<p><\/p>\n<p><\/p>\n<p>Presenta seminarios web organizados por <a class=\"wpil_keyword_link\" title=\"Adam Fayed\" href=\"https:\/\/adamfayed.com\/es\/\" data-wpil-keyword-link=\"linked\">Adam Fayed<\/a>, que abarca una amplia gama de temas, estrategias y conocimientos financieros.<\/p>\n<p><\/p>\n<p><\/p>\n<p><\/p>\n<p><\/p>\n<p><\/p>\n<p><\/p>\n<h2 class=\"wp-block-heading\"><a href=\"https:\/\/adamfayed.com\/es\/category\/immigration-citizenship\/\"><strong>Inmigraci\u00f3n y ciudadan\u00eda<\/strong><\/a><\/h2>\n<p><\/p>\n<p><\/p>\n<p><\/p>\n<p><\/p>\n<p>Likely ofrece informaci\u00f3n y orientaci\u00f3n sobre aspectos financieros relacionados con la inmigraci\u00f3n y la ciudadan\u00eda, como la inversi\u00f3n para programas de residencia o ciudadan\u00eda, requisitos financieros e implicaciones fiscales.<\/p>\n<p><\/p>\n<p><\/p>\n<p><\/p>\n<p><\/p>\n<h2 class=\"wp-block-heading\"><a href=\"https:\/\/adamfayed.com\/es\/category\/podcast\/\"><strong>Podcast\/Audio<\/strong><\/a><\/h2>\n<p><\/p>\n<p><\/p>\n<p><\/p>\n<p><\/p>\n<p>Presenta contenidos financieros en formato audio o podcast. Puede incluir entrevistas con expertos financieros, audiogu\u00edas sobre planificaci\u00f3n financiera o debates sobre tendencias financieras actuales.<\/p>\n<p><\/p>\n<p><\/p>\n<p><\/p>\t\t\t\t\t\t\t\t<\/div>\n\t\t\t\t<\/div>\n\t\t\t\t\t<\/div>\n\t\t<\/div>\n\t\t\t\t\t<\/div>\n\t\t<\/section>\n\t\t\t\t<\/div>","protected":false},"excerpt":{"rendered":"<p>Esta categor\u00eda ofrece evaluaciones y an\u00e1lisis exhaustivos de productos, servicios y tendencias financieros. Presenta rese\u00f1as imparciales y detalladas de un equipo de expertos financieros, que abarcan plataformas de inversi\u00f3n, servicios bancarios, p\u00f3lizas de seguros y herramientas financieras. Las rese\u00f1as abordan cuestiones clave para inversores y consumidores, evaluando productos en funci\u00f3n de criterios como la rentabilidad, la experiencia del usuario y la innovaci\u00f3n.<\/p>","protected":false},"author":1,"featured_media":0,"parent":0,"menu_order":0,"comment_status":"closed","ping_status":"closed","template":"","meta":{"rop_custom_images_group":[],"rop_custom_messages_group":[],"rop_publish_now":"initial","rop_publish_now_accounts":{"facebook_10166176115445471_100883565069113":""},"rop_publish_now_history":[],"rop_publish_now_status":"pending","footnotes":""},"class_list":["post-72385","page","type-page","status-publish","hentry"],"_links":{"self":[{"href":"https:\/\/adamfayed.com\/es\/wp-json\/wp\/v2\/pages\/72385","targetHints":{"allow":["GET"]}}],"collection":[{"href":"https:\/\/adamfayed.com\/es\/wp-json\/wp\/v2\/pages"}],"about":[{"href":"https:\/\/adamfayed.com\/es\/wp-json\/wp\/v2\/types\/page"}],"author":[{"embeddable":true,"href":"https:\/\/adamfayed.com\/es\/wp-json\/wp\/v2\/users\/1"}],"replies":[{"embeddable":true,"href":"https:\/\/adamfayed.com\/es\/wp-json\/wp\/v2\/comments?post=72385"}],"version-history":[{"count":3,"href":"https:\/\/adamfayed.com\/es\/wp-json\/wp\/v2\/pages\/72385\/revisions"}],"predecessor-version":[{"id":81721,"href":"https:\/\/adamfayed.com\/es\/wp-json\/wp\/v2\/pages\/72385\/revisions\/81721"}],"wp:attachment":[{"href":"https:\/\/adamfayed.com\/es\/wp-json\/wp\/v2\/media?parent=72385"}],"curies":[{"name":"wp","href":"https:\/\/api.w.org\/{rel}","templated":true}]}}