{"id":78560,"date":"2024-11-29T09:46:11","date_gmt":"2024-11-29T09:46:11","guid":{"rendered":"https:\/\/adamfayed.com\/?page_id=78560"},"modified":"2025-04-21T01:41:34","modified_gmt":"2025-04-21T01:41:34","slug":"can-you-keep-your-rrsp-if-you-leave-canada","status":"publish","type":"page","link":"https:\/\/adamfayed.com\/es\/can-you-keep-your-rrsp-if-you-leave-canada\/","title":{"rendered":"\u00bfPuede conservar su RRSP si se marcha de Canad\u00e1?"},"content":{"rendered":"<p>Cuando se traslada de Canad\u00e1 al extranjero, puede que se pregunte por el destino de su Plan Registrado de Ahorro para la Jubilaci\u00f3n (RRSP).<\/p>\n\n\n\n<p><a href=\"https:\/\/www.canada.ca\/en\/revenue-agency\/services\/tax\/individuals\/topics\/rrsps-related-plans\/registered-retirement-savings-plan-rrsp.html\" target=\"_blank\" rel=\"noopener\">Un RRSP de Canad\u00e1<\/a> es una cuenta de inversi\u00f3n con ventajas fiscales dise\u00f1ada para ayudar a los canadienses a ahorrar para la jubilaci\u00f3n. Sin embargo, la situaci\u00f3n de su RRSP puede cambiar si se convierte en no residente en Canad\u00e1.<\/p>\n\n\n\n<p>Si desea invertir como expatriado o particular con un elevado patrimonio neto, que es en lo que estoy especializado, puede enviarme un correo electr\u00f3nico (advice@adamfayed.com) o WhatsApp (+44-7393-450-837).<\/p>\n\n\n\n<p>Esto incluye si busca una segunda opini\u00f3n o inversiones alternativas.<\/p>\n\n\n\n<p>Algunos de los hechos pueden cambiar desde el momento de la redacci\u00f3n, y nada de lo aqu\u00ed escrito es un consejo formal.<\/p>\n\n\n\n<div style=\"height:30px\" aria-hidden=\"true\" class=\"wp-block-spacer\"><\/div>\n\n\n\n<h2 class=\"wp-block-heading\"><strong>Contribuci\u00f3n RRSP y no residencia<\/strong><\/h2>\n\n\n\n<p>Como expatriado canadiense, puede seguir contribuyendo a su cuenta RRSP siempre que disponga de un margen de cotizaci\u00f3n suficiente, sus ingresos salariales cumplan los requisitos y declare sus ingresos a la Agencia Tributaria de Canad\u00e1 (CRA).<\/p>\n\n\n\n<p>Sin embargo, las ventajas fiscales de contribuir a un RRSP pueden variar en funci\u00f3n del tratado fiscal entre Canad\u00e1 y su pa\u00eds de residencia. Es esencial conocer las implicaciones fiscales y saber si sus aportaciones ser\u00e1n deducibles tanto en Canad\u00e1 como en su nuevo pa\u00eds de residencia.<\/p>\n\n\n\n<div style=\"height:20px\" aria-hidden=\"true\" class=\"wp-block-spacer\"><\/div>\n\n\n\n<figure class=\"wp-block-image alignright size-medium is-resized\"><img fetchpriority=\"high\" decoding=\"async\" width=\"300\" height=\"300\" src=\"https:\/\/adamfayed.com\/wp-content\/uploads\/2024\/01\/candaintern-300x300.webp\" alt=\"Can you keep your RRSP if you leave Canada\" class=\"wp-image-78692\" style=\"width:233px;height:auto\" srcset=\"https:\/\/adamfayed.com\/wp-content\/uploads\/2024\/01\/candaintern-300x300.webp 300w, https:\/\/adamfayed.com\/wp-content\/uploads\/2024\/01\/candaintern-512x512.webp 512w, https:\/\/adamfayed.com\/wp-content\/uploads\/2024\/01\/candaintern-150x150.webp 150w, https:\/\/adamfayed.com\/wp-content\/uploads\/2024\/01\/candaintern.webp 608w\" sizes=\"(max-width: 300px) 100vw, 300px\" \/><\/figure>\n\n\n\n<h3 class=\"wp-block-heading\">Mantenimiento de su cuenta RRSP<\/h3>\n\n\n\n<p>Aunque se traslade al extranjero, puede mantener abierta su cuenta RRSP y seguir gestionando sus inversiones. <\/p>\n\n\n\n<p>Muchos <a href=\"https:\/\/www.statista.com\/topics\/9044\/largest-banks-in-canada\/#topicOverview\" target=\"_blank\" rel=\"noopener\">instituciones financieras de Canad\u00e1<\/a> permiten a los no residentes mantener sus RRSP, pero es fundamental que informe a su entidad financiera de su cambio de estatus de residencia.<\/p>\n\n\n\n<p>Algunas instituciones pueden tener requisitos o restricciones espec\u00edficos para los titulares de RRSP no residentes, por lo que es aconsejable que pida orientaci\u00f3n a su asesor financiero o a la instituci\u00f3n que tenga su RRSP de Canad\u00e1.<\/p>\n\n\n\n<div style=\"height:20px\" aria-hidden=\"true\" class=\"wp-block-spacer\"><\/div>\n\n\n\n<h3 class=\"wp-block-heading\">Consideraciones fiscales y retiradas de fondos RRSP<\/h3>\n\n\n\n<p>Cuando decide retirar dinero de su RRSP como no residente, la entidad financiera est\u00e1 obligada a retener impuestos en funci\u00f3n de los tipos impositivos canadienses. <\/p>\n\n\n\n<p>No obstante, los reintegros tambi\u00e9n pueden estar sujetos a tributaci\u00f3n en su pa\u00eds de residencia, en funci\u00f3n de las leyes y reglamentos fiscales de dicho pa\u00eds. Es aconsejable que consulte con un profesional fiscal que conozca las leyes fiscales canadienses e internacionales para comprender las implicaciones de los retiros del RRSP como no residente.<\/p>\n\n\n\n<div style=\"height:30px\" aria-hidden=\"true\" class=\"wp-block-spacer\"><\/div>\n\n\n\n<h2 class=\"wp-block-heading\"><strong>Posibles alternativas<\/strong><\/h2>\n\n\n\n<p>Como no residente, puede considerar <a href=\"https:\/\/adamfayed.com\/es\/hsbc-expat-review-2023-a-good-solution-for-expats\/\">opciones alternativas de ahorro para la jubilaci\u00f3n<\/a> que se ajusten a las leyes y normativas fiscales de su nuevo pa\u00eds de residencia. <\/p>\n\n\n\n<p>Estas opciones alternativas pueden incluir la jubilaci\u00f3n local <a href=\"https:\/\/adamfayed.com\/es\/investment-options\/savings-account\/\">cuentas de ahorro<\/a>, <a href=\"https:\/\/adamfayed.com\/es\/financial-planning\/personal-financial-planning\/pensions\/\">pensi\u00f3n<\/a> planes, o <a href=\"https:\/\/adamfayed.com\/es\/what-are-the-best-investment-options-for-canadian-expats-in-2023\/\">otros instrumentos de inversi\u00f3n con ventajas fiscales<\/a>. Conocer las opciones de ahorro para la jubilaci\u00f3n disponibles en su nuevo pa\u00eds puede ayudarle a tomar decisiones informadas sobre la gesti\u00f3n de sus finanzas y la planificaci\u00f3n de su jubilaci\u00f3n en el extranjero.<\/p>\n\n\n\n<div style=\"height:20px\" aria-hidden=\"true\" class=\"wp-block-spacer\"><\/div>\n\n\n\n<h3 class=\"wp-block-heading\">Opciones de retirada del RRSP de Canad\u00e1 para no residentes<\/h3>\n\n\n\n<p>Como no residente, tiene varias opciones para retirar el importe de su RRSP. Una opci\u00f3n es retirar el importe \u00edntegro de su RRSP. Sin embargo, como se ha mencionado anteriormente, esto dar\u00e1 lugar a un tipo de retenci\u00f3n fiscal m\u00e1s elevado de 25%. Es importante considerar las implicaciones fiscales antes de tomar una decisi\u00f3n.<\/p>\n\n\n\n<p>Otra opci\u00f3n es convertir su RRSP en una <a href=\"https:\/\/www.canada.ca\/en\/revenue-agency\/services\/tax\/individuals\/topics\/registered-retirement-income-fund-rrif.html\" target=\"_blank\" rel=\"noopener\">Fondo Registrado de Ingresos de Jubilaci\u00f3n (RRIF)<\/a> o una renta vitalicia. De este modo, puede seguir recibiendo pagos regulares de su RRSP, sujetos al tipo de retenci\u00f3n fiscal. Esta opci\u00f3n le proporciona un flujo de ingresos en la jubilaci\u00f3n al tiempo que minimiza el impacto fiscal.<\/p>\n\n\n\n<p>Alternativamente, puede optar por dejar su RRSP como est\u00e1 y dejar que siga creciendo con impuestos diferidos hasta que cumpla 71 a\u00f1os, momento en el que deber\u00e1 convertirlo en un RRIF o una renta vitalicia. <\/p>\n\n\n\n<p>Esta opci\u00f3n permite que sus inversiones crezcan potencialmente con el tiempo, pero deber\u00e1 tener en cuenta las implicaciones fiscales en el momento de la conversi\u00f3n.<\/p>\n\n\n\n<p><strong>\u00bfLe duele la indecisi\u00f3n financiera? <\/strong><\/p>\n\n\n\n<figure class=\"wp-block-image size-large is-resized\"><img decoding=\"async\" width=\"512\" height=\"288\" src=\"https:\/\/adamfayed.com\/wp-content\/uploads\/2025\/03\/Adam-Fayed-Contact_CTA3-512x288.jpg\" alt=\"\" class=\"wp-image-117505\" style=\"width:683px;height:auto\" srcset=\"https:\/\/adamfayed.com\/wp-content\/uploads\/2025\/03\/Adam-Fayed-Contact_CTA3-512x288.jpg 512w, https:\/\/adamfayed.com\/wp-content\/uploads\/2025\/03\/Adam-Fayed-Contact_CTA3-300x169.jpg 300w, https:\/\/adamfayed.com\/wp-content\/uploads\/2025\/03\/Adam-Fayed-Contact_CTA3-768x432.jpg 768w, https:\/\/adamfayed.com\/wp-content\/uploads\/2025\/03\/Adam-Fayed-Contact_CTA3-scaled.jpg 825w\" sizes=\"(max-width: 512px) 100vw, 512px\" \/><\/figure>\n\n\n\n<div style=\"height:10px\" aria-hidden=\"true\" class=\"wp-block-spacer\"><\/div>\n\n\n\n<div class=\"wp-block-buttons is-layout-flex wp-block-buttons-is-layout-flex\">\n<div class=\"wp-block-button\"><a class=\"wp-block-button__link wp-element-button\" href=\"https:\/\/adamfayed.com\/es\/become-adams-client\/\">Convi\u00e9rtase en mi cliente<\/a><\/div>\n\n\n\n<div class=\"wp-block-button\"><a class=\"wp-block-button__link wp-element-button\" href=\"https:\/\/adamfayed.com\/es\/good-match-quiz\/\" target=\"_blank\" rel=\"noreferrer noopener\">Realice el cuestionario de elegibilidad de clientes<\/a><\/div>\n\n\n\n<div class=\"wp-block-button\"><a class=\"wp-block-button__link wp-element-button\" href=\"https:\/\/adamfayed.com\/es\/contact\/\" target=\"_blank\" rel=\"noreferrer noopener\">P\u00f3ngase en contacto con<\/a><\/div>\n<\/div>\n\n\n\n<p><strong>Adam es un autor reconocido internacionalmente en temas financieros, con m\u00e1s de 830 millones de respuestas en Quora, un libro muy vendido en Amazon y colaborador de Forbes.<\/strong><\/p>\n\n\n\n\n\n<p><\/p>","protected":false},"excerpt":{"rendered":"<p>When you move abroad from Canada, you may wonder about the fate of your Registered Retirement Savings Plan (RRSP). A Canada RRSP is a tax-advantaged investment account designed to help Canadians save for retirement. However, the status of your RRSP can change when you become a non-resident of Canada. If you are looking to invest [&hellip;]<\/p>\n","protected":false},"author":16,"featured_media":78691,"parent":0,"menu_order":0,"comment_status":"closed","ping_status":"closed","template":"","meta":{"rop_custom_images_group":[],"rop_custom_messages_group":[],"rop_publish_now":"initial","rop_publish_now_accounts":{"facebook_10166176115445471_100883565069113":""},"rop_publish_now_history":[],"rop_publish_now_status":"pending","footnotes":""},"class_list":["post-78560","page","type-page","status-publish","has-post-thumbnail","hentry"],"_links":{"self":[{"href":"https:\/\/adamfayed.com\/es\/wp-json\/wp\/v2\/pages\/78560","targetHints":{"allow":["GET"]}}],"collection":[{"href":"https:\/\/adamfayed.com\/es\/wp-json\/wp\/v2\/pages"}],"about":[{"href":"https:\/\/adamfayed.com\/es\/wp-json\/wp\/v2\/types\/page"}],"author":[{"embeddable":true,"href":"https:\/\/adamfayed.com\/es\/wp-json\/wp\/v2\/users\/16"}],"replies":[{"embeddable":true,"href":"https:\/\/adamfayed.com\/es\/wp-json\/wp\/v2\/comments?post=78560"}],"version-history":[{"count":2,"href":"https:\/\/adamfayed.com\/es\/wp-json\/wp\/v2\/pages\/78560\/revisions"}],"predecessor-version":[{"id":138130,"href":"https:\/\/adamfayed.com\/es\/wp-json\/wp\/v2\/pages\/78560\/revisions\/138130"}],"wp:featuredmedia":[{"embeddable":true,"href":"https:\/\/adamfayed.com\/es\/wp-json\/wp\/v2\/media\/78691"}],"wp:attachment":[{"href":"https:\/\/adamfayed.com\/es\/wp-json\/wp\/v2\/media?parent=78560"}],"curies":[{"name":"wp","href":"https:\/\/api.w.org\/{rel}","templated":true}]}}