{"id":78705,"date":"2024-02-26T07:52:47","date_gmt":"2024-02-26T07:52:47","guid":{"rendered":"https:\/\/adamfayed.com\/?page_id=78705"},"modified":"2025-11-18T08:41:16","modified_gmt":"2025-11-18T08:41:16","slug":"stocks","status":"publish","type":"page","link":"https:\/\/adamfayed.com\/es\/investment-options\/stocks\/","title":{"rendered":"\u00bfQu\u00e9 son las acciones y c\u00f3mo invertir en ellas?"},"content":{"rendered":"<p>Las acciones son <a href=\"https:\/\/adamfayed.com\/es\/investment-options\/\" target=\"_blank\" rel=\"noreferrer noopener\">opciones de inversi\u00f3n<\/a> que suelen formar parte de una cartera de inversi\u00f3n.<\/p>\n\n\n\n<p>Si desea invertir como expatriado o particular con un elevado patrimonio neto, que es en lo que estoy especializado, puede enviarme un correo electr\u00f3nico (advice@adamfayed.com) o WhatsApp (+44-7393-450-837).<\/p>\n\n\n\n<p>En esta p\u00e1gina se explica qu\u00e9 son exactamente las acciones:<\/p>\n\n\n\n<ul class=\"wp-block-list\">\n<li>\u00bfQu\u00e9 son las acciones y c\u00f3mo funcionan?\n<ul class=\"wp-block-list\">\n<li>Tipos de acciones<\/li>\n\n\n\n<li>Ventajas de invertir en acciones<\/li>\n\n\n\n<li>Riesgos asociados a la inversi\u00f3n en bolsa<\/li>\n<\/ul>\n<\/li>\n\n\n\n<li>C\u00f3mo comprar y vender acciones\n<ul class=\"wp-block-list\">\n<li>\u00bfQu\u00e9 son los \u00edndices burs\u00e1tiles?<\/li>\n\n\n\n<li>\u00bfQu\u00e9 influye en la cotizaci\u00f3n de las acciones?<\/li>\n<\/ul>\n<\/li>\n\n\n\n<li>Consejos para invertir con \u00e9xito en bolsa<\/li>\n<\/ul>\n\n\n\n<div style=\"height:30px\" aria-hidden=\"true\" class=\"wp-block-spacer\"><\/div>\n\n\n\n<h2 class=\"wp-block-heading\"><strong>\u00bfQu\u00e9 son las acciones y c\u00f3mo funcionan?<\/strong><\/h2>\n\n\n\n<div class=\"wp-block-group is-layout-constrained wp-block-group-is-layout-constrained\">\n<figure class=\"wp-block-image alignright size-medium is-resized\"><img fetchpriority=\"high\" decoding=\"async\" width=\"300\" height=\"300\" src=\"https:\/\/adamfayed.com\/wp-content\/uploads\/2024\/02\/what-are-stocks-300x300.webp\" alt=\"what are stocks and how they work\" class=\"wp-image-81336\" style=\"width:222px;height:auto\" srcset=\"https:\/\/adamfayed.com\/wp-content\/uploads\/2024\/02\/what-are-stocks-300x300.webp 300w, https:\/\/adamfayed.com\/wp-content\/uploads\/2024\/02\/what-are-stocks-512x512.webp 512w, https:\/\/adamfayed.com\/wp-content\/uploads\/2024\/02\/what-are-stocks-150x150.webp 150w, https:\/\/adamfayed.com\/wp-content\/uploads\/2024\/02\/what-are-stocks-768x768.webp 768w, https:\/\/adamfayed.com\/wp-content\/uploads\/2024\/02\/what-are-stocks-scaled.webp 825w\" sizes=\"(max-width: 300px) 100vw, 300px\" \/><\/figure>\n<\/div>\n\n\n\n<p>Las acciones, tambi\u00e9n conocidas como t\u00edtulos o participaciones, representan la propiedad de una empresa. Al poseer una acci\u00f3n, se convierte en accionista, lo que significa que tiene derecho a voto y a una parte de los activos y beneficios de la empresa. Invertir en acciones puede ofrecer oportunidades de crecimiento del capital y la posibilidad de obtener dividendos.<\/p>\n\n\n\n<p>Las empresas emiten acciones como forma de obtener capital para financiar sus operaciones y su crecimiento. <\/p>\n\n\n\n<p>Se negocian en bolsas, que son plataformas donde compradores y vendedores se re\u00fanen para negociar acciones.<\/p>\n\n\n\n<div style=\"height:20px\" aria-hidden=\"true\" class=\"wp-block-spacer\"><\/div>\n\n\n\n<h3 class=\"wp-block-heading\">Tipos de acciones<\/h3>\n\n\n\n<ul class=\"wp-block-list\">\n<li>Acciones ordinarias: Son el tipo m\u00e1s b\u00e1sico de acciones. Al comprar una acci\u00f3n ordinaria, te conviertes en propietario parcial de la empresa y tienes derecho a votar en los asuntos de la empresa. Los accionistas ordinarios tienen derecho a los beneficios y activos de la empresa una vez cumplidas otras obligaciones.<\/li>\n<\/ul>\n\n\n\n<p><\/p>\n\n\n\n<ul class=\"wp-block-list\">\n<li>Acciones preferentes: Son un tipo de acciones que tienen un mayor derecho sobre los activos y beneficios de la empresa en comparaci\u00f3n con las acciones ordinarias. Los accionistas preferentes tienen un pago fijo de dividendos y se les paga antes que a los accionistas ordinarios. Sin embargo, los accionistas preferentes no suelen tener derecho a voto.<\/li>\n<\/ul>\n\n\n\n<p><\/p>\n\n\n\n<ul class=\"wp-block-list\">\n<li>Acciones Blue-Chip: Son acciones de empresas bien establecidas con un historial de beneficios y pagos de dividendos estables. Estas empresas suelen ser l\u00edderes en sus sectores y se consideran inversiones fiables.<\/li>\n<\/ul>\n\n\n\n<p><\/p>\n\n\n\n<ul class=\"wp-block-list\">\n<li>Acciones de crecimiento: Son acciones de empresas que se espera que crezcan a un ritmo superior a la media en comparaci\u00f3n con otras empresas del mercado. Normalmente no pagan dividendos, ya que la empresa reinvierte sus beneficios en su crecimiento.<\/li>\n<\/ul>\n\n\n\n<p><\/p>\n\n\n\n<ul class=\"wp-block-list\">\n<li>Acciones de valor: Son acciones de empresas que el mercado considera infravaloradas. Los inversores buscan acciones de valor que tengan un precio inferior en comparaci\u00f3n con su valor intr\u00ednseco, en la creencia de que el mercado acabar\u00e1 reconociendo el verdadero valor de la empresa.<\/li>\n<\/ul>\n\n\n\n<p><\/p>\n\n\n\n<ul class=\"wp-block-list\">\n<li><a href=\"https:\/\/adamfayed.com\/es\/investment-options\/dividend-stocks\/\">Acciones con dividendos<\/a>: Son acciones de empresas que distribuyen regularmente una parte de sus beneficios a los accionistas en forma de dividendos. Son las preferidas de los inversores que buscan un flujo constante de ingresos. La selecci\u00f3n de las <a href=\"https:\/\/adamfayed.com\/es\/investment-options\/what-are-stocks\/best-dividend-stocks-to-buy-and-hold\/\">las mejores acciones de dividendos para comprar y mantener<\/a> permite a los inversores construir una cartera s\u00f3lida. Conocer las <a href=\"https:\/\/adamfayed.com\/es\/investment-options\/stocks\/pros-and-cons-of-investing-in-dividend-stocks\/\">pros y contras de invertir en acciones con dividendos<\/a> es importante para <a href=\"https:\/\/adamfayed.com\/es\/financial-planning\/personal-financial-planning\/\">planificaci\u00f3n financiera personal<\/a>. <\/li>\n<\/ul>\n\n\n\n<div style=\"height:20px\" aria-hidden=\"true\" class=\"wp-block-spacer\"><\/div>\n\n\n\n<h3 class=\"wp-block-heading\">Ventajas e inconvenientes de invertir en acciones<\/h3>\n\n\n\n<div class=\"wp-block-group is-layout-constrained wp-block-group-is-layout-constrained\">\n<figure class=\"wp-block-image alignright size-medium is-resized\"><img decoding=\"async\" width=\"300\" height=\"300\" src=\"https:\/\/adamfayed.com\/wp-content\/uploads\/2024\/02\/Pros-and-cons-of-investing-in-stocks-1-300x300.webp\" alt=\"Pros and cons of investing in stocks\" class=\"wp-image-81338\" style=\"width:263px;height:auto\" srcset=\"https:\/\/adamfayed.com\/wp-content\/uploads\/2024\/02\/Pros-and-cons-of-investing-in-stocks-1-300x300.webp 300w, https:\/\/adamfayed.com\/wp-content\/uploads\/2024\/02\/Pros-and-cons-of-investing-in-stocks-1-512x512.webp 512w, https:\/\/adamfayed.com\/wp-content\/uploads\/2024\/02\/Pros-and-cons-of-investing-in-stocks-1-150x150.webp 150w, https:\/\/adamfayed.com\/wp-content\/uploads\/2024\/02\/Pros-and-cons-of-investing-in-stocks-1-768x768.webp 768w, https:\/\/adamfayed.com\/wp-content\/uploads\/2024\/02\/Pros-and-cons-of-investing-in-stocks-1-scaled.webp 825w\" sizes=\"(max-width: 300px) 100vw, 300px\" \/><\/figure>\n<\/div>\n\n\n\n<h4 class=\"wp-block-heading\">Ventajas de invertir en acciones<\/h4>\n\n\n\n<ul class=\"wp-block-list\">\n<li>Potencial de mayores rendimientos: Hist\u00f3ricamente, la renta variable ha proporcionado rendimientos medios superiores a los de otras clases de activos a largo plazo. Aunque no existen garant\u00edas, tienen el potencial de generar un importante crecimiento del capital.<\/li>\n<\/ul>\n\n\n\n<p><\/p>\n\n\n\n<ul class=\"wp-block-list\">\n<li>Propiedad y derecho de voto: Cuando las posees, te conviertes en propietario parcial de la empresa y tienes derecho a voto en los asuntos de la empresa.<\/li>\n<\/ul>\n\n\n\n<p><\/p>\n\n\n\n<ul class=\"wp-block-list\">\n<li>Liquidez: Se trata de inversiones muy l\u00edquidas, lo que significa que pueden comprarse y venderse r\u00e1pidamente en las bolsas.<\/li>\n<\/ul>\n\n\n\n<p><\/p>\n\n\n\n<ul class=\"wp-block-list\">\n<li>Diversificaci\u00f3n: Invertir en renta variable le permite diversificar su cartera repartiendo sus inversiones entre distintas empresas y sectores.<\/li>\n<\/ul>\n\n\n\n<p><\/p>\n\n\n\n<ul class=\"wp-block-list\">\n<li>Ingresos por dividendos: Algunos pagan dividendos, lo que puede proporcionar un flujo constante de ingresos a los inversores.<\/li>\n<\/ul>\n\n\n\n<div style=\"height:20px\" aria-hidden=\"true\" class=\"wp-block-spacer\"><\/div>\n\n\n\n<h4 class=\"wp-block-heading\">Riesgos asociados a la inversi\u00f3n en bolsa<\/h4>\n\n\n\n<p>Los precios de las acciones pueden ser muy vol\u00e1tiles, lo que significa que pueden fluctuar significativamente en un corto periodo de tiempo. Esta volatilidad puede dar lugar a ganancias o p\u00e9rdidas sustanciales, dependiendo del momento en que se realice la inversi\u00f3n.<\/p>\n\n\n\n<p>Invertir en acciones individuales tambi\u00e9n le expone a riesgos espec\u00edficos de la empresa, como malos resultados financieros, problemas de gesti\u00f3n o problemas legales.<\/p>\n\n\n\n<p>Naturalmente, la salud general de la econom\u00eda puede influir en las cotizaciones burs\u00e1tiles. Las recesiones o desaceleraciones econ\u00f3micas pueden provocar una disminuci\u00f3n del gasto de los consumidores y de los beneficios de las empresas, lo que puede afectar negativamente a las cotizaciones burs\u00e1tiles.<\/p>\n\n\n\n<p>Esto significa que los cambios en los tipos de inter\u00e9s pueden afectar a las cotizaciones burs\u00e1tiles. Cuando los tipos de inter\u00e9s suben, los costes de los pr\u00e9stamos aumentan para las empresas, lo que puede dar lugar a menores beneficios y a posibles descensos de las cotizaciones burs\u00e1tiles.<\/p>\n\n\n\n<p>Adem\u00e1s, aunque en general se trata de inversiones l\u00edquidas, puede haber casos en los que no pueda vender sus acciones al precio deseado debido a los bajos vol\u00famenes de negociaci\u00f3n o a las perturbaciones del mercado.<\/p>\n\n\n\n<div style=\"height:30px\" aria-hidden=\"true\" class=\"wp-block-spacer\"><\/div>\n\n\n\n<h2 class=\"wp-block-heading\"><strong>C\u00f3mo comprar y vender acciones<\/strong><\/h2>\n\n\n\n<p>He aqu\u00ed una gu\u00eda paso a paso sobre c\u00f3mo invertir en acciones seg\u00fan <a href=\"https:\/\/www.forbes.com\/advisor\/investing\/how-to-buy-stocks\/\" target=\"_blank\" rel=\"noopener\">Forbes<\/a>:<\/p>\n\n\n\n<ul class=\"wp-block-list\">\n<li>Abra una cuenta de corretaje: Tendr\u00e1 que abrir una cuenta de corretaje en una empresa de corretaje de confianza. Investiga diferentes corredores y elige uno que se adapte a tus necesidades en cuanto a comisiones, plataforma de negociaci\u00f3n, servicio de atenci\u00f3n al cliente y recursos educativos.<\/li>\n<\/ul>\n\n\n\n<p><\/p>\n\n\n\n<ul class=\"wp-block-list\">\n<li>Deposite fondos en su cuenta: Una vez que haya seleccionado un corredor de bolsa, transfiera dinero de su cuenta bancaria a su cuenta de corretaje<\/li>\n<\/ul>\n\n\n\n<p><\/p>\n\n\n\n<ul class=\"wp-block-list\">\n<li>Investiga: Investigue a fondo las empresas que le interesan. Considere factores como la salud financiera de la empresa, las tendencias del sector, la posici\u00f3n competitiva y las perspectivas de crecimiento.<\/li>\n<\/ul>\n\n\n\n<p><\/p>\n\n\n\n<ul class=\"wp-block-list\">\n<li>Coloque una orden: Una vez seleccionadas las acciones que desea comprar, coloque una orden a trav\u00e9s de la plataforma de negociaci\u00f3n de su corredur\u00eda. Puede elegir entre \u00f3rdenes a mercado, que se ejecutan inmediatamente al precio vigente en el mercado, u \u00f3rdenes limitadas, que le permiten especificar el precio m\u00e1ximo que est\u00e1 dispuesto a pagar.<\/li>\n<\/ul>\n\n\n\n<p><\/p>\n\n\n\n<ul class=\"wp-block-list\">\n<li>Supervise sus inversiones: Mant\u00e9ngase al tanto de las noticias de las empresas, los anuncios de beneficios y las tendencias del mercado que puedan afectar al valor de sus acciones.<\/li>\n<\/ul>\n\n\n\n<p><\/p>\n\n\n\n<ul class=\"wp-block-list\">\n<li>Decida cu\u00e1ndo vender: Cuando llegue el momento de vender, tenga en cuenta factores como sus objetivos de inversi\u00f3n, el rendimiento de la empresa y las condiciones del mercado.<\/li>\n<\/ul>\n\n\n\n<p><\/p>\n\n\n\n<ul class=\"wp-block-list\">\n<li>Hay que tener en cuenta que la compra y venta de acciones conlleva comisiones de corretaje y posibles implicaciones fiscales. <\/li>\n<\/ul>\n\n\n\n<div style=\"height:20px\" aria-hidden=\"true\" class=\"wp-block-spacer\"><\/div>\n\n\n\n<h3 class=\"wp-block-heading\">\u00bfQu\u00e9 son los \u00edndices burs\u00e1tiles?<\/h3>\n\n\n\n<p>Los \u00edndices burs\u00e1tiles son referencias que miden el rendimiento de un grupo de valores representativos de un mercado o sector concreto. Estos \u00edndices permiten conocer la salud y las tendencias generales del mercado burs\u00e1til.<\/p>\n\n\n\n<p>El \u00edndice industrial Dow Jones (<a href=\"https:\/\/www.spglobal.com\/spdji\/en\/indices\/equity\/dow-jones-industrial-average\/\" target=\"_blank\" rel=\"noopener\">DJIA<\/a>) es uno de los \u00edndices burs\u00e1tiles m\u00e1s antiguos y seguidos. Est\u00e1 compuesto por 30 grandes empresas que cotizan en bolsa y representan a diversos sectores.<\/p>\n\n\n\n<div class=\"wp-block-group is-layout-constrained wp-block-group-is-layout-constrained\">\n<figure class=\"wp-block-image alignright size-medium is-resized\"><img decoding=\"async\" width=\"300\" height=\"300\" src=\"https:\/\/adamfayed.com\/wp-content\/uploads\/2024\/01\/calcul-300x300.webp\" alt=\"What are stock market indices?\" class=\"wp-image-78707\" style=\"width:227px;height:auto\" srcset=\"https:\/\/adamfayed.com\/wp-content\/uploads\/2024\/01\/calcul-300x300.webp 300w, https:\/\/adamfayed.com\/wp-content\/uploads\/2024\/01\/calcul-512x512.webp 512w, https:\/\/adamfayed.com\/wp-content\/uploads\/2024\/01\/calcul-150x150.webp 150w, https:\/\/adamfayed.com\/wp-content\/uploads\/2024\/01\/calcul.webp 608w\" sizes=\"(max-width: 300px) 100vw, 300px\" \/><\/figure>\n<\/div>\n\n\n\n<p>En <a href=\"https:\/\/adamfayed.com\/es\/review-articles\/sp-500-investing-investors-trust-reviews\/\" target=\"_blank\" rel=\"noreferrer noopener\">S&amp;P 500<\/a> es un \u00edndice m\u00e1s amplio que incluye 500 valores de gran capitalizaci\u00f3n de empresas l\u00edderes en distintos sectores. Suele utilizarse como indicador del rendimiento general del mercado burs\u00e1til estadounidense.<\/p>\n\n\n\n<p>En <a href=\"https:\/\/www.nasdaq.com\/\" target=\"_blank\" rel=\"noopener\">NASDAQ<\/a> Composite es un \u00edndice que sigue la evoluci\u00f3n de todos los valores que cotizan en la bolsa NASDAQ. Es conocido por su fuerte representaci\u00f3n de empresas tecnol\u00f3gicas.<\/p>\n\n\n\n<p>En <a href=\"https:\/\/www.londonstockexchange.com\/indices\/ftse-100\" target=\"_blank\" rel=\"noopener\">FTSE 100 <\/a>es un \u00edndice que incluye las 100 mayores empresas cotizadas en la Bolsa de Londres. Representa una parte significativa del mercado burs\u00e1til brit\u00e1nico.<\/p>\n\n\n\n<p>En <a href=\"https:\/\/indexes.nikkei.co.jp\/en\/nkave\/index\/profile?idx=nk225\" target=\"_blank\" rel=\"noopener\">Nikkei 225<\/a> es un \u00edndice burs\u00e1til que sigue la evoluci\u00f3n de 225 grandes empresas cotizadas en la Bolsa de Tokio. Es un indicador clave del mercado burs\u00e1til japon\u00e9s.<\/p>\n\n\n\n<div style=\"height:20px\" aria-hidden=\"true\" class=\"wp-block-spacer\"><\/div>\n\n\n\n<h3 class=\"wp-block-heading\">\u00bfQu\u00e9 influye en la cotizaci\u00f3n de las acciones?<\/h3>\n\n\n\n<ul class=\"wp-block-list\">\n<li>Beneficios y rentabilidad: Un fuerte crecimiento de los beneficios y la rentabilidad suelen considerarse se\u00f1ales positivas para los inversores.<\/li>\n<\/ul>\n\n\n\n<p><\/p>\n\n\n\n<ul class=\"wp-block-list\">\n<li>Tendencias del sector y del mercado: Las tendencias positivas del sector o las condiciones del mercado pueden hacer subir los precios de las acciones, mientras que las tendencias negativas pueden provocar descensos.<\/li>\n<\/ul>\n\n\n\n<p><\/p>\n\n\n\n<ul class=\"wp-block-list\">\n<li>Noticias y anuncios de la empresa: Las noticias y anuncios relacionados con una empresa, como el lanzamiento de nuevos productos, asociaciones o resultados financieros, pueden tener un impacto significativo en el precio de sus acciones. Las noticias positivas suelen provocar subidas, mientras que las negativas pueden dar lugar a descensos.<\/li>\n<\/ul>\n\n\n\n<p><\/p>\n\n\n\n<ul class=\"wp-block-list\">\n<li>Factores macroecon\u00f3micos: Los indicadores econ\u00f3micos, como el crecimiento del PIB, los tipos de inter\u00e9s, la inflaci\u00f3n y las tasas de desempleo, pueden influir en las cotizaciones burs\u00e1tiles. <\/li>\n<\/ul>\n\n\n\n<p><\/p>\n\n\n\n<ul class=\"wp-block-list\">\n<li>Sentimiento de los inversores: La confianza de los inversores, es decir, su estado de \u00e1nimo y perspectivas generales, puede influir en las cotizaciones burs\u00e1tiles. <\/li>\n<\/ul>\n\n\n\n<p><\/p>\n\n\n\n<ul class=\"wp-block-list\">\n<li>Oferta y demanda del mercado: Si hay m\u00e1s compradores que vendedores, los precios de las acciones tienden a subir, y si hay m\u00e1s vendedores que compradores, los precios de las acciones tienden a bajar.<\/li>\n<\/ul>\n\n\n\n<div style=\"height:30px\" aria-hidden=\"true\" class=\"wp-block-spacer\"><\/div>\n\n\n\n<h2 class=\"wp-block-heading\"><strong>Consejos para invertir con \u00e9xito en bolsa<\/strong><\/h2>\n\n\n\n<p>Estos son algunos consejos que le ayudar\u00e1n a <a href=\"https:\/\/adamfayed.com\/es\/what-are-the-best-investment-options-for-uk-expats-in-2022\/\">buenas inversiones<\/a>:<\/p>\n\n\n\n<ul class=\"wp-block-list\">\n<li>Establezca objetivos de inversi\u00f3n claros: Antes de invertir, sepa qu\u00e9 son las acciones y defina sus objetivos de inversi\u00f3n, como la acumulaci\u00f3n de riqueza, la planificaci\u00f3n de la jubilaci\u00f3n o la financiaci\u00f3n de un objetivo financiero concreto.<\/li>\n<\/ul>\n\n\n\n<p><\/p>\n\n\n\n<ul class=\"wp-block-list\">\n<li>Diversifique su cartera: La diversificaci\u00f3n es clave para gestionar el riesgo. Reparta sus participaciones entre distintas empresas de inversi\u00f3n, sectores y clases de activos. <\/li>\n<\/ul>\n\n\n\n<p><\/p>\n\n\n\n<ul class=\"wp-block-list\">\n<li>Mant\u00e9ngase informado: Mant\u00e9ngase al d\u00eda de las noticias del mercado, las tendencias econ\u00f3micas y la evoluci\u00f3n de las empresas que puedan afectar a sus inversiones. <\/li>\n<\/ul>\n\n\n\n<p><\/p>\n\n\n\n<ul class=\"wp-block-list\">\n<li>Invierta a largo plazo: C\u00e9ntrese en los fundamentos de las empresas en las que invierte y evite tomar decisiones impulsivas basadas en las fluctuaciones del mercado a corto plazo.<\/li>\n<\/ul>\n\n\n\n<p><\/p>\n\n\n\n<ul class=\"wp-block-list\">\n<li>Considere la posibilidad de trabajar con un asesor financiero: Si es la primera vez que invierte o necesita asesoramiento, considere la posibilidad de trabajar con un asesor financiero. <a href=\"https:\/\/adamfayed.com\/es\/financial-planning\/expat-financial-advisor\/\">asesor financiero<\/a> que puede ofrecerle asesoramiento personalizado en funci\u00f3n de su situaci\u00f3n financiera y sus objetivos.<\/li>\n<\/ul>\n\n\n\n<p><\/p>\n\n\n\n<p><strong>\u00bfLe duele la indecisi\u00f3n financiera? <\/strong><\/p>\n\n\n\n<figure class=\"wp-block-image size-large is-resized\"><img loading=\"lazy\" decoding=\"async\" width=\"512\" height=\"288\" src=\"https:\/\/adamfayed.com\/wp-content\/uploads\/2025\/03\/Adam-Fayed-Contact_CTA3-512x288.jpg\" alt=\"\" class=\"wp-image-117505\" style=\"width:683px;height:auto\" srcset=\"https:\/\/adamfayed.com\/wp-content\/uploads\/2025\/03\/Adam-Fayed-Contact_CTA3-512x288.jpg 512w, https:\/\/adamfayed.com\/wp-content\/uploads\/2025\/03\/Adam-Fayed-Contact_CTA3-300x169.jpg 300w, https:\/\/adamfayed.com\/wp-content\/uploads\/2025\/03\/Adam-Fayed-Contact_CTA3-768x432.jpg 768w, https:\/\/adamfayed.com\/wp-content\/uploads\/2025\/03\/Adam-Fayed-Contact_CTA3-scaled.jpg 825w\" sizes=\"(max-width: 512px) 100vw, 512px\" \/><\/figure>\n\n\n\n<div style=\"height:10px\" aria-hidden=\"true\" class=\"wp-block-spacer\"><\/div>\n\n\n\n<div class=\"wp-block-buttons is-layout-flex wp-block-buttons-is-layout-flex\">\n<div class=\"wp-block-button\"><a class=\"wp-block-button__link wp-element-button\" href=\"https:\/\/adamfayed.com\/es\/become-adams-client\/\">Convi\u00e9rtase en mi cliente<\/a><\/div>\n\n\n\n<div class=\"wp-block-button\"><a class=\"wp-block-button__link wp-element-button\" href=\"https:\/\/adamfayed.com\/es\/good-match-quiz\/\" target=\"_blank\" rel=\"noreferrer noopener\">Realice el cuestionario de elegibilidad de clientes<\/a><\/div>\n\n\n\n<div class=\"wp-block-button\"><a class=\"wp-block-button__link wp-element-button\" href=\"https:\/\/adamfayed.com\/es\/contact\/\" target=\"_blank\" rel=\"noreferrer noopener\">P\u00f3ngase en contacto con<\/a><\/div>\n<\/div>\n\n\n\n<p><strong>Adam es un autor reconocido internacionalmente en temas financieros, con m\u00e1s de 830 millones de respuestas en Quora, un libro muy vendido en Amazon y colaborador de Forbes.<\/strong><\/p>","protected":false},"excerpt":{"rendered":"<p>\u00bfQu\u00e9 son las acciones y c\u00f3mo invertir en ellas?<\/p>","protected":false},"author":14,"featured_media":78706,"parent":79603,"menu_order":0,"comment_status":"open","ping_status":"closed","template":"","meta":{"rop_custom_images_group":[],"rop_custom_messages_group":[],"rop_publish_now":"initial","rop_publish_now_accounts":{"facebook_10166176115445471_100883565069113":""},"rop_publish_now_history":[],"rop_publish_now_status":"pending","footnotes":""},"class_list":["post-78705","page","type-page","status-publish","has-post-thumbnail","hentry"],"_links":{"self":[{"href":"https:\/\/adamfayed.com\/es\/wp-json\/wp\/v2\/pages\/78705","targetHints":{"allow":["GET"]}}],"collection":[{"href":"https:\/\/adamfayed.com\/es\/wp-json\/wp\/v2\/pages"}],"about":[{"href":"https:\/\/adamfayed.com\/es\/wp-json\/wp\/v2\/types\/page"}],"author":[{"embeddable":true,"href":"https:\/\/adamfayed.com\/es\/wp-json\/wp\/v2\/users\/14"}],"replies":[{"embeddable":true,"href":"https:\/\/adamfayed.com\/es\/wp-json\/wp\/v2\/comments?post=78705"}],"version-history":[{"count":2,"href":"https:\/\/adamfayed.com\/es\/wp-json\/wp\/v2\/pages\/78705\/revisions"}],"predecessor-version":[{"id":234802,"href":"https:\/\/adamfayed.com\/es\/wp-json\/wp\/v2\/pages\/78705\/revisions\/234802"}],"up":[{"embeddable":true,"href":"https:\/\/adamfayed.com\/es\/wp-json\/wp\/v2\/pages\/79603"}],"wp:featuredmedia":[{"embeddable":true,"href":"https:\/\/adamfayed.com\/es\/wp-json\/wp\/v2\/media\/78706"}],"wp:attachment":[{"href":"https:\/\/adamfayed.com\/es\/wp-json\/wp\/v2\/media?parent=78705"}],"curies":[{"name":"wp","href":"https:\/\/api.w.org\/{rel}","templated":true}]}}