{"id":78742,"date":"2024-02-19T07:21:11","date_gmt":"2024-02-19T07:21:11","guid":{"rendered":"https:\/\/adamfayed.com\/?page_id=78742"},"modified":"2025-03-25T11:56:46","modified_gmt":"2025-03-25T11:56:46","slug":"benefits-of-mutual-funds","status":"publish","type":"page","link":"https:\/\/adamfayed.com\/es\/investment-options\/mutual-funds\/benefits-of-mutual-funds\/","title":{"rendered":"Ventajas de los fondos de inversi\u00f3n"},"content":{"rendered":"<p>Las ventajas de <a href=\"https:\/\/adamfayed.com\/es\/investment-options\/mutual-funds\/\" data-type=\"link\" data-id=\"https:\/\/adamfayed.com\/investment-options\/mutual-funds\/\">fondos de inversi\u00f3n<\/a> sobre el individuo <a href=\"https:\/\/adamfayed.com\/es\/investment-options\/stocks\/\" data-type=\"link\" data-id=\"https:\/\/adamfayed.com\/investment-options\/stocks\/\">stock<\/a> o <a href=\"https:\/\/adamfayed.com\/es\/investment-options\/offshore-investment-bonds\/\" data-type=\"link\" data-id=\"https:\/\/adamfayed.com\/investment-options\/offshore-investment-bonds\/\">bono <\/a>invirtiendo.<\/p>\n\n\n\n<p>Lo primero y m\u00e1s importante, <a href=\"https:\/\/www.investor.gov\/introduction-investing\/investing-basics\/investment-products\/mutual-funds-and-exchange-traded-1\" target=\"_blank\" rel=\"noopener\">fondos de inversi\u00f3n<\/a> proporcionan acceso a conocimientos profesionales. Otra ventaja de los fondos de inversi\u00f3n es la liquidez y la diversificaci\u00f3n.<\/p>\n\n\n\n<p>Si desea invertir como expatriado o particular con un elevado patrimonio neto, que es en lo que estoy especializado, puede enviarme un correo electr\u00f3nico (advice@adamfayed.com) o WhatsApp (+44-7393-450-837).<\/p>\n\n\n\n<p>En esta p\u00e1gina trataremos en detalle las ventajas de la inversi\u00f3n en fondos de inversi\u00f3n:<\/p>\n\n\n\n<ul class=\"wp-block-list\">\n<li>\u00bfCu\u00e1les son las ventajas de los fondos de inversi\u00f3n?\n<ul class=\"wp-block-list\">\n<li>Diversificaci\u00f3n<\/li>\n\n\n\n<li>Gesti\u00f3n financiera profesional<\/li>\n\n\n\n<li>Liquidez<\/li>\n\n\n\n<li>Flexibilidad<\/li>\n\n\n\n<li>Potencial de mayores rendimientos<\/li>\n\n\n\n<li>Beneficios fiscales<\/li>\n\n\n\n<li>Conveniencia<\/li>\n<\/ul>\n<\/li>\n\n\n\n<li>Principales conclusiones<\/li>\n<\/ul>\n\n\n\n<div style=\"height:29px\" aria-hidden=\"true\" class=\"wp-block-spacer\"><\/div>\n\n\n\n<figure class=\"wp-block-image alignright size-medium is-resized\"><img fetchpriority=\"high\" decoding=\"async\" width=\"300\" height=\"300\" src=\"https:\/\/adamfayed.com\/wp-content\/uploads\/2024\/01\/coinsinjar-300x300.webp\" alt=\"benefits of mutual funds investment \" class=\"wp-image-78744\" style=\"width:265px;height:auto\" srcset=\"https:\/\/adamfayed.com\/wp-content\/uploads\/2024\/01\/coinsinjar-300x300.webp 300w, https:\/\/adamfayed.com\/wp-content\/uploads\/2024\/01\/coinsinjar-512x512.webp 512w, https:\/\/adamfayed.com\/wp-content\/uploads\/2024\/01\/coinsinjar-150x150.webp 150w, https:\/\/adamfayed.com\/wp-content\/uploads\/2024\/01\/coinsinjar.webp 608w\" sizes=\"(max-width: 300px) 100vw, 300px\" \/><\/figure>\n\n\n\n<h2 class=\"wp-block-heading\"><strong>\u00bfCu\u00e1les son las ventajas de los fondos de inversi\u00f3n?<\/strong><\/h2>\n\n\n\n<p><\/p>\n\n\n\n<h3 class=\"wp-block-heading\">Diversificaci\u00f3n: Repartir el riesgo mediante la inversi\u00f3n en fondos de inversi\u00f3n<\/h3>\n\n\n\n<p>Una de las ventajas m\u00e1s importantes de los fondos de inversi\u00f3n es la diversificaci\u00f3n. Al invertir en un fondo de inversi\u00f3n, su dinero se reparte entre diversos activos. Esta diversificaci\u00f3n ayuda a reducir el impacto de una sola inversi\u00f3n en su cartera global. Por ejemplo, si una acci\u00f3n de la cartera del fondo tiene un mal comportamiento, el impacto en su inversi\u00f3n se minimiza porque es s\u00f3lo una peque\u00f1a parte de sus participaciones.<\/p>\n\n\n\n<div style=\"height:20px\" aria-hidden=\"true\" class=\"wp-block-spacer\"><\/div>\n\n\n\n<h3 class=\"wp-block-heading\">Gesti\u00f3n financiera profesional: La experiencia de los gestores de fondos<\/h3>\n\n\n\n<p>Otra ventaja de los fondos de inversi\u00f3n es la gesti\u00f3n profesional que ofrecen. Los gestores de fondos cualificados toman las decisiones de inversi\u00f3n en nombre de los inversores, ahorr\u00e1ndoles tiempo y esfuerzo. Estos profesionales tienen un profundo conocimiento del mercado y pueden navegar por \u00e9l para buscar oportunidades y maximizar los rendimientos.<\/p>\n\n\n\n<div style=\"height:20px\" aria-hidden=\"true\" class=\"wp-block-spacer\"><\/div>\n\n\n\n<h3 class=\"wp-block-heading\">Liquidez: F\u00e1cil acceso a su inversi\u00f3n<\/h3>\n\n\n\n<p>Los fondos de inversi\u00f3n ofrecen una gran liquidez, lo que significa que puede comprar o vender f\u00e1cilmente sus participaciones en cualquier momento. A diferencia de ciertas inversiones como <a href=\"https:\/\/adamfayed.com\/es\/real-estate\/is-real-estate-a-good-investment-for-expats\/\" data-type=\"link\" data-id=\"https:\/\/adamfayed.com\/real-estate\/is-real-estate-a-good-investment-for-expats\/\">inmobiliario<\/a> o los dep\u00f3sitos a plazo fijo, que pueden tener restricciones de retirada o requerir un compromiso temporal m\u00e1s largo, los fondos de inversi\u00f3n proporcionan un acceso r\u00e1pido a su inversi\u00f3n.<\/p>\n\n\n\n<div style=\"height:20px\" aria-hidden=\"true\" class=\"wp-block-spacer\"><\/div>\n\n\n\n<h3 class=\"wp-block-heading\">Flexibilidad: Diferentes tipos de fondos de inversi\u00f3n para adaptarse a sus objetivos de inversi\u00f3n<\/h3>\n\n\n\n<p>Los fondos de inversi\u00f3n ofrecen una amplia gama de opciones que se adaptan a diferentes objetivos de inversi\u00f3n y apetitos de riesgo. <\/p>\n\n\n\n<div style=\"height:20px\" aria-hidden=\"true\" class=\"wp-block-spacer\"><\/div>\n\n\n\n<h3 class=\"wp-block-heading\">Potencial de mayores rendimientos: Aprovechar el poder del mercado<\/h3>\n\n\n\n<p>Invertir en fondos de inversi\u00f3n le brinda la oportunidad de participar en el crecimiento potencial del mercado. A largo plazo, el mercado burs\u00e1til ha proporcionado hist\u00f3ricamente mayores rendimientos en comparaci\u00f3n con otras <a href=\"https:\/\/adamfayed.com\/es\/investment-options\/\" data-type=\"link\" data-id=\"https:\/\/adamfayed.com\/investment-options\/\">opciones de inversi\u00f3n<\/a> como dep\u00f3sitos a plazo fijo o <a href=\"https:\/\/adamfayed.com\/es\/review-articles\/zurich-international-vista-savings-plan-review\/\">cuentas de ahorro<\/a>.<\/p>\n\n\n\n<div style=\"height:20px\" aria-hidden=\"true\" class=\"wp-block-spacer\"><\/div>\n\n\n\n<h3 class=\"wp-block-heading\">Ventajas fiscales: Ahorro de impuestos gracias a los fondos de inversi\u00f3n<\/h3>\n\n\n\n<p>La inversi\u00f3n en fondos de inversi\u00f3n puede ofrecer <a href=\"https:\/\/adamfayed.com\/es\/financial-planning\/personal-financial-planning\/expat-tax\/\" data-type=\"link\" data-id=\"https:\/\/adamfayed.com\/financial-planning\/personal-financial-planning\/expat-tax\/\">ventajas fiscales<\/a> que pueden ayudarle a optimizar el rendimiento de sus inversiones. Algunos de los mejores fondos de inversi\u00f3n, como los planes de ahorro vinculados a acciones (ELSS), ofrecen ventajas fiscales en virtud de la Ley india del Impuesto sobre la Renta.<\/p>\n\n\n\n<p>Las inversiones en fondos ELSS dan derecho a deducciones fiscales en virtud de la Secci\u00f3n 80C, hasta un l\u00edmite especificado. Esto puede ayudarle a ahorrar en impuestos mientras invierte a largo plazo.<\/p>\n\n\n\n<div style=\"height:20px\" aria-hidden=\"true\" class=\"wp-block-spacer\"><\/div>\n\n\n\n<h3 class=\"wp-block-heading\">Comodidad: Invertir y gestionar sus fondos en l\u00ednea<\/h3>\n\n\n\n<p>Muchas empresas de fondos de inversi\u00f3n ofrecen <a href=\"https:\/\/adamfayed.com\/es\/expats\/expat-guide\/best-investment-platforms-for-expats-in-2025\/\" target=\"_blank\" rel=\"noreferrer noopener\">plataformas en l\u00ednea<\/a> o aplicaciones m\u00f3viles que le permiten invertir, seguir y gestionar sus fondos sin problemas. Con unos pocos clics, puede abrir una cuenta, explorar diferentes fondos y realizar inversiones seg\u00fan sus preferencias.<\/p>\n\n\n\n<p>La comodidad de las plataformas de inversi\u00f3n en l\u00ednea, unida a la posibilidad de gestionar sus inversiones en cualquier momento y lugar, hacen de los fondos de inversi\u00f3n una opci\u00f3n de inversi\u00f3n flexible y accesible.<\/p>\n\n\n\n<div style=\"height:29px\" aria-hidden=\"true\" class=\"wp-block-spacer\"><\/div>\n\n\n\n<h2 class=\"wp-block-heading\"><strong>Principales conclusiones<\/strong><\/h2>\n\n\n\n<p>En resumen, las ventajas de los fondos de inversi\u00f3n son la diversificaci\u00f3n, la gesti\u00f3n profesional, la liquidez, la flexibilidad, la posibilidad de obtener mayores rendimientos, las ventajas fiscales y la comodidad, lo que los convierte en una opci\u00f3n de inversi\u00f3n atractiva para muchos particulares.<\/p>\n\n\n\n<p><\/p>\n\n\n\n<p><strong>\u00bfLe duele la indecisi\u00f3n financiera? <\/strong><\/p>\n\n\n\n<figure class=\"wp-block-image size-large is-resized\"><img decoding=\"async\" width=\"512\" height=\"288\" src=\"https:\/\/adamfayed.com\/wp-content\/uploads\/2025\/03\/Adam-Fayed-Contact_CTA3-512x288.jpg\" alt=\"\" class=\"wp-image-117505\" style=\"width:683px;height:auto\" srcset=\"https:\/\/adamfayed.com\/wp-content\/uploads\/2025\/03\/Adam-Fayed-Contact_CTA3-512x288.jpg 512w, https:\/\/adamfayed.com\/wp-content\/uploads\/2025\/03\/Adam-Fayed-Contact_CTA3-300x169.jpg 300w, https:\/\/adamfayed.com\/wp-content\/uploads\/2025\/03\/Adam-Fayed-Contact_CTA3-768x432.jpg 768w, https:\/\/adamfayed.com\/wp-content\/uploads\/2025\/03\/Adam-Fayed-Contact_CTA3-scaled.jpg 825w\" sizes=\"(max-width: 512px) 100vw, 512px\" \/><\/figure>\n\n\n\n<div style=\"height:10px\" aria-hidden=\"true\" class=\"wp-block-spacer\"><\/div>\n\n\n\n<div class=\"wp-block-buttons is-layout-flex wp-block-buttons-is-layout-flex\">\n<div class=\"wp-block-button\"><a class=\"wp-block-button__link wp-element-button\" href=\"https:\/\/adamfayed.com\/es\/become-adams-client\/\">Convi\u00e9rtase en mi cliente<\/a><\/div>\n\n\n\n<div class=\"wp-block-button\"><a class=\"wp-block-button__link wp-element-button\" href=\"https:\/\/adamfayed.com\/es\/good-match-quiz\/\" target=\"_blank\" rel=\"noreferrer noopener\">Realice el cuestionario de elegibilidad de clientes<\/a><\/div>\n\n\n\n<div class=\"wp-block-button\"><a class=\"wp-block-button__link wp-element-button\" href=\"https:\/\/adamfayed.com\/es\/contact\/\" target=\"_blank\" rel=\"noreferrer noopener\">P\u00f3ngase en contacto con<\/a><\/div>\n<\/div>\n\n\n\n<p><strong>Adam es un autor reconocido internacionalmente en temas financieros, con m\u00e1s de 830 millones de respuestas en Quora, un libro muy vendido en Amazon y colaborador de Forbes.<\/strong><\/p>\n\n\n\n\n\n<p><\/p>","protected":false},"excerpt":{"rendered":"<p>Ventajas de los fondos de inversi\u00f3n<\/p>","protected":false},"author":16,"featured_media":78743,"parent":78255,"menu_order":0,"comment_status":"open","ping_status":"closed","template":"","meta":{"rop_custom_images_group":[],"rop_custom_messages_group":[],"rop_publish_now":"initial","rop_publish_now_accounts":{"facebook_10166176115445471_100883565069113":""},"rop_publish_now_history":[],"rop_publish_now_status":"pending","footnotes":""},"class_list":["post-78742","page","type-page","status-publish","has-post-thumbnail","hentry"],"_links":{"self":[{"href":"https:\/\/adamfayed.com\/es\/wp-json\/wp\/v2\/pages\/78742","targetHints":{"allow":["GET"]}}],"collection":[{"href":"https:\/\/adamfayed.com\/es\/wp-json\/wp\/v2\/pages"}],"about":[{"href":"https:\/\/adamfayed.com\/es\/wp-json\/wp\/v2\/types\/page"}],"author":[{"embeddable":true,"href":"https:\/\/adamfayed.com\/es\/wp-json\/wp\/v2\/users\/16"}],"replies":[{"embeddable":true,"href":"https:\/\/adamfayed.com\/es\/wp-json\/wp\/v2\/comments?post=78742"}],"version-history":[{"count":2,"href":"https:\/\/adamfayed.com\/es\/wp-json\/wp\/v2\/pages\/78742\/revisions"}],"predecessor-version":[{"id":121046,"href":"https:\/\/adamfayed.com\/es\/wp-json\/wp\/v2\/pages\/78742\/revisions\/121046"}],"up":[{"embeddable":true,"href":"https:\/\/adamfayed.com\/es\/wp-json\/wp\/v2\/pages\/78255"}],"wp:featuredmedia":[{"embeddable":true,"href":"https:\/\/adamfayed.com\/es\/wp-json\/wp\/v2\/media\/78743"}],"wp:attachment":[{"href":"https:\/\/adamfayed.com\/es\/wp-json\/wp\/v2\/media?parent=78742"}],"curies":[{"name":"wp","href":"https:\/\/api.w.org\/{rel}","templated":true}]}}