{"id":78746,"date":"2024-02-19T07:58:56","date_gmt":"2024-02-19T07:58:56","guid":{"rendered":"https:\/\/adamfayed.com\/?page_id=78746"},"modified":"2025-03-25T11:47:41","modified_gmt":"2025-03-25T11:47:41","slug":"mutual-funds-risk","status":"publish","type":"page","link":"https:\/\/adamfayed.com\/es\/investment-options\/mutual-funds\/mutual-funds-risk\/","title":{"rendered":"Riesgo y rentabilidad de los fondos de inversi\u00f3n"},"content":{"rendered":"<p><a href=\"https:\/\/adamfayed.com\/es\/investment-options\/mutual-funds\/\" data-type=\"link\" data-id=\"https:\/\/adamfayed.com\/investment-options\/mutual-funds\/\">Fondos de inversi\u00f3n<\/a> son una de las mejores opciones tanto para inversores noveles como experimentados, ya que ofrecen una combinaci\u00f3n de diversificaci\u00f3n, gesti\u00f3n profesional y accesibilidad.<\/p>\n\n\n\n<p>Esta p\u00e1gina profundiza en los aspectos cr\u00edticos de la evaluaci\u00f3n del riesgo de los fondos de inversi\u00f3n, centr\u00e1ndose en la comprensi\u00f3n de sus perfiles de riesgo y analizando el historial de rentabilidad de los fondos de inversi\u00f3n.<\/p>\n\n\n\n<p>Si desea invertir como expatriado o particular con un elevado patrimonio neto, que es en lo que estoy especializado, puede enviarme un correo electr\u00f3nico (advice@adamfayed.com) o WhatsApp (+44-7393-450-837).<\/p>\n\n\n\n<p>Se debaten los siguientes temas:<\/p>\n\n\n\n<ul class=\"wp-block-list\">\n<li>\u00bfC\u00f3mo se eval\u00faa el riesgo de los fondos de inversi\u00f3n?\n<ul class=\"wp-block-list\">\n<li>Buscar asesoramiento profesional para su cartera de fondos de inversi\u00f3n<\/li>\n<\/ul>\n<\/li>\n\n\n\n<li>Reequilibrio de la cartera de inversiones al invertir en fondos de inversi\u00f3n\n<ul class=\"wp-block-list\">\n<li>\u00bfCu\u00e1ndo debe reequilibrar su cartera de fondos de inversi\u00f3n?<\/li>\n<\/ul>\n<\/li>\n\n\n\n<li>Principales conclusiones<\/li>\n<\/ul>\n\n\n\n<div style=\"height:30px\" aria-hidden=\"true\" class=\"wp-block-spacer\"><\/div>\n\n\n\n<h2 class=\"wp-block-heading\"><strong>\u00bfC\u00f3mo se eval\u00faa el riesgo de los fondos de inversi\u00f3n?<\/strong><\/h2>\n\n\n\n<p>A continuaci\u00f3n se indican algunos par\u00e1metros clave que deben tenerse en cuenta a la hora de evaluar <a href=\"https:\/\/www.investor.gov\/introduction-investing\/investing-basics\/investment-products\/mutual-funds-and-exchange-traded-1#Benefits\" target=\"_blank\" rel=\"noopener\">riesgo y rentabilidad de los fondos de inversi\u00f3n<\/a>:<\/p>\n\n\n\n<ul class=\"wp-block-list\">\n<li>Rentabilidad total: La rentabilidad total refleja el rendimiento global del fondo, incluyendo tanto la revalorizaci\u00f3n del capital como los ingresos. Compare la rentabilidad total del fondo con la de su \u00edndice de referencia y fondos similares para calibrar su rendimiento relativo.<\/li>\n<\/ul>\n\n\n\n<p><\/p>\n\n\n\n<ul class=\"wp-block-list\">\n<li>Desviaci\u00f3n t\u00edpica: La desviaci\u00f3n t\u00edpica mide la volatilidad de los rendimientos de un fondo. Una desviaci\u00f3n t\u00edpica m\u00e1s baja indica una menor volatilidad y potencialmente menos riesgo.<\/li>\n<\/ul>\n\n\n\n<p><\/p>\n\n\n\n<ul class=\"wp-block-list\">\n<li>Alfa y Beta: El alfa mide el rendimiento ajustado al riesgo de un fondo en relaci\u00f3n con su \u00edndice de referencia. Un alfa positivo indica que el fondo ha superado a su \u00edndice de referencia. Beta mide la sensibilidad del fondo a los movimientos del mercado. Una beta de 1 indica que el fondo se mueve en l\u00ednea con el mercado.<\/li>\n<\/ul>\n\n\n\n<p><\/p>\n\n\n\n<ul class=\"wp-block-list\">\n<li>Ratio de Sharpe: El ratio de Sharpe eval\u00faa la rentabilidad ajustada al riesgo de un fondo considerando el exceso de rentabilidad generado por unidad de riesgo asumido. Un mayor ratio de Sharpe indica una mejor rentabilidad ajustada al riesgo.<\/li>\n<\/ul>\n\n\n\n<p><\/p>\n\n\n\n<ul class=\"wp-block-list\">\n<li>Ratio de gastos: Considere el coeficiente de gastos en relaci\u00f3n con el rendimiento del fondo. Un ratio de gastos elevado puede afectar significativamente a la rentabilidad global, por lo que es importante evaluar si la rentabilidad justifica las comisiones del fondo de inversi\u00f3n.<\/li>\n<\/ul>\n\n\n\n<div style=\"height:20px\" aria-hidden=\"true\" class=\"wp-block-spacer\"><\/div>\n\n\n\n<figure class=\"wp-block-image alignright size-medium is-resized\"><img fetchpriority=\"high\" decoding=\"async\" width=\"300\" height=\"300\" src=\"https:\/\/adamfayed.com\/wp-content\/uploads\/2024\/01\/fundmanage-300x300.webp\" alt=\"While conducting your own research and analysis is valuable, seeking professional advice can provide additional expertise and guidance. Financial advisors can help you navigate the complexities of mutual fund investing and tailor recommendations to your specific needs.\" class=\"wp-image-78748\" style=\"width:238px;height:auto\" srcset=\"https:\/\/adamfayed.com\/wp-content\/uploads\/2024\/01\/fundmanage-300x300.webp 300w, https:\/\/adamfayed.com\/wp-content\/uploads\/2024\/01\/fundmanage-512x512.webp 512w, https:\/\/adamfayed.com\/wp-content\/uploads\/2024\/01\/fundmanage-150x150.webp 150w, https:\/\/adamfayed.com\/wp-content\/uploads\/2024\/01\/fundmanage.webp 608w\" sizes=\"(max-width: 300px) 100vw, 300px\" \/><\/figure>\n\n\n\n<h3 class=\"wp-block-heading\">\u00bfDebe pedir a asesores financieros personales que gestionen su cartera de fondos de inversi\u00f3n?<\/h3>\n\n\n\n<p>Aunque investigar y analizar por cuenta propia es valioso, buscar asesoramiento profesional puede aportar conocimientos y orientaci\u00f3n adicionales. <a href=\"https:\/\/adamfayed.com\/es\/financial-planning\/expat-financial-advisor\/\">Asesores financieros<\/a> puede ayudarle a navegar por las complejidades de la inversi\u00f3n en fondos de inversi\u00f3n y adaptar las recomendaciones a sus necesidades espec\u00edficas.<\/p>\n\n\n\n<p>Un asesor financiero puede evaluar sus objetivos de inversi\u00f3n, su tolerancia al riesgo y su horizonte temporal para recomendarle fondos de inversi\u00f3n que se ajusten a sus objetivos. Tambi\u00e9n puede realizar un seguimiento continuo y los ajustes necesarios de su cartera.<\/p>\n\n\n\n<div style=\"height:30px\" aria-hidden=\"true\" class=\"wp-block-spacer\"><\/div>\n\n\n\n<h2 class=\"wp-block-heading\"><strong>Reequilibrio de la cartera de inversiones al invertir en fondos de inversi\u00f3n<\/strong><\/h2>\n\n\n\n<p>El reequilibrio es un aspecto importante del mantenimiento de su estrategia de asignaci\u00f3n de activos. Con el tiempo, el rendimiento de las distintas clases de activos puede hacer que su cartera se desv\u00ede de su asignaci\u00f3n objetivo.<\/p>\n\n\n\n<p>El reequilibrio consiste en vender inversiones que se han sobreponderado y comprar inversiones que se han infraponderado, con lo que la cartera vuelve a ajustarse a la asignaci\u00f3n deseada.<\/p>\n\n\n\n<p>Por ejemplo, si su cartera original ten\u00eda como objetivo 60% acciones y 40% <a href=\"https:\/\/adamfayed.com\/es\/investment-options\/offshore-investment-bonds\/\" target=\"_blank\" rel=\"noreferrer noopener\">bonos<\/a> y, debido a un repunte del mercado burs\u00e1til, su cartera pasa a 70% de acciones y 30% de bonos, usted vender\u00eda algunas acciones y comprar\u00eda m\u00e1s bonos para restablecer la proporci\u00f3n 60\/40.<\/p>\n\n\n\n<div style=\"height:20px\" aria-hidden=\"true\" class=\"wp-block-spacer\"><\/div>\n\n\n\n<h3 class=\"wp-block-heading\">\u00bfCu\u00e1ndo debe reequilibrar su cartera de fondos de inversi\u00f3n?<\/h3>\n\n\n\n<p>El reequilibrio puede realizarse de forma peri\u00f3dica, por ejemplo anual o semestralmente, o en funci\u00f3n de cambios porcentuales significativos en la asignaci\u00f3n de activos.<\/p>\n\n\n\n<p>Algunos inversores prefieren un enfoque basado en el calendario, reequilibrando a intervalos fijos, mientras que otros pueden optar por un enfoque basado en el umbral, reequilibrando cuando una clase de activos se desv\u00eda en un determinado porcentaje de su asignaci\u00f3n objetivo. <\/p>\n\n\n\n<p>Tambi\u00e9n es importante tener en cuenta <a href=\"https:\/\/adamfayed.com\/es\/financial-planning\/personal-financial-planning\/expat-tax\/\" data-type=\"link\" data-id=\"https:\/\/adamfayed.com\/financial-planning\/personal-financial-planning\/expat-tax\/\">implicaciones fiscales<\/a> y los costes de transacci\u00f3n al reequilibrar. La venta de activos en una cuenta sujeta a impuestos puede dar lugar a impuestos sobre las plusval\u00edas, por lo que conviene ser estrat\u00e9gico a la hora de decidir cu\u00e1ndo y cu\u00e1nto vender. En algunos casos, el reequilibrio dentro de cuentas con ventajas fiscales, como las cuentas IRA o 401(k)s, puede ser un enfoque m\u00e1s eficiente desde el punto de vista fiscal.<\/p>\n\n\n\n<p>El reequilibrio peri\u00f3dico de la cartera es una parte esencial de la gesti\u00f3n de inversiones. Garantiza que su cartera se mantenga alineada con su tolerancia al riesgo y sus objetivos de inversi\u00f3n, ayud\u00e1ndole a sortear con eficacia los altibajos del mercado.<\/p>\n\n\n\n<div style=\"height:30px\" aria-hidden=\"true\" class=\"wp-block-spacer\"><\/div>\n\n\n\n<h2 class=\"wp-block-heading\"><strong>Principales conclusiones<\/strong><\/h2>\n\n\n\n<p>Evaluaci\u00f3n de los riesgos de <a href=\"https:\/\/adamfayed.com\/es\/investment-options\/\" target=\"_blank\" rel=\"noreferrer noopener\">opciones de inversi\u00f3n<\/a> como los fondos de inversi\u00f3n implica comprender su asignaci\u00f3n de activos, la experiencia del gestor y la volatilidad del mercado, mientras que la evaluaci\u00f3n del rendimiento depende del an\u00e1lisis de los rendimientos hist\u00f3ricos, las comparaciones con \u00edndices de referencia y la coherencia a lo largo del tiempo.<\/p>\n\n\n\n<p><\/p>\n\n\n\n<p><strong>\u00bfLe duele la indecisi\u00f3n financiera? <\/strong><\/p>\n\n\n\n<figure class=\"wp-block-image size-large is-resized\"><img decoding=\"async\" width=\"512\" height=\"288\" src=\"https:\/\/adamfayed.com\/wp-content\/uploads\/2025\/03\/Adam-Fayed-Contact_CTA3-512x288.jpg\" alt=\"\" class=\"wp-image-117505\" style=\"width:683px;height:auto\" srcset=\"https:\/\/adamfayed.com\/wp-content\/uploads\/2025\/03\/Adam-Fayed-Contact_CTA3-512x288.jpg 512w, https:\/\/adamfayed.com\/wp-content\/uploads\/2025\/03\/Adam-Fayed-Contact_CTA3-300x169.jpg 300w, https:\/\/adamfayed.com\/wp-content\/uploads\/2025\/03\/Adam-Fayed-Contact_CTA3-768x432.jpg 768w, https:\/\/adamfayed.com\/wp-content\/uploads\/2025\/03\/Adam-Fayed-Contact_CTA3-scaled.jpg 825w\" sizes=\"(max-width: 512px) 100vw, 512px\" \/><\/figure>\n\n\n\n<div style=\"height:10px\" aria-hidden=\"true\" class=\"wp-block-spacer\"><\/div>\n\n\n\n<div class=\"wp-block-buttons is-layout-flex wp-block-buttons-is-layout-flex\">\n<div class=\"wp-block-button\"><a class=\"wp-block-button__link wp-element-button\" href=\"https:\/\/adamfayed.com\/es\/become-adams-client\/\">Convi\u00e9rtase en mi cliente<\/a><\/div>\n\n\n\n<div class=\"wp-block-button\"><a class=\"wp-block-button__link wp-element-button\" href=\"https:\/\/adamfayed.com\/es\/good-match-quiz\/\" target=\"_blank\" rel=\"noreferrer noopener\">Realice el cuestionario de elegibilidad de clientes<\/a><\/div>\n\n\n\n<div class=\"wp-block-button\"><a class=\"wp-block-button__link wp-element-button\" href=\"https:\/\/adamfayed.com\/es\/contact\/\" target=\"_blank\" rel=\"noreferrer noopener\">P\u00f3ngase en contacto con<\/a><\/div>\n<\/div>\n\n\n\n<p><strong>Adam es un autor reconocido internacionalmente en temas financieros, con m\u00e1s de 830 millones de respuestas en Quora, un libro muy vendido en Amazon y colaborador de Forbes.<\/strong><\/p>","protected":false},"excerpt":{"rendered":"<p>Riesgo y rentabilidad de los fondos de inversi\u00f3n<\/p>","protected":false},"author":16,"featured_media":78747,"parent":78255,"menu_order":0,"comment_status":"open","ping_status":"closed","template":"","meta":{"rop_custom_images_group":[],"rop_custom_messages_group":[],"rop_publish_now":"initial","rop_publish_now_accounts":{"facebook_10166176115445471_100883565069113":""},"rop_publish_now_history":[],"rop_publish_now_status":"pending","footnotes":""},"class_list":["post-78746","page","type-page","status-publish","has-post-thumbnail","hentry"],"_links":{"self":[{"href":"https:\/\/adamfayed.com\/es\/wp-json\/wp\/v2\/pages\/78746","targetHints":{"allow":["GET"]}}],"collection":[{"href":"https:\/\/adamfayed.com\/es\/wp-json\/wp\/v2\/pages"}],"about":[{"href":"https:\/\/adamfayed.com\/es\/wp-json\/wp\/v2\/types\/page"}],"author":[{"embeddable":true,"href":"https:\/\/adamfayed.com\/es\/wp-json\/wp\/v2\/users\/16"}],"replies":[{"embeddable":true,"href":"https:\/\/adamfayed.com\/es\/wp-json\/wp\/v2\/comments?post=78746"}],"version-history":[{"count":2,"href":"https:\/\/adamfayed.com\/es\/wp-json\/wp\/v2\/pages\/78746\/revisions"}],"predecessor-version":[{"id":121038,"href":"https:\/\/adamfayed.com\/es\/wp-json\/wp\/v2\/pages\/78746\/revisions\/121038"}],"up":[{"embeddable":true,"href":"https:\/\/adamfayed.com\/es\/wp-json\/wp\/v2\/pages\/78255"}],"wp:featuredmedia":[{"embeddable":true,"href":"https:\/\/adamfayed.com\/es\/wp-json\/wp\/v2\/media\/78747"}],"wp:attachment":[{"href":"https:\/\/adamfayed.com\/es\/wp-json\/wp\/v2\/media?parent=78746"}],"curies":[{"name":"wp","href":"https:\/\/api.w.org\/{rel}","templated":true}]}}