{"id":78796,"date":"2024-02-29T16:07:17","date_gmt":"2024-02-29T16:07:17","guid":{"rendered":"https:\/\/adamfayed.com\/?page_id=78796"},"modified":"2025-03-03T07:01:30","modified_gmt":"2025-03-03T07:01:30","slug":"dividend-stocks","status":"publish","type":"page","link":"https:\/\/adamfayed.com\/es\/investment-options\/stocks\/dividend-stocks\/","title":{"rendered":"Acciones con dividendos"},"content":{"rendered":"<p>Esta p\u00e1gina profundizar\u00e1 en qu\u00e9 son las acciones con dividendos y c\u00f3mo pueden ser una opci\u00f3n inteligente para los inversores. <\/p>\n\n\n\n<p>Si desea invertir como expatriado o particular con un elevado patrimonio neto, que es en lo que estoy especializado, puede enviarme un correo electr\u00f3nico (advice@adamfayed.com) o WhatsApp (+44-7393-450-837).<\/p>\n\n\n\n<p>Se tratar\u00e1n los siguientes temas:<\/p>\n\n\n\n<ul class=\"wp-block-list\">\n<li>\u00bfQu\u00e9 son los dividendos?\n<ul class=\"wp-block-list\">\n<li>\u00bfC\u00f3mo funcionan las acciones con dividendos?<\/li>\n\n\n\n<li>Diferentes tipos de acciones con dividendos\n<ul class=\"wp-block-list\">\n<li>Valores de dividendos de primer orden<\/li>\n\n\n\n<li>Arist\u00f3cratas de los dividendos<\/li>\n\n\n\n<li>Acciones con dividendos de alta rentabilidad<\/li>\n\n\n\n<li>Fondos de inversi\u00f3n inmobiliaria (REIT)<\/li>\n<\/ul>\n<\/li>\n<\/ul>\n<\/li>\n<\/ul>\n\n\n\n<div style=\"height:30px\" aria-hidden=\"true\" class=\"wp-block-spacer\"><\/div>\n\n\n\n<h2 class=\"wp-block-heading\">\u00bfQu\u00e9 son los dividendos?<\/h2>\n\n\n\n<p>Las acciones con dividendos son un <a href=\"https:\/\/time.com\/personal-finance\/article\/what-are-dividend-stocks\/\" target=\"_blank\" rel=\"noopener\">tipo de inversi\u00f3n<\/a> que se centra en empresas que distribuyen regularmente una parte de sus beneficios a los accionistas en forma de dividendos. <\/p>\n\n\n\n<p>Estos dividendos pueden proporcionar un flujo constante de ingresos, lo que los hace especialmente atractivos para los inversores que buscan rendimientos fiables.<\/p>\n\n\n\n<div style=\"height:30px\" aria-hidden=\"true\" class=\"wp-block-spacer\"><\/div>\n\n\n\n<h3 class=\"wp-block-heading\">\u00bfC\u00f3mo funcionan las acciones con dividendos?<\/h3>\n\n\n\n<figure class=\"wp-block-image alignright size-medium\"><img fetchpriority=\"high\" decoding=\"async\" width=\"300\" height=\"300\" src=\"https:\/\/adamfayed.com\/wp-content\/uploads\/2024\/02\/dividend-stocks-300x300.webp\" alt=\"How do dividend stocks work\" class=\"wp-image-82023\" srcset=\"https:\/\/adamfayed.com\/wp-content\/uploads\/2024\/02\/dividend-stocks-300x300.webp 300w, https:\/\/adamfayed.com\/wp-content\/uploads\/2024\/02\/dividend-stocks-512x512.webp 512w, https:\/\/adamfayed.com\/wp-content\/uploads\/2024\/02\/dividend-stocks-150x150.webp 150w, https:\/\/adamfayed.com\/wp-content\/uploads\/2024\/02\/dividend-stocks-768x768.webp 768w, https:\/\/adamfayed.com\/wp-content\/uploads\/2024\/02\/dividend-stocks-scaled.webp 825w\" sizes=\"(max-width: 300px) 100vw, 300px\" \/><\/figure>\n\n\n\n<p>Cuando invierte en acciones con dividendos, se convierte en accionista de la empresa. Como accionista, tiene derecho a una parte de los beneficios de la empresa, que normalmente se distribuyen a los accionistas de forma peri\u00f3dica. <\/p>\n\n\n\n<p>Los dividendos suelen pagarse en efectivo, pero tambi\u00e9n pueden adoptar la forma de acciones adicionales u otros activos.<\/p>\n\n\n\n<p>Una de las principales ventajas de los dividendos en acciones es que ofrecen a los inversores la oportunidad de recibir un flujo regular de ingresos de sus inversiones. Esto puede ser especialmente beneficioso para los jubilados o las personas que dependen de los ingresos de las inversiones para cubrir sus gastos. <\/p>\n\n\n\n<p>Adem\u00e1s, estos valores pueden proporcionar una fuente de estabilidad en una cartera de inversi\u00f3n, ya que las empresas que pagan dividendos tienden a estar m\u00e1s consolidadas y a ser m\u00e1s estables desde el punto de vista financiero.<\/p>\n\n\n\n<p>Sin embargo, es importante tener en cuenta que no todas las empresas reparten dividendos. Algunas optan por reinvertir sus beneficios en el negocio para impulsar el crecimiento, en lugar de repartirlos entre los accionistas. <\/p>\n\n\n\n<p>Estas empresas suelen denominarse valores de crecimiento. Aunque los valores de crecimiento pueden ofrecer mayores rendimientos, no proporcionan el mismo flujo regular de ingresos.<\/p>\n\n\n\n<div style=\"height:30px\" aria-hidden=\"true\" class=\"wp-block-spacer\"><\/div>\n\n\n\n<h3 class=\"wp-block-heading\">Diferentes tipos de acciones con dividendos<\/h3>\n\n\n\n<div style=\"height:22px\" aria-hidden=\"true\" class=\"wp-block-spacer\"><\/div>\n\n\n\n<h4 class=\"wp-block-heading\">Valores de dividendos de primer orden<\/h4>\n\n\n\n<p>Los dividendos de las acciones Blue-chip son acciones de grandes empresas consolidadas con un historial de pago de dividendos. Estas empresas suelen ser l\u00edderes en sus sectores y cuentan con un s\u00f3lido historial de generaci\u00f3n de beneficios constantes. <\/p>\n\n\n\n<p>Suelen considerarse inversiones de bajo riesgo y las prefieren los inversores conservadores.<\/p>\n\n\n\n<div style=\"height:22px\" aria-hidden=\"true\" class=\"wp-block-spacer\"><\/div>\n\n\n\n<h4 class=\"wp-block-heading\">Arist\u00f3cratas de los dividendos<\/h4>\n\n\n\n<p>Los arist\u00f3cratas de los dividendos son empresas que han aumentado sistem\u00e1ticamente sus dividendos durante un cierto n\u00famero de a\u00f1os consecutivos, normalmente 25 o m\u00e1s. Estas empresas tienen un historial probado de estabilidad financiera y suelen considerarse pagadoras de dividendos fiables. <\/p>\n\n\n\n<p>Invertir en arist\u00f3cratas de los dividendos puede proporcionar a los inversores un flujo constante de ingresos y el potencial de crecimiento a largo plazo.<\/p>\n\n\n\n<div style=\"height:22px\" aria-hidden=\"true\" class=\"wp-block-spacer\"><\/div>\n\n\n\n<figure class=\"wp-block-image alignleft size-medium\"><img decoding=\"async\" width=\"300\" height=\"169\" src=\"https:\/\/adamfayed.com\/wp-content\/uploads\/2024\/01\/pexels-artem-podrez-5716035-300x169.jpg\" alt=\"When selecting dividend stocks for your investment portfolio, there are several key factors to consider. \" class=\"wp-image-78800\" srcset=\"https:\/\/adamfayed.com\/wp-content\/uploads\/2024\/01\/pexels-artem-podrez-5716035-300x169.jpg 300w, https:\/\/adamfayed.com\/wp-content\/uploads\/2024\/01\/pexels-artem-podrez-5716035-512x288.jpg 512w, https:\/\/adamfayed.com\/wp-content\/uploads\/2024\/01\/pexels-artem-podrez-5716035.jpg 640w\" sizes=\"(max-width: 300px) 100vw, 300px\" \/><\/figure>\n\n\n\n<h4 class=\"wp-block-heading\">Acciones con dividendos de alta rentabilidad<\/h4>\n\n\n\n<p>Los valores de alto rendimiento por dividendo son valores que ofrecen una mayor rentabilidad por dividendo en comparaci\u00f3n con el mercado en general. La rentabilidad por dividendo se calcula dividiendo el pago anual de dividendos entre el precio actual de la acci\u00f3n. <\/p>\n\n\n\n<p>Aunque estos valores pueden proporcionar un mayor flujo de ingresos, a menudo conllevan un mayor riesgo. Pueden estar sujetas a una mayor volatilidad y no tener el mismo nivel de estabilidad financiera que las acciones de primera clase o las arist\u00f3cratas de los dividendos.<\/p>\n\n\n\n<div style=\"height:22px\" aria-hidden=\"true\" class=\"wp-block-spacer\"><\/div>\n\n\n\n<h4 class=\"wp-block-heading\">Fondos de inversi\u00f3n inmobiliaria (REIT)<\/h4>\n\n\n\n<p>Los REIT son empresas que poseen y explotan propiedades inmobiliarias que generan ingresos. Estas propiedades pueden incluir edificios de apartamentos, edificios de oficinas, centros comerciales, etc. <\/p>\n\n\n\n<p>Los REIT est\u00e1n obligados por ley a distribuir una parte significativa de sus ingresos imponibles a los accionistas en forma de dividendos. Invertir en REIT puede proporcionar a los inversores exposici\u00f3n al mercado inmobiliario y un flujo regular de ingresos.<\/p>\n\n\n\n<p><\/p>\n\n\n\n<p><strong>\u00bfLe duele la indecisi\u00f3n financiera? <\/strong><\/p>\n\n\n\n<figure class=\"wp-block-image size-large is-resized\"><img decoding=\"async\" width=\"512\" height=\"288\" src=\"https:\/\/adamfayed.com\/wp-content\/uploads\/2025\/03\/Adam-Fayed-Contact_CTA3-512x288.jpg\" alt=\"\" class=\"wp-image-117505\" style=\"width:683px;height:auto\" srcset=\"https:\/\/adamfayed.com\/wp-content\/uploads\/2025\/03\/Adam-Fayed-Contact_CTA3-512x288.jpg 512w, https:\/\/adamfayed.com\/wp-content\/uploads\/2025\/03\/Adam-Fayed-Contact_CTA3-300x169.jpg 300w, https:\/\/adamfayed.com\/wp-content\/uploads\/2025\/03\/Adam-Fayed-Contact_CTA3-768x432.jpg 768w, https:\/\/adamfayed.com\/wp-content\/uploads\/2025\/03\/Adam-Fayed-Contact_CTA3-scaled.jpg 825w\" sizes=\"(max-width: 512px) 100vw, 512px\" \/><\/figure>\n\n\n\n<div style=\"height:10px\" aria-hidden=\"true\" class=\"wp-block-spacer\"><\/div>\n\n\n\n<div class=\"wp-block-buttons is-layout-flex wp-block-buttons-is-layout-flex\">\n<div class=\"wp-block-button\"><a class=\"wp-block-button__link wp-element-button\" href=\"https:\/\/adamfayed.com\/es\/become-adams-client\/\">Convi\u00e9rtase en mi cliente<\/a><\/div>\n\n\n\n<div class=\"wp-block-button\"><a class=\"wp-block-button__link wp-element-button\" href=\"https:\/\/adamfayed.com\/es\/good-match-quiz\/\" target=\"_blank\" rel=\"noreferrer noopener\">Realice el cuestionario de elegibilidad de clientes<\/a><\/div>\n\n\n\n<div class=\"wp-block-button\"><a class=\"wp-block-button__link wp-element-button\" href=\"https:\/\/adamfayed.com\/es\/contact\/\" target=\"_blank\" rel=\"noreferrer noopener\">P\u00f3ngase en contacto con<\/a><\/div>\n<\/div>\n\n\n\n<p><strong>Adam es un autor reconocido internacionalmente en temas financieros, con m\u00e1s de 830 millones de respuestas en Quora, un libro muy vendido en Amazon y colaborador de Forbes.<\/strong><\/p>","protected":false},"excerpt":{"rendered":"<p>Acciones con dividendos<\/p>","protected":false},"author":16,"featured_media":78799,"parent":78705,"menu_order":0,"comment_status":"open","ping_status":"closed","template":"","meta":{"rop_custom_images_group":[],"rop_custom_messages_group":[],"rop_publish_now":"initial","rop_publish_now_accounts":{"facebook_10166176115445471_100883565069113":""},"rop_publish_now_history":[],"rop_publish_now_status":"pending","footnotes":""},"class_list":["post-78796","page","type-page","status-publish","has-post-thumbnail","hentry"],"_links":{"self":[{"href":"https:\/\/adamfayed.com\/es\/wp-json\/wp\/v2\/pages\/78796","targetHints":{"allow":["GET"]}}],"collection":[{"href":"https:\/\/adamfayed.com\/es\/wp-json\/wp\/v2\/pages"}],"about":[{"href":"https:\/\/adamfayed.com\/es\/wp-json\/wp\/v2\/types\/page"}],"author":[{"embeddable":true,"href":"https:\/\/adamfayed.com\/es\/wp-json\/wp\/v2\/users\/16"}],"replies":[{"embeddable":true,"href":"https:\/\/adamfayed.com\/es\/wp-json\/wp\/v2\/comments?post=78796"}],"version-history":[{"count":3,"href":"https:\/\/adamfayed.com\/es\/wp-json\/wp\/v2\/pages\/78796\/revisions"}],"predecessor-version":[{"id":104933,"href":"https:\/\/adamfayed.com\/es\/wp-json\/wp\/v2\/pages\/78796\/revisions\/104933"}],"up":[{"embeddable":true,"href":"https:\/\/adamfayed.com\/es\/wp-json\/wp\/v2\/pages\/78705"}],"wp:featuredmedia":[{"embeddable":true,"href":"https:\/\/adamfayed.com\/es\/wp-json\/wp\/v2\/media\/78799"}],"wp:attachment":[{"href":"https:\/\/adamfayed.com\/es\/wp-json\/wp\/v2\/media?parent=78796"}],"curies":[{"name":"wp","href":"https:\/\/api.w.org\/{rel}","templated":true}]}}