{"id":79686,"date":"2024-03-26T22:36:25","date_gmt":"2024-03-26T22:36:25","guid":{"rendered":"https:\/\/adamfayed.com\/?page_id=79686"},"modified":"2025-03-25T12:18:03","modified_gmt":"2025-03-25T12:18:03","slug":"reits","status":"publish","type":"page","link":"https:\/\/adamfayed.com\/es\/investment-options\/reits\/","title":{"rendered":"Fondos de inversi\u00f3n inmobiliaria (REIT)"},"content":{"rendered":"<p>Los fondos de inversi\u00f3n inmobiliaria o REIT (Real Estate Investment Trusts) han revolucionado la forma de invertir en bienes inmuebles, haci\u00e9ndolos accesibles a inversores de todos los tama\u00f1os. <\/p>\n\n\n\n<p>Esta p\u00e1gina explora los siguientes temas:<\/p>\n\n\n\n<ul class=\"wp-block-list\">\n<li>\u00bfQu\u00e9 son los REIT?\n<ul class=\"wp-block-list\">\n<li>Tipos de REIT<\/li>\n<\/ul>\n<\/li>\n\n\n\n<li>\u00bfC\u00f3mo tributan los REIT?<\/li>\n\n\n\n<li>Ventajas e inconvenientes de los REIT<\/li>\n\n\n\n<li>Inversi\u00f3n en REIT<\/li>\n\n\n\n<li>C\u00f3mo invertir en REIT\n<ul class=\"wp-block-list\">\n<li>Pasos para comprar REIT<\/li>\n<\/ul>\n<\/li>\n\n\n\n<li>Los mejores REIT para invertir<\/li>\n\n\n\n<li>Consejos para inversores en REIT<\/li>\n<\/ul>\n\n\n\n<div style=\"height:30px\" aria-hidden=\"true\" class=\"wp-block-spacer\"><\/div>\n\n\n\n<figure class=\"wp-block-image alignright size-medium\"><img fetchpriority=\"high\" decoding=\"async\" width=\"300\" height=\"300\" src=\"https:\/\/adamfayed.com\/wp-content\/uploads\/2024\/02\/Reit-investing-4-300x300.webp\" alt=\"What are REITs\" class=\"wp-image-79695\" srcset=\"https:\/\/adamfayed.com\/wp-content\/uploads\/2024\/02\/Reit-investing-4-300x300.webp 300w, https:\/\/adamfayed.com\/wp-content\/uploads\/2024\/02\/Reit-investing-4-512x512.webp 512w, https:\/\/adamfayed.com\/wp-content\/uploads\/2024\/02\/Reit-investing-4-150x150.webp 150w, https:\/\/adamfayed.com\/wp-content\/uploads\/2024\/02\/Reit-investing-4-768x768.webp 768w, https:\/\/adamfayed.com\/wp-content\/uploads\/2024\/02\/Reit-investing-4-scaled.webp 825w\" sizes=\"(max-width: 300px) 100vw, 300px\" \/><\/figure>\n\n\n\n<h2 class=\"wp-block-heading\"><strong>\u00bfQu\u00e9 son los REIT?<\/strong><\/h2>\n\n\n\n<p>REIT, o fondos de inversi\u00f3n inmobiliaria, <a href=\"https:\/\/www.reit.com\/what-reit\" target=\"_blank\" rel=\"noopener\">oferta<\/a> amplio acceso del mercado a las inversiones inmobiliarias. Creadas por el Congreso en 1960, permiten a peque\u00f1os y grandes inversores por igual participar en la propiedad de bienes inmuebles generadores de ingresos. <\/p>\n\n\n\n<p>Si desea invertir como expatriado o particular con un elevado patrimonio neto, que es en lo que estoy especializado, puede enviarme un correo electr\u00f3nico (advice@adamfayed.com) o WhatsApp (+44-7393-450-837).<\/p>\n\n\n\n<p>Una sociedad REIT posee, explota o financia bienes inmuebles generadores de rentas en diversos sectores inmobiliarios.<\/p>\n\n\n\n<p>Los fondos de inversi\u00f3n inmobiliaria operan dentro del sector inmobiliario adhiri\u00e9ndose a un conjunto de normativas federales dise\u00f1adas para garantizar a los inversores unos ingresos significativos. <\/p>\n\n\n\n<p>Esta estructura fomenta la transparencia, la liquidez y un flujo de ingresos constante para los inversores, contribuyendo significativamente al atractivo de la inversi\u00f3n en fondos de inversi\u00f3n inmobiliaria en el mercado financiero.<\/p>\n\n\n\n<div style=\"height:21px\" aria-hidden=\"true\" class=\"wp-block-spacer\"><\/div>\n\n\n\n<h3 class=\"wp-block-heading\">Tipos de REIT<\/h3>\n\n\n\n<p>Existen principalmente tres <a href=\"https:\/\/adamfayed.com\/es\/investment-options\/reits\/types-of-reits\/\" data-type=\"link\" data-id=\"https:\/\/adamfayed.com\/investment-options\/reits\/types-of-reits\/\">Tipos de fondos de inversi\u00f3n inmobiliaria<\/a>: Equidad, Hipoteca e H\u00edbrido.<\/p>\n\n\n\n<p>Los REIT de renta variable poseen y gestionan propiedades inmobiliarias que generan ingresos. <\/p>\n\n\n\n<p><a href=\"https:\/\/adamfayed.com\/es\/investment-options\/reits\/mortgage-reits\/\">REIT hipotecarios<\/a> proporcionar financiaci\u00f3n para bienes inmuebles productores de rentas mediante la compra u originaci\u00f3n de hipotecas y valores respaldados por hipotecas.<\/p>\n\n\n\n<p>Los REIT h\u00edbridos combinan las estrategias de inversi\u00f3n de los REIT de renta variable y los REIT hipotecarios. Poseen y gestionan propiedades e invierten en hipotecas inmobiliarias o valores respaldados por hipotecas.<\/p>\n\n\n\n<div style=\"height:30px\" aria-hidden=\"true\" class=\"wp-block-spacer\"><\/div>\n\n\n\n<h2 class=\"wp-block-heading\"><strong>\u00bfC\u00f3mo tributan los REIT?<\/strong><\/h2>\n\n\n\n<p>En <a href=\"https:\/\/www.irs.gov\/\" target=\"_blank\" rel=\"noopener\">Servicio de Impuestos Internos (IRS)<\/a> exige que los fondos de inversi\u00f3n inmobiliaria distribuyan al menos el 90% de sus ingresos imponibles a los accionistas. <\/p>\n\n\n\n<p>Este requisito permite evitar el pago del impuesto de sociedades a nivel de entidad, trasladando la obligaci\u00f3n fiscal a los inversores.<\/p>\n\n\n\n<div style=\"height:30px\" aria-hidden=\"true\" class=\"wp-block-spacer\"><\/div>\n\n\n\n<h2 class=\"wp-block-heading\"><a href=\"https:\/\/adamfayed.com\/es\/investment-options\/reits\/reits-pros-and-cons\/\">Ventajas e inconvenientes de los REIT<\/a><\/h2>\n\n\n\n<p>Los inversores pueden diversificar sus carteras, crear ingresos pasivos y protegerse de la inflaci\u00f3n si son conscientes de las posibles ventajas. Por otra parte, al conocer los peligros relacionados con los REIT, los inversores pueden controlar mejor su exposici\u00f3n, minimizar las posibles p\u00e9rdidas y mantenerse alejados de las ca\u00eddas imprevistas del mercado.<\/p>\n\n\n\n<div style=\"height:30px\" aria-hidden=\"true\" class=\"wp-block-spacer\"><\/div>\n\n\n\n<h2 class=\"wp-block-heading\"><strong>Inversi\u00f3n en REIT<\/strong><\/h2>\n\n\n\n<p>Esto ofrece una v\u00eda distinta para que los particulares participen en el mercado inmobiliario sin necesidad de comprar o gestionar propiedades directamente. <\/p>\n\n\n\n<p>Estos fondos permiten a los inversores obtener una parte de los ingresos generados por la propiedad de inmuebles comerciales sin tener que comprarlos ellos mismos.<\/p>\n\n\n\n<p>Al invertir en fondos de inversi\u00f3n inmobiliaria, los inversores se exponen a los bienes inmuebles sin las complejidades de la propiedad directa.<\/p>\n\n\n\n<div style=\"height:21px\" aria-hidden=\"true\" class=\"wp-block-spacer\"><\/div>\n\n\n\n<figure class=\"wp-block-image alignright size-medium is-resized\"><img decoding=\"async\" width=\"300\" height=\"300\" src=\"https:\/\/adamfayed.com\/wp-content\/uploads\/2024\/02\/Reit-investing-2-1-300x300.webp\" alt=\"Reit investing\" class=\"wp-image-79693\" style=\"width:250px;height:auto\" srcset=\"https:\/\/adamfayed.com\/wp-content\/uploads\/2024\/02\/Reit-investing-2-1-300x300.webp 300w, https:\/\/adamfayed.com\/wp-content\/uploads\/2024\/02\/Reit-investing-2-1-512x512.webp 512w, https:\/\/adamfayed.com\/wp-content\/uploads\/2024\/02\/Reit-investing-2-1-150x150.webp 150w, https:\/\/adamfayed.com\/wp-content\/uploads\/2024\/02\/Reit-investing-2-1-768x768.webp 768w, https:\/\/adamfayed.com\/wp-content\/uploads\/2024\/02\/Reit-investing-2-1-scaled.webp 825w\" sizes=\"(max-width: 300px) 100vw, 300px\" \/><\/figure>\n\n\n\n<h3 class=\"wp-block-heading\">Inversor inmobiliario<\/h3>\n\n\n\n<p>Un inversor inmobiliario es una persona o entidad que asigna capital con la expectativa de recibir un rendimiento financiero en el mercado inmobiliario. El objetivo de los inversores inmobiliarios es generar ingresos a trav\u00e9s de los rendimientos del alquiler, beneficiarse de la revalorizaci\u00f3n del capital o lograr una combinaci\u00f3n de ambos.<\/p>\n\n\n\n<p>Para los inversores inmobiliarios, la integraci\u00f3n de los fondos de inversi\u00f3n inmobiliaria en una cartera de inversi\u00f3n ofrece diversificaci\u00f3n, liquidez y generaci\u00f3n de ingresos. <\/p>\n\n\n\n<p>Invertir le permite acceder a diversos sectores inmobiliarios, como el comercial, el residencial, el sanitario y el minorista, sin las complejidades de la propiedad directa.<\/p>\n\n\n\n<div style=\"height:21px\" aria-hidden=\"true\" class=\"wp-block-spacer\"><\/div>\n\n\n\n<h3 class=\"wp-block-heading\">\u00bfSon los REIT una buena inversi\u00f3n?<\/h3>\n\n\n\n<p>La inversi\u00f3n en fondos de inversi\u00f3n inmobiliaria ofrece una forma atractiva de participar en el mercado inmobiliario. Analizando el rendimiento de los REIT en comparaci\u00f3n con otras inversiones, como acciones, bonos y bienes inmuebles directos, los inversores pueden calibrar su potencial de mejora de la cartera.<\/p>\n\n\n\n<p>Pueden ser una buena inversi\u00f3n para quienes buscan ingresos y diversificaci\u00f3n. Su obligaci\u00f3n de distribuir la mayor parte de los ingresos imponibles en forma de dividendos ofrece a los inversores un flujo de ingresos constante. Adem\u00e1s, el valor inherente del mercado inmobiliario proporciona un nivel de seguridad frente a la inflaci\u00f3n.<\/p>\n\n\n\n<div style=\"height:21px\" aria-hidden=\"true\" class=\"wp-block-spacer\"><\/div>\n\n\n\n<h3 class=\"wp-block-heading\">\u00bfPor qu\u00e9 no invertir en REIT?<\/h3>\n\n\n\n<p>La inversi\u00f3n en fondos de inversi\u00f3n inmobiliaria ofrece una v\u00eda para diversificar las carteras de inversi\u00f3n y acceder a los mercados inmobiliarios sin poseer propiedades f\u00edsicas. <\/p>\n\n\n\n<p>Sin embargo, como cualquier inversi\u00f3n, conlleva una serie de retos y puede no adaptarse al perfil de todos los inversores. Comprender los posibles inconvenientes es crucial antes de incorporar los REIT a su estrategia de inversi\u00f3n.<\/p>\n\n\n\n<div style=\"height:30px\" aria-hidden=\"true\" class=\"wp-block-spacer\"><\/div>\n\n\n\n<h2 class=\"wp-block-heading\"><a href=\"https:\/\/adamfayed.com\/es\/investment-options\/reits\/how-to-invest-in-reits\/\"><strong>C\u00f3mo invertir en REIT<\/strong><\/a><\/h2>\n\n\n\n<p>Un m\u00e9todo sencillo para invertir en fondos de inversi\u00f3n inmobiliaria es adquirir acciones directamente en bolsa. <\/p>\n\n\n\n<p>Para quienes buscan diversificaci\u00f3n dentro de las inversiones inmobiliarias, los fondos de inversi\u00f3n en REIT y los ETF ofrecen una opci\u00f3n atractiva. <\/p>\n\n\n\n<p>La creaci\u00f3n de una cartera diversificada dentro de la inversi\u00f3n en REIT implica repartir las inversiones entre varios sectores del mercado inmobiliario, como los REIT residenciales, comerciales, sanitarios y minoristas.<\/p>\n\n\n\n<div style=\"height:21px\" aria-hidden=\"true\" class=\"wp-block-spacer\"><\/div>\n\n\n\n<h3 class=\"wp-block-heading\">Pasos para comprar REIT<\/h3>\n\n\n\n<p>Invertir en fondos de inversi\u00f3n inmobiliaria ofrece una forma accesible de entrar en el mercado inmobiliario sin comprar propiedades f\u00edsicas. Para iniciarse en la inversi\u00f3n, debe comprender c\u00f3mo adquirir estos valores de forma eficaz.&nbsp;<\/p>\n\n\n\n<p>He aqu\u00ed una gu\u00eda sencilla para adquirir acciones de REIT a trav\u00e9s de cuentas de corretaje y plataformas en l\u00ednea, asegur\u00e1ndose de que utiliza esta clase de activos para diversificar con \u00e9xito su cartera de inversiones.<\/p>\n\n\n\n<ul class=\"wp-block-list\">\n<li><strong>Seleccione una cuenta de corretaje<\/strong>: Buscar <a href=\"https:\/\/adamfayed.com\/es\/investment-options\/best-investments-for-expats-in-2025\/\" data-type=\"link\" data-id=\"https:\/\/adamfayed.com\/investment-options\/best-investments-for-expats-in-2025\/\">plataformas<\/a> que ofrecen una amplia gama de REIT, tanto cotizados en bolsa como no cotizados, si le interesan. Tenga en cuenta las comisiones, la facilidad de uso y las herramientas de b\u00fasqueda disponibles a la hora de elegir su corredur\u00eda.<\/li>\n<\/ul>\n\n\n\n<p><\/p>\n\n\n\n<ul class=\"wp-block-list\">\n<li><strong>REITs de investigaci\u00f3n<\/strong>: Antes de invertir, investigue a fondo para identificar aquellos que se ajusten a sus objetivos de inversi\u00f3n. Eval\u00fae su historial, la rentabilidad por dividendo, el sector al que se dedican (por ejemplo, REIT minoristas, sanitarios o residenciales) y los factores de riesgo. La secci\u00f3n de inversi\u00f3n en fondos de inversi\u00f3n inmobiliaria de los sitios web de noticias financieras y los an\u00e1lisis de las plataformas de inversi\u00f3n inmobiliaria pueden aportar informaci\u00f3n valiosa.<\/li>\n<\/ul>\n\n\n\n<p><\/p>\n\n\n\n<ul class=\"wp-block-list\">\n<li><strong>Abrir y depositar fondos en su cuenta<\/strong>: Una vez que haya elegido un corredor de bolsa, abra su cuenta facilitando la informaci\u00f3n personal requerida. Para ingresar fondos en su cuenta, puede utilizar una transferencia bancaria, un cheque o incluso un giro telegr\u00e1fico. Aseg\u00farese de que dispone de fondos suficientes para cubrir la inversi\u00f3n prevista y las comisiones asociadas.<\/li>\n<\/ul>\n\n\n\n<p><\/p>\n\n\n\n<ul class=\"wp-block-list\">\n<li><strong>Haga su pedido: <\/strong>Tras identificar el fondo de inversi\u00f3n inmobiliaria en el que desea invertir y asegurarse de que dispone de fondos suficientes, realice su pedido. Puede comprar acciones de REIT que cotizan en bolsa como cualquier otra acci\u00f3n, introduciendo el s\u00edmbolo de cotizaci\u00f3n y especificando el n\u00famero de acciones que desea comprar. Decida si desea utilizar una orden de mercado (comprar al precio actual) o una orden limitada (fijar un precio al que est\u00e1 dispuesto a comprar).<\/li>\n<\/ul>\n\n\n\n<p><\/p>\n\n\n\n<ul class=\"wp-block-list\">\n<li><strong>Controle su inversi\u00f3n<\/strong>: Despu\u00e9s de comprar acciones de REIT, es crucial supervisar su inversi\u00f3n. Vigile el rendimiento de la inversi\u00f3n, los cambios en el pago de dividendos y cualquier noticia relacionada con el mercado inmobiliario o los sectores espec\u00edficos en los que se invierte. Esto requiere mantenerse informado para tomar decisiones oportunas sobre mantener, vender o comprar m\u00e1s acciones.<\/li>\n<\/ul>\n\n\n\n<div style=\"height:30px\" aria-hidden=\"true\" class=\"wp-block-spacer\"><\/div>\n\n\n\n<h2 class=\"wp-block-heading\"><strong>Los mejores REIT para invertir<\/strong><\/h2>\n\n\n\n<p>Los REIT minoristas, residenciales, sanitarios, industriales y de oficinas se encuentran entre los mejores.<\/p>\n\n\n\n<div style=\"height:21px\" aria-hidden=\"true\" class=\"wp-block-spacer\"><\/div>\n\n\n\n<h3 class=\"wp-block-heading\">Criterios para elegir los mejores REIT<\/h3>\n\n\n\n<figure class=\"wp-block-image alignright size-medium\"><img decoding=\"async\" width=\"300\" height=\"300\" src=\"https:\/\/adamfayed.com\/wp-content\/uploads\/2024\/02\/Reit-investing-5-1-300x300.webp\" alt=\"Reit investing\" class=\"wp-image-79697\" srcset=\"https:\/\/adamfayed.com\/wp-content\/uploads\/2024\/02\/Reit-investing-5-1-300x300.webp 300w, https:\/\/adamfayed.com\/wp-content\/uploads\/2024\/02\/Reit-investing-5-1-512x512.webp 512w, https:\/\/adamfayed.com\/wp-content\/uploads\/2024\/02\/Reit-investing-5-1-150x150.webp 150w, https:\/\/adamfayed.com\/wp-content\/uploads\/2024\/02\/Reit-investing-5-1-768x768.webp 768w, https:\/\/adamfayed.com\/wp-content\/uploads\/2024\/02\/Reit-investing-5-1-scaled.webp 825w\" sizes=\"(max-width: 300px) 100vw, 300px\" \/><\/figure>\n\n\n\n<p>A la hora de invertir en fondos de inversi\u00f3n inmobiliaria, la selecci\u00f3n de los m\u00e1s rentables es un paso crucial para garantizar una cartera s\u00f3lida. <\/p>\n\n\n\n<p>Los inversores deben tener en cuenta varios factores clave:<\/p>\n\n\n\n<h4 class=\"wp-block-heading\">\u2705Diversificaci\u00f3n<\/h4>\n\n\n\n<p>Busque fondos de inversi\u00f3n inmobiliaria con activos en distintas ubicaciones geogr\u00e1ficas y sectores. La diversificaci\u00f3n reduce el riesgo y proporciona estabilidad, incluso cuando determinados mercados sufren ca\u00eddas.<\/p>\n\n\n\n<h4 class=\"wp-block-heading\">\u2705Salud financiera<\/h4>\n\n\n\n<p>Analice los estados financieros. Un balance s\u00f3lido, un crecimiento constante de los ingresos y un ratio deuda\/capital saneado indican la capacidad de un REIT para mantener los dividendos y sortear las fluctuaciones econ\u00f3micas.<\/p>\n\n\n\n<h4 class=\"wp-block-heading\">Rendimiento y crecimiento de los dividendos<\/h4>\n\n\n\n<p>La alta rentabilidad de los dividendos atrae a muchos a la inversi\u00f3n en REITs. Sin embargo, hay que tener en cuenta tambi\u00e9n la tasa de crecimiento de los dividendos, que refleja el potencial de rentabilidad futura.<\/p>\n\n\n\n<h4 class=\"wp-block-heading\">\u00cdndices de ocupaci\u00f3n<\/h4>\n\n\n\n<p>Unas tasas de ocupaci\u00f3n elevadas indican una fuerte demanda de los inmuebles del REIT, lo que se traduce en flujos de ingresos estables. Se trata de un par\u00e1metro esencial para evaluar el rendimiento de un REIT.<\/p>\n\n\n\n<h4 class=\"wp-block-heading\">Equipo directivo<\/h4>\n\n\n\n<p>La trayectoria y la experiencia del equipo directivo desempe\u00f1an un papel importante en su \u00e9xito. Una gesti\u00f3n eficaz puede sortear los retos y aprovechar las oportunidades de crecimiento.<\/p>\n\n\n\n<div style=\"height:21px\" aria-hidden=\"true\" class=\"wp-block-spacer\"><\/div>\n\n\n\n<h3 class=\"wp-block-heading\">REITs con altos dividendos<\/h3>\n\n\n\n<p>Invertir en fondos de inversi\u00f3n inmobiliaria con altos dividendos puede ser una opci\u00f3n atractiva para los inversores que buscan flujos de ingresos constantes junto con el potencial de revalorizaci\u00f3n del capital. <\/p>\n\n\n\n<p>Suelen operar en sectores s\u00f3lidos que generan un flujo de caja constante, lo que les permite distribuir generosos dividendos a los accionistas.&nbsp;<\/p>\n\n\n\n<div style=\"height:30px\" aria-hidden=\"true\" class=\"wp-block-spacer\"><\/div>\n\n\n\n<h2 class=\"wp-block-heading\"><strong>Consejos para inversores en REIT<\/strong><\/h2>\n\n\n\n<p>Si es la primera vez que invierte en REIT, considere la posibilidad de empezar con una inversi\u00f3n modesta para familiarizarse con la din\u00e1mica del mercado sin asumir riesgos significativos.<\/p>\n\n\n\n<p>No invierta todos sus fondos en un \u00fanico fondo de inversi\u00f3n inmobiliaria. Invertir en varios sectores puede reducir el riesgo y estabilizar la rentabilidad.<\/p>\n\n\n\n<p>Preste atenci\u00f3n a la rentabilidad por dividendo y al historial de pagos, ya que los dividendos son un componente importante de la rentabilidad de la inversi\u00f3n.<\/p>\n\n\n\n<p>Si est\u00e1 disponible, aproveche <a href=\"https:\/\/adamfayed.com\/es\/investment-options\/what-are-dividend-reinvestment-plans-drips\/\" data-type=\"link\" data-id=\"https:\/\/adamfayed.com\/investment-options\/what-are-dividend-reinvestment-plans-drips\/\">Planes de reinversi\u00f3n de dividendos (DRIP)<\/a>, que reinvierten autom\u00e1ticamente los dividendos en acciones adicionales, componiendo su inversi\u00f3n a lo largo del tiempo.<\/p>\n\n\n\n<p><strong>\u00bfLe duele la indecisi\u00f3n financiera? <\/strong><\/p>\n\n\n\n<figure class=\"wp-block-image size-large is-resized\"><img loading=\"lazy\" decoding=\"async\" width=\"512\" height=\"288\" src=\"https:\/\/adamfayed.com\/wp-content\/uploads\/2025\/03\/Adam-Fayed-Contact_CTA3-512x288.jpg\" alt=\"\" class=\"wp-image-117505\" style=\"width:683px;height:auto\" srcset=\"https:\/\/adamfayed.com\/wp-content\/uploads\/2025\/03\/Adam-Fayed-Contact_CTA3-512x288.jpg 512w, https:\/\/adamfayed.com\/wp-content\/uploads\/2025\/03\/Adam-Fayed-Contact_CTA3-300x169.jpg 300w, https:\/\/adamfayed.com\/wp-content\/uploads\/2025\/03\/Adam-Fayed-Contact_CTA3-768x432.jpg 768w, https:\/\/adamfayed.com\/wp-content\/uploads\/2025\/03\/Adam-Fayed-Contact_CTA3-scaled.jpg 825w\" sizes=\"(max-width: 512px) 100vw, 512px\" \/><\/figure>\n\n\n\n<div style=\"height:10px\" aria-hidden=\"true\" class=\"wp-block-spacer\"><\/div>\n\n\n\n<div class=\"wp-block-buttons is-layout-flex wp-block-buttons-is-layout-flex\">\n<div class=\"wp-block-button\"><a class=\"wp-block-button__link wp-element-button\" href=\"https:\/\/adamfayed.com\/es\/become-adams-client\/\">Convi\u00e9rtase en mi cliente<\/a><\/div>\n\n\n\n<div class=\"wp-block-button\"><a class=\"wp-block-button__link wp-element-button\" href=\"https:\/\/adamfayed.com\/es\/good-match-quiz\/\" target=\"_blank\" rel=\"noreferrer noopener\">Realice el cuestionario de elegibilidad de clientes<\/a><\/div>\n\n\n\n<div class=\"wp-block-button\"><a class=\"wp-block-button__link wp-element-button\" href=\"https:\/\/adamfayed.com\/es\/contact\/\" target=\"_blank\" rel=\"noreferrer noopener\">P\u00f3ngase en contacto con<\/a><\/div>\n<\/div>\n\n\n\n<p><strong>Adam es un autor reconocido internacionalmente en temas financieros, con m\u00e1s de 830 millones de respuestas en Quora, un libro muy vendido en Amazon y colaborador de Forbes.<\/strong><\/p>","protected":false},"excerpt":{"rendered":"<p>Fondos de inversi\u00f3n inmobiliaria (REIT)<\/p>","protected":false},"author":14,"featured_media":79698,"parent":79603,"menu_order":0,"comment_status":"open","ping_status":"closed","template":"","meta":{"rop_custom_images_group":[],"rop_custom_messages_group":[],"rop_publish_now":"initial","rop_publish_now_accounts":{"facebook_10166176115445471_100883565069113":""},"rop_publish_now_history":[],"rop_publish_now_status":"pending","footnotes":""},"class_list":["post-79686","page","type-page","status-publish","has-post-thumbnail","hentry"],"_links":{"self":[{"href":"https:\/\/adamfayed.com\/es\/wp-json\/wp\/v2\/pages\/79686","targetHints":{"allow":["GET"]}}],"collection":[{"href":"https:\/\/adamfayed.com\/es\/wp-json\/wp\/v2\/pages"}],"about":[{"href":"https:\/\/adamfayed.com\/es\/wp-json\/wp\/v2\/types\/page"}],"author":[{"embeddable":true,"href":"https:\/\/adamfayed.com\/es\/wp-json\/wp\/v2\/users\/14"}],"replies":[{"embeddable":true,"href":"https:\/\/adamfayed.com\/es\/wp-json\/wp\/v2\/comments?post=79686"}],"version-history":[{"count":3,"href":"https:\/\/adamfayed.com\/es\/wp-json\/wp\/v2\/pages\/79686\/revisions"}],"predecessor-version":[{"id":121067,"href":"https:\/\/adamfayed.com\/es\/wp-json\/wp\/v2\/pages\/79686\/revisions\/121067"}],"up":[{"embeddable":true,"href":"https:\/\/adamfayed.com\/es\/wp-json\/wp\/v2\/pages\/79603"}],"wp:featuredmedia":[{"embeddable":true,"href":"https:\/\/adamfayed.com\/es\/wp-json\/wp\/v2\/media\/79698"}],"wp:attachment":[{"href":"https:\/\/adamfayed.com\/es\/wp-json\/wp\/v2\/media?parent=79686"}],"curies":[{"name":"wp","href":"https:\/\/api.w.org\/{rel}","templated":true}]}}