{"id":79719,"date":"2024-04-25T08:45:06","date_gmt":"2024-04-25T08:45:06","guid":{"rendered":"https:\/\/adamfayed.com\/?page_id=79719"},"modified":"2025-03-01T13:20:29","modified_gmt":"2025-03-01T13:20:29","slug":"commodities","status":"publish","type":"page","link":"https:\/\/adamfayed.com\/es\/investment-options\/commodities\/","title":{"rendered":"Definici\u00f3n, tipos y comercio de materias primas"},"content":{"rendered":"<p>Comerciantes e inversores recurren a las materias primas y al comercio de productos b\u00e1sicos como opciones de inversi\u00f3n clave, buscando diversificar las carteras y protegerse contra la inflaci\u00f3n. <\/p>\n\n\n\n<p>Las materias primas, bienes tangibles como el oro, el petr\u00f3leo y los productos agr\u00edcolas, son la espina dorsal del comercio mundial y afectan a los precios al consumo y a los indicadores econ\u00f3micos.<\/p>\n\n\n\n<p>Si desea invertir como expatriado o particular con un elevado patrimonio neto, que es en lo que estoy especializado, puede enviarme un correo electr\u00f3nico (advice@adamfayed.com) o WhatsApp (+44-7393-450-837).<\/p>\n\n\n\n<p>A diferencia de <a href=\"https:\/\/adamfayed.com\/es\/investment-options\/what-are-stocks\/\">acciones<\/a> y <a href=\"https:\/\/adamfayed.com\/es\/investment-options\/what-are-bonds\/\">bonos<\/a>, Las materias primas responden directamente a los cambios en la oferta y la demanda, por lo que el an\u00e1lisis del mercado y el momento oportuno son cruciales para el \u00e9xito.<\/p>\n\n\n\n<p>Para los inversores que buscan opciones de inversi\u00f3n, estos activos ofrecen una manera de ganar exposici\u00f3n a diferentes sectores econ\u00f3micos y gestionar el riesgo en sus carteras de inversi\u00f3n. <\/p>\n\n\n\n<p><\/p>\n\n\n\n<p>En esta p\u00e1gina se tratar\u00e1n diferentes puntos, entre ellos:<\/p>\n\n\n\n<ul class=\"wp-block-list\">\n<li>Significado de la mercanc\u00eda<\/li>\n\n\n\n<li>Tipos de materias primas<\/li>\n\n\n\n<li>Ejemplos de materias primas<\/li>\n\n\n\n<li>Comercio de materias primas<\/li>\n\n\n\n<li>Plataformas de negociaci\u00f3n de materias primas<\/li>\n\n\n\n<li>Acciones de materias primas<\/li>\n\n\n\n<li>Precios de las materias primas<\/li>\n<\/ul>\n\n\n\n<div style=\"height:31px\" aria-hidden=\"true\" class=\"wp-block-spacer\"><\/div>\n\n\n\n<h2 class=\"wp-block-heading\"><strong>Mercanc\u00eda Significado<\/strong><\/h2>\n\n\n\n<p>Las materias primas son b\u00e1sicas <a href=\"https:\/\/www.investor.gov\/introduction-investing\/investing-basics\/investment-products\/commodities\" target=\"_blank\" rel=\"noopener\">mercanc\u00edas<\/a> utilizados en el comercio que sean intercambiables con otros productos del mismo tipo.<\/p>\n\n\n\n<figure class=\"wp-block-image alignright size-medium is-resized\"><img fetchpriority=\"high\" decoding=\"async\" width=\"300\" height=\"300\" src=\"https:\/\/adamfayed.com\/wp-content\/uploads\/2024\/02\/commodity-trading-2-300x300.webp\" alt=\"what are commodities\" class=\"wp-image-79723\" style=\"width:186px;height:auto\" srcset=\"https:\/\/adamfayed.com\/wp-content\/uploads\/2024\/02\/commodity-trading-2-300x300.webp 300w, https:\/\/adamfayed.com\/wp-content\/uploads\/2024\/02\/commodity-trading-2-512x512.webp 512w, https:\/\/adamfayed.com\/wp-content\/uploads\/2024\/02\/commodity-trading-2-150x150.webp 150w, https:\/\/adamfayed.com\/wp-content\/uploads\/2024\/02\/commodity-trading-2-768x768.webp 768w, https:\/\/adamfayed.com\/wp-content\/uploads\/2024\/02\/commodity-trading-2-scaled.webp 825w\" sizes=\"(max-width: 300px) 100vw, 300px\" \/><\/figure>\n\n\n\n<p>Comprender las materias primas es esencial para los inversores que buscan diversas opciones de inversi\u00f3n. <\/p>\n\n\n\n<p>Estos productos influyen en la vida cotidiana y en la econom\u00eda mundial a nivel macroecon\u00f3mico, dictando los precios de bienes y servicios en todo el mundo. Ofrecen a los inversores una forma de protegerse contra la inflaci\u00f3n, ya que sus precios suelen subir cuando <a href=\"https:\/\/adamfayed.com\/es\/living-abroad\/living-expenses\/\">gastos de manutenci\u00f3n<\/a> aumentar.<\/p>\n\n\n\n<div style=\"height:31px\" aria-hidden=\"true\" class=\"wp-block-spacer\"><\/div>\n\n\n\n<h2 class=\"wp-block-heading\"><strong>Tipos de materias primas<\/strong><\/h2>\n\n\n\n<p>Existen varios tipos de materias primas disponibles en el mercado, como:<\/p>\n\n\n\n<ul class=\"wp-block-list\">\n<li>productos energ\u00e9ticos<\/li>\n\n\n\n<li>metales<\/li>\n\n\n\n<li>productos agr\u00edcolas <\/li>\n\n\n\n<li>ganado<\/li>\n<\/ul>\n\n\n\n<div style=\"height:31px\" aria-hidden=\"true\" class=\"wp-block-spacer\"><\/div>\n\n\n\n<h2 class=\"wp-block-heading\"><strong>Ejemplos de materias primas<\/strong><\/h2>\n\n\n\n<p>Algunos ejemplos son los productos energ\u00e9ticos como el petr\u00f3leo y el gas natural, que alimentan industrias y veh\u00edculos; los productos agr\u00edcolas como el trigo, la soja y el algod\u00f3n, que alimentan a la poblaci\u00f3n y proporcionan materias primas; y los metales como el oro, la plata y el cobre, que sirven como opciones de inversi\u00f3n y componentes industriales.<\/p>\n\n\n\n<div style=\"height:31px\" aria-hidden=\"true\" class=\"wp-block-spacer\"><\/div>\n\n\n\n<h2 class=\"wp-block-heading\"><strong>Comercio de materias primas<\/strong><\/h2>\n\n\n\n<p>El comercio de materias primas consiste en la compra y venta de materias primas o principales productos agr\u00edcolas; a menudo se realiza en l\u00ednea o a trav\u00e9s de bolsas de materias primas.<\/p>\n\n\n\n<p>Las estrategias de negociaci\u00f3n de materias primas utilizadas son muy diversas; incluyen el an\u00e1lisis t\u00e9cnico, que se centra en las tendencias y pautas de los precios, as\u00ed como el an\u00e1lisis fundamental, que se basa en la din\u00e1mica de la oferta y la demanda.<\/p>\n\n\n\n<div style=\"height:31px\" aria-hidden=\"true\" class=\"wp-block-spacer\"><\/div>\n\n\n\n<figure class=\"wp-block-image alignright size-medium\"><img decoding=\"async\" width=\"300\" height=\"300\" src=\"https:\/\/adamfayed.com\/wp-content\/uploads\/2024\/02\/commodity-trading-3-300x300.webp\" alt=\"commodity trading\" class=\"wp-image-79724\" srcset=\"https:\/\/adamfayed.com\/wp-content\/uploads\/2024\/02\/commodity-trading-3-300x300.webp 300w, https:\/\/adamfayed.com\/wp-content\/uploads\/2024\/02\/commodity-trading-3-512x512.webp 512w, https:\/\/adamfayed.com\/wp-content\/uploads\/2024\/02\/commodity-trading-3-150x150.webp 150w, https:\/\/adamfayed.com\/wp-content\/uploads\/2024\/02\/commodity-trading-3-768x768.webp 768w, https:\/\/adamfayed.com\/wp-content\/uploads\/2024\/02\/commodity-trading-3-scaled.webp 825w\" sizes=\"(max-width: 300px) 100vw, 300px\" \/><\/figure>\n\n\n\n<h3 class=\"wp-block-heading\">Mercados de materias primas<\/h3>\n\n\n\n<p>Los mercados de materias primas son plataformas en las que se intercambian productos brutos o primarios. <\/p>\n\n\n\n<p>Estos mercados desempe\u00f1an un papel crucial en la econom\u00eda mundial al fijar los precios de estos bienes esenciales. Incluyen tanto el comercio f\u00edsico como el de derivados.<\/p>\n\n\n\n<div style=\"height:19px\" aria-hidden=\"true\" class=\"wp-block-spacer\"><\/div>\n\n\n\n<h3 class=\"wp-block-heading\">Participantes en el mercado<\/h3>\n\n\n\n<p>En este mercado participan productores y consumidores, comerciantes, especuladores e inversores. Los productores y los consumidores realizan actividades de cobertura para fijar los precios de entrega en el futuro y protegerse de las fluctuaciones de precios.<\/p>\n\n\n\n<p>Los operadores y especuladores buscan beneficiarse de las fluctuaciones de los precios, mientras que los inversores pueden incluir estos activos en sus carteras para diversificarlas y protegerse de la inflaci\u00f3n.<\/p>\n\n\n\n<div style=\"height:19px\" aria-hidden=\"true\" class=\"wp-block-spacer\"><\/div>\n\n\n\n<h3 class=\"wp-block-heading\">Lugares de comercio<\/h3>\n\n\n\n<p>Los centros e instrumentos de negociaci\u00f3n de materias primas son componentes cruciales del sistema financiero mundial, ya que permiten a los participantes comprar, vender y especular con los precios de diversos productos, como metales, energ\u00eda y productos agr\u00edcolas.<\/p>\n\n\n\n<p>Estas actividades de negociaci\u00f3n tienen lugar en bolsas reguladas y mercados extraburs\u00e1tiles (OTC), cada uno con sus propias caracter\u00edsticas, instrumentos y participantes.<\/p>\n\n\n\n<div style=\"height:19px\" aria-hidden=\"true\" class=\"wp-block-spacer\"><\/div>\n\n\n\n<h3 class=\"wp-block-heading\">Instrumentos de negociaci\u00f3n<\/h3>\n\n\n\n<p>Los mercados utilizan diversos instrumentos para negociar, como contratos de futuros, contratos de opciones, contratos a plazo, swaps, pagar\u00e9s cotizados y fondos cotizados.<\/p>\n\n\n\n<div style=\"height:19px\" aria-hidden=\"true\" class=\"wp-block-spacer\"><\/div>\n\n\n\n<h3 class=\"wp-block-heading\">C\u00f3mo negociar con materias primas<\/h3>\n\n\n\n<ol class=\"wp-block-list\">\n<li><strong>Inf\u00f3rmate<\/strong>: Conozca los distintos tipos y sus impulsores en el mercado. Comprender los factores econ\u00f3micos, medioambientales y pol\u00edticos que pueden afectar a los precios de las materias primas.<\/li>\n\n\n\n<li><strong>Elija un comercio<\/strong> <strong>Ac\u00e9rquese a<\/strong>: Decida si desea operar con materias primas f\u00edsicas, contratos de futuros, opciones o acciones y ETF relacionados con materias primas.<\/li>\n\n\n\n<li><strong>Seleccione un corredor<\/strong>: Elija un corredor de confianza. Tenga en cuenta factores como las comisiones, las plataformas de negociaci\u00f3n, el servicio de atenci\u00f3n al cliente y los recursos educativos.<\/li>\n\n\n\n<li><strong>Empezar con una cuenta de demostraci\u00f3n<\/strong>: Muchos corredores ofrecen cuentas de operaciones de demostraci\u00f3n o simulaci\u00f3n. Util\u00edzalas para practicar con dinero virtual y familiarizarte con las condiciones del mercado.<\/li>\n\n\n\n<li><strong>Desarrollar un plan de negociaci\u00f3n<\/strong>: Establezca sus objetivos de negociaci\u00f3n, su tolerancia al riesgo y su estrategia. Determine de antemano cu\u00e1nto est\u00e1 dispuesto a arriesgar en cada operaci\u00f3n.<\/li>\n\n\n\n<li><strong>Mant\u00e9ngase informado<\/strong>: Siga las noticias y los informes del mercado. Los indicadores econ\u00f3micos, las previsiones meteorol\u00f3gicas y los acontecimientos geopol\u00edticos pueden influir en los precios de las materias primas.<\/li>\n<\/ol>\n\n\n\n<div style=\"height:31px\" aria-hidden=\"true\" class=\"wp-block-spacer\"><\/div>\n\n\n\n<h2 class=\"wp-block-heading\"><strong>Plataformas de negociaci\u00f3n de materias primas<\/strong><\/h2>\n\n\n\n<p>Las plataformas de negociaci\u00f3n de materias primas var\u00edan en caracter\u00edsticas, interfaz de usuario y lo que ofrecen. <\/p>\n\n\n\n<p>Algunas plataformas populares son:<\/p>\n\n\n\n<ul class=\"wp-block-list\">\n<li>MetaTrader<\/li>\n\n\n\n<li>NinjaTrader<\/li>\n\n\n\n<li>Interactive Brokers<\/li>\n\n\n\n<li>Thinkorswim de TD Ameritrade<\/li>\n<\/ul>\n\n\n\n<div style=\"height:31px\" aria-hidden=\"true\" class=\"wp-block-spacer\"><\/div>\n\n\n\n<h2 class=\"wp-block-heading\"><strong>Acciones de materias primas<\/strong><\/h2>\n\n\n\n<p>Los valores de materias primas representan empresas dedicadas a la producci\u00f3n, exploraci\u00f3n o transformaci\u00f3n de materias primas. <\/p>\n\n\n\n<p>Esta conexi\u00f3n ofrece a los inversores una forma m\u00e1s accesible de exponerse a los precios sin tener que negociar directamente con bienes f\u00edsicos o contratos de futuros.<\/p>\n\n\n\n<div style=\"height:31px\" aria-hidden=\"true\" class=\"wp-block-spacer\"><\/div>\n\n\n\n<h2 class=\"wp-block-heading\"><strong>Precios de las materias primas<\/strong><\/h2>\n\n\n\n<p>El precio de los productos b\u00e1sicos es el valor de mercado de las materias primas o de los principales productos agr\u00edcolas. Est\u00e1 determinado por la oferta y la demanda, los cambios geopol\u00edticos, el clima, las pol\u00edticas gubernamentales y los patrones econ\u00f3micos.<\/p>\n\n\n\n<div style=\"height:17px\" aria-hidden=\"true\" class=\"wp-block-spacer\"><\/div>\n\n\n\n<h3 class=\"wp-block-heading\">CNBC Materias primas<\/h3>\n\n\n\n<p>CNBC, una de las principales cadenas de noticias empresariales y financieras, proporciona una cobertura exhaustiva de estos activos, ofreciendo datos en tiempo real, noticias, an\u00e1lisis y perspectivas de los mercados mundiales de materias primas. <\/p>\n\n\n\n<p><strong>\u00bfLe duele la indecisi\u00f3n financiera? <\/strong><\/p>\n\n\n\n<figure class=\"wp-block-image size-large is-resized\"><img decoding=\"async\" width=\"512\" height=\"288\" src=\"https:\/\/adamfayed.com\/wp-content\/uploads\/2025\/03\/Adam-Fayed-Contact_CTA3-512x288.jpg\" alt=\"\" class=\"wp-image-117505\" style=\"width:683px;height:auto\" srcset=\"https:\/\/adamfayed.com\/wp-content\/uploads\/2025\/03\/Adam-Fayed-Contact_CTA3-512x288.jpg 512w, https:\/\/adamfayed.com\/wp-content\/uploads\/2025\/03\/Adam-Fayed-Contact_CTA3-300x169.jpg 300w, https:\/\/adamfayed.com\/wp-content\/uploads\/2025\/03\/Adam-Fayed-Contact_CTA3-768x432.jpg 768w, https:\/\/adamfayed.com\/wp-content\/uploads\/2025\/03\/Adam-Fayed-Contact_CTA3-scaled.jpg 825w\" sizes=\"(max-width: 512px) 100vw, 512px\" \/><\/figure>\n\n\n\n<div style=\"height:10px\" aria-hidden=\"true\" class=\"wp-block-spacer\"><\/div>\n\n\n\n<div class=\"wp-block-buttons is-layout-flex wp-block-buttons-is-layout-flex\">\n<div class=\"wp-block-button\"><a class=\"wp-block-button__link wp-element-button\" href=\"https:\/\/adamfayed.com\/es\/become-adams-client\/\">Convi\u00e9rtase en mi cliente<\/a><\/div>\n\n\n\n<div class=\"wp-block-button\"><a class=\"wp-block-button__link wp-element-button\" href=\"https:\/\/adamfayed.com\/es\/good-match-quiz\/\" target=\"_blank\" rel=\"noreferrer noopener\">Realice el cuestionario de elegibilidad de clientes<\/a><\/div>\n\n\n\n<div class=\"wp-block-button\"><a class=\"wp-block-button__link wp-element-button\" href=\"https:\/\/adamfayed.com\/es\/contact\/\" target=\"_blank\" rel=\"noreferrer noopener\">P\u00f3ngase en contacto con<\/a><\/div>\n<\/div>\n\n\n\n<p><strong>Adam es un autor reconocido internacionalmente en temas financieros, con m\u00e1s de 830 millones de respuestas en Quora, un libro muy vendido en Amazon y colaborador de Forbes.<\/strong><\/p>","protected":false},"excerpt":{"rendered":"<p>Definici\u00f3n, tipos y comercio de materias primas<\/p>","protected":false},"author":17,"featured_media":79729,"parent":79603,"menu_order":0,"comment_status":"open","ping_status":"closed","template":"","meta":{"rop_custom_images_group":[],"rop_custom_messages_group":[],"rop_publish_now":"initial","rop_publish_now_accounts":{"facebook_10166176115445471_100883565069113":""},"rop_publish_now_history":[],"rop_publish_now_status":"pending","footnotes":""},"class_list":["post-79719","page","type-page","status-publish","has-post-thumbnail","hentry"],"_links":{"self":[{"href":"https:\/\/adamfayed.com\/es\/wp-json\/wp\/v2\/pages\/79719","targetHints":{"allow":["GET"]}}],"collection":[{"href":"https:\/\/adamfayed.com\/es\/wp-json\/wp\/v2\/pages"}],"about":[{"href":"https:\/\/adamfayed.com\/es\/wp-json\/wp\/v2\/types\/page"}],"author":[{"embeddable":true,"href":"https:\/\/adamfayed.com\/es\/wp-json\/wp\/v2\/users\/17"}],"replies":[{"embeddable":true,"href":"https:\/\/adamfayed.com\/es\/wp-json\/wp\/v2\/comments?post=79719"}],"version-history":[{"count":2,"href":"https:\/\/adamfayed.com\/es\/wp-json\/wp\/v2\/pages\/79719\/revisions"}],"predecessor-version":[{"id":103846,"href":"https:\/\/adamfayed.com\/es\/wp-json\/wp\/v2\/pages\/79719\/revisions\/103846"}],"up":[{"embeddable":true,"href":"https:\/\/adamfayed.com\/es\/wp-json\/wp\/v2\/pages\/79603"}],"wp:featuredmedia":[{"embeddable":true,"href":"https:\/\/adamfayed.com\/es\/wp-json\/wp\/v2\/media\/79729"}],"wp:attachment":[{"href":"https:\/\/adamfayed.com\/es\/wp-json\/wp\/v2\/media?parent=79719"}],"curies":[{"name":"wp","href":"https:\/\/api.w.org\/{rel}","templated":true}]}}