{"id":79900,"date":"2024-02-19T16:51:43","date_gmt":"2024-02-19T16:51:43","guid":{"rendered":"https:\/\/adamfayed.com\/?page_id=79900"},"modified":"2024-03-20T09:38:42","modified_gmt":"2024-03-20T09:38:42","slug":"do-i-need-a-financial-advisor","status":"publish","type":"page","link":"https:\/\/adamfayed.com\/es\/expat-financial-advisor\/do-i-need-a-financial-advisor\/","title":{"rendered":"\u00bfNecesito un asesor financiero? \u00bfMerece la pena?"},"content":{"rendered":"<p>Mapa del sitio: <a href=\"https:\/\/adamfayed.com\/es\/financial-planning\/expat-financial-advisor\/\">Asesor financiero para expatriados<\/a> &gt; \u00bfNecesito un asesor financiero?<\/p>\n\n\n\n<p>Si quiere tomar decisiones inteligentes con su dinero, deber\u00eda preguntarse: \u201c\u00bfNecesito un asesor financiero?\u201d.\u201d<\/p>\n\n\n\n<p>Si desea invertir como expatriado o particular con un elevado patrimonio neto, que es en lo que estoy especializado, puede enviarme un correo electr\u00f3nico (advice@adamfayed.com) o WhatsApp (+44-7393-450-837).<\/p>\n\n\n\n<p>En esta p\u00e1gina responderemos a esa pregunta y debatiremos:<\/p>\n\n\n\n<ul class=\"wp-block-list\">\n<li>C\u00f3mo encontrar un asesor financiero<\/li>\n\n\n\n<li>C\u00f3mo elegir un asesor financiero<\/li>\n\n\n\n<li>Preguntas para un asesor financiero<\/li>\n\n\n\n<li>\u00bfMerece la pena tener un asesor financiero?<\/li>\n<\/ul>\n\n\n\n<p><\/p>\n\n\n\n<h2 class=\"wp-block-heading\">\u00bfNecesito un asesor financiero?<\/h2>\n\n\n\n<p>Su situaci\u00f3n financiera y sus objetivos determinan si necesita un asesor financiero. Un asesor imparcial puede ayudarle a gestionar sus fondos o a tomar decisiones inteligentes. Debe elegir cuidadosamente un asesor financiero independiente con las aptitudes, la experiencia y la reputaci\u00f3n adecuadas.<\/p>\n\n\n\n<figure class=\"wp-block-embed is-type-wp-embed is-provider-adam-fayed wp-block-embed-adam-fayed\"><div class=\"wp-block-embed__wrapper\">\n<blockquote class=\"wp-embedded-content\" data-secret=\"gKF0CljA18\"><a href=\"https:\/\/adamfayed.com\/es\/financial-planning\/personal-financial-planning\/\">Planificaci\u00f3n financiera personal<\/a><\/blockquote><iframe class=\"wp-embedded-content\" sandbox=\"allow-scripts\" security=\"restricted\" style=\"position: absolute; visibility: hidden;\" title=\"\u201cPlanificaci\u00f3n financiera personal\u201d - Adam Fayed\" src=\"https:\/\/adamfayed.com\/financial-planning\/personal-financial-planning\/embed\/#?secret=hl5wzketAZ#?secret=gKF0CljA18\" data-secret=\"gKF0CljA18\" width=\"600\" height=\"338\" frameborder=\"0\" marginwidth=\"0\" marginheight=\"0\" scrolling=\"no\"><\/iframe>\n<\/div><\/figure>\n\n\n\n<h3 class=\"wp-block-heading\">C\u00f3mo encontrar un asesor financiero<\/h3>\n\n\n\n<ol class=\"wp-block-list\">\n<li>Solicite sugerencias concretas a amigos, familiares o colegas. Las referencias personales pueden revelar el servicio y la experiencia de un asesor.<\/li>\n\n\n\n<li>Consulte la Asociaci\u00f3n Nacional de Asesores Financieros Personales o <a href=\"https:\/\/www.napfa.org\/\" target=\"_blank\" rel=\"noopener\">Sitio web de la NAPFA<\/a> o utilice la herramienta CFP Board of Standards para encontrar un planificador financiero certificado. Estos son algunos de los recursos que pueden descubrir asesores con credenciales especializadas.<\/li>\n\n\n\n<li>Utilice directorios en l\u00ednea como el <a href=\"https:\/\/adamfayed.com\/es\/financial-planning\/personal-financial-planning\/the-retirement-plan-guide\/\">Jubilaci\u00f3n<\/a> o la herramienta proporcionada por la Sociedad de Finanzas Personales para encontrar asesores financieros que cumplan sus requisitos espec\u00edficos y se encuentren en su zona.<\/li>\n\n\n\n<li>Es posible que veas asesores recomendados a miembros de determinados sindicatos, organizaciones de afinidad o sistemas de pensiones en el lugar de trabajo. Obt\u00e9n primero su aprobaci\u00f3n si formas parte de ese tipo de sociedad.<\/li>\n<\/ol>\n\n\n\n<p><\/p>\n\n\n\n<h3 class=\"wp-block-heading\">C\u00f3mo elegir un asesor financiero<\/h3>\n\n\n\n<figure class=\"wp-block-image alignright size-large\"><img fetchpriority=\"high\" decoding=\"async\" width=\"512\" height=\"377\" src=\"https:\/\/adamfayed.com\/wp-content\/uploads\/2024\/02\/how-to-find-a-financial-advisor-512x377.jpg\" alt=\"Do I need a financial advisor\" class=\"wp-image-79903\" srcset=\"https:\/\/adamfayed.com\/wp-content\/uploads\/2024\/02\/how-to-find-a-financial-advisor-512x377.jpg 512w, https:\/\/adamfayed.com\/wp-content\/uploads\/2024\/02\/how-to-find-a-financial-advisor-300x221.jpg 300w, https:\/\/adamfayed.com\/wp-content\/uploads\/2024\/02\/how-to-find-a-financial-advisor.jpg 640w\" sizes=\"(max-width: 512px) 100vw, 512px\" \/><figcaption class=\"wp-element-caption\">Foto de Andrea Piacquadio<\/figcaption><\/figure>\n\n\n\n<p>Para encontrar un asesor financiero fiable, debe examinar varios aspectos. La evaluaci\u00f3n inicial de las autorizaciones del asesor es crucial. Elija especialistas con certificaci\u00f3n CFP o CFA. El registro ante las autoridades reguladoras aporta una garant\u00eda adicional sobre su profesionalidad y los est\u00e1ndares del sector.<\/p>\n\n\n\n<p>La experiencia y la competencia son igualmente importantes a la hora de elegir un asesor. Debe tenerse en cuenta el historial del asesor en condiciones financieras similares. Planificaci\u00f3n de la jubilaci\u00f3n o <a href=\"https:\/\/adamfayed.com\/es\/review-articles\/rl360-pims-personal-investment-management-service-review\/\">gesti\u00f3n de inversiones<\/a> expertos pueden aportar ideas y m\u00e9todos concretos para ayudarle a alcanzar sus objetivos.<\/p>\n\n\n\n<p>La obligaci\u00f3n fiduciaria del asesor tambi\u00e9n es importante. Una norma fiduciaria exige que el asesor anteponga sus intereses. Dado que las recomendaciones se hacen pensando en su bienestar financiero, este compromiso reduce los conflictos de intereses y aumenta la confianza entre el asesor y el cliente.<\/p>\n\n\n\n<p>Adem\u00e1s, conocer los honorarios del asesor es crucial. Es importante definir los modelos de remuneraci\u00f3n de los asesores porque var\u00edan. Los honorarios de los clientes compensan a los asesores que s\u00f3lo cobran honorarios, lo que reduce los conflictos de intereses y alinea los incentivos con los objetivos de los clientes.<\/p>\n\n\n\n<p>Sin embargo, los asesores que cobran honorarios pueden recibir comisiones por la venta de productos, adem\u00e1s de los honorarios de los clientes, por lo que es importante comprender la estructura de honorarios y sus efectos en sus finanzas.<\/p>\n\n\n\n<figure class=\"wp-block-embed is-type-wp-embed is-provider-adam-fayed wp-block-embed-adam-fayed\"><div class=\"wp-block-embed__wrapper\">\n<blockquote class=\"wp-embedded-content\" data-secret=\"jedFRVrIcq\"><a href=\"https:\/\/adamfayed.com\/es\/financial-planning\/personal-financial-planning\/the-retirement-plan-guide\/\">Gu\u00eda de planes de jubilaci\u00f3n para expatriados<\/a><\/blockquote><iframe class=\"wp-embedded-content\" sandbox=\"allow-scripts\" security=\"restricted\" style=\"position: absolute; visibility: hidden;\" title=\"\u201cLa gu\u00eda de planes de jubilaci\u00f3n para expatriados\u201d - Adam Fayed\" src=\"https:\/\/adamfayed.com\/financial-planning\/personal-financial-planning\/the-retirement-plan-guide\/embed\/#?secret=QU9Ts2QHNN#?secret=jedFRVrIcq\" data-secret=\"jedFRVrIcq\" width=\"600\" height=\"338\" frameborder=\"0\" marginwidth=\"0\" marginheight=\"0\" scrolling=\"no\"><\/iframe>\n<\/div><\/figure>\n\n\n\n<h3 class=\"wp-block-heading\">Preguntas para un asesor financiero<\/h3>\n\n\n\n<p>Para elegir un asesor financiero hay que plantearse las preguntas adecuadas, como:<\/p>\n\n\n\n<ul class=\"wp-block-list\">\n<li><a href=\"https:\/\/adamfayed.com\/es\/financial-planning\/expat-financial-advisor\/do-i-need-a-financial-advisor\/\">\u00bfNecesito un asesor financiero?<\/a><\/li>\n\n\n\n<li>\u00bfQu\u00e9 servicios presta?<\/li>\n\n\n\n<li>\u00bfQu\u00e9 principios gu\u00edan su forma de invertir?<\/li>\n\n\n\n<li>\u00bfCu\u00e1les son sus credenciales?<\/li>\n\n\n\n<li>\u00bfEs usted fiduciario?<\/li>\n\n\n\n<li>\u00bfCu\u00e1les son las tasas?<\/li>\n\n\n\n<li>\u00bfCu\u00e1l es la frecuencia de las reuniones y el m\u00e9todo de comunicaci\u00f3n?<\/li>\n\n\n\n<li>\u00bfC\u00f3mo ha manejado situaciones como la m\u00eda?<\/li>\n\n\n\n<li>\u00bfTiene recomendaciones de clientes actuales?<\/li>\n\n\n\n<li>\u00bfC\u00f3mo gestiona el riesgo?<\/li>\n\n\n\n<li>\u00bfC\u00f3mo se mantiene al d\u00eda de los cambios del sector financiero?<\/li>\n<\/ul>\n\n\n\n<p><\/p>\n\n\n\n<h2 class=\"wp-block-heading\">\u00bfMerece la pena tener un asesor financiero?<\/h2>\n\n\n\n<p>Si tiene una agenda muy apretada o carece de competencia financiera, <a href=\"https:\/\/adamfayed.com\/es\/review-articles\/guinness-asset-management-funds-review\/\">gesti\u00f3n de inversiones<\/a> y la planificaci\u00f3n financiera pueden llevarle tiempo. Centrarse en otras actividades mientras un asesor financiero se encarga de estas tareas puede ahorrarte tiempo.<\/p>\n\n\n\n<p>Los asesores financieros pueden ayudarle a tomar decisiones financieras razonables durante las turbulencias del mercado o acontecimientos emocionales como los entrenamientos de comportamiento.<\/p>\n\n\n\n<p>Compare los costes del asesor financiero con su valor. Los precios de los asesores financieros var\u00edan, pero si su asesoramiento y orientaci\u00f3n te ayudan a alcanzar tus objetivos financieros y superan sus honorarios, puede que merezcan la pena.<\/p>\n\n\n\n<p><\/p>\n\n\n\n<p><strong>\u00bfLe duele la indecisi\u00f3n financiera? <\/strong><\/p>\n\n\n\n<figure class=\"wp-block-image size-large is-resized\"><img decoding=\"async\" width=\"512\" height=\"288\" src=\"https:\/\/adamfayed.com\/wp-content\/uploads\/2025\/03\/Adam-Fayed-Contact_CTA3-512x288.jpg\" alt=\"\" class=\"wp-image-117505\" style=\"width:683px;height:auto\" srcset=\"https:\/\/adamfayed.com\/wp-content\/uploads\/2025\/03\/Adam-Fayed-Contact_CTA3-512x288.jpg 512w, https:\/\/adamfayed.com\/wp-content\/uploads\/2025\/03\/Adam-Fayed-Contact_CTA3-300x169.jpg 300w, https:\/\/adamfayed.com\/wp-content\/uploads\/2025\/03\/Adam-Fayed-Contact_CTA3-768x432.jpg 768w, https:\/\/adamfayed.com\/wp-content\/uploads\/2025\/03\/Adam-Fayed-Contact_CTA3-scaled.jpg 825w\" sizes=\"(max-width: 512px) 100vw, 512px\" \/><\/figure>\n\n\n\n<div style=\"height:10px\" aria-hidden=\"true\" class=\"wp-block-spacer\"><\/div>\n\n\n\n<div class=\"wp-block-buttons is-layout-flex wp-block-buttons-is-layout-flex\">\n<div class=\"wp-block-button\"><a class=\"wp-block-button__link wp-element-button\" href=\"https:\/\/adamfayed.com\/es\/become-adams-client\/\">Convi\u00e9rtase en mi cliente<\/a><\/div>\n\n\n\n<div class=\"wp-block-button\"><a class=\"wp-block-button__link wp-element-button\" href=\"https:\/\/adamfayed.com\/es\/good-match-quiz\/\" target=\"_blank\" rel=\"noreferrer noopener\">Realice el cuestionario de elegibilidad de clientes<\/a><\/div>\n\n\n\n<div class=\"wp-block-button\"><a class=\"wp-block-button__link wp-element-button\" href=\"https:\/\/adamfayed.com\/es\/contact\/\" target=\"_blank\" rel=\"noreferrer noopener\">P\u00f3ngase en contacto con<\/a><\/div>\n<\/div>\n\n\n\n<p><strong>Adam es un autor reconocido internacionalmente en temas financieros, con m\u00e1s de 830 millones de respuestas en Quora, un libro muy vendido en Amazon y colaborador de Forbes.<\/strong><\/p>","protected":false},"excerpt":{"rendered":"<p>\u00bfNecesito un asesor financiero? \u00bfMerece la pena?<\/p>","protected":false},"author":14,"featured_media":79902,"parent":58269,"menu_order":0,"comment_status":"open","ping_status":"closed","template":"","meta":{"rop_custom_images_group":[],"rop_custom_messages_group":[],"rop_publish_now":"initial","rop_publish_now_accounts":{"facebook_10166176115445471_100883565069113":""},"rop_publish_now_history":[],"rop_publish_now_status":"pending","footnotes":""},"class_list":["post-79900","page","type-page","status-publish","has-post-thumbnail","hentry"],"_links":{"self":[{"href":"https:\/\/adamfayed.com\/es\/wp-json\/wp\/v2\/pages\/79900","targetHints":{"allow":["GET"]}}],"collection":[{"href":"https:\/\/adamfayed.com\/es\/wp-json\/wp\/v2\/pages"}],"about":[{"href":"https:\/\/adamfayed.com\/es\/wp-json\/wp\/v2\/types\/page"}],"author":[{"embeddable":true,"href":"https:\/\/adamfayed.com\/es\/wp-json\/wp\/v2\/users\/14"}],"replies":[{"embeddable":true,"href":"https:\/\/adamfayed.com\/es\/wp-json\/wp\/v2\/comments?post=79900"}],"version-history":[{"count":2,"href":"https:\/\/adamfayed.com\/es\/wp-json\/wp\/v2\/pages\/79900\/revisions"}],"predecessor-version":[{"id":81872,"href":"https:\/\/adamfayed.com\/es\/wp-json\/wp\/v2\/pages\/79900\/revisions\/81872"}],"up":[{"embeddable":true,"href":"https:\/\/adamfayed.com\/es\/wp-json\/wp\/v2\/pages\/58269"}],"wp:featuredmedia":[{"embeddable":true,"href":"https:\/\/adamfayed.com\/es\/wp-json\/wp\/v2\/media\/79902"}],"wp:attachment":[{"href":"https:\/\/adamfayed.com\/es\/wp-json\/wp\/v2\/media?parent=79900"}],"curies":[{"name":"wp","href":"https:\/\/api.w.org\/{rel}","templated":true}]}}