{"id":79909,"date":"2024-02-19T16:48:07","date_gmt":"2024-02-19T16:48:07","guid":{"rendered":"https:\/\/adamfayed.com\/?page_id=79909"},"modified":"2025-03-03T11:53:38","modified_gmt":"2025-03-03T11:53:38","slug":"financial-advisor-fees","status":"publish","type":"page","link":"https:\/\/adamfayed.com\/es\/expat-financial-advisor\/financial-advisor-fees\/","title":{"rendered":"Honorarios de los asesores financieros: \u00bfMerece la pena pagar 1% por un asesor financiero?"},"content":{"rendered":"<p>Tener en cuenta los honorarios del asesor financiero antes de contratar a uno es importante en cualquier estrategia de planificaci\u00f3n financiera personal.<\/p>\n\n\n\n<p>En esta p\u00e1gina abordaremos:<\/p>\n\n\n\n<ul class=\"wp-block-list\">\n<li>Honorarios del asesor financiero<\/li>\n\n\n\n<li>\u00bfMerece la pena pagar 1% por un asesor financiero?<\/li>\n\n\n\n<li>\u00bfCu\u00e1nto dinero debo tener antes de contratar a un asesor financiero?<\/li>\n\n\n\n<li>\u00bfMerecen la pena los asesores financieros?<\/li>\n<\/ul>\n\n\n\n<div style=\"height:30px\" aria-hidden=\"true\" class=\"wp-block-spacer\"><\/div>\n\n\n\n<h2 class=\"wp-block-heading\"><strong>Honorarios del asesor financiero<\/strong><\/h2>\n\n\n\n<figure class=\"wp-block-image alignright size-medium\"><img fetchpriority=\"high\" decoding=\"async\" width=\"300\" height=\"225\" src=\"https:\/\/adamfayed.com\/wp-content\/uploads\/2024\/02\/Is-it-worth-paying-1-for-a-financial-advisor-300x225.jpg\" alt=\"the Financial Advisor Fees depend on the services required\" class=\"wp-image-79912\" srcset=\"https:\/\/adamfayed.com\/wp-content\/uploads\/2024\/02\/Is-it-worth-paying-1-for-a-financial-advisor-300x225.jpg 300w, https:\/\/adamfayed.com\/wp-content\/uploads\/2024\/02\/Is-it-worth-paying-1-for-a-financial-advisor-512x384.jpg 512w, https:\/\/adamfayed.com\/wp-content\/uploads\/2024\/02\/Is-it-worth-paying-1-for-a-financial-advisor.jpg 640w\" sizes=\"(max-width: 300px) 100vw, 300px\" \/><figcaption class=\"wp-element-caption\"><sub><sup>Foto de Pixabay<\/sup><\/sub><\/figcaption><\/figure>\n\n\n\n<p>La cantidad de dinero que pagar\u00e1 a un asesor financiero puede variar en funci\u00f3n de los servicios que reciba y de la estructura de honorarios vigente. Los costes est\u00e1n relacionados con las diversas modalidades de cobro habituales que utilizan los asesores financieros.<\/p>\n\n\n\n<p>Utilizar los AUM como base para las comisiones es una pr\u00e1ctica muy extendida. Una estructura de honorarios habitual para los asesores financieros es un porcentaje de los activos que gestionan en su nombre. La horquilla habitual para este porcentaje es de 0,25-1% anuales, seg\u00fan <a href=\"https:\/\/www.nerdwallet.com\/article\/investing\/how-much-does-a-financial-advisor-cost\" target=\"_blank\" rel=\"noopener\">Nerdwallet<\/a>. <\/p>\n\n\n\n<p>Si desea invertir como expatriado o particular con un elevado patrimonio neto, que es en lo que estoy especializado, puede enviarme un correo electr\u00f3nico (advice@adamfayed.com) o WhatsApp (+44-7393-450-837).<\/p>\n\n\n\n<p>Otra opci\u00f3n son las comisiones fijas. En este caso, los asesores se llevan una parte de su inversi\u00f3n a un tipo fijo que var\u00eda en funci\u00f3n de la cantidad que usted aporte. Un coste fijo medio puede oscilar entre m\u00e1s de $7K y $55.000.<\/p>\n\n\n\n<p>Otra alternativa habitual es cobrar por horas. Los conocimientos y los a\u00f1os de experiencia determinan la tarifa por hora que pueden cobrar los asesores financieros. Una horquilla com\u00fan para las tarifas por hora es de $100 a varios cientos de d\u00f3lares.<\/p>\n\n\n\n<p>Un anticipo anual o una tarifa fija puede ser el modelo de trabajo para algunos asesores. Una cuota fija anual cubre el coste de los servicios del asesor seg\u00fan este modelo. Una tarifa fija anual puede oscilar entre $2.000 y menos de $8K, dependiendo del alcance del servicio.<\/p>\n\n\n\n<p>Adem\u00e1s, los honorarios medios del asesor financiero pueden variar en funci\u00f3n de las estrategias financieras concretas. La estructura de honorarios y la complejidad del plan determinan el importe exacto de estos costes \u00fanicos, que pueden ascender como m\u00ednimo a $1.000.<\/p>\n\n\n\n<div style=\"height:30px\" aria-hidden=\"true\" class=\"wp-block-spacer\"><\/div>\n\n\n\n<h2 class=\"wp-block-heading\"><strong>\u00bfMerece la pena pagar 1% por un asesor financiero?<\/strong><\/h2>\n\n\n\n<p>El pago de 1% por un asesor financiero depende del valor de los servicios, la trayectoria del asesor y la situaci\u00f3n y exigencias financieras del individuo.<\/p>\n\n\n\n<p>Para determinar si un cargo 1% es razonable, considere la oferta de servicios del asesor, incluido el asesoramiento en materia de inversi\u00f3n, la preparaci\u00f3n de impuestos, <a href=\"https:\/\/adamfayed.com\/es\/financial-planning\/personal-financial-planning\/the-retirement-plan-guide\/\">planificaci\u00f3n de la jubilaci\u00f3n<\/a>, y planificaci\u00f3n patrimonial.<\/p>\n\n\n\n<p>Los honorarios t\u00edpicos de un asesor financiero deben sopesarse con los beneficios de una orientaci\u00f3n experta, un servicio personalizado y el acceso a recursos especializados. Cada persona y su situaci\u00f3n financiera determinan el valor de los honorarios de un asesor financiero 1%.<\/p>\n\n\n\n<div style=\"height:30px\" aria-hidden=\"true\" class=\"wp-block-spacer\"><\/div>\n\n\n\n<h2 class=\"wp-block-heading\"><strong>\u00bfCu\u00e1nto dinero debo tener antes de contratar a un asesor financiero?<\/strong><\/h2>\n\n\n\n<p>Dependiendo del asesor, se le puede exigir un patrimonio de tan s\u00f3lo $100.000, medio mill\u00f3n o incluso un mill\u00f3n de d\u00f3lares. Sin embargo, tambi\u00e9n hay asesores que pueden centrarse en clientes cuyo patrimonio sea inferior a $100k.<\/p>\n\n\n\n<div style=\"height:30px\" aria-hidden=\"true\" class=\"wp-block-spacer\"><\/div>\n\n\n\n<h2 class=\"wp-block-heading\"><strong>\u00bfMerecen la pena los asesores financieros?<\/strong><\/h2>\n\n\n\n<p>\u00bfQu\u00e9 importancia tiene <a href=\"https:\/\/adamfayed.com\/es\/\">asesor financiero<\/a> es para usted depende de las particularidades de su situaci\u00f3n financiera.<\/p>\n\n\n\n<p>Los asesores financieros profesionales pueden ayudarle proporcion\u00e1ndole asesoramiento individualizado, un alto nivel de servicio y conexiones con recursos perfectos para su situaci\u00f3n.  Su orientaci\u00f3n es inestimable cuando se trata de planificaci\u00f3n financiera personal, <a href=\"https:\/\/adamfayed.com\/es\/what-are-the-best-investment-options-for-uk-expats-in-2022\/\">inversiones inteligentes<\/a>, Crear el plan de jubilaci\u00f3n que m\u00e1s le convenga y alcanzar sus objetivos a largo plazo.<\/p>\n\n\n\n<p>Pero debe sopesar los beneficios frente a las posibles tasas y calcular cuidadosamente los costes relacionados antes de seguir adelante.<\/p>\n\n\n\n<figure class=\"wp-block-embed is-type-wp-embed is-provider-adam-fayed wp-block-embed-adam-fayed\"><div class=\"wp-block-embed__wrapper\">\n<blockquote class=\"wp-embedded-content\" data-secret=\"B5xe0ca7wG\"><a href=\"https:\/\/adamfayed.com\/es\/financial-planning\/personal-financial-planning\/\">Planificaci\u00f3n financiera personal<\/a><\/blockquote><iframe class=\"wp-embedded-content\" sandbox=\"allow-scripts\" security=\"restricted\" style=\"position: absolute; visibility: hidden;\" title=\"\u201cPlanificaci\u00f3n financiera personal\u201d - Adam Fayed\" src=\"https:\/\/adamfayed.com\/financial-planning\/personal-financial-planning\/embed\/#?secret=Mmb8BV7lZn#?secret=B5xe0ca7wG\" data-secret=\"B5xe0ca7wG\" width=\"600\" height=\"338\" frameborder=\"0\" marginwidth=\"0\" marginheight=\"0\" scrolling=\"no\"><\/iframe>\n<\/div><\/figure>\n\n\n\n<p><\/p>\n\n\n\n<p><strong>\u00bfLe duele la indecisi\u00f3n financiera? <\/strong><\/p>\n\n\n\n<figure class=\"wp-block-image size-large is-resized\"><img decoding=\"async\" width=\"512\" height=\"288\" src=\"https:\/\/adamfayed.com\/wp-content\/uploads\/2025\/03\/Adam-Fayed-Contact_CTA3-512x288.jpg\" alt=\"\" class=\"wp-image-117505\" style=\"width:683px;height:auto\" srcset=\"https:\/\/adamfayed.com\/wp-content\/uploads\/2025\/03\/Adam-Fayed-Contact_CTA3-512x288.jpg 512w, https:\/\/adamfayed.com\/wp-content\/uploads\/2025\/03\/Adam-Fayed-Contact_CTA3-300x169.jpg 300w, https:\/\/adamfayed.com\/wp-content\/uploads\/2025\/03\/Adam-Fayed-Contact_CTA3-768x432.jpg 768w, https:\/\/adamfayed.com\/wp-content\/uploads\/2025\/03\/Adam-Fayed-Contact_CTA3-scaled.jpg 825w\" sizes=\"(max-width: 512px) 100vw, 512px\" \/><\/figure>\n\n\n\n<div style=\"height:10px\" aria-hidden=\"true\" class=\"wp-block-spacer\"><\/div>\n\n\n\n<div class=\"wp-block-buttons is-layout-flex wp-block-buttons-is-layout-flex\">\n<div class=\"wp-block-button\"><a class=\"wp-block-button__link wp-element-button\" href=\"https:\/\/adamfayed.com\/es\/become-adams-client\/\">Convi\u00e9rtase en mi cliente<\/a><\/div>\n\n\n\n<div class=\"wp-block-button\"><a class=\"wp-block-button__link wp-element-button\" href=\"https:\/\/adamfayed.com\/es\/good-match-quiz\/\" target=\"_blank\" rel=\"noreferrer noopener\">Realice el cuestionario de elegibilidad de clientes<\/a><\/div>\n\n\n\n<div class=\"wp-block-button\"><a class=\"wp-block-button__link wp-element-button\" href=\"https:\/\/adamfayed.com\/es\/contact\/\" target=\"_blank\" rel=\"noreferrer noopener\">P\u00f3ngase en contacto con<\/a><\/div>\n<\/div>\n\n\n\n<p><strong>Adam es un autor reconocido internacionalmente en temas financieros, con m\u00e1s de 830 millones de respuestas en Quora, un libro muy vendido en Amazon y colaborador de Forbes.<\/strong><\/p>\n\n\n\n\n\n<p><\/p>","protected":false},"excerpt":{"rendered":"<p>Honorarios de los asesores financieros: \u00bfMerece la pena pagar 1% por un asesor financiero?<\/p>","protected":false},"author":14,"featured_media":79913,"parent":58269,"menu_order":0,"comment_status":"open","ping_status":"closed","template":"","meta":{"rop_custom_images_group":[],"rop_custom_messages_group":[],"rop_publish_now":"initial","rop_publish_now_accounts":{"facebook_10166176115445471_100883565069113":""},"rop_publish_now_history":[],"rop_publish_now_status":"pending","footnotes":""},"class_list":["post-79909","page","type-page","status-publish","has-post-thumbnail","hentry"],"_links":{"self":[{"href":"https:\/\/adamfayed.com\/es\/wp-json\/wp\/v2\/pages\/79909","targetHints":{"allow":["GET"]}}],"collection":[{"href":"https:\/\/adamfayed.com\/es\/wp-json\/wp\/v2\/pages"}],"about":[{"href":"https:\/\/adamfayed.com\/es\/wp-json\/wp\/v2\/types\/page"}],"author":[{"embeddable":true,"href":"https:\/\/adamfayed.com\/es\/wp-json\/wp\/v2\/users\/14"}],"replies":[{"embeddable":true,"href":"https:\/\/adamfayed.com\/es\/wp-json\/wp\/v2\/comments?post=79909"}],"version-history":[{"count":3,"href":"https:\/\/adamfayed.com\/es\/wp-json\/wp\/v2\/pages\/79909\/revisions"}],"predecessor-version":[{"id":105311,"href":"https:\/\/adamfayed.com\/es\/wp-json\/wp\/v2\/pages\/79909\/revisions\/105311"}],"up":[{"embeddable":true,"href":"https:\/\/adamfayed.com\/es\/wp-json\/wp\/v2\/pages\/58269"}],"wp:featuredmedia":[{"embeddable":true,"href":"https:\/\/adamfayed.com\/es\/wp-json\/wp\/v2\/media\/79913"}],"wp:attachment":[{"href":"https:\/\/adamfayed.com\/es\/wp-json\/wp\/v2\/media?parent=79909"}],"curies":[{"name":"wp","href":"https:\/\/api.w.org\/{rel}","templated":true}]}}