{"id":81050,"date":"2024-02-26T02:54:46","date_gmt":"2024-02-26T02:54:46","guid":{"rendered":"https:\/\/adamfayed.com\/?page_id=81050"},"modified":"2025-04-03T14:11:12","modified_gmt":"2025-04-03T14:11:12","slug":"best-investments-for-2024","status":"publish","type":"page","link":"https:\/\/adamfayed.com\/es\/investment-options\/best-investments-for-2024\/","title":{"rendered":"Las mejores inversiones para 2024"},"content":{"rendered":"<p>A pesar de las expectativas iniciales, el a\u00f1o pasado fue bueno para la renta variable, ya que el mercado experiment\u00f3 un crecimiento significativo a pesar de los retos que suponen el aumento de los tipos de inter\u00e9s y la amenaza inminente de una recesi\u00f3n.<\/p>\n\n\n\n<p>El a\u00f1o en curso tambi\u00e9n puede presentar incertidumbres. Sin embargo, independientemente de lo que ocurra, sigue habiendo posibles <a href=\"https:\/\/adamfayed.com\/es\/investment-options\/\">opciones de inversi\u00f3n<\/a> d\u00f3nde invertir el dinero, sobre todo para quienes tienen una perspectiva a largo plazo.<\/p>\n\n\n\n<p>Si desea invertir como expatriado o particular con un elevado patrimonio neto, que es en lo que estoy especializado, puede enviarme un correo electr\u00f3nico (advice@adamfayed.com) o WhatsApp (+44-7393-450-837).<\/p>\n\n\n\n<p>La siguiente lista de las mejores inversiones para 2024 comienza con algunas opciones m\u00e1s seguras y avanza hacia las que ofrecen un potencial de mayores beneficios pero conllevan un riesgo m\u00e1s elevado. Esto proporciona una combinaci\u00f3n equilibrada de estabilidad y crecimiento en un clima de mercado dif\u00edcil.<\/p>\n\n\n\n<p><\/p>\n\n\n\n<ul class=\"wp-block-list\">\n<li>Cuentas de ahorro de alto rendimiento<\/li>\n\n\n\n<li>Certificados de dep\u00f3sito a largo plazo<\/li>\n\n\n\n<li>Fondos de renta fija privada a largo plazo<\/li>\n\n\n\n<li>Fondos de acciones con dividendos<\/li>\n\n\n\n<li>Fondos de valores<\/li>\n\n\n\n<li>Fondos indexados REIT<\/li>\n\n\n\n<li>Alquileres<\/li>\n<\/ul>\n\n\n\n<div style=\"height:23px\" aria-hidden=\"true\" class=\"wp-block-spacer\"><\/div>\n\n\n\n<h2 class=\"wp-block-heading\"><strong>Cuentas de ahorro de alto rendimiento<\/strong><\/h2>\n\n\n\n<p>A <a href=\"https:\/\/money.usnews.com\/investing\/articles\/10-best-investments-for-2024\" target=\"_blank\" rel=\"noopener\">cuenta de ahorro online de alta rentabilidad<\/a> es un tipo de cuenta que devenga intereses por la cantidad de dinero que haya depositado. Similar a una cuenta de ahorro tradicional, esta cuenta digital proporciona una forma c\u00f3moda de almacenar su dinero en efectivo.<\/p>\n\n\n\n<p>Una cuenta de ahorro es una opci\u00f3n ideal como una de las mejores inversiones para 2024 para las personas que requieren acceso inmediato a sus fondos. Adem\u00e1s, una cuenta de ahorro de alta rentabilidad es adecuada para inversores cautelosos que quieran mitigar la posibilidad de no recuperar su inversi\u00f3n.<\/p>\n\n\n\n<p>Hay varios bancos que ofrecen este tipo de cuentas, que est\u00e1n protegidas por la Corporaci\u00f3n Federal de Seguros de Dep\u00f3sitos (FDIC). Por lo tanto, siempre que respete los l\u00edmites del seguro federal, no tiene por qu\u00e9 preocuparse por la p\u00e9rdida de sus dep\u00f3sitos.<\/p>\n\n\n\n<p>Aunque las cuentas de ahorro de alto rendimiento se consideran inversiones seguras similares a los certificados de dep\u00f3sito, sigue existiendo el riesgo potencial de perder el valor del dinero con el tiempo debido a la inflaci\u00f3n si los tipos de inter\u00e9s son demasiado bajos.<\/p>\n\n\n\n<p>Los bancos en l\u00ednea suelen ofrecer tipos de inter\u00e9s mucho m\u00e1s altos que los bancos tradicionales, debido a sus menores gastos generales. Adem\u00e1s, transferir dinero a su banco principal o acceder a \u00e9l a trav\u00e9s de un cajero autom\u00e1tico suele ser r\u00e1pido y c\u00f3modo.<\/p>\n\n\n\n<p>Durante una parte importante del a\u00f1o, los tipos pueden superar la tasa de inflaci\u00f3n, lo que puede traducirse en un aumento de su poder adquisitivo.<\/p>\n\n\n\n<div style=\"height:23px\" aria-hidden=\"true\" class=\"wp-block-spacer\"><\/div>\n\n\n\n<h2 class=\"wp-block-heading\"><strong>Certificados de dep\u00f3sito a largo plazo<\/strong><\/h2>\n\n\n\n<p>Los certificados de dep\u00f3sito, tambi\u00e9n conocidos como CD, suelen ofrecerlos los bancos y suelen tener un tipo de inter\u00e9s m\u00e1s alto que las cuentas de ahorro. Son uno de los <a href=\"https:\/\/adamfayed.com\/es\/expats\/what-are-the-best-investing-options-for-american-expats-in-2023\/\">las mejores inversiones<\/a> para 2024 para inversores de bajo riesgo.<\/p>\n\n\n\n<p>En situaciones en las que prevea una bajada de los tipos de inter\u00e9s, los CD a largo plazo pueden ser una opci\u00f3n m\u00e1s ventajosa, ya que le permiten mantener un tipo de rendimiento m\u00e1s alto de su dinero durante un periodo de tiempo prolongado.<\/p>\n\n\n\n<p>Por su car\u00e1cter seguro y sus mejores rendimientos, los certificados de dep\u00f3sito pueden ser una opci\u00f3n adecuada para las personas mayores que no necesitan efectivo inmediato y pueden invertir sus fondos durante un breve periodo de tiempo.<\/p>\n\n\n\n<p>Los inversores con aversi\u00f3n al riesgo y que necesitan su dinero en un plazo determinado pueden beneficiarse de un CD. Al inmovilizar su efectivo, pueden obtener un rendimiento superior al de una cuenta de ahorro.<\/p>\n\n\n\n<p>Aunque los CD se perciben generalmente como inversiones de bajo riesgo, presentan un peligro potencial de reinversi\u00f3n. Esto significa que, en caso de bajada de los tipos de inter\u00e9s, los inversores pueden obtener menores rendimientos al reinvertir su capital e intereses en nuevos CD con tipos m\u00e1s bajos, como se demostr\u00f3 en 2020 y 2021.<\/p>\n\n\n\n<p>Una posible preocupaci\u00f3n es que los tipos de inter\u00e9s suban y los particulares no puedan aprovechar esta oportunidad si ya han comprometido sus fondos en un certificado de dep\u00f3sito (CD).<\/p>\n\n\n\n<p>Sin embargo, teniendo en cuenta el descenso previsto de los tipos en 2024, puede ser ventajoso obtener un CD a largo plazo para asegurarse un mayor rendimiento durante la duraci\u00f3n del CD.<\/p>\n\n\n\n<p>Tenga en cuenta que el poder adquisitivo de su inversi\u00f3n podr\u00eda verse muy mermado por la inflaci\u00f3n y los impuestos.<\/p>\n\n\n\n<p>Adem\u00e1s, cuando tenga un CD, la entidad financiera le proporcionar\u00e1 pagos de intereses a intervalos frecuentes. Al llegar el vencimiento, recibir\u00e1 la cantidad inicial que invirti\u00f3 junto con los intereses acumulados.<\/p>\n\n\n\n<div style=\"height:23px\" aria-hidden=\"true\" class=\"wp-block-spacer\"><\/div>\n\n\n\n<h2 class=\"wp-block-heading\"><strong>Fondos de renta fija privada a largo plazo<\/strong><\/h2>\n\n\n\n<p>Las empresas tienen la opci\u00f3n de generar fondos mediante la emisi\u00f3n de bonos corporativos a inversores, que luego pueden consolidarse en fondos de bonos que posean bonos emitidos por numerosas corporaciones.<\/p>\n\n\n\n<p>Los bonos con un vencimiento a largo plazo de 10 a\u00f1os o m\u00e1s son una opci\u00f3n m\u00e1s adecuada durante los periodos de bajada de los tipos de inter\u00e9s, lo que se prev\u00e9 que ocurra este a\u00f1o, por lo que son una de las <a href=\"https:\/\/adamfayed.com\/es\/best-investment-options-for-australian-expats-in-2023\/\">las mejores inversiones<\/a> para 2024.<\/p>\n\n\n\n<p>Los fondos de bonos corporativos son adecuados para los inversores que desean un flujo constante de ingresos, como los jubilados, o para aquellos que buscan disminuir el riesgo de su cartera sin dejar de obtener beneficios. Para los inversores con aversi\u00f3n al riesgo que buscan mayores rendimientos que los fondos de deuda p\u00fablica, los fondos de bonos corporativos a largo plazo pueden ser una opci\u00f3n viable.<\/p>\n\n\n\n<p>Al igual que otros tipos de fondos de bonos, los fondos de bonos corporativos a largo plazo no tienen cobertura de seguro de la FDIC.<\/p>\n\n\n\n<p>Es posible que las empresas experimenten una disminuci\u00f3n de su calificaci\u00f3n crediticia o se enfrenten a dificultades financieras, lo que provocar\u00eda el impago de sus bonos.<\/p>\n\n\n\n<p>Para mitigar este riesgo, es importante asegurarse de que su cartera se compone de bonos corporativos de alta calidad. Adem\u00e1s, los fondos de bonos suelen tener bonos de varias empresas, lo que disminuye la probabilidad de que un bono afecte significativamente a su cartera.<\/p>\n\n\n\n<p>Normalmente, los fondos de bonos a largo plazo con calificaci\u00f3n de grado de inversi\u00f3n ofrecen rendimientos m\u00e1s atractivos a los inversores en comparaci\u00f3n con los fondos de bonos gubernamentales y municipales. Sin embargo, estas mayores recompensas tambi\u00e9n conllevan un mayor nivel de riesgo.<\/p>\n\n\n\n<p>Los fondos de bonos corporativos est\u00e1n disponibles para su compra y venta a trav\u00e9s de corredores que ofrecen negociaci\u00f3n de ETF y fondos de inversi\u00f3n.<\/p>\n\n\n\n<p>La negociaci\u00f3n de ETF suele estar exenta de comisiones con la mayor\u00eda de los corredores, mientras que la compra de un fondo de inversi\u00f3n puede requerir una comisi\u00f3n o una inversi\u00f3n m\u00ednima con determinados corredores.<\/p>\n\n\n\n<div style=\"height:23px\" aria-hidden=\"true\" class=\"wp-block-spacer\"><\/div>\n\n\n\n<h2 class=\"wp-block-heading\"><strong>Fondos de acciones con dividendos<\/strong><\/h2>\n\n\n\n<p>Los dividendos hacen referencia a los beneficios de una empresa que se distribuyen entre sus accionistas, normalmente con una periodicidad trimestral. Por lo tanto, las acciones con dividendos son acciones que proporcionan una distribuci\u00f3n monetaria, lo que no ocurre con todas las acciones. En cambio, un fondo combina \u00fanicamente acciones con dividendos en una sola unidad para una compra c\u00f3moda.<\/p>\n\n\n\n<p>La compra de acciones individuales, independientemente de si proporcionan dividendos o no, es m\u00e1s adecuada para inversores experimentados y avanzados. Sin embargo, puedes mitigar el riesgo invirtiendo en un fondo de acciones que incluya una variedad de valores.<\/p>\n\n\n\n<p>Los fondos de acciones con dividendos son una sabia elecci\u00f3n para casi cualquier tipo de inversor en acciones, especialmente para aquellos que buscan una fuente de ingresos y buscan las mejores inversiones para 2024. Pueden ser especialmente beneficiosos para las personas que requieren ingresos constantes y son capaces de mantener sus inversiones durante largos periodos de tiempo.<\/p>\n\n\n\n<p>Al igual que con cualquier tipo de inversi\u00f3n en acciones, existen riesgos asociados a las acciones de dividendos. Aunque en general se consideran menos arriesgadas que las acciones de crecimiento u otras acciones que no pagan dividendos, es importante seleccionar cuidadosamente qu\u00e9 acciones de dividendos incluye en su cartera.<\/p>\n\n\n\n<p>Es importante elegir empresas que tengan un s\u00f3lido historial de aumento de dividendos en lugar de centrarse \u00fanicamente en las que ofrezcan el mayor rendimiento actual. Esto podr\u00eda indicar posibles problemas en el futuro.<\/p>\n\n\n\n<p>Sin embargo, tambi\u00e9n hay que tener en cuenta que incluso las empresas muy bien consideradas pueden enfrentarse a crisis inesperadas, por lo que una buena reputaci\u00f3n no siempre basta para evitar una disminuci\u00f3n o eliminaci\u00f3n de los dividendos.<\/p>\n\n\n\n<p>Una forma de mitigar estos riesgos es invertir en un fondo de acciones de dividendos que ofrezca una gama diversa de activos, reduciendo su dependencia de una sola empresa. Esto puede conseguirse comprando un ETF de dividendos.<\/p>\n\n\n\n<p>Puede aumentar potencialmente la seguridad de sus inversiones burs\u00e1tiles eligiendo valores que ofrezcan dividendos.<\/p>\n\n\n\n<p>Invertir en acciones con dividendos permite obtener ganancias potenciales a trav\u00e9s del crecimiento del mercado a largo plazo, al tiempo que proporciona rendimientos inmediatos en efectivo.<\/p>\n\n\n\n<p>Los fondos de acciones con dividendos pueden obtenerse en forma de ETF o fondos de inversi\u00f3n en cualquier corredur\u00eda que los ofrezca.<\/p>\n\n\n\n<div style=\"height:23px\" aria-hidden=\"true\" class=\"wp-block-spacer\"><\/div>\n\n\n\n<h2 class=\"wp-block-heading\"><strong>Fondos de valores<\/strong><\/h2>\n\n\n\n<p>Estas inversiones se centran en valores con precios m\u00e1s bajos que otras opciones del mercado. Cuando los precios de las acciones suben, como suele ocurrir, los inversores suelen preguntarse d\u00f3nde deben invertir su dinero. Una opci\u00f3n potencial para los inversores son los fondos de valores.<\/p>\n\n\n\n<p>Estos fondos son algunas de las mejores inversiones para 2024 para las personas que est\u00e1n dispuestas a aceptar las fluctuaciones que conlleva la inversi\u00f3n en acciones. Adem\u00e1s, los inversores en fondos de acciones deben tener un plan de inversi\u00f3n a m\u00e1s largo plazo, que suele durar de tres a cinco a\u00f1os, para poder sortear cualquier turbulencia del mercado.<\/p>\n\n\n\n<p>Aunque los fondos de acciones de valor pueden ofrecer una opci\u00f3n m\u00e1s segura en comparaci\u00f3n con otros tipos de fondos de acciones debido a su menor coste, siguen estando compuestos por acciones y, por lo tanto, experimentar\u00e1n mayores fluctuaciones en comparaci\u00f3n con inversiones m\u00e1s seguras como los bonos a corto plazo.<\/p>\n\n\n\n<p>Tenga en cuenta que los gobiernos no suelen proporcionar cobertura de seguro para los fondos de acciones de valor.<\/p>\n\n\n\n<p>A medida que aumentan los tipos de inter\u00e9s, los valores de valor suelen superar a los de crecimiento, que pierden atractivo en comparaci\u00f3n.<\/p>\n\n\n\n<p>Varios fondos de acciones que dan prioridad al valor tambi\u00e9n ofrecen un dividendo, lo que supone un incentivo a\u00f1adido para numerosos inversores.<\/p>\n\n\n\n<div style=\"height:23px\" aria-hidden=\"true\" class=\"wp-block-spacer\"><\/div>\n\n\n\n<h2 class=\"wp-block-heading\"><strong>Fondos indexados REIT<\/strong><\/h2>\n\n\n\n<p>Un REIT, o fondo de inversi\u00f3n inmobiliaria, es una opci\u00f3n muy atractiva para invertir en bienes inmuebles. Al repartir dividendos y evitar el impuesto de sociedades, los REIT ofrecen una oportunidad \u00fanica a los inversores. Los fondos indexados REIT distribuyen estos dividendos a los accionistas, lo que los convierte en una opci\u00f3n muy popular.<\/p>\n\n\n\n<div class=\"wp-block-group is-layout-constrained wp-block-group-is-layout-constrained\">\n<figure class=\"wp-block-image alignright size-medium\"><img fetchpriority=\"high\" decoding=\"async\" width=\"300\" height=\"181\" src=\"https:\/\/adamfayed.com\/wp-content\/uploads\/2024\/02\/pexels-timur-saglambilek-87223-300x181.jpg\" alt=\"After facing difficulties due to increasing interest rates, 2024 may be the year for REITs to shine once again. They make our list of the best investments for 2024.\" class=\"wp-image-81057\" srcset=\"https:\/\/adamfayed.com\/wp-content\/uploads\/2024\/02\/pexels-timur-saglambilek-87223-300x181.jpg 300w, https:\/\/adamfayed.com\/wp-content\/uploads\/2024\/02\/pexels-timur-saglambilek-87223-512x310.jpg 512w, https:\/\/adamfayed.com\/wp-content\/uploads\/2024\/02\/pexels-timur-saglambilek-87223.jpg 640w\" sizes=\"(max-width: 300px) 100vw, 300px\" \/><\/figure>\n<\/div>\n\n\n\n<p>Estos fondos REIT que cotizan en bolsa suelen incluir una amplia gama de valores, lo que permite acceder a varios subsectores, como el alojamiento, los apartamentos y las oficinas. Esto permite a los inversores diversificar f\u00e1cilmente su cartera inmobiliaria sin las molestias de la gesti\u00f3n de propiedades.<\/p>\n\n\n\n<p>Tras enfrentarse a dificultades por el aumento de los tipos de inter\u00e9s, 2024 puede ser el a\u00f1o en que los REIT vuelvan a brillar. Entran en nuestra lista de las mejores inversiones para 2024.<\/p>\n\n\n\n<p>Los fondos indexados a REIT ofrecen importantes repartos de dividendos, lo que los convierte en una opci\u00f3n atractiva para los inversores que dan prioridad a la generaci\u00f3n de ingresos, como los jubilados. Adem\u00e1s, los REIT pueden revalorizarse con el tiempo, lo que ofrece oportunidades de revalorizaci\u00f3n del capital.<\/p>\n\n\n\n<p>Sin embargo, dado que los precios de los REIT que cotizan en bolsa pueden experimentar importantes fluctuaciones, los inversores deben mantener una perspectiva a largo plazo y estar preparados para afrontar cualquier volatilidad.<\/p>\n\n\n\n<p>Invertir en un fondo indexado REIT puede mitigar los riesgos asociados a la propiedad de REIT individuales, ya que el fondo proporciona diversificaci\u00f3n al mantener m\u00faltiples REIT dentro de un fondo.<\/p>\n\n\n\n<p>Sin embargo, el valor del fondo puede fluctuar, sobre todo cuando suben los tipos de inter\u00e9s. Es importante tener cuidado con los REIT o fondos REIT que no cotizan en bolsa.<\/p>\n\n\n\n<p>Hay dos beneficios potenciales para los inversores en un fondo REIT: un flujo creciente de dividendos y un aumento del valor del capital. A largo plazo, un fondo REIT con buenos resultados puede generar rendimientos anuales de entre el 10% y el 12%, una parte de los cuales se distribuye en forma de dividendos.<\/p>\n\n\n\n<div style=\"height:23px\" aria-hidden=\"true\" class=\"wp-block-spacer\"><\/div>\n\n\n\n<h2 class=\"wp-block-heading\"><strong>Alquileres<\/strong><\/h2>\n\n\n\n<p>Comprar propiedades de alquiler puede ser una empresa rentable si est\u00e1 dispuesto a gestionarlas usted mismo. Para ello hay que elegir la propiedad adecuada, conseguir financiaci\u00f3n o comprarla directamente, mantenerla y ocuparse de los inquilinos.<\/p>\n\n\n\n<p>Dado que los precios de la vivienda se han estabilizado recientemente, una compra inmobiliaria cuidadosamente planificada podr\u00eda arrojar resultados positivos en el futuro, sobre todo teniendo en cuenta que los tipos de inter\u00e9s han alcanzado su nivel m\u00e1ximo en 2023.<\/p>\n\n\n\n<p>Ser propietario de inmuebles de alquiler es una opci\u00f3n rentable para los inversores que buscan una forma sostenible de supervisar sus propiedades y obtener ingresos constantes En particular, pueden ser una de las mejores inversiones para 2024.<\/p>\n\n\n\n<p>La comodidad de comprar y vender digitalmente activos en el mercado de valores puede no estar disponible con un simple clic o toque en su dispositivo conectado a Internet.<\/p>\n\n\n\n<p>Adem\u00e1s, es posible que se enfrente al inconveniente de recibir una notificaci\u00f3n a las 3 de la madrugada sobre la rotura de una tuber\u00eda.<\/p>\n\n\n\n<p>Dado que los tipos de inter\u00e9s alcanzaron su nivel m\u00e1ximo el a\u00f1o pasado, las condiciones actuales del mercado pueden presentar una oportunidad favorable para conseguir financiaci\u00f3n para una nueva propiedad en 2024, con la previsi\u00f3n de tipos m\u00e1s bajos.<\/p>\n\n\n\n<p>Sin embargo, el incierto estado de la econom\u00eda puede plantear problemas a la hora de gestionar eficazmente la propiedad.<\/p>\n\n\n\n<p>Conservar los activos, pagar las deudas poco a poco y aumentar los ingresos por alquiler puede dar lugar a un fuerte flujo de caja para la jubilaci\u00f3n.<\/p>\n\n\n\n<p>Es aconsejable colaborar con un agente inmobiliario para localizar alojamientos de alquiler. Alternativamente, puede centrarse en establecer una red que potencialmente podr\u00eda proporcionarle ofertas ventajosas antes de que est\u00e9n disponibles en el mercado.<\/p>\n\n\n\n<p><strong>\u00bfLe duele la indecisi\u00f3n financiera? <\/strong><\/p>\n\n\n\n<figure class=\"wp-block-image size-large is-resized\"><img decoding=\"async\" width=\"512\" height=\"288\" src=\"https:\/\/adamfayed.com\/wp-content\/uploads\/2025\/03\/Adam-Fayed-Contact_CTA3-512x288.jpg\" alt=\"\" class=\"wp-image-117505\" style=\"width:683px;height:auto\" srcset=\"https:\/\/adamfayed.com\/wp-content\/uploads\/2025\/03\/Adam-Fayed-Contact_CTA3-512x288.jpg 512w, https:\/\/adamfayed.com\/wp-content\/uploads\/2025\/03\/Adam-Fayed-Contact_CTA3-300x169.jpg 300w, https:\/\/adamfayed.com\/wp-content\/uploads\/2025\/03\/Adam-Fayed-Contact_CTA3-768x432.jpg 768w, https:\/\/adamfayed.com\/wp-content\/uploads\/2025\/03\/Adam-Fayed-Contact_CTA3-scaled.jpg 825w\" sizes=\"(max-width: 512px) 100vw, 512px\" \/><\/figure>\n\n\n\n<div style=\"height:10px\" aria-hidden=\"true\" class=\"wp-block-spacer\"><\/div>\n\n\n\n<div class=\"wp-block-buttons is-layout-flex wp-block-buttons-is-layout-flex\">\n<div class=\"wp-block-button\"><a class=\"wp-block-button__link wp-element-button\" href=\"https:\/\/adamfayed.com\/es\/become-adams-client\/\">Convi\u00e9rtase en mi cliente<\/a><\/div>\n\n\n\n<div class=\"wp-block-button\"><a class=\"wp-block-button__link wp-element-button\" href=\"https:\/\/adamfayed.com\/es\/good-match-quiz\/\" target=\"_blank\" rel=\"noreferrer noopener\">Realice el cuestionario de elegibilidad de clientes<\/a><\/div>\n\n\n\n<div class=\"wp-block-button\"><a class=\"wp-block-button__link wp-element-button\" href=\"https:\/\/adamfayed.com\/es\/contact\/\" target=\"_blank\" rel=\"noreferrer noopener\">P\u00f3ngase en contacto con<\/a><\/div>\n<\/div>\n\n\n\n<p><strong>Adam es un autor reconocido internacionalmente en temas financieros, con m\u00e1s de 830 millones de respuestas en Quora, un libro muy vendido en Amazon y colaborador de Forbes.<\/strong><\/p>","protected":false},"excerpt":{"rendered":"<p>Las mejores inversiones para 2024<\/p>","protected":false},"author":14,"featured_media":81053,"parent":79603,"menu_order":0,"comment_status":"closed","ping_status":"closed","template":"","meta":{"rop_custom_images_group":[],"rop_custom_messages_group":[],"rop_publish_now":"initial","rop_publish_now_accounts":{"facebook_10166176115445471_100883565069113":""},"rop_publish_now_history":[],"rop_publish_now_status":"pending","footnotes":""},"class_list":["post-81050","page","type-page","status-publish","has-post-thumbnail","hentry"],"_links":{"self":[{"href":"https:\/\/adamfayed.com\/es\/wp-json\/wp\/v2\/pages\/81050","targetHints":{"allow":["GET"]}}],"collection":[{"href":"https:\/\/adamfayed.com\/es\/wp-json\/wp\/v2\/pages"}],"about":[{"href":"https:\/\/adamfayed.com\/es\/wp-json\/wp\/v2\/types\/page"}],"author":[{"embeddable":true,"href":"https:\/\/adamfayed.com\/es\/wp-json\/wp\/v2\/users\/14"}],"replies":[{"embeddable":true,"href":"https:\/\/adamfayed.com\/es\/wp-json\/wp\/v2\/comments?post=81050"}],"version-history":[{"count":2,"href":"https:\/\/adamfayed.com\/es\/wp-json\/wp\/v2\/pages\/81050\/revisions"}],"predecessor-version":[{"id":127320,"href":"https:\/\/adamfayed.com\/es\/wp-json\/wp\/v2\/pages\/81050\/revisions\/127320"}],"up":[{"embeddable":true,"href":"https:\/\/adamfayed.com\/es\/wp-json\/wp\/v2\/pages\/79603"}],"wp:featuredmedia":[{"embeddable":true,"href":"https:\/\/adamfayed.com\/es\/wp-json\/wp\/v2\/media\/81053"}],"wp:attachment":[{"href":"https:\/\/adamfayed.com\/es\/wp-json\/wp\/v2\/media?parent=81050"}],"curies":[{"name":"wp","href":"https:\/\/api.w.org\/{rel}","templated":true}]}}