{"id":81072,"date":"2024-02-26T10:18:45","date_gmt":"2024-02-26T10:18:45","guid":{"rendered":"https:\/\/adamfayed.com\/?page_id=81072"},"modified":"2025-12-05T02:24:12","modified_gmt":"2025-12-05T02:24:12","slug":"offshore-banking","status":"publish","type":"page","link":"https:\/\/adamfayed.com\/es\/offshore-investment\/offshore-banking\/","title":{"rendered":"\u00bfQu\u00e9 es la banca extraterritorial?"},"content":{"rendered":"<p>La banca extraterritorial se refiere a la pr\u00e1ctica de abrir y mantener <a href=\"https:\/\/adamfayed.com\/es\/financial-planning\/offshore-investment\/offshore-banking\/international-bank-accounts\/\">cuentas bancarias internacionales<\/a>, Por lo general, en un pa\u00eds conocido por sus favorables normativas fiscales, sus leyes de privacidad financiera y su s\u00f3lido sector de servicios financieros, seg\u00fan Forbes.<\/p>\n\n\n\n<p>Si desea invertir como expatriado o particular con un alto patrimonio neto, que es en lo que estoy especializado, puede enviarme un correo electr\u00f3nico (advice@adamfayed.com) o utilizar WhatsApp (+44-7393-450-837).<\/p>\n\n\n\n<p><\/p>\n\n\n\n<p>En esta p\u00e1gina profundizaremos m\u00e1s:<\/p>\n\n\n\n<ul class=\"wp-block-list\">\n<li>\u00bfQu\u00e9 es la banca extraterritorial?\n<ul class=\"wp-block-list\">\n<li>Caracter\u00edsticas y ventajas de la banca extraterritorial<\/li>\n<\/ul>\n<\/li>\n\n\n\n<li>Elegir una cuenta bancaria offshore<\/li>\n\n\n\n<li>C\u00f3mo abrir una cuenta bancaria offshore<\/li>\n\n\n\n<li>Alternativas a las cuentas bancarias offshore<\/li>\n<\/ul>\n\n\n\n<div style=\"height:31px\" aria-hidden=\"true\" class=\"wp-block-spacer\"><\/div>\n\n\n\n<h2 class=\"wp-block-heading\"><strong>\u00bfQu\u00e9 es la banca extraterritorial?<\/strong><\/h2>\n\n\n\n<p>Aunque el t\u00e9rmino \u201coffshore\u201d a menudo evoca im\u00e1genes de secretismo y actividades financieras il\u00edcitas, la banca extraterritorial es una pr\u00e1ctica financiera leg\u00edtima utilizada por particulares y empresas por diversas razones, entre ellas la optimizaci\u00f3n fiscal, la protecci\u00f3n de activos y el acceso a los mercados financieros. <a href=\"https:\/\/adamfayed.com\/es\/investment-options\/\">oportunidades de inversi\u00f3n internacional.<\/a><\/p>\n\n\n\n<p>Estas cuentas pueden adoptar diversas formas, como cuentas personales o cuentas de ahorro. <a href=\"https:\/\/adamfayed.com\/es\/review-articles\/zurich-international-vista-savings-plan-review\/\">cuentas de ahorro<\/a>, Las cuentas de empresa, las cuentas de inversi\u00f3n y los fideicomisos est\u00e1n sujetos a las leyes y reglamentos de la jurisdicci\u00f3n en la que est\u00e1n establecidos.<\/p>\n\n\n\n<div style=\"height:21px\" aria-hidden=\"true\" class=\"wp-block-spacer\"><\/div>\n\n\n\n<h3 class=\"wp-block-heading\">Caracter\u00edsticas y ventajas de la banca extraterritorial<\/h3>\n\n\n\n<p>La banca extraterritorial ofrece varias ventajas potenciales, como la eficiencia fiscal, la protecci\u00f3n de los activos y la diversificaci\u00f3n de las carteras de inversi\u00f3n.<\/p>\n\n\n\n<p>Muchas jurisdicciones offshore ofrecen entornos fiscales favorables, que pueden incluir tipos impositivos bajos o nulos sobre determinados tipos de ingresos, as\u00ed como exenciones de los impuestos de sucesiones o sobre el patrimonio.<\/p>\n\n\n\n<p>Adem\u00e1s, las cuentas offshore pueden ofrecer una mayor privacidad y confidencialidad financiera, lo que puede resultar atractivo para las personas que buscan proteger sus activos de la inestabilidad pol\u00edtica o econ\u00f3mica en sus pa\u00edses de origen o para quienes necesitan discreci\u00f3n en sus asuntos financieros.<\/p>\n\n\n\n<p>Adem\u00e1s, la banca extraterritorial puede proporcionar acceso a una amplia gama de <a href=\"https:\/\/adamfayed.com\/es\/rl360-oracle-offshore-bond-review-for-expats\/\">oportunidades de inversi\u00f3n<\/a>, incluyendo divisas extranjeras, acciones, bonos y otros <a href=\"https:\/\/adamfayed.com\/es\/financial-planning\/offshore-investment\/\">inversi\u00f3n extraterritorial<\/a> e instrumentos financieros, lo que permite una mayor diversificaci\u00f3n y gesti\u00f3n del riesgo.<\/p>\n\n\n\n<div style=\"height:31px\" aria-hidden=\"true\" class=\"wp-block-spacer\"><\/div>\n\n\n\n<h2 class=\"wp-block-heading\"><strong>Elegir una cuenta bancaria offshore<\/strong><\/h2>\n\n\n\n<div class=\"wp-block-group is-layout-constrained wp-block-group-is-layout-constrained\">\n<figure class=\"wp-block-image alignleft size-medium is-resized\"><img fetchpriority=\"high\" decoding=\"async\" width=\"300\" height=\"200\" src=\"https:\/\/adamfayed.com\/wp-content\/uploads\/2024\/02\/pexels-ono-kosuki-5999936-300x200.jpg\" alt=\"The use of offshore banking has come under increased scrutiny from tax authorities and regulatory bodies in many countries, leading to greater transparency and compliance requirements for individuals and businesses with offshore accounts.\" class=\"wp-image-81074\" style=\"width:248px;height:auto\" srcset=\"https:\/\/adamfayed.com\/wp-content\/uploads\/2024\/02\/pexels-ono-kosuki-5999936-300x200.jpg 300w, https:\/\/adamfayed.com\/wp-content\/uploads\/2024\/02\/pexels-ono-kosuki-5999936-512x342.jpg 512w, https:\/\/adamfayed.com\/wp-content\/uploads\/2024\/02\/pexels-ono-kosuki-5999936.jpg 640w\" sizes=\"(max-width: 300px) 100vw, 300px\" \/><\/figure>\n<\/div>\n\n\n\n<p>La selecci\u00f3n de un banco offshore de buena reputaci\u00f3n es una decisi\u00f3n crucial que requiere una cuidadosa consideraci\u00f3n de varios factores para garantizar la seguridad y fiabilidad de la instituci\u00f3n financiera elegida.<\/p>\n\n\n\n<p>Al evaluar los bancos extraterritoriales, los particulares y las empresas deben dar prioridad a factores como el cumplimiento de la normativa, la estabilidad financiera, la reputaci\u00f3n y la gama de servicios ofrecidos.<\/p>\n\n\n\n<p>Una de las consideraciones m\u00e1s cr\u00edticas a la hora de seleccionar un banco offshore es el cumplimiento de la normativa y la estabilidad. Es esencial elegir un banco situado en una jurisdicci\u00f3n con un marco normativo s\u00f3lido y cre\u00edble que garantice la protecci\u00f3n de los dep\u00f3sitos y el cumplimiento de las normas bancarias internacionales.<\/p>\n\n\n\n<p>Busque bancos extraterritoriales que est\u00e9n sujetos a una s\u00f3lida supervisi\u00f3n reglamentaria y que cumplan las normas y los organismos reguladores reconocidos internacionalmente, como la Ley de Cumplimiento Fiscal de Cuentas Extranjeras de EE.UU. (<a href=\"https:\/\/www.irs.gov\/businesses\/corporations\/foreign-account-tax-compliance-act-fatca\" target=\"_blank\" rel=\"noreferrer noopener\">FATCA<\/a>), as\u00ed como la Norma Com\u00fan de Informaci\u00f3n de la Organizaci\u00f3n de Cooperaci\u00f3n y Desarrollo Econ\u00f3micos (OCDE) (<a href=\"https:\/\/www.oecd.org\/tax\/automatic-exchange\/common-reporting-standard\/\" target=\"_blank\" rel=\"noreferrer noopener\">CRS<\/a>). <\/p>\n\n\n\n<p>Considere tambi\u00e9n la gama de servicios bancarios que ofrece el banco offshore, incluida la banca privada, la gesti\u00f3n de patrimonios, los servicios de inversi\u00f3n y las soluciones de pago internacionales.<\/p>\n\n\n\n<p>Un banco offshore reputado debe disponer de un conjunto completo de productos y servicios financieros adaptados a las necesidades de los clientes internacionales. Adem\u00e1s, la experiencia en finanzas internacionales, transacciones transfronterizas y conservaci\u00f3n del patrimonio es esencial para particulares y empresas con necesidades financieras complejas.<\/p>\n\n\n\n<div style=\"height:21px\" aria-hidden=\"true\" class=\"wp-block-spacer\"><\/div>\n\n\n\n<h3 class=\"wp-block-heading\"><a href=\"https:\/\/adamfayed.com\/es\/financial-planning\/offshore-investment\/offshore-banking\/offshore-business-bank-account\/\">Cuenta bancaria comercial offshore<\/a><\/h3>\n\n\n\n<p>Al igual que una cuenta bancaria offshore normal, una cuenta bancaria comercial offshore est\u00e1 destinada a las empresas. Se ofrecen ventajas como tipos de inter\u00e9s competitivos, tipos de cambio atractivos y acceso multidivisa. Encontrar bancos que sean flexibles, cumplir los requisitos y controlar las comisiones relacionadas tambi\u00e9n son obst\u00e1culos.<\/p>\n\n\n\n<div style=\"height:21px\" aria-hidden=\"true\" class=\"wp-block-spacer\"><\/div>\n\n\n\n<h3 class=\"wp-block-heading\"><a href=\"https:\/\/adamfayed.com\/es\/financial-planning\/offshore-investment\/offshore-banking\/easiest-offshore-bank-account-to-open\/\">La cuenta bancaria offshore m\u00e1s f\u00e1cil de abrir<\/a><\/h3>\n\n\n\n<p>Georgia suele ofrecer la cuenta bancaria offshore m\u00e1s f\u00e1cil de abrir. Las Islas Caim\u00e1n, los Emiratos \u00c1rabes Unidos, Suiza, Singapur y Hong Kong son otros pa\u00edses que ofrecen servicios bancarios extraterritoriales.<\/p>\n\n\n\n<div style=\"height:21px\" aria-hidden=\"true\" class=\"wp-block-spacer\"><\/div>\n\n\n\n<h3 class=\"wp-block-heading\"><a href=\"https:\/\/adamfayed.com\/es\/financial-planning\/offshore-investment\/offshore-banking\/best-banks-for-offshore-banking\/\">Los mejores bancos para la banca offshore<\/a><\/h3>\n\n\n\n<p>Los mejores bancos para la banca extraterritorial son <a href=\"https:\/\/adamfayed.com\/es\/hsbc-expat-review-2023-a-good-solution-for-expats\/\">HSBC<\/a>, <a href=\"https:\/\/adamfayed.com\/es\/barclays-international-review\/\">Barclays Internacional<\/a>, y <a href=\"https:\/\/adamfayed.com\/es\/review-articles\/deutsche-bank-expat-account-review-2022-products-and-services\/\">Deutsche Bank<\/a>.<\/p>\n\n\n\n<div style=\"height:31px\" aria-hidden=\"true\" class=\"wp-block-spacer\"><\/div>\n\n\n\n<h2 class=\"wp-block-heading\"><a href=\"https:\/\/adamfayed.com\/es\/financial-planning\/offshore-investment\/offshore-banking\/how-to-open-an-offshore-bank-account\/\"><strong>C\u00f3mo abrir una cuenta bancaria offshore<\/strong><\/a><\/h2>\n\n\n\n<p>Existen varios pasos y requisitos para abrir una cuenta bancaria en el extranjero. Cada banco extranjero tiene sus propios requisitos. Se exige el documento de identidad habitual, as\u00ed como un justificante de domicilio y de ingresos. <\/p>\n\n\n\n<div style=\"height:21px\" aria-hidden=\"true\" class=\"wp-block-spacer\"><\/div>\n\n\n\n<h3 class=\"wp-block-heading\"><a href=\"https:\/\/adamfayed.com\/es\/financial-planning\/offshore-investment\/offshore-banking\/remote-offshore-bank-account-opening\/\">Apertura de cuenta bancaria offshore a distancia<\/a><\/h3>\n\n\n\n<p>Abrir una cuenta bancaria offshore a distancia puede ser posible dependiendo de la instituci\u00f3n y la jurisdicci\u00f3n. Puede ser \u00fatil consultar los mejores bancos para cuentas extraterritoriales a la hora de considerar esta opci\u00f3n. <\/p>\n\n\n\n<div style=\"height:21px\" aria-hidden=\"true\" class=\"wp-block-spacer\"><\/div>\n\n\n\n<h3 class=\"wp-block-heading\"><a href=\"https:\/\/adamfayed.com\/es\/financial-planning\/offshore-investment\/offshore-banking\/should-i-open-an-offshore-bank-account\/\">\u00bfDebo abrir una cuenta bancaria offshore?<\/a><\/h3>\n\n\n\n<p>Abrir una cuenta depende de las necesidades reales de cada uno. Hay factores a tener en cuenta, como las condiciones de trabajo, las posibilidades de traslado, las inversiones internacionales, la seguridad, etc. <\/p>\n\n\n\n<div style=\"height:31px\" aria-hidden=\"true\" class=\"wp-block-spacer\"><\/div>\n\n\n\n<h2 class=\"wp-block-heading\"><a href=\"https:\/\/adamfayed.com\/es\/financial-planning\/offshore-investment\/offshore-banking\/alternatives-to-offshore-bank-accounts\/\"><strong>Alternativas a las cuentas bancarias offshore<\/strong><\/a><\/h2>\n\n\n\n<p>Para las personas y empresas que buscan servicios financieros en el extranjero, las cooperativas de cr\u00e9dito, las fintechs, los bancos internacionales y los neobancos pueden ser sustitutos de las cuentas bancarias offshore. En comparaci\u00f3n con estos \u00faltimos, cada respaldo tiene ventajas y caracter\u00edsticas especiales que lo hacen m\u00e1s apropiado para demandas y gustos particulares.<\/p>\n\n\n\n<p><strong>\u00bfLe duele la indecisi\u00f3n financiera? <\/strong><\/p>\n\n\n\n<figure class=\"wp-block-image size-large is-resized\"><img decoding=\"async\" width=\"512\" height=\"288\" src=\"https:\/\/adamfayed.com\/wp-content\/uploads\/2025\/03\/Adam-Fayed-Contact_CTA3-512x288.jpg\" alt=\"\" class=\"wp-image-117505\" style=\"width:683px;height:auto\" srcset=\"https:\/\/adamfayed.com\/wp-content\/uploads\/2025\/03\/Adam-Fayed-Contact_CTA3-512x288.jpg 512w, https:\/\/adamfayed.com\/wp-content\/uploads\/2025\/03\/Adam-Fayed-Contact_CTA3-300x169.jpg 300w, https:\/\/adamfayed.com\/wp-content\/uploads\/2025\/03\/Adam-Fayed-Contact_CTA3-768x432.jpg 768w, https:\/\/adamfayed.com\/wp-content\/uploads\/2025\/03\/Adam-Fayed-Contact_CTA3-scaled.jpg 825w\" sizes=\"(max-width: 512px) 100vw, 512px\" \/><\/figure>\n\n\n\n<div style=\"height:10px\" aria-hidden=\"true\" class=\"wp-block-spacer\"><\/div>\n\n\n\n<div class=\"wp-block-buttons is-layout-flex wp-block-buttons-is-layout-flex\">\n<div class=\"wp-block-button\"><a class=\"wp-block-button__link wp-element-button\" href=\"https:\/\/adamfayed.com\/es\/become-adams-client\/\">Convi\u00e9rtase en mi cliente<\/a><\/div>\n\n\n\n<div class=\"wp-block-button\"><a class=\"wp-block-button__link wp-element-button\" href=\"https:\/\/adamfayed.com\/es\/good-match-quiz\/\" target=\"_blank\" rel=\"noreferrer noopener\">Realice el cuestionario de elegibilidad de clientes<\/a><\/div>\n\n\n\n<div class=\"wp-block-button\"><a class=\"wp-block-button__link wp-element-button\" href=\"https:\/\/adamfayed.com\/es\/contact\/\" target=\"_blank\" rel=\"noreferrer noopener\">P\u00f3ngase en contacto con<\/a><\/div>\n<\/div>\n\n\n\n<p><strong>Adam es un autor reconocido internacionalmente en temas financieros, con m\u00e1s de 830 millones de respuestas en Quora, un libro muy vendido en Amazon y colaborador de Forbes.<\/strong><\/p>","protected":false},"excerpt":{"rendered":"<p>\u00bfQu\u00e9 es la banca extraterritorial?<\/p>","protected":false},"author":16,"featured_media":81073,"parent":72718,"menu_order":0,"comment_status":"open","ping_status":"closed","template":"","meta":{"rop_custom_images_group":[],"rop_custom_messages_group":[],"rop_publish_now":"initial","rop_publish_now_accounts":{"facebook_10166176115445471_100883565069113":""},"rop_publish_now_history":[],"rop_publish_now_status":"pending","footnotes":""},"class_list":["post-81072","page","type-page","status-publish","has-post-thumbnail","hentry"],"_links":{"self":[{"href":"https:\/\/adamfayed.com\/es\/wp-json\/wp\/v2\/pages\/81072","targetHints":{"allow":["GET"]}}],"collection":[{"href":"https:\/\/adamfayed.com\/es\/wp-json\/wp\/v2\/pages"}],"about":[{"href":"https:\/\/adamfayed.com\/es\/wp-json\/wp\/v2\/types\/page"}],"author":[{"embeddable":true,"href":"https:\/\/adamfayed.com\/es\/wp-json\/wp\/v2\/users\/16"}],"replies":[{"embeddable":true,"href":"https:\/\/adamfayed.com\/es\/wp-json\/wp\/v2\/comments?post=81072"}],"version-history":[{"count":2,"href":"https:\/\/adamfayed.com\/es\/wp-json\/wp\/v2\/pages\/81072\/revisions"}],"predecessor-version":[{"id":241041,"href":"https:\/\/adamfayed.com\/es\/wp-json\/wp\/v2\/pages\/81072\/revisions\/241041"}],"up":[{"embeddable":true,"href":"https:\/\/adamfayed.com\/es\/wp-json\/wp\/v2\/pages\/72718"}],"wp:featuredmedia":[{"embeddable":true,"href":"https:\/\/adamfayed.com\/es\/wp-json\/wp\/v2\/media\/81073"}],"wp:attachment":[{"href":"https:\/\/adamfayed.com\/es\/wp-json\/wp\/v2\/media?parent=81072"}],"curies":[{"name":"wp","href":"https:\/\/api.w.org\/{rel}","templated":true}]}}