{"id":81082,"date":"2024-02-26T11:16:24","date_gmt":"2024-02-26T11:16:24","guid":{"rendered":"https:\/\/adamfayed.com\/?page_id=81082"},"modified":"2025-03-27T07:35:40","modified_gmt":"2025-03-27T07:35:40","slug":"offshore-funds","status":"publish","type":"page","link":"https:\/\/adamfayed.com\/es\/offshore-investment\/offshore-funds\/","title":{"rendered":"\u00bfQu\u00e9 son los fondos offshore?"},"content":{"rendered":"<p>Los fondos offshore representan un segmento diverso y din\u00e1mico del panorama inversor mundial, ofreciendo a los inversores acceso a una amplia gama de mercados internacionales, clases de activos y estrategias de inversi\u00f3n especializadas.<\/p>\n\n\n\n<p>Estos <a href=\"https:\/\/adamfayed.com\/es\/investment-options\/investment-providers\/\">veh\u00edculos de inversi\u00f3n<\/a>, Establecidos en jurisdicciones extraterritoriales conocidas por sus entornos normativos favorables y sus eficiencias fiscales, atienden a un amplio espectro de inversores, incluidas entidades institucionales, particulares con un elevado patrimonio neto e inversores sofisticados que buscan diversificaci\u00f3n geogr\u00e1fica y mejores oportunidades de inversi\u00f3n.<\/p>\n\n\n\n<p>Si desea invertir como expatriado o particular con un alto patrimonio neto, que es en lo que estoy especializado, puede enviarme un correo electr\u00f3nico (advice@adamfayed.com) o utilizar WhatsApp (+44-7393-450-837).<\/p>\n\n\n\n<p>En esta p\u00e1gina se detallar\u00e1n:<\/p>\n\n\n\n<ul class=\"wp-block-list\">\n<li>Tipos de fondos offshore\n<ul class=\"wp-block-list\">\n<li>Ventajas de los fondos extraterritoriales<\/li>\n<\/ul>\n<\/li>\n\n\n\n<li>Consideraciones reglamentarias y diligencia debida al invertir en cuentas extraterritoriales\n<ul class=\"wp-block-list\">\n<li>Gesti\u00f3n de riesgos y protecci\u00f3n de los inversores<\/li>\n<\/ul>\n<\/li>\n<\/ul>\n\n\n\n<div style=\"height:29px\" aria-hidden=\"true\" class=\"wp-block-spacer\"><\/div>\n\n\n\n<h2 class=\"wp-block-heading\"><strong>Tipos de fondos offshore<\/strong><\/h2>\n\n\n\n<p>Los fondos extraterritoriales abarcan diversas estructuras, como los fondos de inversi\u00f3n, los fondos de cobertura, los fondos de capital riesgo y los fondos inmobiliarios, que ofrecen a los inversores la posibilidad de diversificar su cartera, gestionar el riesgo y obtener atractivos rendimientos ajustados al riesgo en los mercados mundiales.<\/p>\n\n\n\n<figure class=\"wp-block-image alignright size-medium\"><img fetchpriority=\"high\" decoding=\"async\" width=\"300\" height=\"200\" src=\"https:\/\/adamfayed.com\/wp-content\/uploads\/2024\/02\/pexels-karolina-grabowska-4386465-300x200.jpg\" alt=\"Offshore funds encompass a diverse range of offshore investment structures designed to meet the specific needs and objectives of international investors.\" class=\"wp-image-81084\" srcset=\"https:\/\/adamfayed.com\/wp-content\/uploads\/2024\/02\/pexels-karolina-grabowska-4386465-300x200.jpg 300w, https:\/\/adamfayed.com\/wp-content\/uploads\/2024\/02\/pexels-karolina-grabowska-4386465-512x342.jpg 512w, https:\/\/adamfayed.com\/wp-content\/uploads\/2024\/02\/pexels-karolina-grabowska-4386465.jpg 640w\" sizes=\"(max-width: 300px) 100vw, 300px\" \/><\/figure>\n\n\n\n<p>Los fondos de inversi\u00f3n, tambi\u00e9n conocidos como sociedades de inversi\u00f3n de capital variable, re\u00fanen capital de m\u00faltiples inversores para invertir en una cartera diversificada de valores, ofreciendo liquidez y una gesti\u00f3n profesional.<\/p>\n\n\n\n<p>Los hedge funds, por su parte, est\u00e1n dise\u00f1ados para inversores acreditados e institucionales y emplean una amplia gama de estrategias de inversi\u00f3n, como la renta variable a largo\/corto plazo, la gesti\u00f3n de eventos y la macroeconom\u00eda global, a menudo centradas en la rentabilidad absoluta y la gesti\u00f3n del riesgo.<\/p>\n\n\n\n<p>Los fondos de capital riesgo se centran en la inversi\u00f3n en empresas privadas y suelen ser adecuados para inversores que buscan exposici\u00f3n a empresas que no cotizan en bolsa y una posible revalorizaci\u00f3n del capital a largo plazo.<\/p>\n\n\n\n<p>Los fondos inmobiliarios proporcionan acceso a inversiones inmobiliarias diversificadas, como propiedades comerciales, promociones residenciales y proyectos de infraestructuras, que ofrecen generaci\u00f3n de ingresos y revalorizaci\u00f3n potencial del capital.<\/p>\n\n\n\n<div style=\"height:19px\" aria-hidden=\"true\" class=\"wp-block-spacer\"><\/div>\n\n\n\n<h3 class=\"wp-block-heading\">Ventajas de los fondos extraterritoriales<\/h3>\n\n\n\n<p>Los fondos extraterritoriales ofrecen acceso a una amplia gama de mercados y clases de activos mundiales, lo que permite a los inversores diversificar sus carteras m\u00e1s all\u00e1 de los mercados nacionales y los veh\u00edculos de inversi\u00f3n tradicionales.<\/p>\n\n\n\n<p>Adem\u00e1s, <a href=\"https:\/\/adamfayed.com\/es\/rl360-oracle-offshore-bond-review-for-expats\/\">fondos extraterritoriales <\/a>a menudo operan en jurisdicciones con un tratamiento fiscal favorable, reduciendo potencialmente las obligaciones fiscales sobre los ingresos de las inversiones y las ganancias de capital.<\/p>\n\n\n\n<p>Adem\u00e1s, estas estructuras de inversi\u00f3n pueden ofrecer una mayor privacidad y confidencialidad a los inversores que buscan proteger sus actividades de inversi\u00f3n de la divulgaci\u00f3n p\u00fablica.<\/p>\n\n\n\n<p>Por \u00faltimo, los fondos extraterritoriales suelen estar sujetos a una s\u00f3lida supervisi\u00f3n reglamentaria y a requisitos de cumplimiento, lo que proporciona un nivel de protecci\u00f3n y transparencia a los inversores.<\/p>\n\n\n\n<figure class=\"wp-block-embed is-type-wp-embed is-provider-adam-fayed wp-block-embed-adam-fayed\"><div class=\"wp-block-embed__wrapper\">\n<blockquote class=\"wp-embedded-content\" data-secret=\"fiP0bkFnx1\"><a href=\"https:\/\/adamfayed.com\/es\/financial-planning\/what-is-an-offshore-investment-platform\/\">\u00bfQu\u00e9 es una plataforma de inversi\u00f3n offshore?<\/a><\/blockquote><iframe class=\"wp-embedded-content\" sandbox=\"allow-scripts\" security=\"restricted\" style=\"position: absolute; visibility: hidden;\" title=\"\u201c\u00bfQu\u00e9 es una plataforma de inversi\u00f3n offshore?\u201d - Adam Fayed\" src=\"https:\/\/adamfayed.com\/financial-planning\/what-is-an-offshore-investment-platform\/embed\/#?secret=69ebaSmpSQ#?secret=fiP0bkFnx1\" data-secret=\"fiP0bkFnx1\" width=\"600\" height=\"338\" frameborder=\"0\" marginwidth=\"0\" marginheight=\"0\" scrolling=\"no\"><\/iframe>\n<\/div><\/figure>\n\n\n\n<div style=\"height:29px\" aria-hidden=\"true\" class=\"wp-block-spacer\"><\/div>\n\n\n\n<h2 class=\"wp-block-heading\">Consideraciones reglamentarias y diligencia debida al invertir en cuentas extraterritoriales<\/h2>\n\n\n\n<figure class=\"wp-block-image alignright size-medium is-resized\"><img decoding=\"async\" width=\"300\" height=\"300\" src=\"https:\/\/adamfayed.com\/wp-content\/uploads\/2024\/02\/due-diligence-offshore-accounts-300x300.webp\" alt=\"Regulatory considerations and due diligence when investing in offshore accounts\" class=\"wp-image-81419\" style=\"width:280px;height:auto\" srcset=\"https:\/\/adamfayed.com\/wp-content\/uploads\/2024\/02\/due-diligence-offshore-accounts-300x300.webp 300w, https:\/\/adamfayed.com\/wp-content\/uploads\/2024\/02\/due-diligence-offshore-accounts-512x512.webp 512w, https:\/\/adamfayed.com\/wp-content\/uploads\/2024\/02\/due-diligence-offshore-accounts-150x150.webp 150w, https:\/\/adamfayed.com\/wp-content\/uploads\/2024\/02\/due-diligence-offshore-accounts-768x768.webp 768w, https:\/\/adamfayed.com\/wp-content\/uploads\/2024\/02\/due-diligence-offshore-accounts-scaled.webp 825w\" sizes=\"(max-width: 300px) 100vw, 300px\" \/><\/figure>\n\n\n\n<p>La inversi\u00f3n en fondos extraterritoriales exige un examen minucioso del cumplimiento de la normativa, la transparencia y la diligencia debida para garantizar la legitimidad e idoneidad de las oportunidades de inversi\u00f3n.<\/p>\n\n\n\n<p>Los inversores deben evaluar el marco reglamentario y las normas de supervisi\u00f3n de los servicios financieros extraterritoriales en los que est\u00e1 establecido el fondo, asegur\u00e1ndose de que se ajustan a las mejores pr\u00e1cticas internacionales y a las medidas de protecci\u00f3n de los inversores.<\/p>\n\n\n\n<p>La diligencia debida es esencial a la hora de evaluar los gestores de fondos extraterritoriales, las estrategias de inversi\u00f3n y las estructuras de comisiones, y requiere un conocimiento profundo de los objetivos de inversi\u00f3n, las pr\u00e1cticas de gesti\u00f3n del riesgo y la transparencia operativa del fondo.<\/p>\n\n\n\n<p>Adem\u00e1s, los inversores deben buscar asesoramiento profesional de expertos financieros y jur\u00eddicos con experiencia en estructuras de fondos internacionales para navegar por las complejidades de la inversi\u00f3n extraterritorial y garantizar el cumplimiento de las normas pertinentes. <a href=\"https:\/\/www.oecd.org\/tax\/automatic-exchange\/common-reporting-standard\/\" target=\"_blank\" rel=\"noopener\">normas reglamentarias y obligaciones de informaci\u00f3n<\/a>.<\/p>\n\n\n\n<div style=\"height:19px\" aria-hidden=\"true\" class=\"wp-block-spacer\"><\/div>\n\n\n\n<h3 class=\"wp-block-heading\">Gesti\u00f3n de riesgos y protecci\u00f3n de los inversores<\/h3>\n\n\n\n<p>Aunque los fondos extraterritoriales ofrecen diversas oportunidades de inversi\u00f3n, es esencial que los inversores eval\u00faen detenidamente las pr\u00e1cticas de gesti\u00f3n de riesgos, la gobernanza de los fondos y las pol\u00edticas de inversi\u00f3n.<a href=\"https:\/\/www.gov.uk\/government\/publications\/offshore-funds-list-of-reporting-funds\" target=\"_blank\" rel=\"noopener\"> medidas de protecci\u00f3n de los inversores<\/a>.<\/p>\n\n\n\n<p>Comprender las estrategias de inversi\u00f3n, las provisiones de liquidez y los controles de riesgo del fondo es crucial para evaluar los posibles riesgos y beneficios asociados a las inversiones en fondos extraterritoriales.<\/p>\n\n\n\n<p>Adem\u00e1s, los inversores deben tener en cuenta el historial del fondo, la transparencia y la reputaci\u00f3n del gestor, as\u00ed como la adhesi\u00f3n del fondo a las mejores pr\u00e1cticas del sector y a las normas reguladoras.<\/p>\n\n\n\n<p>Evaluaci\u00f3n diligente de los factores de riesgo y adecuaci\u00f3n de las caracter\u00edsticas del fondo a la tolerancia al riesgo del inversor y a su perfil de riesgo. <a href=\"https:\/\/adamfayed.com\/es\/financial-planning\/offshore-investment\/\">inversi\u00f3n extraterritorial<\/a> objetivos es primordial en el proceso de toma de decisiones.<\/p>\n\n\n\n<p><strong>\u00bfLe duele la indecisi\u00f3n financiera? <\/strong><\/p>\n\n\n\n<figure class=\"wp-block-image size-large is-resized\"><img decoding=\"async\" width=\"512\" height=\"288\" src=\"https:\/\/adamfayed.com\/wp-content\/uploads\/2025\/03\/Adam-Fayed-Contact_CTA3-512x288.jpg\" alt=\"\" class=\"wp-image-117505\" style=\"width:683px;height:auto\" srcset=\"https:\/\/adamfayed.com\/wp-content\/uploads\/2025\/03\/Adam-Fayed-Contact_CTA3-512x288.jpg 512w, https:\/\/adamfayed.com\/wp-content\/uploads\/2025\/03\/Adam-Fayed-Contact_CTA3-300x169.jpg 300w, https:\/\/adamfayed.com\/wp-content\/uploads\/2025\/03\/Adam-Fayed-Contact_CTA3-768x432.jpg 768w, https:\/\/adamfayed.com\/wp-content\/uploads\/2025\/03\/Adam-Fayed-Contact_CTA3-scaled.jpg 825w\" sizes=\"(max-width: 512px) 100vw, 512px\" \/><\/figure>\n\n\n\n<div style=\"height:10px\" aria-hidden=\"true\" class=\"wp-block-spacer\"><\/div>\n\n\n\n<div class=\"wp-block-buttons is-layout-flex wp-block-buttons-is-layout-flex\">\n<div class=\"wp-block-button\"><a class=\"wp-block-button__link wp-element-button\" href=\"https:\/\/adamfayed.com\/es\/become-adams-client\/\">Convi\u00e9rtase en mi cliente<\/a><\/div>\n\n\n\n<div class=\"wp-block-button\"><a class=\"wp-block-button__link wp-element-button\" href=\"https:\/\/adamfayed.com\/es\/good-match-quiz\/\" target=\"_blank\" rel=\"noreferrer noopener\">Realice el cuestionario de elegibilidad de clientes<\/a><\/div>\n\n\n\n<div class=\"wp-block-button\"><a class=\"wp-block-button__link wp-element-button\" href=\"https:\/\/adamfayed.com\/es\/contact\/\" target=\"_blank\" rel=\"noreferrer noopener\">P\u00f3ngase en contacto con<\/a><\/div>\n<\/div>\n\n\n\n<p><strong>Adam es un autor reconocido internacionalmente en temas financieros, con m\u00e1s de 830 millones de respuestas en Quora, un libro muy vendido en Amazon y colaborador de Forbes.<\/strong><\/p>","protected":false},"excerpt":{"rendered":"<p>\u00bfQu\u00e9 son los fondos offshore?<\/p>","protected":false},"author":16,"featured_media":81083,"parent":72718,"menu_order":0,"comment_status":"open","ping_status":"closed","template":"","meta":{"rop_custom_images_group":[],"rop_custom_messages_group":[],"rop_publish_now":"initial","rop_publish_now_accounts":{"facebook_10166176115445471_100883565069113":""},"rop_publish_now_history":[],"rop_publish_now_status":"pending","footnotes":""},"class_list":["post-81082","page","type-page","status-publish","has-post-thumbnail","hentry"],"_links":{"self":[{"href":"https:\/\/adamfayed.com\/es\/wp-json\/wp\/v2\/pages\/81082","targetHints":{"allow":["GET"]}}],"collection":[{"href":"https:\/\/adamfayed.com\/es\/wp-json\/wp\/v2\/pages"}],"about":[{"href":"https:\/\/adamfayed.com\/es\/wp-json\/wp\/v2\/types\/page"}],"author":[{"embeddable":true,"href":"https:\/\/adamfayed.com\/es\/wp-json\/wp\/v2\/users\/16"}],"replies":[{"embeddable":true,"href":"https:\/\/adamfayed.com\/es\/wp-json\/wp\/v2\/comments?post=81082"}],"version-history":[{"count":2,"href":"https:\/\/adamfayed.com\/es\/wp-json\/wp\/v2\/pages\/81082\/revisions"}],"predecessor-version":[{"id":122275,"href":"https:\/\/adamfayed.com\/es\/wp-json\/wp\/v2\/pages\/81082\/revisions\/122275"}],"up":[{"embeddable":true,"href":"https:\/\/adamfayed.com\/es\/wp-json\/wp\/v2\/pages\/72718"}],"wp:featuredmedia":[{"embeddable":true,"href":"https:\/\/adamfayed.com\/es\/wp-json\/wp\/v2\/media\/81083"}],"wp:attachment":[{"href":"https:\/\/adamfayed.com\/es\/wp-json\/wp\/v2\/media?parent=81082"}],"curies":[{"name":"wp","href":"https:\/\/api.w.org\/{rel}","templated":true}]}}