{"id":81090,"date":"2024-04-30T18:06:56","date_gmt":"2024-04-30T18:06:56","guid":{"rendered":"https:\/\/adamfayed.com\/?page_id=81090"},"modified":"2025-03-03T12:43:51","modified_gmt":"2025-03-03T12:43:51","slug":"hedge-funds","status":"publish","type":"page","link":"https:\/\/adamfayed.com\/es\/investment-options\/hedge-funds\/","title":{"rendered":"Fondos de alto riesgo: Qu\u00e9 son y c\u00f3mo invertir"},"content":{"rendered":"<p>Los hedge funds combinan estrategias avanzadas y gesti\u00f3n del riesgo para obtener grandes rendimientos, lo que resulta atractivo para los inversores que buscan diversificar su cartera.<\/p>\n\n\n\n<p>Su objetivo es lograr rendimientos positivos tanto en mercados alcistas como bajistas, lo que los convierte en un componente din\u00e1mico de la cartera de un inversor.<\/p>\n\n\n\n<p>Los fondos est\u00e1n gestionados por experimentados profesionales de la inversi\u00f3n que aprovechan su experiencia en el mercado y sus capacidades de investigaci\u00f3n para navegar por las complejidades de diversos panoramas financieros.<\/p>\n\n\n\n<p>Si desea invertir como expatriado o particular con un elevado patrimonio neto, que es en lo que estoy especializado, puede enviarme un correo electr\u00f3nico (advice@adamfayed.com) o WhatsApp (+44-7393-450-837).<\/p>\n\n\n\n<p>En esta p\u00e1gina se hablar\u00e1 de:<\/p>\n\n\n\n<ul class=\"wp-block-list\">\n<li>\u00bfQu\u00e9 es un fondo de alto riesgo?<\/li>\n\n\n\n<li>Sociedades de fondos de cobertura<\/li>\n\n\n\n<li>Gestor de fondos de alto riesgo<\/li>\n\n\n\n<li>C\u00f3mo invertir en hedge funds<\/li>\n\n\n\n<li>Ventajas e inconvenientes de invertir en fondos de alto riesgo<\/li>\n<\/ul>\n\n\n\n<div style=\"height:30px\" aria-hidden=\"true\" class=\"wp-block-spacer\"><\/div>\n\n\n\n<h2 class=\"wp-block-heading\"><strong>\u00bfQu\u00e9 es un fondo de alto riesgo?<\/strong><\/h2>\n\n\n\n<p>Un fondo de cobertura es una inversi\u00f3n avanzada <a href=\"https:\/\/www.sec.gov\/files\/ib_hedgefunds.pdf\" target=\"_blank\" rel=\"noopener\">estructura<\/a> Concebido para reunir capital de inversores acreditados e institucionales con el fin de participar en diversas actividades de negociaci\u00f3n e inversi\u00f3n.<\/p>\n\n\n\n<p>A diferencia de los fondos de inversi\u00f3n tradicionales, los hedge funds pretenden elevar el rendimiento de los inversores al tiempo que mitigan los riesgos mediante un modelo operativo flexible. Esta flexibilidad permite a los hedge funds utilizar un amplio espectro de estrategias, que incluyen, entre otras, la venta en corto, el apalancamiento, los derivados y el arbitraje.<\/p>\n\n\n\n<div style=\"height:20px\" aria-hidden=\"true\" class=\"wp-block-spacer\"><\/div>\n\n\n\n<h3 class=\"wp-block-heading\">Fondos de alto riesgo frente a fondos de inversi\u00f3n<\/h3>\n\n\n\n<p>Los hedge funds son conocidos por sus estrategias de inversi\u00f3n complejas y de alto riesgo, como el apalancamiento, las ventas en corto y el comercio de derivados, todas ellas encaminadas a obtener mayores rendimientos. <\/p>\n\n\n\n<p>Esto contrasta con <a href=\"https:\/\/adamfayed.com\/es\/investment-options\/mutual-funds\/\">fondos de inversi\u00f3n<\/a>, que est\u00e1n sujetas a normativas m\u00e1s estrictas, dan prioridad a la minimizaci\u00f3n del riesgo y suelen centrarse en un enfoque de inversi\u00f3n m\u00e1s conservador.<\/p>\n\n\n\n<p>El acceso a los hedge funds se ve restringido por unos umbrales m\u00ednimos de inversi\u00f3n elevados y unas estructuras de comisiones complejas, lo que los hace menos accesibles que los fondos de inversi\u00f3n, que suelen acoger a una base de inversores m\u00e1s amplia con unos requisitos de entrada menos exigentes.<\/p>\n\n\n\n<div style=\"height:20px\" aria-hidden=\"true\" class=\"wp-block-spacer\"><\/div>\n\n\n\n<h3 class=\"wp-block-heading\">\u00bfQu\u00e9 hacen los fondos de alto riesgo?<\/h3>\n\n\n\n<figure class=\"wp-block-image alignleft size-medium\"><img fetchpriority=\"high\" decoding=\"async\" width=\"300\" height=\"300\" src=\"https:\/\/adamfayed.com\/wp-content\/uploads\/2024\/02\/Hedge-funds-1-300x300.webp\" alt=\"What Do Hedge Funds Do?\" class=\"wp-image-81093\" srcset=\"https:\/\/adamfayed.com\/wp-content\/uploads\/2024\/02\/Hedge-funds-1-300x300.webp 300w, https:\/\/adamfayed.com\/wp-content\/uploads\/2024\/02\/Hedge-funds-1-512x512.webp 512w, https:\/\/adamfayed.com\/wp-content\/uploads\/2024\/02\/Hedge-funds-1-150x150.webp 150w, https:\/\/adamfayed.com\/wp-content\/uploads\/2024\/02\/Hedge-funds-1-768x768.webp 768w, https:\/\/adamfayed.com\/wp-content\/uploads\/2024\/02\/Hedge-funds-1-scaled.webp 825w\" sizes=\"(max-width: 300px) 100vw, 300px\" \/><\/figure>\n\n\n\n<p>Una de las principales estrategias utilizadas es la venta en corto, que les permite beneficiarse de la ca\u00edda de los precios de los activos.<\/p>\n\n\n\n<p>Al tomar prestados valores cuyo valor esperan que disminuya, venderlos al precio actual de mercado y recomprarlos a un precio inferior, el veh\u00edculo de inversi\u00f3n puede obtener beneficios en mercados bajistas.<\/p>\n\n\n\n<div style=\"height:20px\" aria-hidden=\"true\" class=\"wp-block-spacer\"><\/div>\n\n\n\n<h3 class=\"wp-block-heading\">\u00bfCu\u00e1ntos fondos de alto riesgo hay?<\/h3>\n\n\n\n<p>En la actualidad, el sector mundial de los hedge funds cuenta con m\u00e1s de 10.000 de estos fondos, lo que marca su expansi\u00f3n a partir de fondos especializados. <a href=\"https:\/\/adamfayed.com\/es\/investment-options\/\">opciones de inversi\u00f3n<\/a> para particulares con grandes patrimonios e inversores institucionales a un actor importante del sector financiero.<\/p>\n\n\n\n<div style=\"height:20px\" aria-hidden=\"true\" class=\"wp-block-spacer\"><\/div>\n\n\n\n<h3 class=\"wp-block-heading\">Fondos Commodity Trading Advisor (CTA) <\/h3>\n\n\n\n<p>Fondos CTA o <a href=\"https:\/\/adamfayed.com\/es\/investment-options\/commodity-trading-advisor\/\">Asesor de comercio de materias primas<\/a> Los fondos son un tipo de fondos de cobertura. Ejecutan una estrategia de futuros gestionados y estrategias discrecionales de inversi\u00f3n.<\/p>\n\n\n\n<div style=\"height:30px\" aria-hidden=\"true\" class=\"wp-block-spacer\"><\/div>\n\n\n\n<h2 class=\"wp-block-heading\"><strong>Sociedades de fondos de cobertura<\/strong><\/h2>\n\n\n\n<p>Algunas de las empresas de hedge funds m\u00e1s conocidas son BlackRock, Two Sigma Investments, Citadel, Elliott Management Corp., Baupost Group, Viking Global Investors y DE Shaw &amp; Co.<\/p>\n\n\n\n<div style=\"height:20px\" aria-hidden=\"true\" class=\"wp-block-spacer\"><\/div>\n\n\n\n<h3 class=\"wp-block-heading\">Los mayores fondos de alto riesgo<\/h3>\n\n\n\n<p>Estos fondos gestionan billones de d\u00f3lares en activos mundiales. Estos son algunos de los mayores fondos:<\/p>\n\n\n\n<ul class=\"wp-block-list\">\n<li>Asociados Bridgewater<\/li>\n\n\n\n<li>Tecnolog\u00edas del Renacimiento <\/li>\n\n\n\n<li>Grupo Man <\/li>\n\n\n\n<li>AQR Capital Management<\/li>\n\n\n\n<li>Blackstone Gesti\u00f3n Alternativa de Activos (BAAM)<\/li>\n\n\n\n<li>Gesti\u00f3n del Milenio<\/li>\n\n\n\n<li>Grupo Carlyle<\/li>\n<\/ul>\n\n\n\n<div style=\"height:30px\" aria-hidden=\"true\" class=\"wp-block-spacer\"><\/div>\n\n\n\n<figure class=\"wp-block-image alignright size-medium\"><img decoding=\"async\" width=\"300\" height=\"300\" src=\"https:\/\/adamfayed.com\/wp-content\/uploads\/2024\/02\/Hedge-funds-4-300x300.webp\" alt=\"Hedge Fund Manager\" class=\"wp-image-81098\" srcset=\"https:\/\/adamfayed.com\/wp-content\/uploads\/2024\/02\/Hedge-funds-4-300x300.webp 300w, https:\/\/adamfayed.com\/wp-content\/uploads\/2024\/02\/Hedge-funds-4-512x512.webp 512w, https:\/\/adamfayed.com\/wp-content\/uploads\/2024\/02\/Hedge-funds-4-150x150.webp 150w, https:\/\/adamfayed.com\/wp-content\/uploads\/2024\/02\/Hedge-funds-4-768x768.webp 768w, https:\/\/adamfayed.com\/wp-content\/uploads\/2024\/02\/Hedge-funds-4-scaled.webp 825w\" sizes=\"(max-width: 300px) 100vw, 300px\" \/><\/figure>\n\n\n\n<h2 class=\"wp-block-heading\"><strong>Gestor de fondos de alto riesgo<\/strong><\/h2>\n\n\n\n<p>Un gestor de hedge funds desempe\u00f1a un papel crucial en la direcci\u00f3n del fondo hacia sus objetivos, tomando decisiones fundamentales sobre la selecci\u00f3n de valores y la estrategia global de inversi\u00f3n.<\/p>\n\n\n\n<p>Estos profesionales profundizan en los estudios de mercado, diseccionan las tendencias econ\u00f3micas y aplican t\u00e9cnicas avanzadas de gesti\u00f3n de riesgos. <\/p>\n\n\n\n<div style=\"height:30px\" aria-hidden=\"true\" class=\"wp-block-spacer\"><\/div>\n\n\n\n<h2 class=\"wp-block-heading\"><strong>C\u00f3mo invertir en fondos de alto riesgo<\/strong><\/h2>\n\n\n\n<p>La inversi\u00f3n en hedge funds es una opci\u00f3n disponible principalmente para inversores acreditados, definidos por las normas reguladoras como personas f\u00edsicas con un patrimonio neto superior a $1 mill\u00f3n (excluido el valor de la vivienda habitual) o unos ingresos anuales superiores a $200.000 ($300.000 para parejas) en los dos \u00faltimos a\u00f1os.<\/p>\n\n\n\n<ul class=\"wp-block-list\">\n<li>Verificar la condici\u00f3n de inversor acreditado<\/li>\n\n\n\n<li>Identificar posibles fondos de alto riesgo<\/li>\n\n\n\n<li>Iniciar contacto<\/li>\n\n\n\n<li><a class=\"wpil_keyword_link\" href=\"https:\/\/adamfayed.com\/es\/category\/review-articles\/\" title=\"Consulte\" data-wpil-keyword-link=\"linked\" data-wpil-monitor-id=\"1735\">Consulte<\/a> Documentos<\/li>\n\n\n\n<li>Rellene el cuestionario para inversores<\/li>\n\n\n\n<li>Firmar el contrato de suscripci\u00f3n<\/li>\n\n\n\n<li>Transferencia de fondos<\/li>\n\n\n\n<li>Controle su inversi\u00f3n<\/li>\n<\/ul>\n\n\n\n<div style=\"height:30px\" aria-hidden=\"true\" class=\"wp-block-spacer\"><\/div>\n\n\n\n<h2 class=\"wp-block-heading\"><strong>Ventajas e inconvenientes de invertir en fondos de alto riesgo<\/strong><\/h2>\n\n\n\n<p><\/p>\n\n\n\n<h3 class=\"wp-block-heading\">Beneficios de los fondos de alto riesgo<\/h3>\n\n\n\n<ul class=\"wp-block-list\">\n<li><strong>Diversificaci\u00f3n<\/strong>: Los fondos invierten en diferentes activos y estrategias, reduciendo el riesgo de la cartera.<\/li>\n\n\n\n<li><strong>Mayores rendimientos<\/strong>: Su objetivo de rentabilidad absoluta y el uso del apalancamiento pueden potenciar el crecimiento de la cartera.<\/li>\n\n\n\n<li><strong>Estrategias especializadas<\/strong>: Los inversores acceden a nichos de mercado y a conocimientos especializados que no suelen estar disponibles en las inversiones tradicionales.<\/li>\n<\/ul>\n\n\n\n<div style=\"height:20px\" aria-hidden=\"true\" class=\"wp-block-spacer\"><\/div>\n\n\n\n<h3 class=\"wp-block-heading\">Riesgo de los fondos de alto riesgo<\/h3>\n\n\n\n<ul class=\"wp-block-list\">\n<li><strong>Tasas<\/strong>: Suelen tener tasas m\u00e1s elevadas.<\/li>\n\n\n\n<li><strong>Liquidez<\/strong>: Las inversiones pueden bloquearse durante periodos determinados.<\/li>\n\n\n\n<li><strong>Riesgo y rendimiento<\/strong>: La posibilidad de obtener mayores rendimientos conlleva un mayor riesgo, y el rendimiento puede variar significativamente.<\/li>\n<\/ul>\n\n\n\n<p><\/p>\n\n\n\n<p><strong>\u00bfLe duele la indecisi\u00f3n financiera? <\/strong><\/p>\n\n\n\n<figure class=\"wp-block-image size-large is-resized\"><img decoding=\"async\" width=\"512\" height=\"288\" src=\"https:\/\/adamfayed.com\/wp-content\/uploads\/2025\/03\/Adam-Fayed-Contact_CTA3-512x288.jpg\" alt=\"\" class=\"wp-image-117505\" style=\"width:683px;height:auto\" srcset=\"https:\/\/adamfayed.com\/wp-content\/uploads\/2025\/03\/Adam-Fayed-Contact_CTA3-512x288.jpg 512w, https:\/\/adamfayed.com\/wp-content\/uploads\/2025\/03\/Adam-Fayed-Contact_CTA3-300x169.jpg 300w, https:\/\/adamfayed.com\/wp-content\/uploads\/2025\/03\/Adam-Fayed-Contact_CTA3-768x432.jpg 768w, https:\/\/adamfayed.com\/wp-content\/uploads\/2025\/03\/Adam-Fayed-Contact_CTA3-scaled.jpg 825w\" sizes=\"(max-width: 512px) 100vw, 512px\" \/><\/figure>\n\n\n\n<div style=\"height:10px\" aria-hidden=\"true\" class=\"wp-block-spacer\"><\/div>\n\n\n\n<div class=\"wp-block-buttons is-layout-flex wp-block-buttons-is-layout-flex\">\n<div class=\"wp-block-button\"><a class=\"wp-block-button__link wp-element-button\" href=\"https:\/\/adamfayed.com\/es\/become-adams-client\/\">Convi\u00e9rtase en mi cliente<\/a><\/div>\n\n\n\n<div class=\"wp-block-button\"><a class=\"wp-block-button__link wp-element-button\" href=\"https:\/\/adamfayed.com\/es\/good-match-quiz\/\" target=\"_blank\" rel=\"noreferrer noopener\">Realice el cuestionario de elegibilidad de clientes<\/a><\/div>\n\n\n\n<div class=\"wp-block-button\"><a class=\"wp-block-button__link wp-element-button\" href=\"https:\/\/adamfayed.com\/es\/contact\/\" target=\"_blank\" rel=\"noreferrer noopener\">P\u00f3ngase en contacto con<\/a><\/div>\n<\/div>\n\n\n\n<p><strong>Adam es un autor reconocido internacionalmente en temas financieros, con m\u00e1s de 830 millones de respuestas en Quora, un libro muy vendido en Amazon y colaborador de Forbes.<\/strong><\/p>","protected":false},"excerpt":{"rendered":"<p>Fondos de alto riesgo: Qu\u00e9 son y c\u00f3mo invertir<\/p>","protected":false},"author":17,"featured_media":81098,"parent":79603,"menu_order":0,"comment_status":"open","ping_status":"closed","template":"","meta":{"rop_custom_images_group":[],"rop_custom_messages_group":[],"rop_publish_now":"initial","rop_publish_now_accounts":{"facebook_10166176115445471_100883565069113":""},"rop_publish_now_history":[],"rop_publish_now_status":"pending","footnotes":""},"class_list":["post-81090","page","type-page","status-publish","has-post-thumbnail","hentry"],"_links":{"self":[{"href":"https:\/\/adamfayed.com\/es\/wp-json\/wp\/v2\/pages\/81090","targetHints":{"allow":["GET"]}}],"collection":[{"href":"https:\/\/adamfayed.com\/es\/wp-json\/wp\/v2\/pages"}],"about":[{"href":"https:\/\/adamfayed.com\/es\/wp-json\/wp\/v2\/types\/page"}],"author":[{"embeddable":true,"href":"https:\/\/adamfayed.com\/es\/wp-json\/wp\/v2\/users\/17"}],"replies":[{"embeddable":true,"href":"https:\/\/adamfayed.com\/es\/wp-json\/wp\/v2\/comments?post=81090"}],"version-history":[{"count":3,"href":"https:\/\/adamfayed.com\/es\/wp-json\/wp\/v2\/pages\/81090\/revisions"}],"predecessor-version":[{"id":105377,"href":"https:\/\/adamfayed.com\/es\/wp-json\/wp\/v2\/pages\/81090\/revisions\/105377"}],"up":[{"embeddable":true,"href":"https:\/\/adamfayed.com\/es\/wp-json\/wp\/v2\/pages\/79603"}],"wp:featuredmedia":[{"embeddable":true,"href":"https:\/\/adamfayed.com\/es\/wp-json\/wp\/v2\/media\/81098"}],"wp:attachment":[{"href":"https:\/\/adamfayed.com\/es\/wp-json\/wp\/v2\/media?parent=81090"}],"curies":[{"name":"wp","href":"https:\/\/api.w.org\/{rel}","templated":true}]}}