{"id":81095,"date":"2024-02-26T03:15:46","date_gmt":"2024-02-26T03:15:46","guid":{"rendered":"https:\/\/adamfayed.com\/?page_id=81095"},"modified":"2025-03-25T11:43:36","modified_gmt":"2025-03-25T11:43:36","slug":"best-mutual-funds-to-invest-in","status":"publish","type":"page","link":"https:\/\/adamfayed.com\/es\/investment-options\/mutual-funds\/best-mutual-funds-to-invest-in\/","title":{"rendered":"Los mejores fondos de inversi\u00f3n"},"content":{"rendered":"<p>En esta p\u00e1gina hablaremos de los mejores fondos de inversi\u00f3n, en particular:<\/p>\n\n\n\n<ul class=\"wp-block-list\">\n<li>C\u00f3mo elegir los mejores fondos de inversi\u00f3n\n<ul class=\"wp-block-list\">\n<li>Comprender sus objetivos antes de invertir en fondos de inversi\u00f3n<\/li>\n\n\n\n<li>Los mejores fondos de inversi\u00f3n<\/li>\n\n\n\n<li>Evaluaci\u00f3n de los fondos de inversi\u00f3n m\u00e1s rentables<\/li>\n\n\n\n<li>Evaluar la gesti\u00f3n de los fondos<\/li>\n\n\n\n<li>Las comisiones de los fondos de inversi\u00f3n<\/li>\n<\/ul>\n<\/li>\n\n\n\n<li>Diversificaci\u00f3n y riesgo al invertir en fondos de inversi\u00f3n<\/li>\n<\/ul>\n\n\n\n<p><\/p>\n\n\n\n<p>Si desea invertir como expatriado o particular con un elevado patrimonio neto, que es en lo que estoy especializado, puede enviarme un correo electr\u00f3nico (advice@adamfayed.com) o WhatsApp (+44-7393-450-837).<\/p>\n\n\n\n<p>Los inversores deben comprender sus objetivos de inversi\u00f3n, investigar a fondo y tener en cuenta determinados factores clave para alcanzar sus objetivos financieros.<\/p>\n\n\n\n<div style=\"height:30px\" aria-hidden=\"true\" class=\"wp-block-spacer\"><\/div>\n\n\n\n<h2 class=\"wp-block-heading\">C\u00f3mo elegir los mejores fondos de inversi\u00f3n<\/h2>\n\n\n\n<div style=\"height:16px\" aria-hidden=\"true\" class=\"wp-block-spacer\"><\/div>\n\n\n\n<h3 class=\"wp-block-heading\">Comprender sus objetivos antes de invertir en fondos de inversi\u00f3n<\/h3>\n\n\n\n<p>Antes de invertir en <a href=\"https:\/\/adamfayed.com\/es\/investment-options\/mutual-funds\/\" data-type=\"link\" data-id=\"https:\/\/adamfayed.com\/investment-options\/mutual-funds\/\">fondos de inversi\u00f3n<\/a>, es esencial que tenga claros sus objetivos de inversi\u00f3n. Tanto si est\u00e1 ahorrando para la jubilaci\u00f3n, planificando una compra importante o aspirando a acumular riqueza a largo plazo, conocer sus objetivos le ayudar\u00e1 a determinar los fondos de inversi\u00f3n m\u00e1s adecuados en los que invertir.<\/p>\n\n\n\n<div style=\"height:16px\" aria-hidden=\"true\" class=\"wp-block-spacer\"><\/div>\n\n\n\n<h3 class=\"wp-block-heading\">Los mejores fondos de inversi\u00f3n<\/h3>\n\n\n\n<p>El siguiente paso crucial a la hora de buscar los mejores fondos de inversi\u00f3n es realizar una investigaci\u00f3n exhaustiva. Empiece por identificar los mejores fondos de inversi\u00f3n del mercado.<\/p>\n\n\n\n<p>Busque fondos con un s\u00f3lido historial de resultados, rendimientos constantes y gastos bajos. Utiliza publicaciones financieras de prestigio, sitios web y recursos de las gestoras de fondos para recabar informaci\u00f3n exhaustiva sobre los distintos fondos de inversi\u00f3n.<\/p>\n\n\n\n<div style=\"height:16px\" aria-hidden=\"true\" class=\"wp-block-spacer\"><\/div>\n\n\n\n<h3 class=\"wp-block-heading\">Evaluaci\u00f3n de los fondos de inversi\u00f3n m\u00e1s rentables<\/h3>\n\n\n\n<p>Uno de los factores cr\u00edticos a la hora de elegir los mejores fondos de inversi\u00f3n es evaluar su rentabilidad. Busque fondos con un historial de rentabilidad superior a la de sus \u00edndices de referencia y hom\u00f3logos a lo largo de m\u00faltiples periodos de tiempo.<\/p>\n\n\n\n<p>Analice los rendimientos del fondo a largo plazo en lugar de centrarse \u00fanicamente en las ganancias a corto plazo. Una rentabilidad constante a largo plazo es un indicador clave del potencial de un fondo para ofrecer rendimientos favorables.<\/p>\n\n\n\n<div style=\"height:16px\" aria-hidden=\"true\" class=\"wp-block-spacer\"><\/div>\n\n\n\n<figure class=\"wp-block-image alignright size-medium\"><img fetchpriority=\"high\" decoding=\"async\" width=\"300\" height=\"200\" src=\"https:\/\/adamfayed.com\/wp-content\/uploads\/2024\/02\/pexels-karolina-grabowska-4386324-300x200.jpg\" alt=\"With a wide variety of options available regarding the best mutual funds to invest in, investors must understand their investment goals, conduct thorough research, and consider certain key factors to reach their financial objectives.\" class=\"wp-image-81104\" srcset=\"https:\/\/adamfayed.com\/wp-content\/uploads\/2024\/02\/pexels-karolina-grabowska-4386324-300x200.jpg 300w, https:\/\/adamfayed.com\/wp-content\/uploads\/2024\/02\/pexels-karolina-grabowska-4386324-512x342.jpg 512w, https:\/\/adamfayed.com\/wp-content\/uploads\/2024\/02\/pexels-karolina-grabowska-4386324.jpg 640w\" sizes=\"(max-width: 300px) 100vw, 300px\" \/><\/figure>\n\n\n\n<h3 class=\"wp-block-heading\">Evaluar la gesti\u00f3n de los fondos<\/h3>\n\n\n\n<p>La experiencia del gestor del fondo desempe\u00f1a un papel fundamental en el \u00e9xito de los mejores fondos de inversi\u00f3n. A la hora de decidir en qu\u00e9 fondos invertir, eval\u00fae el historial y la experiencia del gestor.<\/p>\n\n\n\n<p>Un gestor cualificado y experimentado con una estrategia de inversi\u00f3n s\u00f3lida puede influir significativamente en el rendimiento del fondo y en la consecuci\u00f3n de sus objetivos de inversi\u00f3n.<\/p>\n\n\n\n<div style=\"height:16px\" aria-hidden=\"true\" class=\"wp-block-spacer\"><\/div>\n\n\n\n<h3 class=\"wp-block-heading\">Las comisiones de los fondos de inversi\u00f3n<\/h3>\n\n\n\n<p>Invertir en fondos de inversi\u00f3n conlleva <a href=\"https:\/\/www.investor.gov\/introduction-investing\/investing-basics\/glossary\/mutual-fund-fees-and-expenses\" data-type=\"link\" data-id=\"https:\/\/www.investor.gov\/introduction-investing\/investing-basics\/glossary\/mutual-fund-fees-and-expenses\" target=\"_blank\" rel=\"noopener\">gastos y tasas <\/a>que pueden afectar a su rentabilidad global. Compare los ratios de gastos de los distintos fondos para saber cu\u00e1nto pagar\u00e1 por su gesti\u00f3n. Adem\u00e1s, tenga en cuenta las comisiones de venta o reembolso asociadas a los fondos. Optar por fondos con gastos m\u00e1s bajos puede mejorar el rendimiento de su inversi\u00f3n a lo largo del tiempo.<\/p>\n\n\n\n<div style=\"height:30px\" aria-hidden=\"true\" class=\"wp-block-spacer\"><\/div>\n\n\n\n<h2 class=\"wp-block-heading\"><strong>Diversificaci\u00f3n y riesgo al invertir en fondos de inversi\u00f3n<\/strong><\/h2>\n\n\n\n<p>La diversificaci\u00f3n es un principio fundamental de la inversi\u00f3n. Al seleccionar los mejores fondos de inversi\u00f3n, tenga en cuenta las participaciones del fondo y el nivel de diversificaci\u00f3n que ofrece.<\/p>\n\n\n\n<p>Un fondo bien diversificado puede ayudar a mitigar el riesgo y minimizar el impacto de la volatilidad del mercado en sus inversiones.<\/p>\n\n\n\n<div style=\"height:16px\" aria-hidden=\"true\" class=\"wp-block-spacer\"><\/div>\n\n\n\n<h3 class=\"wp-block-heading\">Alineaci\u00f3n con su tolerancia al riesgo y su horizonte temporal<\/h3>\n\n\n\n<p>Su tolerancia al riesgo y su horizonte temporal son elementos cruciales para elegir los mejores fondos de inversi\u00f3n. Eval\u00faa con cu\u00e1nto riesgo te sientes c\u00f3modo y el plazo durante el que pretendes invertir.<\/p>\n\n\n\n<p>Los fondos de alto riesgo pueden ofrecer la posibilidad de obtener mayores rendimientos, pero conllevan una mayor volatilidad, mientras que los fondos de bajo riesgo pueden proporcionar estabilidad, pero con rendimientos potencialmente m\u00e1s bajos. <\/p>\n\n\n\n<div style=\"height:16px\" aria-hidden=\"true\" class=\"wp-block-spacer\"><\/div>\n\n\n\n<h3 class=\"wp-block-heading\">Buscar asesoramiento profesional<\/h3>\n\n\n\n<p>A la hora de invertir en fondos de inversi\u00f3n, buscar el asesoramiento profesional de un asesor financiero competente puede aportarle ideas y orientaciones valiosas para seleccionar los mejores fondos de inversi\u00f3n.<\/p>\n\n\n\n<p>A<a href=\"https:\/\/adamfayed.com\/es\/financial-planning\/expat-financial-advisor\/\"> asesor financiero<\/a> puede ayudarle a evaluar sus objetivos financieros, su tolerancia al riesgo y sus preferencias de inversi\u00f3n para recomendarle fondos de inversi\u00f3n adecuados a sus circunstancias particulares.<\/p>\n\n\n\n<p><\/p>\n\n\n\n<p><strong>\u00bfLe duele la indecisi\u00f3n financiera? <\/strong><\/p>\n\n\n\n<figure class=\"wp-block-image size-large is-resized\"><img decoding=\"async\" width=\"512\" height=\"288\" src=\"https:\/\/adamfayed.com\/wp-content\/uploads\/2025\/03\/Adam-Fayed-Contact_CTA3-512x288.jpg\" alt=\"\" class=\"wp-image-117505\" style=\"width:683px;height:auto\" srcset=\"https:\/\/adamfayed.com\/wp-content\/uploads\/2025\/03\/Adam-Fayed-Contact_CTA3-512x288.jpg 512w, https:\/\/adamfayed.com\/wp-content\/uploads\/2025\/03\/Adam-Fayed-Contact_CTA3-300x169.jpg 300w, https:\/\/adamfayed.com\/wp-content\/uploads\/2025\/03\/Adam-Fayed-Contact_CTA3-768x432.jpg 768w, https:\/\/adamfayed.com\/wp-content\/uploads\/2025\/03\/Adam-Fayed-Contact_CTA3-scaled.jpg 825w\" sizes=\"(max-width: 512px) 100vw, 512px\" \/><\/figure>\n\n\n\n<div style=\"height:10px\" aria-hidden=\"true\" class=\"wp-block-spacer\"><\/div>\n\n\n\n<div class=\"wp-block-buttons is-layout-flex wp-block-buttons-is-layout-flex\">\n<div class=\"wp-block-button\"><a class=\"wp-block-button__link wp-element-button\" href=\"https:\/\/adamfayed.com\/es\/become-adams-client\/\">Convi\u00e9rtase en mi cliente<\/a><\/div>\n\n\n\n<div class=\"wp-block-button\"><a class=\"wp-block-button__link wp-element-button\" href=\"https:\/\/adamfayed.com\/es\/good-match-quiz\/\" target=\"_blank\" rel=\"noreferrer noopener\">Realice el cuestionario de elegibilidad de clientes<\/a><\/div>\n\n\n\n<div class=\"wp-block-button\"><a class=\"wp-block-button__link wp-element-button\" href=\"https:\/\/adamfayed.com\/es\/contact\/\" target=\"_blank\" rel=\"noreferrer noopener\">P\u00f3ngase en contacto con<\/a><\/div>\n<\/div>\n\n\n\n<p><strong>Adam es un autor reconocido internacionalmente en temas financieros, con m\u00e1s de 830 millones de respuestas en Quora, un libro muy vendido en Amazon y colaborador de Forbes.<\/strong><\/p>","protected":false},"excerpt":{"rendered":"<p>Los mejores fondos de inversi\u00f3n<\/p>","protected":false},"author":16,"featured_media":81102,"parent":78255,"menu_order":0,"comment_status":"open","ping_status":"closed","template":"","meta":{"rop_custom_images_group":[],"rop_custom_messages_group":[],"rop_publish_now":"initial","rop_publish_now_accounts":{"facebook_10166176115445471_100883565069113":""},"rop_publish_now_history":[],"rop_publish_now_status":"pending","footnotes":""},"class_list":["post-81095","page","type-page","status-publish","has-post-thumbnail","hentry"],"_links":{"self":[{"href":"https:\/\/adamfayed.com\/es\/wp-json\/wp\/v2\/pages\/81095","targetHints":{"allow":["GET"]}}],"collection":[{"href":"https:\/\/adamfayed.com\/es\/wp-json\/wp\/v2\/pages"}],"about":[{"href":"https:\/\/adamfayed.com\/es\/wp-json\/wp\/v2\/types\/page"}],"author":[{"embeddable":true,"href":"https:\/\/adamfayed.com\/es\/wp-json\/wp\/v2\/users\/16"}],"replies":[{"embeddable":true,"href":"https:\/\/adamfayed.com\/es\/wp-json\/wp\/v2\/comments?post=81095"}],"version-history":[{"count":2,"href":"https:\/\/adamfayed.com\/es\/wp-json\/wp\/v2\/pages\/81095\/revisions"}],"predecessor-version":[{"id":121033,"href":"https:\/\/adamfayed.com\/es\/wp-json\/wp\/v2\/pages\/81095\/revisions\/121033"}],"up":[{"embeddable":true,"href":"https:\/\/adamfayed.com\/es\/wp-json\/wp\/v2\/pages\/78255"}],"wp:featuredmedia":[{"embeddable":true,"href":"https:\/\/adamfayed.com\/es\/wp-json\/wp\/v2\/media\/81102"}],"wp:attachment":[{"href":"https:\/\/adamfayed.com\/es\/wp-json\/wp\/v2\/media?parent=81095"}],"curies":[{"name":"wp","href":"https:\/\/api.w.org\/{rel}","templated":true}]}}