{"id":81133,"date":"2024-04-19T12:31:36","date_gmt":"2024-04-19T12:31:36","guid":{"rendered":"https:\/\/adamfayed.com\/?page_id=81133"},"modified":"2025-03-01T12:27:15","modified_gmt":"2025-03-01T12:27:15","slug":"real-estate-investing","status":"publish","type":"page","link":"https:\/\/adamfayed.com\/es\/investment-options\/real-estate\/real-estate-investing\/","title":{"rendered":"Inversi\u00f3n inmobiliaria"},"content":{"rendered":"<p>Mapa del sitio: <a href=\"https:\/\/adamfayed.com\/es\/investment-options\/\">Opciones de inversi\u00f3n<\/a> &gt; <a href=\"https:\/\/adamfayed.com\/es\/investment-options\/real-estate\/\">Inmobiliario<\/a> &gt; Inversi\u00f3n inmobiliaria<\/p>\n\n\n\n<p>En esta p\u00e1gina se hablar\u00e1 de la inversi\u00f3n inmobiliaria, cubriendo varios temas que incluyen:<\/p>\n\n\n\n<ul class=\"wp-block-list\">\n<li>\u00bfQu\u00e9 es la inversi\u00f3n inmobiliaria?<\/li>\n\n\n\n<li>Inversi\u00f3n inmobiliaria para principiantes<\/li>\n\n\n\n<li>C\u00f3mo crear una cartera de inversi\u00f3n inmobiliaria<\/li>\n<\/ul>\n\n\n\n<p><\/p>\n\n\n\n<p>Si desea invertir como expatriado o particular con un elevado patrimonio neto, que es en lo que estoy especializado, puede enviarme un correo electr\u00f3nico (advice@adamfayed.com) o WhatsApp (+44-7393-450-837).<\/p>\n\n\n\n<p><a href=\"https:\/\/adamfayed.com\/es\/real-estate-investing\/\">Inversi\u00f3n inmobiliaria<\/a> ofrece una poderosa v\u00eda para la creaci\u00f3n de riqueza, proporcionando a los inversores oportunidades de ingresos, diversificaci\u00f3n y revalorizaci\u00f3n del capital.<\/p>\n\n\n\n<div style=\"height:30px\" aria-hidden=\"true\" class=\"wp-block-spacer\"><\/div>\n\n\n\n<h2 class=\"wp-block-heading\"><strong>\u00bfQu\u00e9 es la inversi\u00f3n inmobiliaria?<\/strong><\/h2>\n\n\n\n<figure class=\"wp-block-image alignleft size-medium\"><img fetchpriority=\"high\" decoding=\"async\" width=\"300\" height=\"300\" src=\"https:\/\/adamfayed.com\/wp-content\/uploads\/2024\/02\/real-estate-investing-2-300x300.jpeg\" alt=\"What is real estate investment\" class=\"wp-image-81158\" srcset=\"https:\/\/adamfayed.com\/wp-content\/uploads\/2024\/02\/real-estate-investing-2-300x300.jpeg 300w, https:\/\/adamfayed.com\/wp-content\/uploads\/2024\/02\/real-estate-investing-2-512x512.jpeg 512w, https:\/\/adamfayed.com\/wp-content\/uploads\/2024\/02\/real-estate-investing-2-150x150.jpeg 150w, https:\/\/adamfayed.com\/wp-content\/uploads\/2024\/02\/real-estate-investing-2-768x768.jpeg 768w, https:\/\/adamfayed.com\/wp-content\/uploads\/2024\/02\/real-estate-investing-2-scaled.jpeg 825w\" sizes=\"(max-width: 300px) 100vw, 300px\" \/><\/figure>\n\n\n\n<p>La compra, tenencia, gesti\u00f3n, arrendamiento, venta o promoci\u00f3n de bienes inmuebles con fines lucrativos se conoce como inversi\u00f3n inmobiliaria. <\/p>\n\n\n\n<p>La inversi\u00f3n inmobiliaria atrae a un amplio abanico de personas, desde quienes buscan ingresos pasivos hasta inversores activos que buscan renovar o dar la vuelta a propiedades para obtener un rendimiento r\u00e1pido.<\/p>\n\n\n\n<p>Su atractivo reside en la posibilidad de obtener importantes rendimientos, la oportunidad de diversificar la cartera y la capacidad de protegerse contra la inflaci\u00f3n.<\/p>\n\n\n\n<p>A diferencia de <a href=\"https:\/\/adamfayed.com\/es\/investment-options\/what-are-stocks\/\">acciones<\/a> y <a href=\"https:\/\/adamfayed.com\/es\/investment-options\/what-are-bonds\/\">bonos<\/a>, Los bienes inmuebles proporcionan activos tangibles, lo que tranquiliza a muchos inversores. Permite apalancarse de una forma que otras inversiones no permiten, permitiendo a los inversores comprar propiedades con una fracci\u00f3n del valor total por adelantado.<\/p>\n\n\n\n<p>Adem\u00e1s, la inversi\u00f3n inmobiliaria ofrece ventajas fiscales, como deducciones por intereses hipotecarios, impuestos sobre la propiedad, gastos de explotaci\u00f3n y amortizaci\u00f3n.<\/p>\n\n\n\n<div style=\"height:30px\" aria-hidden=\"true\" class=\"wp-block-spacer\"><\/div>\n\n\n\n<h2 class=\"wp-block-heading\"><strong>Inversi\u00f3n inmobiliaria para principiantes<\/strong><\/h2>\n\n\n\n<p>Para principiantes, <a href=\"https:\/\/professional.dce.harvard.edu\/blog\/real-estate-investing-for-beginners-5-skills-of-successful-investors\/\" target=\"_blank\" rel=\"noopener\">comprender<\/a> los fundamentos sientan una base s\u00f3lida para tener \u00e9xito en la inversi\u00f3n inmobiliaria. El primer paso consiste en informarse sobre los distintos tipos de inversiones inmobiliarias, como propiedades residenciales, comerciales, industriales y minoristas.<\/p>\n\n\n\n<p>Los reci\u00e9n llegados a la inversi\u00f3n inmobiliaria tambi\u00e9n deben familiarizarse con t\u00e9rminos y conceptos clave, como el flujo de caja, el rendimiento de la inversi\u00f3n (ROI), la revalorizaci\u00f3n del capital y el apalancamiento.<\/p>\n\n\n\n<p>Antes de realizar la primera inversi\u00f3n, los principiantes deben llevar a cabo un minucioso estudio de mercado para identificar ubicaciones y propiedades prometedoras. Entre los factores que deben tenerse en cuenta se encuentran las tendencias del mercado, el valor de los inmuebles, los tipos de alquiler y los \u00edndices de ocupaci\u00f3n.<\/p>\n\n\n\n<p>Adem\u00e1s, reunir a un equipo de profesionales, como agentes inmobiliarios, abogados y contables, puede proporcionar orientaci\u00f3n y apoyo valiosos.<\/p>\n\n\n\n<p>La preparaci\u00f3n financiera es otro aspecto fundamental de la inversi\u00f3n inmobiliaria para principiantes. Esto incluye <a href=\"https:\/\/adamfayed.com\/es\/finance-meaning-types-and-other-terms\/\">finanzas<\/a>, La financiaci\u00f3n de la vivienda debe ser de calidad, reservando fondos para el pago inicial, los gastos de cierre y las reservas para mantenimiento y desocupaci\u00f3n.<\/p>\n\n\n\n<div style=\"height:30px\" aria-hidden=\"true\" class=\"wp-block-spacer\"><\/div>\n\n\n\n<h2 class=\"wp-block-heading\"><strong>Construir una cartera de inversi\u00f3n inmobiliaria<\/strong><\/h2>\n\n\n\n<p>La inversi\u00f3n inmobiliaria ofrece activos tangibles que pueden proporcionar tanto ingresos como revalorizaci\u00f3n del capital. Crear una cartera de inversi\u00f3n inmobiliaria diversificada es esencial para mitigar los riesgos y maximizar los rendimientos.<\/p>\n\n\n\n<div style=\"height:20px\" aria-hidden=\"true\" class=\"wp-block-spacer\"><\/div>\n\n\n\n<figure class=\"wp-block-image alignright size-medium is-resized\"><img decoding=\"async\" width=\"300\" height=\"300\" src=\"https:\/\/adamfayed.com\/wp-content\/uploads\/2024\/02\/real-estate-investing4-300x300.webp\" alt=\"Real Estate Investment Portfolio\" class=\"wp-image-81162\" style=\"width:236px;height:auto\" srcset=\"https:\/\/adamfayed.com\/wp-content\/uploads\/2024\/02\/real-estate-investing4-300x300.webp 300w, https:\/\/adamfayed.com\/wp-content\/uploads\/2024\/02\/real-estate-investing4-512x512.webp 512w, https:\/\/adamfayed.com\/wp-content\/uploads\/2024\/02\/real-estate-investing4-150x150.webp 150w, https:\/\/adamfayed.com\/wp-content\/uploads\/2024\/02\/real-estate-investing4-768x768.webp 768w, https:\/\/adamfayed.com\/wp-content\/uploads\/2024\/02\/real-estate-investing4-scaled.webp 825w\" sizes=\"(max-width: 300px) 100vw, 300px\" \/><\/figure>\n\n\n\n<h3 class=\"wp-block-heading\">Diversificaci\u00f3n estrat\u00e9gica<\/h3>\n\n\n\n<p>La diversificaci\u00f3n en la inversi\u00f3n inmobiliaria no es s\u00f3lo una estrategia, sino una necesidad. Al repartir las inversiones entre propiedades residenciales, comerciales, industriales y <a href=\"https:\/\/adamfayed.com\/es\/investment-options\/reits\/\">REITs<\/a>, Los inversores pueden reducir el impacto de la volatilidad del mercado.<\/p>\n\n\n\n<p>Cada sector inmobiliario responde de forma diferente a los ciclos econ\u00f3micos: los inmuebles residenciales suelen proporcionar rentas de alquiler estables, mientras que los activos comerciales e industriales pueden ofrecer mayores rendimientos, pero con riesgos y volatilidad potencialmente m\u00e1s elevados.<\/p>\n\n\n\n<div style=\"height:20px\" aria-hidden=\"true\" class=\"wp-block-spacer\"><\/div>\n\n\n\n<h3 class=\"wp-block-heading\">Evaluaci\u00f3n del riesgo y asignaci\u00f3n de activos<\/h3>\n\n\n\n<p>La gesti\u00f3n eficaz del riesgo es crucial en la inversi\u00f3n inmobiliaria. Los inversores deben llevar a cabo la diligencia debida en las inversiones potenciales, evaluando factores como el estado de la propiedad, la ubicaci\u00f3n, la calidad de los inquilinos y la demanda del mercado.<\/p>\n\n\n\n<p>Las herramientas de modelizaci\u00f3n financiera pueden ayudar a evaluar la viabilidad de la inversi\u00f3n, proyectando los flujos de caja y calculando par\u00e1metros clave como la tasa interna de rentabilidad (TIR) y las tasas de capitalizaci\u00f3n.<\/p>\n\n\n\n<p><\/p>\n\n\n\n<p><strong>\u00bfLe duele la indecisi\u00f3n financiera? <\/strong><\/p>\n\n\n\n<figure class=\"wp-block-image size-large is-resized\"><img decoding=\"async\" width=\"512\" height=\"288\" src=\"https:\/\/adamfayed.com\/wp-content\/uploads\/2025\/03\/Adam-Fayed-Contact_CTA3-512x288.jpg\" alt=\"\" class=\"wp-image-117505\" style=\"width:683px;height:auto\" srcset=\"https:\/\/adamfayed.com\/wp-content\/uploads\/2025\/03\/Adam-Fayed-Contact_CTA3-512x288.jpg 512w, https:\/\/adamfayed.com\/wp-content\/uploads\/2025\/03\/Adam-Fayed-Contact_CTA3-300x169.jpg 300w, https:\/\/adamfayed.com\/wp-content\/uploads\/2025\/03\/Adam-Fayed-Contact_CTA3-768x432.jpg 768w, https:\/\/adamfayed.com\/wp-content\/uploads\/2025\/03\/Adam-Fayed-Contact_CTA3-scaled.jpg 825w\" sizes=\"(max-width: 512px) 100vw, 512px\" \/><\/figure>\n\n\n\n<div style=\"height:10px\" aria-hidden=\"true\" class=\"wp-block-spacer\"><\/div>\n\n\n\n<div class=\"wp-block-buttons is-layout-flex wp-block-buttons-is-layout-flex\">\n<div class=\"wp-block-button\"><a class=\"wp-block-button__link wp-element-button\" href=\"https:\/\/adamfayed.com\/es\/become-adams-client\/\">Convi\u00e9rtase en mi cliente<\/a><\/div>\n\n\n\n<div class=\"wp-block-button\"><a class=\"wp-block-button__link wp-element-button\" href=\"https:\/\/adamfayed.com\/es\/good-match-quiz\/\" target=\"_blank\" rel=\"noreferrer noopener\">Realice el cuestionario de elegibilidad de clientes<\/a><\/div>\n\n\n\n<div class=\"wp-block-button\"><a class=\"wp-block-button__link wp-element-button\" href=\"https:\/\/adamfayed.com\/es\/contact\/\" target=\"_blank\" rel=\"noreferrer noopener\">P\u00f3ngase en contacto con<\/a><\/div>\n<\/div>\n\n\n\n<p><strong>Adam es un autor reconocido internacionalmente en temas financieros, con m\u00e1s de 830 millones de respuestas en Quora, un libro muy vendido en Amazon y colaborador de Forbes.<\/strong><\/p>","protected":false},"excerpt":{"rendered":"<p>Inversi\u00f3n inmobiliaria<\/p>","protected":false},"author":17,"featured_media":81160,"parent":85198,"menu_order":0,"comment_status":"open","ping_status":"closed","template":"","meta":{"rop_custom_images_group":[],"rop_custom_messages_group":[],"rop_publish_now":"initial","rop_publish_now_accounts":{"facebook_10166176115445471_100883565069113":""},"rop_publish_now_history":[],"rop_publish_now_status":"pending","footnotes":""},"class_list":["post-81133","page","type-page","status-publish","has-post-thumbnail","hentry"],"_links":{"self":[{"href":"https:\/\/adamfayed.com\/es\/wp-json\/wp\/v2\/pages\/81133","targetHints":{"allow":["GET"]}}],"collection":[{"href":"https:\/\/adamfayed.com\/es\/wp-json\/wp\/v2\/pages"}],"about":[{"href":"https:\/\/adamfayed.com\/es\/wp-json\/wp\/v2\/types\/page"}],"author":[{"embeddable":true,"href":"https:\/\/adamfayed.com\/es\/wp-json\/wp\/v2\/users\/17"}],"replies":[{"embeddable":true,"href":"https:\/\/adamfayed.com\/es\/wp-json\/wp\/v2\/comments?post=81133"}],"version-history":[{"count":3,"href":"https:\/\/adamfayed.com\/es\/wp-json\/wp\/v2\/pages\/81133\/revisions"}],"predecessor-version":[{"id":103776,"href":"https:\/\/adamfayed.com\/es\/wp-json\/wp\/v2\/pages\/81133\/revisions\/103776"}],"up":[{"embeddable":true,"href":"https:\/\/adamfayed.com\/es\/wp-json\/wp\/v2\/pages\/85198"}],"wp:featuredmedia":[{"embeddable":true,"href":"https:\/\/adamfayed.com\/es\/wp-json\/wp\/v2\/media\/81160"}],"wp:attachment":[{"href":"https:\/\/adamfayed.com\/es\/wp-json\/wp\/v2\/media?parent=81133"}],"curies":[{"name":"wp","href":"https:\/\/api.w.org\/{rel}","templated":true}]}}