{"id":81206,"date":"2024-03-28T21:45:55","date_gmt":"2024-03-28T21:45:55","guid":{"rendered":"https:\/\/adamfayed.com\/?page_id=81206"},"modified":"2025-03-27T07:23:15","modified_gmt":"2025-03-27T07:23:15","slug":"financial-advisor-vs-accountant","status":"publish","type":"page","link":"https:\/\/adamfayed.com\/es\/expat-financial-advisor\/financial-advisor-vs-accountant\/","title":{"rendered":"Asesor financiero frente a contable"},"content":{"rendered":"<p>Mapa del sitio: <a href=\"https:\/\/adamfayed.com\/es\/financial-planning\/expat-financial-advisor\/\">Asesor financiero para expatriados<\/a> &gt; Asesor financiero frente a contable<\/p>\n\n\n\n<figure class=\"wp-block-image alignright size-medium is-resized\"><img fetchpriority=\"high\" decoding=\"async\" width=\"300\" height=\"300\" src=\"https:\/\/adamfayed.com\/wp-content\/uploads\/2024\/02\/financial-advisor-vs-accountant-900-1-300x300.webp\" alt=\"Financial Advisor vs Accountant\" class=\"wp-image-81369\" style=\"width:284px;height:auto\" srcset=\"https:\/\/adamfayed.com\/wp-content\/uploads\/2024\/02\/financial-advisor-vs-accountant-900-1-300x300.webp 300w, https:\/\/adamfayed.com\/wp-content\/uploads\/2024\/02\/financial-advisor-vs-accountant-900-1-512x512.webp 512w, https:\/\/adamfayed.com\/wp-content\/uploads\/2024\/02\/financial-advisor-vs-accountant-900-1-150x150.webp 150w, https:\/\/adamfayed.com\/wp-content\/uploads\/2024\/02\/financial-advisor-vs-accountant-900-1-768x768.webp 768w, https:\/\/adamfayed.com\/wp-content\/uploads\/2024\/02\/financial-advisor-vs-accountant-900-1-scaled.webp 825w\" sizes=\"(max-width: 300px) 100vw, 300px\" \/><\/figure>\n\n\n\n<p>Elegir entre un asesor financiero y un contable puede influir de forma significativa en su estrategia financiera y <a href=\"https:\/\/adamfayed.com\/es\/financial-planning\/expat-financial-advisor\/expat-wealth-management\/\">gesti\u00f3n de patrimonios<\/a>. <\/p>\n\n\n\n<p>Aunque tanto los contables como los asesores financieros desempe\u00f1an un papel crucial en la gesti\u00f3n del dinero de los clientes, estas dos profesiones prestan servicios diferentes y se concentran en distintos \u00e1mbitos de la gesti\u00f3n financiera.<\/p>\n\n\n\n<p>Si desea invertir como expatriado o particular con un elevado patrimonio neto, que es en lo que estoy especializado, puede enviarme un correo electr\u00f3nico (advice@adamfayed.com) o WhatsApp (+44-7393-450-837).<\/p>\n\n\n\n<p>En esta p\u00e1gina se abordan los siguientes puntos de debate:<\/p>\n\n\n\n<ul class=\"wp-block-list\">\n<li>Asesor financiero frente a contable\n<ul class=\"wp-block-list\">\n<li>Diferencia entre contable y asesor financiero<\/li>\n\n\n\n<li>\u00bfNecesito un contable o asesor financiero?<\/li>\n<\/ul>\n<\/li>\n\n\n\n<li>CPA asesor financiero\n<ul class=\"wp-block-list\">\n<li>Asesor fiscal financiero<\/li>\n\n\n\n<li>Contable personal<\/li>\n<\/ul>\n<\/li>\n\n\n\n<li>\u00bfCu\u00e1l es la mejor empresa de asesoramiento financiero?<\/li>\n<\/ul>\n\n\n\n<div style=\"height:30px\" aria-hidden=\"true\" class=\"wp-block-spacer\"><\/div>\n\n\n\n<h2 class=\"wp-block-heading\"><strong>Asesor financiero frente a contable<\/strong><\/h2>\n\n\n\n<p>Un asesor financiero <a href=\"https:\/\/www.forbes.com\/advisor\/investing\/how-to-choose-a-financial-advisor\/\" target=\"_blank\" rel=\"noopener\">se centra<\/a> en ayudar a los clientes a gestionar sus inversiones, <a href=\"https:\/\/adamfayed.com\/es\/financial-planning\/personal-financial-planning\/the-retirement-plan-guide\/\">plan de jubilaci\u00f3n<\/a>, y tomar decisiones financieras con conocimiento de causa para alcanzar sus objetivos a largo plazo.<\/p>\n\n\n\n<p>Un contable est\u00e1 especializado en gestionar y auditar registros financieros, preparar declaraciones de impuestos y garantizar el cumplimiento de la legislaci\u00f3n fiscal.<\/p>\n\n\n\n<div style=\"height:19px\" aria-hidden=\"true\" class=\"wp-block-spacer\"><\/div>\n\n\n\n<h3 class=\"wp-block-heading\">Diferencia entre contable y asesor financiero<\/h3>\n\n\n\n<p>Los contables suelen poseer certificaciones como <a href=\"https:\/\/www.accounting.com\/certifications\/certified-public-accountant\/\" target=\"_blank\" rel=\"noopener\">Contable p\u00fablico titulado (CPA),<\/a> centr\u00e1ndose en el mantenimiento de registros financieros precisos, la declaraci\u00f3n de impuestos y el cumplimiento de la normativa financiera.<\/p>\n\n\n\n<p>Los asesores financieros, sin embargo, pueden tener designaciones como <a href=\"https:\/\/adamfayed.com\/es\/financial-planning\/personal-financial-planning\/financial-planner-2\/how-to-become-a-certified-financial-planner\/\">Planificador financiero certificado<\/a> (CFP) o <a href=\"https:\/\/www.cfainstitute.org\/en\/programs\/cfa\" target=\"_blank\" rel=\"noopener\">Analista financiero titulado<\/a> (CFA), que ofrece orientaci\u00f3n sobre estrategias de inversi\u00f3n, planificaci\u00f3n patrimonial y gesti\u00f3n de riesgos financieros.<\/p>\n\n\n\n<p>Mientras que los contables se aseguran de que su documentaci\u00f3n financiera est\u00e9 en orden y de que los impuestos se gestionen eficazmente, los asesores financieros tienen una visi\u00f3n m\u00e1s amplia para hacer crecer su patrimonio y asegurar su futuro financiero.<\/p>\n\n\n\n<div style=\"height:19px\" aria-hidden=\"true\" class=\"wp-block-spacer\"><\/div>\n\n\n\n<figure class=\"wp-block-image alignright size-medium is-resized\"><img decoding=\"async\" width=\"300\" height=\"300\" src=\"https:\/\/adamfayed.com\/wp-content\/uploads\/2024\/02\/financial-advisor-vs-accountant-900-2-300x300.webp\" alt=\"CPA financial advisor combines tax expertise with financial planning and investment advice\" class=\"wp-image-81370\" style=\"width:169px;height:auto\" srcset=\"https:\/\/adamfayed.com\/wp-content\/uploads\/2024\/02\/financial-advisor-vs-accountant-900-2-300x300.webp 300w, https:\/\/adamfayed.com\/wp-content\/uploads\/2024\/02\/financial-advisor-vs-accountant-900-2-512x512.webp 512w, https:\/\/adamfayed.com\/wp-content\/uploads\/2024\/02\/financial-advisor-vs-accountant-900-2-150x150.webp 150w, https:\/\/adamfayed.com\/wp-content\/uploads\/2024\/02\/financial-advisor-vs-accountant-900-2-768x768.webp 768w, https:\/\/adamfayed.com\/wp-content\/uploads\/2024\/02\/financial-advisor-vs-accountant-900-2-scaled.webp 825w\" sizes=\"(max-width: 300px) 100vw, 300px\" \/><\/figure>\n\n\n\n<h3 class=\"wp-block-heading\">\u00bfNecesito un contable o asesor financiero?<\/h3>\n\n\n\n<p>Si su principal preocupaci\u00f3n es la preparaci\u00f3n de impuestos, la comprensi\u00f3n de las complejas leyes fiscales o la gesti\u00f3n de las finanzas empresariales, un contable es el profesional al que debe acudir.<\/p>\n\n\n\n<p>Sin embargo, si lo que busca es elaborar un plan financiero completo, invertir con prudencia o navegar a trav\u00e9s de los hitos financieros de la vida y la planificaci\u00f3n de la jubilaci\u00f3n, un asesor financiero atender\u00e1 mejor sus necesidades.<\/p>\n\n\n\n<div style=\"height:30px\" aria-hidden=\"true\" class=\"wp-block-spacer\"><\/div>\n\n\n\n<h2 class=\"wp-block-heading\"><strong>CPA Asesor financiero<\/strong><\/h2>\n\n\n\n<p>Un asesor financiero CPA combina su experiencia fiscal con <a class=\"wpil_keyword_link\" href=\"https:\/\/adamfayed.com\/es\/personal-financial-planning\/\" title=\"planificaci\u00f3n financiera\" data-wpil-keyword-link=\"linked\" data-wpil-monitor-id=\"1881\">planificaci\u00f3n financiera<\/a> y asesoramiento sobre inversiones, proporcionando estrategias para mejorar su salud financiera y su eficiencia fiscal. Ofrecen orientaci\u00f3n sobre inversiones, jubilaci\u00f3n, planificaci\u00f3n patrimonial y mucho m\u00e1s, garantizando que las decisiones refuercen su bienestar financiero.<\/p>\n\n\n\n<div style=\"height:19px\" aria-hidden=\"true\" class=\"wp-block-spacer\"><\/div>\n\n\n\n<h3 class=\"wp-block-heading\">Asesor fiscal financiero<\/h3>\n\n\n\n<p>Un asesor fiscal financiero minimiza activamente las obligaciones fiscales integrando estrategias de ahorro fiscal en un plan financiero global que va m\u00e1s all\u00e1 del alcance de la contabilidad tradicional centrada en el cumplimiento de las obligaciones. <\/p>\n\n\n\n<p>Colaboran con los clientes para emplear inversiones fiscalmente eficientes, planificaci\u00f3n patrimonial y estrategias de jubilaci\u00f3n para obtener beneficios fiscales \u00f3ptimos.<\/p>\n\n\n\n<div style=\"height:19px\" aria-hidden=\"true\" class=\"wp-block-spacer\"><\/div>\n\n\n\n<figure class=\"wp-block-image alignright size-medium is-resized\"><img decoding=\"async\" width=\"300\" height=\"300\" src=\"https:\/\/adamfayed.com\/wp-content\/uploads\/2024\/02\/financial-advisor-vs-accountant-900-3-300x300.webp\" alt=\"A personal accountant guarantees precise recording of financial transactions, timely and accurate tax filings, and provides guidance on minimizing tax burdens.\" class=\"wp-image-81371\" style=\"width:195px;height:auto\" srcset=\"https:\/\/adamfayed.com\/wp-content\/uploads\/2024\/02\/financial-advisor-vs-accountant-900-3-300x300.webp 300w, https:\/\/adamfayed.com\/wp-content\/uploads\/2024\/02\/financial-advisor-vs-accountant-900-3-512x512.webp 512w, https:\/\/adamfayed.com\/wp-content\/uploads\/2024\/02\/financial-advisor-vs-accountant-900-3-150x150.webp 150w, https:\/\/adamfayed.com\/wp-content\/uploads\/2024\/02\/financial-advisor-vs-accountant-900-3-768x768.webp 768w, https:\/\/adamfayed.com\/wp-content\/uploads\/2024\/02\/financial-advisor-vs-accountant-900-3-scaled.webp 825w\" sizes=\"(max-width: 300px) 100vw, 300px\" \/><\/figure>\n\n\n\n<h3 class=\"wp-block-heading\">Contable personal<\/h3>\n\n\n\n<p>Un contable personal se asegura de que todas las transacciones financieras se registren con exactitud, que las declaraciones fiscales sean correctas y puntuales, y ofrece asesoramiento para reducir las obligaciones fiscales. <\/p>\n\n\n\n<p>Para las personas que desean mantener un registro claro y preciso de sus transacciones financieras y optimizar su situaci\u00f3n fiscal, contratar a un contable personal puede ser una inversi\u00f3n inestimable.<\/p>\n\n\n\n<div style=\"height:30px\" aria-hidden=\"true\" class=\"wp-block-spacer\"><\/div>\n\n\n\n<h2 class=\"wp-block-heading\"><strong>\u00bfCu\u00e1l es la mejor empresa de asesoramiento financiero?<\/strong><\/h2>\n\n\n\n<p>Entre las mejores empresas de asesoramiento financiero figuran:<\/p>\n\n\n\n<ul class=\"wp-block-list\">\n<li><strong><a href=\"https:\/\/adamfayed.com\/es\/how-to-guides\/how-to-invest-in-vanguard-index-funds-in-singapore-dubai-and-other-expat-markets-in-2023\/\" data-type=\"link\" data-id=\"https:\/\/adamfayed.com\/how-to-guides\/how-to-invest-in-vanguard-index-funds-in-singapore-dubai-and-other-expat-markets-in-2023\/\">Vanguard<\/a><\/strong>: Conocida por su enfoque de bajo coste y centrado en el cliente, ofrece una amplia gama de fondos de inversi\u00f3n y servicios personalizados de asesoramiento financiero dirigidos a inversores a largo plazo que buscan valor.<\/li>\n<\/ul>\n\n\n\n<p><\/p>\n\n\n\n<ul class=\"wp-block-list\">\n<li><strong><a href=\"https:\/\/adamfayed.com\/es\/review-articles\/charles-schwab-international-review-for-non-us-residents\/\" data-type=\"link\" data-id=\"https:\/\/adamfayed.com\/review-articles\/charles-schwab-international-review-for-non-us-residents\/\">Charles Schwab<\/a><\/strong>: Reconocida por prestar servicios integrales de asesoramiento financiero, todos ellos basados en un enfoque tecnol\u00f3gico para satisfacer las diversas necesidades de los clientes.<\/li>\n<\/ul>\n\n\n\n<p><\/p>\n\n\n\n<ul class=\"wp-block-list\">\n<li><strong><a href=\"https:\/\/adamfayed.com\/es\/review-articles\/fidelity-international-review\/\" data-type=\"link\" data-id=\"https:\/\/adamfayed.com\/review-articles\/fidelity-international-review\/\">Fidelidad<\/a> Inversiones<\/strong>: Ofrece una amplia gama de servicios financieros, que se distinguen por sus soluciones de inversi\u00f3n centradas en el cliente y su innovadora tecnolog\u00eda financiera.<\/li>\n<\/ul>\n\n\n\n<p><\/p>\n\n\n\n<ul class=\"wp-block-list\">\n<li><strong>Facet<\/strong>: Se especializa en proporcionar <a href=\"https:\/\/adamfayed.com\/es\/financial-planning\/personal-financial-planning\/\">planificaci\u00f3n financiera personalizada<\/a> y servicios de gesti\u00f3n de inversiones, atendiendo a las necesidades individuales de los clientes con un enfoque de transparencia y asequibilidad.<\/li>\n<\/ul>\n\n\n\n<p><\/p>\n\n\n\n<ul class=\"wp-block-list\">\n<li><strong>J.P. Morgan Private Client Advisors:<\/strong> Entregar a medida <a class=\"wpil_keyword_link\" title=\"gesti\u00f3n de patrimonios\" data-wpil-keyword-link=\"linked\" href=\"https:\/\/adamfayed.com\/es\/\">gesti\u00f3n de patrimonios<\/a> y servicios de planificaci\u00f3n financiera, aprovechando los recursos y la experiencia mundiales para servir a <a href=\"https:\/\/adamfayed.com\/es\/financial-planning\/where-do-high-net-worth-individuals-keep-their-money\/\" data-type=\"link\" data-id=\"https:\/\/adamfayed.com\/financial-planning\/where-do-high-net-worth-individuals-keep-their-money\/\">grandes patrimonios<\/a> individuos y familias.<\/li>\n<\/ul>\n\n\n\n<p><\/p>\n\n\n\n<p><strong>\u00bfLe duele la indecisi\u00f3n financiera? <\/strong><\/p>\n\n\n\n<figure class=\"wp-block-image size-large is-resized\"><img loading=\"lazy\" decoding=\"async\" width=\"512\" height=\"288\" src=\"https:\/\/adamfayed.com\/wp-content\/uploads\/2025\/03\/Adam-Fayed-Contact_CTA3-512x288.jpg\" alt=\"\" class=\"wp-image-117505\" style=\"width:683px;height:auto\" srcset=\"https:\/\/adamfayed.com\/wp-content\/uploads\/2025\/03\/Adam-Fayed-Contact_CTA3-512x288.jpg 512w, https:\/\/adamfayed.com\/wp-content\/uploads\/2025\/03\/Adam-Fayed-Contact_CTA3-300x169.jpg 300w, https:\/\/adamfayed.com\/wp-content\/uploads\/2025\/03\/Adam-Fayed-Contact_CTA3-768x432.jpg 768w, https:\/\/adamfayed.com\/wp-content\/uploads\/2025\/03\/Adam-Fayed-Contact_CTA3-scaled.jpg 825w\" sizes=\"(max-width: 512px) 100vw, 512px\" \/><\/figure>\n\n\n\n<div style=\"height:10px\" aria-hidden=\"true\" class=\"wp-block-spacer\"><\/div>\n\n\n\n<div class=\"wp-block-buttons is-layout-flex wp-block-buttons-is-layout-flex\">\n<div class=\"wp-block-button\"><a class=\"wp-block-button__link wp-element-button\" href=\"https:\/\/adamfayed.com\/es\/become-adams-client\/\">Convi\u00e9rtase en mi cliente<\/a><\/div>\n\n\n\n<div class=\"wp-block-button\"><a class=\"wp-block-button__link wp-element-button\" href=\"https:\/\/adamfayed.com\/es\/good-match-quiz\/\" target=\"_blank\" rel=\"noreferrer noopener\">Realice el cuestionario de elegibilidad de clientes<\/a><\/div>\n\n\n\n<div class=\"wp-block-button\"><a class=\"wp-block-button__link wp-element-button\" href=\"https:\/\/adamfayed.com\/es\/contact\/\" target=\"_blank\" rel=\"noreferrer noopener\">P\u00f3ngase en contacto con<\/a><\/div>\n<\/div>\n\n\n\n<p><strong>Adam es un autor reconocido internacionalmente en temas financieros, con m\u00e1s de 830 millones de respuestas en Quora, un libro muy vendido en Amazon y colaborador de Forbes.<\/strong><\/p>\n\n\n\n\n\n<p><\/p>","protected":false},"excerpt":{"rendered":"<p>Asesor financiero frente a contable<\/p>","protected":false},"author":17,"featured_media":81373,"parent":58269,"menu_order":0,"comment_status":"open","ping_status":"closed","template":"","meta":{"rop_custom_images_group":[],"rop_custom_messages_group":[],"rop_publish_now":"initial","rop_publish_now_accounts":{"facebook_10166176115445471_100883565069113":""},"rop_publish_now_history":[],"rop_publish_now_status":"pending","footnotes":""},"class_list":["post-81206","page","type-page","status-publish","has-post-thumbnail","hentry"],"_links":{"self":[{"href":"https:\/\/adamfayed.com\/es\/wp-json\/wp\/v2\/pages\/81206","targetHints":{"allow":["GET"]}}],"collection":[{"href":"https:\/\/adamfayed.com\/es\/wp-json\/wp\/v2\/pages"}],"about":[{"href":"https:\/\/adamfayed.com\/es\/wp-json\/wp\/v2\/types\/page"}],"author":[{"embeddable":true,"href":"https:\/\/adamfayed.com\/es\/wp-json\/wp\/v2\/users\/17"}],"replies":[{"embeddable":true,"href":"https:\/\/adamfayed.com\/es\/wp-json\/wp\/v2\/comments?post=81206"}],"version-history":[{"count":2,"href":"https:\/\/adamfayed.com\/es\/wp-json\/wp\/v2\/pages\/81206\/revisions"}],"predecessor-version":[{"id":122259,"href":"https:\/\/adamfayed.com\/es\/wp-json\/wp\/v2\/pages\/81206\/revisions\/122259"}],"up":[{"embeddable":true,"href":"https:\/\/adamfayed.com\/es\/wp-json\/wp\/v2\/pages\/58269"}],"wp:featuredmedia":[{"embeddable":true,"href":"https:\/\/adamfayed.com\/es\/wp-json\/wp\/v2\/media\/81373"}],"wp:attachment":[{"href":"https:\/\/adamfayed.com\/es\/wp-json\/wp\/v2\/media?parent=81206"}],"curies":[{"name":"wp","href":"https:\/\/api.w.org\/{rel}","templated":true}]}}