{"id":81209,"date":"2024-02-26T18:05:38","date_gmt":"2024-02-26T18:05:38","guid":{"rendered":"https:\/\/adamfayed.com\/?page_id=81209"},"modified":"2025-03-03T11:54:21","modified_gmt":"2025-03-03T11:54:21","slug":"financial-advisor-for-young-adults","status":"publish","type":"page","link":"https:\/\/adamfayed.com\/es\/expat-financial-advisor\/financial-advisor-for-young-adults\/","title":{"rendered":"Asesor financiero para j\u00f3venes adultos"},"content":{"rendered":"<p>En esta p\u00e1gina se hablar\u00e1 del asesor financiero para j\u00f3venes adultos, concretamente de los siguientes temas:<\/p>\n\n\n\n<ul class=\"wp-block-list\">\n<li>Asesor financiero para j\u00f3venes adultos\n<ul class=\"wp-block-list\">\n<li>Tipos de asesores financieros<\/li>\n\n\n\n<li>Los mejores asesores financieros para j\u00f3venes<\/li>\n<\/ul>\n<\/li>\n\n\n\n<li>C\u00f3mo encontrar un asesor financiero<\/li>\n<\/ul>\n\n\n\n<p><\/p>\n\n\n\n<p>Si desea invertir como expatriado o particular con un elevado patrimonio neto, que es en lo que estoy especializado, puede enviarme un correo electr\u00f3nico (advice@adamfayed.com) o WhatsApp (+44-7393-450-837).<\/p>\n\n\n\n<p>El asesoramiento financiero para j\u00f3venes adultos es crucial para sentar las bases de la gesti\u00f3n de su dinero y elaborar un plan bien pensado. <a href=\"https:\/\/adamfayed.com\/es\/financial-planning\/personal-financial-planning\/\">plan financiero<\/a>.<\/p>\n\n\n\n<div style=\"height:30px\" aria-hidden=\"true\" class=\"wp-block-spacer\"><\/div>\n\n\n\n<h2 class=\"wp-block-heading\"><strong>Asesor financiero para j\u00f3venes adultos<\/strong><\/h2>\n\n\n\n<figure class=\"wp-block-image alignright size-medium\"><img fetchpriority=\"high\" decoding=\"async\" width=\"300\" height=\"300\" src=\"https:\/\/adamfayed.com\/wp-content\/uploads\/2024\/02\/financial-advisor-for-young-adults-700-2-300x300.webp\" alt=\"Financial Advisor for Young Adults\" class=\"wp-image-81219\" srcset=\"https:\/\/adamfayed.com\/wp-content\/uploads\/2024\/02\/financial-advisor-for-young-adults-700-2-300x300.webp 300w, https:\/\/adamfayed.com\/wp-content\/uploads\/2024\/02\/financial-advisor-for-young-adults-700-2-512x512.webp 512w, https:\/\/adamfayed.com\/wp-content\/uploads\/2024\/02\/financial-advisor-for-young-adults-700-2-150x150.webp 150w, https:\/\/adamfayed.com\/wp-content\/uploads\/2024\/02\/financial-advisor-for-young-adults-700-2-768x768.webp 768w, https:\/\/adamfayed.com\/wp-content\/uploads\/2024\/02\/financial-advisor-for-young-adults-700-2-scaled.webp 825w\" sizes=\"(max-width: 300px) 100vw, 300px\" \/><\/figure>\n\n\n\n<p>Un asesor financiero para adultos j\u00f3venes eval\u00faa la salud financiera de sus clientes, comprende sus objetivos a largo plazo y elabora planes a medida para alcanzarlos.<\/p>\n\n\n\n<p>Contratar a un asesor financiero desde el principio proporciona a los j\u00f3venes adultos las herramientas y los conocimientos necesarios para tomar decisiones financieras con conocimiento de causa.<\/p>\n\n\n\n<p><\/p>\n\n\n\n<h3 class=\"wp-block-heading\">Tipos de asesores financieros<\/h3>\n\n\n\n<ul class=\"wp-block-list\">\n<li><strong>Planificadores financieros certificados (CFP)<\/strong> ofrecen una amplia gama de servicios de planificaci\u00f3n financiera, desde <a href=\"https:\/\/adamfayed.com\/es\/financial-planning\/personal-financial-planning\/the-retirement-plan-guide\/\">planificaci\u00f3n de la jubilaci\u00f3n<\/a> a la planificaci\u00f3n patrimonial.<\/li>\n<\/ul>\n\n\n\n<p><\/p>\n\n\n\n<ul class=\"wp-block-list\">\n<li><strong>Analistas Financieros Colegiados (CFA)<\/strong> se especializan en gesti\u00f3n y an\u00e1lisis de inversiones.<\/li>\n<\/ul>\n\n\n\n<p><\/p>\n\n\n\n<ul class=\"wp-block-list\">\n<li><strong>Asesores financieros personales<\/strong> ofrecen orientaci\u00f3n personalizada, adaptando su asesoramiento a los intrincados detalles de la situaci\u00f3n financiera y las aspiraciones del cliente.<\/li>\n<\/ul>\n\n\n\n<p><\/p>\n\n\n\n<ul class=\"wp-block-list\">\n<li>Una persona o empresa que ofrece asesoramiento sobre inversi\u00f3n, distribuci\u00f3n de activos, movimientos del mercado y valores concretos se conoce como \"asesor\". <strong>asesor de inversiones<\/strong>.<\/li>\n<\/ul>\n\n\n\n<p><\/p>\n\n\n\n<ul class=\"wp-block-list\">\n<li><strong>Asesores financieros en l\u00ednea <\/strong>utilizan sofisticados algoritmos y tecnolog\u00eda para ofrecer gesti\u00f3n de inversiones y <a class=\"wpil_keyword_link\" href=\"https:\/\/adamfayed.com\/es\/personal-financial-planning\/\" title=\"planificaci\u00f3n financiera\" data-wpil-keyword-link=\"linked\" data-wpil-monitor-id=\"1728\">planificaci\u00f3n financiera<\/a> servicios, a menudo a un coste inferior al de los asesores tradicionales. <\/li>\n<\/ul>\n\n\n\n<figure class=\"wp-block-embed is-type-wp-embed is-provider-adam-fayed wp-block-embed-adam-fayed\"><div class=\"wp-block-embed__wrapper\">\n<blockquote class=\"wp-embedded-content\" data-secret=\"iL6QLcbMr0\"><a href=\"https:\/\/adamfayed.com\/es\/expat-financial-advisor\/types-of-financial-advisors\/\">Diferentes tipos de asesores financieros<\/a><\/blockquote><iframe class=\"wp-embedded-content\" sandbox=\"allow-scripts\" security=\"restricted\" style=\"position: absolute; visibility: hidden;\" title=\"\u201cDiferentes tipos de asesores financieros\u201d - Adam Fayed\" src=\"https:\/\/adamfayed.com\/expat-financial-advisor\/types-of-financial-advisors\/embed\/#?secret=NxxYrVFPOe#?secret=iL6QLcbMr0\" data-secret=\"iL6QLcbMr0\" width=\"600\" height=\"338\" frameborder=\"0\" marginwidth=\"0\" marginheight=\"0\" scrolling=\"no\"><\/iframe>\n<\/div><\/figure>\n\n\n\n<h3 class=\"wp-block-heading\">Los mejores asesores financieros para j\u00f3venes<\/h3>\n\n\n\n<figure class=\"wp-block-image alignright size-medium is-resized\"><img decoding=\"async\" width=\"300\" height=\"300\" src=\"https:\/\/adamfayed.com\/wp-content\/uploads\/2024\/02\/financial-advisor-for-young-adults-700-1-300x300.webp\" alt=\"How to Find a Financial Advisor\" class=\"wp-image-81218\" style=\"width:251px;height:auto\" srcset=\"https:\/\/adamfayed.com\/wp-content\/uploads\/2024\/02\/financial-advisor-for-young-adults-700-1-300x300.webp 300w, https:\/\/adamfayed.com\/wp-content\/uploads\/2024\/02\/financial-advisor-for-young-adults-700-1-512x512.webp 512w, https:\/\/adamfayed.com\/wp-content\/uploads\/2024\/02\/financial-advisor-for-young-adults-700-1-150x150.webp 150w, https:\/\/adamfayed.com\/wp-content\/uploads\/2024\/02\/financial-advisor-for-young-adults-700-1-768x768.webp 768w, https:\/\/adamfayed.com\/wp-content\/uploads\/2024\/02\/financial-advisor-for-young-adults-700-1-scaled.webp 825w\" sizes=\"(max-width: 300px) 100vw, 300px\" \/><\/figure>\n\n\n\n<p>Algunas de las mejores empresas de asesoramiento financiero y <a href=\"https:\/\/adamfayed.com\/es\/investment-options\/investment-providers\/\" target=\"_blank\" rel=\"noreferrer noopener\">proveedores de inversi\u00f3n<\/a> en Estados Unidos:<\/p>\n\n\n\n<ol class=\"wp-block-list\">\n<li><strong>Charles Schwab: <\/strong>Ofrece asesoramiento burs\u00e1til sin comisiones y servicios de asesoramiento patrimonial, atendiendo a diversas necesidades de inversi\u00f3n.<\/li>\n\n\n\n<li><strong>Inversiones Fidelity<\/strong>: Con m\u00e1s de 75 a\u00f1os de experiencia, Fidelity ofrece una gama de servicios de asesoramiento financiero adaptados a las necesidades de los clientes.<\/li>\n\n\n\n<li><strong>Vanguard<\/strong>: Conocida por sus opciones de fondos de bajo coste y sus diversos servicios de asesoramiento financiero, Vanguard ofrece planificaci\u00f3n financiera personalizada y <a href=\"https:\/\/adamfayed.com\/es\/review-articles\/rl360-pims-personal-investment-management-service-review\/\">opciones de inversi\u00f3n<\/a>.<\/li>\n\n\n\n<li><strong>Edward Jones<\/strong>: Una empresa con una larga trayectoria que ofrece planificaci\u00f3n de la jubilaci\u00f3n, ahorro para la educaci\u00f3n, planificaci\u00f3n patrimonial y mucho m\u00e1s, con un enfoque en el servicio personalizado.<\/li>\n<\/ol>\n\n\n\n<div style=\"height:30px\" aria-hidden=\"true\" class=\"wp-block-spacer\"><\/div>\n\n\n\n<h2 class=\"wp-block-heading\"><strong>C\u00f3mo encontrar un asesor financiero<\/strong><\/h2>\n\n\n\n<p><a href=\"https:\/\/adamfayed.com\/es\/financial-planning\/expat-financial-advisor\/financial-advisor-fees\/\">Los asesores financieros cobran comisiones<\/a> como tarifas basadas en activos, fijas u horarias. Identifique sus objetivos financieros para seleccionar un asesor que se ajuste a sus necesidades, eligiendo entre las opciones basadas en honorarios o en comisiones.<\/p>\n\n\n\n<p>Consulte a varios asesores para comparar sus servicios, tarifas y m\u00e9todos. Verifique sus credenciales y antecedentes disciplinarios. Seleccione un asesor que se ajuste a sus objetivos financieros, presupuesto y estilo de comunicaci\u00f3n preferido.<\/p>\n\n\n\n<p><strong>\u00bfLe duele la indecisi\u00f3n financiera? <\/strong><\/p>\n\n\n\n<figure class=\"wp-block-image size-large is-resized\"><img decoding=\"async\" width=\"512\" height=\"288\" src=\"https:\/\/adamfayed.com\/wp-content\/uploads\/2025\/03\/Adam-Fayed-Contact_CTA3-512x288.jpg\" alt=\"\" class=\"wp-image-117505\" style=\"width:683px;height:auto\" srcset=\"https:\/\/adamfayed.com\/wp-content\/uploads\/2025\/03\/Adam-Fayed-Contact_CTA3-512x288.jpg 512w, https:\/\/adamfayed.com\/wp-content\/uploads\/2025\/03\/Adam-Fayed-Contact_CTA3-300x169.jpg 300w, https:\/\/adamfayed.com\/wp-content\/uploads\/2025\/03\/Adam-Fayed-Contact_CTA3-768x432.jpg 768w, https:\/\/adamfayed.com\/wp-content\/uploads\/2025\/03\/Adam-Fayed-Contact_CTA3-scaled.jpg 825w\" sizes=\"(max-width: 512px) 100vw, 512px\" \/><\/figure>\n\n\n\n<div style=\"height:10px\" aria-hidden=\"true\" class=\"wp-block-spacer\"><\/div>\n\n\n\n<div class=\"wp-block-buttons is-layout-flex wp-block-buttons-is-layout-flex\">\n<div class=\"wp-block-button\"><a class=\"wp-block-button__link wp-element-button\" href=\"https:\/\/adamfayed.com\/es\/become-adams-client\/\">Convi\u00e9rtase en mi cliente<\/a><\/div>\n\n\n\n<div class=\"wp-block-button\"><a class=\"wp-block-button__link wp-element-button\" href=\"https:\/\/adamfayed.com\/es\/good-match-quiz\/\" target=\"_blank\" rel=\"noreferrer noopener\">Realice el cuestionario de elegibilidad de clientes<\/a><\/div>\n\n\n\n<div class=\"wp-block-button\"><a class=\"wp-block-button__link wp-element-button\" href=\"https:\/\/adamfayed.com\/es\/contact\/\" target=\"_blank\" rel=\"noreferrer noopener\">P\u00f3ngase en contacto con<\/a><\/div>\n<\/div>\n\n\n\n<p><strong>Adam es un autor reconocido internacionalmente en temas financieros, con m\u00e1s de 830 millones de respuestas en Quora, un libro muy vendido en Amazon y colaborador de Forbes.<\/strong><\/p>","protected":false},"excerpt":{"rendered":"<p>This page will talk about financial advisor for young adults, specifically covering the following topics: If you are looking to invest as an expat or high-net-worth individual, which is what I specialize in, you can email me (advice@adamfayed.com) or WhatsApp (+44-7393-450-837). Financial advice for young adults is crucial for laying a good groundwork for managing [&hellip;]<\/p>","protected":false},"author":17,"featured_media":81221,"parent":58269,"menu_order":0,"comment_status":"open","ping_status":"closed","template":"","meta":{"rop_custom_images_group":[],"rop_custom_messages_group":[],"rop_publish_now":"initial","rop_publish_now_accounts":{"facebook_10166176115445471_100883565069113":""},"rop_publish_now_history":[],"rop_publish_now_status":"pending","footnotes":""},"class_list":["post-81209","page","type-page","status-publish","has-post-thumbnail","hentry"],"_links":{"self":[{"href":"https:\/\/adamfayed.com\/es\/wp-json\/wp\/v2\/pages\/81209","targetHints":{"allow":["GET"]}}],"collection":[{"href":"https:\/\/adamfayed.com\/es\/wp-json\/wp\/v2\/pages"}],"about":[{"href":"https:\/\/adamfayed.com\/es\/wp-json\/wp\/v2\/types\/page"}],"author":[{"embeddable":true,"href":"https:\/\/adamfayed.com\/es\/wp-json\/wp\/v2\/users\/17"}],"replies":[{"embeddable":true,"href":"https:\/\/adamfayed.com\/es\/wp-json\/wp\/v2\/comments?post=81209"}],"version-history":[{"count":3,"href":"https:\/\/adamfayed.com\/es\/wp-json\/wp\/v2\/pages\/81209\/revisions"}],"predecessor-version":[{"id":105315,"href":"https:\/\/adamfayed.com\/es\/wp-json\/wp\/v2\/pages\/81209\/revisions\/105315"}],"up":[{"embeddable":true,"href":"https:\/\/adamfayed.com\/es\/wp-json\/wp\/v2\/pages\/58269"}],"wp:featuredmedia":[{"embeddable":true,"href":"https:\/\/adamfayed.com\/es\/wp-json\/wp\/v2\/media\/81221"}],"wp:attachment":[{"href":"https:\/\/adamfayed.com\/es\/wp-json\/wp\/v2\/media?parent=81209"}],"curies":[{"name":"wp","href":"https:\/\/api.w.org\/{rel}","templated":true}]}}