{"id":81326,"date":"2024-02-26T07:36:13","date_gmt":"2024-02-26T07:36:13","guid":{"rendered":"https:\/\/adamfayed.com\/?page_id=81326"},"modified":"2024-02-26T07:41:05","modified_gmt":"2024-02-26T07:41:05","slug":"resources","status":"publish","type":"page","link":"https:\/\/adamfayed.com\/es\/resources\/","title":{"rendered":"Recursos"},"content":{"rendered":"<p>Explore mi sitio web para saber m\u00e1s sobre c\u00f3mo podemos servirle. Cada secci\u00f3n est\u00e1 dise\u00f1ada para proporcionarle la informaci\u00f3n y la asistencia que necesita.<\/p>\n\n\n\n<h2 class=\"wp-block-heading\"><br><a href=\"https:\/\/adamfayed.com\/es\/#services\" target=\"_blank\" rel=\"noreferrer noopener\">Servicios<\/a><\/h2>\n\n\n\n<p>Descubra la amplia gama de servicios que ofrezco, adaptados para ayudarle a alcanzar sus objetivos financieros. Desde gesti\u00f3n de inversiones hasta <a class=\"wpil_keyword_link\" href=\"https:\/\/adamfayed.com\/es\/financial-planning\/personal-financial-planning\/\"   title=\"planificaci\u00f3n financiera\" data-wpil-keyword-link=\"linked\">planificaci\u00f3n financiera<\/a>, Estamos aqu\u00ed para ayudarle en todo momento.<\/p>\n\n\n\n<h2 class=\"wp-block-heading\"><a href=\"https:\/\/adamfayed.com\/es\/contact\/\">P\u00f3ngase en contacto con<\/a><\/h2>\n\n\n\n<p>\u00bfTiene preguntas o necesita hablar con un representante? Mi secci\u00f3n de contacto le ofrece toda la informaci\u00f3n que necesita para ponerse en contacto con nosotros. Estamos aqu\u00ed para ayudarle.<\/p>\n\n\n\n<h2 class=\"wp-block-heading\"><a href=\"https:\/\/adamfayed.com\/es\/in-the-media\/\">En los medios de comunicaci\u00f3n<\/a><\/h2>\n\n\n\n<p>Vea mi presencia en los medios de comunicaci\u00f3n, incluidos art\u00edculos, entrevistas y reportajes. Conozca mi impacto y c\u00f3mo se nos reconoce en el sector financiero.<\/p>\n\n\n\n<h2 class=\"wp-block-heading\"><a href=\"https:\/\/adamfayed.com\/es\/subscribe-now\/\">Suscr\u00edbase ahora<\/a><\/h2>\n\n\n\n<p>Mant\u00e9ngase al d\u00eda con las \u00faltimas noticias, ideas y consejos de <a class=\"wpil_keyword_link\" href=\"https:\/\/adamfayed.com\/es\/\"   title=\"Adam Fayed\" data-wpil-keyword-link=\"linked\">Adam Fayed<\/a>. Suscr\u00edbase a mi bolet\u00edn y no se pierda ninguna actualizaci\u00f3n.<\/p>\n\n\n\n<h2 class=\"wp-block-heading\"><a href=\"https:\/\/adamfayed.com\/es\/improve-existing-investments\/\">Mejorar las inversiones existentes<\/a><\/h2>\n\n\n\n<p>Descubra c\u00f3mo puedo ayudarle a mejorar el rendimiento de su cartera de inversiones.  Puedo ayudarle a identificar oportunidades para maximizar la rentabilidad.<\/p>\n\n\n\n<h2 class=\"wp-block-heading\"><a href=\"https:\/\/adamfayed.com\/es\/testimonials\/\">Testimonios<\/a><\/h2>\n\n\n\n<p>No se f\u00ede s\u00f3lo de mi palabra. Lea los testimonios de mis clientes satisfechos y vea c\u00f3mo he marcado la diferencia en sus vidas financieras.<\/p>\n\n\n\n<h2 class=\"wp-block-heading\"><a href=\"https:\/\/adamfayed.com\/es\/advisor-buy-out\/\">Compra de asesores<\/a><\/h2>\n\n\n\n<p>Explore mis servicios de compra de asesores, dise\u00f1ados para asesores que se plantean la jubilaci\u00f3n o un cambio profesional. Descubra c\u00f3mo puedo facilitar una transici\u00f3n fluida.<\/p>\n\n\n\n<h2 class=\"wp-block-heading\"><a href=\"https:\/\/adamfayed.com\/es\/join-our-team\/\">\u00danete a nuestro equipo<\/a><\/h2>\n\n\n\n<p>\u00bfLe interesa trabajar con nosotros? Inf\u00f3rmese sobre las vacantes actuales, nuestra cultura y c\u00f3mo puede formar parte de mi equipo.<\/p>\n\n\n\n<h2 class=\"wp-block-heading\"><a href=\"https:\/\/adamfayed.com\/es\/are-we-a-good-match-faqs\/\">\u00bfSomos compatibles?<\/a><\/h2>\n\n\n\n<p>\u00bfTiene preguntas? Consulte mis preguntas frecuentes y determine si mis servicios se ajustan a sus necesidades y objetivos financieros. Asegur\u00e9monos de que encajamos bien el uno con el otro.<\/p>","protected":false},"excerpt":{"rendered":"<p>Explore my website to learn more about how we can serve you. Each section is designed to provide you with the information and assistance you need. Services Discover the wide range of services I offer, tailored to help you achieve your financial goals. From investment management to financial planning, we&#8217;re here to assist you every [&hellip;]<\/p>","protected":false},"author":1,"featured_media":0,"parent":0,"menu_order":0,"comment_status":"closed","ping_status":"closed","template":"","meta":{"rop_custom_images_group":[],"rop_custom_messages_group":[],"rop_publish_now":"initial","rop_publish_now_accounts":{"facebook_10166176115445471_100883565069113":""},"rop_publish_now_history":[],"rop_publish_now_status":"pending","footnotes":""},"class_list":["post-81326","page","type-page","status-publish","hentry"],"_links":{"self":[{"href":"https:\/\/adamfayed.com\/es\/wp-json\/wp\/v2\/pages\/81326","targetHints":{"allow":["GET"]}}],"collection":[{"href":"https:\/\/adamfayed.com\/es\/wp-json\/wp\/v2\/pages"}],"about":[{"href":"https:\/\/adamfayed.com\/es\/wp-json\/wp\/v2\/types\/page"}],"author":[{"embeddable":true,"href":"https:\/\/adamfayed.com\/es\/wp-json\/wp\/v2\/users\/1"}],"replies":[{"embeddable":true,"href":"https:\/\/adamfayed.com\/es\/wp-json\/wp\/v2\/comments?post=81326"}],"version-history":[{"count":2,"href":"https:\/\/adamfayed.com\/es\/wp-json\/wp\/v2\/pages\/81326\/revisions"}],"predecessor-version":[{"id":81333,"href":"https:\/\/adamfayed.com\/es\/wp-json\/wp\/v2\/pages\/81326\/revisions\/81333"}],"wp:attachment":[{"href":"https:\/\/adamfayed.com\/es\/wp-json\/wp\/v2\/media?parent=81326"}],"curies":[{"name":"wp","href":"https:\/\/api.w.org\/{rel}","templated":true}]}}