{"id":81377,"date":"2024-03-28T22:10:20","date_gmt":"2024-03-28T22:10:20","guid":{"rendered":"https:\/\/adamfayed.com\/?page_id=81377"},"modified":"2025-03-03T11:49:31","modified_gmt":"2025-03-03T11:49:31","slug":"types-of-financial-advisors","status":"publish","type":"page","link":"https:\/\/adamfayed.com\/es\/expat-financial-advisor\/types-of-financial-advisors\/","title":{"rendered":"Diferentes tipos de asesores financieros"},"content":{"rendered":"<p>Los distintos tipos de asesores financieros son la clave de las estrategias financieras personalizadas.<\/p>\n\n\n\n<p>En esta p\u00e1gina se hablar\u00e1 de:<\/p>\n\n\n\n<figure class=\"wp-block-image alignright size-medium\"><img fetchpriority=\"high\" decoding=\"async\" width=\"300\" height=\"300\" src=\"https:\/\/adamfayed.com\/wp-content\/uploads\/2024\/02\/types-of-financial-advisors-800-2-300x300.webp\" alt=\"Financial advisors offer various services aimed at improving financial management, such as creating balanced investment portfolios, planning for retirement, and providing guidance on tax matters.\" class=\"wp-image-81431\" srcset=\"https:\/\/adamfayed.com\/wp-content\/uploads\/2024\/02\/types-of-financial-advisors-800-2-300x300.webp 300w, https:\/\/adamfayed.com\/wp-content\/uploads\/2024\/02\/types-of-financial-advisors-800-2-512x512.webp 512w, https:\/\/adamfayed.com\/wp-content\/uploads\/2024\/02\/types-of-financial-advisors-800-2-150x150.webp 150w, https:\/\/adamfayed.com\/wp-content\/uploads\/2024\/02\/types-of-financial-advisors-800-2-768x768.webp 768w, https:\/\/adamfayed.com\/wp-content\/uploads\/2024\/02\/types-of-financial-advisors-800-2-scaled.webp 825w\" sizes=\"(max-width: 300px) 100vw, 300px\" \/><\/figure>\n\n\n\n<ul class=\"wp-block-list\">\n<li>Definici\u00f3n de asesor financiero\n<ul class=\"wp-block-list\">\n<li>\u00bfQu\u00e9 hace un asesor financiero?<\/li>\n\n\n\n<li>Asesor financiero personal<\/li>\n<\/ul>\n<\/li>\n\n\n\n<li>Tipos de asesores financieros<\/li>\n\n\n\n<li>Mejor asesor financiero<\/li>\n<\/ul>\n\n\n\n<p><\/p>\n\n\n\n<p>Si desea invertir como expatriado o particular con un elevado patrimonio neto, que es en lo que estoy especializado, puede enviarme un correo electr\u00f3nico (advice@adamfayed.com) o WhatsApp (+44-7393-450-837).<\/p>\n\n\n\n<p><a href=\"https:\/\/www.forbes.com\/advisor\/investing\/how-to-choose-a-financial-advisor\/\" data-type=\"link\" data-id=\"https:\/\/www.forbes.com\/advisor\/investing\/how-to-choose-a-financial-advisor\/\" target=\"_blank\" rel=\"noopener\">La posibilidad de elegir un asesor financiero <\/a>que se ajuste a los requisitos particulares de cada uno en cuanto a conocimientos, experiencia, estructura de honorarios, supervisi\u00f3n reglamentaria, obligaci\u00f3n fiduciaria y otros criterios es un componente clave de una planificaci\u00f3n financiera y unas estrategias de inversi\u00f3n s\u00f3lidas.<\/p>\n\n\n\n<div style=\"height:30px\" aria-hidden=\"true\" class=\"wp-block-spacer\"><\/div>\n\n\n\n<h2 class=\"wp-block-heading\"><strong>Definici\u00f3n de asesor financiero<\/strong><\/h2>\n\n\n\n<p>Un asesor financiero ofrece asesoramiento personalizado sobre ahorro, inversi\u00f3n y planificaci\u00f3n de futuro para ayudar a los clientes a alcanzar sus objetivos financieros.<\/p>\n\n\n\n<p>Eval\u00faan la situaci\u00f3n financiera de sus clientes y recomiendan estrategias para la acumulaci\u00f3n de riqueza, la reducci\u00f3n de la deuda y la eficacia. <a class=\"wpil_keyword_link\" href=\"https:\/\/adamfayed.com\/es\/personal-financial-planning\/\" title=\"planificaci\u00f3n financiera\" data-wpil-keyword-link=\"linked\" data-wpil-monitor-id=\"1726\">planificaci\u00f3n financiera<\/a>.<\/p>\n\n\n\n<div style=\"height:20px\" aria-hidden=\"true\" class=\"wp-block-spacer\"><\/div>\n\n\n\n<h3 class=\"wp-block-heading\">\u00bfQu\u00e9 hace un asesor financiero?<\/h3>\n\n\n\n<p>Los asesores financieros prestan toda una serie de servicios para mejorar la gesti\u00f3n financiera, desde la creaci\u00f3n de carteras diversificadas y <a href=\"https:\/\/adamfayed.com\/es\/financial-planning\/personal-financial-planning\/the-retirement-plan-guide\/\">planificaci\u00f3n de la jubilaci\u00f3n<\/a> a ofrecer asesoramiento fiscal.<\/p>\n\n\n\n<p>Eval\u00faan y ajustan continuamente las estrategias de inversi\u00f3n para maximizar los rendimientos, desarrollan planes para alcanzar los objetivos de jubilaci\u00f3n y emplean planes optimizados fiscalmente para reducir las obligaciones.<\/p>\n\n\n\n<p>Su experiencia en estas \u00e1reas es esencial para cualquiera que pretenda optimizar su situaci\u00f3n financiera y alcanzar objetivos espec\u00edficos.<\/p>\n\n\n\n<div style=\"height:20px\" aria-hidden=\"true\" class=\"wp-block-spacer\"><\/div>\n\n\n\n<figure class=\"wp-block-image alignright size-medium is-resized\"><img decoding=\"async\" width=\"300\" height=\"300\" src=\"https:\/\/adamfayed.com\/wp-content\/uploads\/2024\/02\/types-of-financial-advisors-800-1-300x300.webp\" alt=\"A financial advisor provides personalized advice on saving, investing, and planning for the future to help clients achieve their financial goals.\" class=\"wp-image-81428\" style=\"width:270px;height:auto\" srcset=\"https:\/\/adamfayed.com\/wp-content\/uploads\/2024\/02\/types-of-financial-advisors-800-1-300x300.webp 300w, https:\/\/adamfayed.com\/wp-content\/uploads\/2024\/02\/types-of-financial-advisors-800-1-512x512.webp 512w, https:\/\/adamfayed.com\/wp-content\/uploads\/2024\/02\/types-of-financial-advisors-800-1-150x150.webp 150w, https:\/\/adamfayed.com\/wp-content\/uploads\/2024\/02\/types-of-financial-advisors-800-1-768x768.webp 768w, https:\/\/adamfayed.com\/wp-content\/uploads\/2024\/02\/types-of-financial-advisors-800-1-scaled.webp 825w\" sizes=\"(max-width: 300px) 100vw, 300px\" \/><\/figure>\n\n\n\n<h3 class=\"wp-block-heading\">Asesor financiero personal<\/h3>\n\n\n\n<p><a href=\"https:\/\/adamfayed.com\/es\/expat-financial-advisor\/personal-financial-advisor\/\" data-type=\"link\" data-id=\"https:\/\/adamfayed.com\/expat-financial-advisor\/personal-financial-advisor\/\">Asesores financieros personales<\/a> proporcionar asesoramiento personalizado adaptado a las situaciones y objetivos financieros individuales, centr\u00e1ndose en un enfoque personal para <a href=\"https:\/\/adamfayed.com\/es\/financial-planning\/personal-financial-planning\/\">planificaci\u00f3n financiera<\/a> e inversiones.<\/p>\n\n\n\n<p>Llevan a cabo un minucioso <a class=\"wpil_keyword_link\" href=\"https:\/\/adamfayed.com\/es\/category\/review-articles\/\" title=\"revise\" data-wpil-keyword-link=\"linked\" data-wpil-monitor-id=\"38\">revise<\/a> de las finanzas de los clientes para desarrollar un plan financiero personalizado dirigido a objetivos espec\u00edficos, como la compra de una vivienda, el ahorro para la educaci\u00f3n o la planificaci\u00f3n de la jubilaci\u00f3n.<\/p>\n\n\n\n<p>Estos asesores tambi\u00e9n elaboran estrategias de inversi\u00f3n adaptadas a la tolerancia al riesgo y las aspiraciones financieras de los clientes, ofreciendo flexibilidad para adaptarse a medida que cambian las circunstancias.<\/p>\n\n\n\n<div style=\"height:30px\" aria-hidden=\"true\" class=\"wp-block-spacer\"><\/div>\n\n\n\n<h2 class=\"wp-block-heading\"><strong>Tipos de asesores financieros<\/strong><\/h2>\n\n\n\n<ol class=\"wp-block-list\">\n<li><strong>Robo-asesor: <\/strong>Automatiza el proceso de inversi\u00f3n mediante algoritmos para crear y gestionar carteras de inversi\u00f3n.<\/li>\n\n\n\n<li><strong><a href=\"https:\/\/adamfayed.com\/es\/financial-planning\/personal-financial-planning\/financial-planner-2\/how-to-become-a-certified-financial-planner\/\">Planificador financiero certificado<\/a> (CFP):<\/strong> Se especializa en la creaci\u00f3n de planes financieros integrales, teniendo en cuenta diversas \u00e1reas de las finanzas<\/li>\n\n\n\n<li><strong><a href=\"https:\/\/adamfayed.com\/es\/financial-planning\/expat-financial-advisor\/financial-advisor-vs-wealth-manager\/\">Gestor de patrimonios<\/a><\/strong>: Trabaja con clientes de alto poder adquisitivo, proporcionando servicios de planificaci\u00f3n financiera hol\u00edstica.<\/li>\n\n\n\n<li><strong>Gestor de cartera<\/strong>: Supervisa y gestiona las carteras de inversi\u00f3n de los clientes<\/li>\n\n\n\n<li><strong>Asesor de inversiones<\/strong>: Proporciona asesoramiento de inversi\u00f3n personalizado y gestiona los activos de los clientes<\/li>\n\n\n\n<li><strong>Representante registrado (RR):<\/strong> Tambi\u00e9n conocido como corredor de bolsa, se dedica a la compra y venta de valores para clientes<\/li>\n\n\n\n<li><strong><a href=\"https:\/\/adamfayed.com\/es\/financial-planning\/expat-financial-advisor\/financial-consultant\/\">Asesor financiero<\/a><\/strong>: Puede ser generalista o tener una designaci\u00f3n como <a href=\"https:\/\/www.finra.org\/investors\/professional-designations\/chfc\" target=\"_blank\" rel=\"noopener\">Consultor Financiero Colegiado<\/a> (ChFC)<\/li>\n\n\n\n<li><strong>Entrenador financiero:<\/strong> Ayuda a los clientes a desarrollar h\u00e1bitos financieros saludables y a alcanzar sus objetivos patrimoniales.<\/li>\n<\/ol>\n\n\n\n<div style=\"height:30px\" aria-hidden=\"true\" class=\"wp-block-spacer\"><\/div>\n\n\n\n<h2 class=\"wp-block-heading\"><strong>Mejor asesor financiero<\/strong><\/h2>\n\n\n\n<p>Algunos de los mejores asesores financieros son:<\/p>\n\n\n\n<ul class=\"wp-block-list\">\n<li><strong>BlackRock<\/strong>: BlackRock se centra en la inversi\u00f3n sostenible, apelando a los inversores con conciencia ecol\u00f3gica, y emplea estrategias basadas en la IA para optimizar los resultados de las inversiones.<\/li>\n<\/ul>\n\n\n\n<figure class=\"wp-block-embed aligncenter is-type-wp-embed is-provider-adam-fayed wp-block-embed-adam-fayed\"><div class=\"wp-block-embed__wrapper\">\n<blockquote class=\"wp-embedded-content\" data-secret=\"gSHwOoX2cL\"><a href=\"https:\/\/adamfayed.com\/es\/review-articles\/blackrock-new-energy-review\/\">Blackrock New Energy Review<\/a><\/blockquote><iframe class=\"wp-embedded-content\" sandbox=\"allow-scripts\" security=\"restricted\" style=\"position: absolute; visibility: hidden;\" title=\"\u201cBlackrock New Energy Review\u201d - Adam Fayed\" src=\"https:\/\/adamfayed.com\/review-articles\/blackrock-new-energy-review\/embed\/#?secret=LXNhjT8cYj#?secret=gSHwOoX2cL\" data-secret=\"gSHwOoX2cL\" width=\"600\" height=\"338\" frameborder=\"0\" marginwidth=\"0\" marginheight=\"0\" scrolling=\"no\"><\/iframe>\n<\/div><\/figure>\n\n\n\n<ul class=\"wp-block-list\">\n<li><strong>Charles Schwab<\/strong>: Charles Schwab ofrece un amplio conjunto de servicios de asesoramiento financiero y opera con una s\u00f3lida <a href=\"https:\/\/adamfayed.com\/es\/expats\/what-are-the-best-investing-options-for-american-expats-in-2023\/\">plataformas de corretaje<\/a>, La plataforma es una ventanilla \u00fanica para inversores particulares y operadores.<\/li>\n<\/ul>\n\n\n\n<figure class=\"wp-block-embed aligncenter is-type-wp-embed is-provider-adam-fayed wp-block-embed-adam-fayed\"><div class=\"wp-block-embed__wrapper\">\n<blockquote class=\"wp-embedded-content\" data-secret=\"APG2yekWFr\"><a href=\"https:\/\/adamfayed.com\/es\/review-articles\/charles-schwab-international-review-for-non-us-residents\/\">Revisi\u00f3n internacional de Charles Schwab para no residentes en EE.UU.<\/a><\/blockquote><iframe class=\"wp-embedded-content\" sandbox=\"allow-scripts\" security=\"restricted\" style=\"position: absolute; visibility: hidden;\" title=\"\u201cRevisi\u00f3n internacional de Charles Schwab para no residentes en EE.UU.\u201d - Adam Fayed\" src=\"https:\/\/adamfayed.com\/review-articles\/charles-schwab-international-review-for-non-us-residents\/embed\/#?secret=7Ih1eJs6Mh#?secret=APG2yekWFr\" data-secret=\"APG2yekWFr\" width=\"600\" height=\"338\" frameborder=\"0\" marginwidth=\"0\" marginheight=\"0\" scrolling=\"no\"><\/iframe>\n<\/div><\/figure>\n\n\n\n<ul class=\"wp-block-list\">\n<li><strong>Facet<\/strong>: Facet se especializa en la prestaci\u00f3n de servicios personalizados de gesti\u00f3n de inversiones y planificaci\u00f3n financiera, adaptando las estrategias a los objetivos y la situaci\u00f3n financiera de cada cliente.<\/li>\n<\/ul>\n\n\n\n<p><\/p>\n\n\n\n<ul class=\"wp-block-list\">\n<li><strong>Inversiones Fidelity<\/strong>: Fidelity Investments ofrece una amplia gama de servicios de asesoramiento financiero y soluciones de inversi\u00f3n, destinados a una amplia base de clientes, desde inversores particulares a grandes instituciones.<\/li>\n<\/ul>\n\n\n\n<figure class=\"wp-block-embed aligncenter is-type-wp-embed is-provider-adam-fayed wp-block-embed-adam-fayed\"><div class=\"wp-block-embed__wrapper\">\n<blockquote class=\"wp-embedded-content\" data-secret=\"SHsTo3kpLi\"><a href=\"https:\/\/adamfayed.com\/es\/review-articles\/fidelity-international-review\/\">Fidelity International Review<\/a><\/blockquote><iframe class=\"wp-embedded-content\" sandbox=\"allow-scripts\" security=\"restricted\" style=\"position: absolute; visibility: hidden;\" title=\"\u201cFidelity International Review\u201d - Adam Fayed\" src=\"https:\/\/adamfayed.com\/review-articles\/fidelity-international-review\/embed\/#?secret=VKMZ22Nrym#?secret=SHsTo3kpLi\" data-secret=\"SHsTo3kpLi\" width=\"600\" height=\"338\" frameborder=\"0\" marginwidth=\"0\" marginheight=\"0\" scrolling=\"no\"><\/iframe>\n<\/div><\/figure>\n\n\n\n<ul class=\"wp-block-list\">\n<li><strong>Edward Jones: <\/strong>Edward Jones se dedica a planificar la jubilaci\u00f3n, elaborar estrategias b\u00e1sicas de inversi\u00f3n y evaluar <a href=\"https:\/\/adamfayed.com\/es\/insurance\/\">opciones de seguro<\/a>, por lo que es ideal para los clientes que se centran en la seguridad financiera a largo plazo.<\/li>\n<\/ul>\n\n\n\n<figure class=\"wp-block-embed is-type-video is-provider-youtube wp-block-embed-youtube wp-embed-aspect-16-9 wp-has-aspect-ratio\"><div class=\"wp-block-embed__wrapper\">\n<iframe title=\"\u00bfPuede conservar su cuenta Edward Jones si se traslada al extranjero como expatriado?\" width=\"800\" height=\"450\" src=\"https:\/\/www.youtube.com\/embed\/AM3_iDhfnvQ?feature=oembed&#038;enablejsapi=1&#038;origin=https:\/\/adamfayed.com\" frameborder=\"0\" allow=\"accelerometer; autoplay; clipboard-write; encrypted-media; gyroscope; picture-in-picture; web-share\" referrerpolicy=\"strict-origin-when-cross-origin\" allowfullscreen><\/iframe>\n<\/div><\/figure>\n\n\n\n<ul class=\"wp-block-list\">\n<li><strong>Mercer<\/strong>: Mercer es conocida por su enfoque profesional del asesoramiento financiero personal, ofreciendo experiencia global en salud, patrimonio y carrera profesional.<\/li>\n<\/ul>\n\n\n\n<p><\/p>\n\n\n\n<ul class=\"wp-block-list\">\n<li><strong>Vanguard<\/strong>: Vanguard ofrece una filosof\u00eda centrada en el cliente y productos de inversi\u00f3n de bajo coste. Sus estrategias est\u00e1n dise\u00f1adas para alinearse estrechamente con los objetivos del cliente.<\/li>\n<\/ul>\n\n\n\n<p><strong>\u00bfLe duele la indecisi\u00f3n financiera? <\/strong><\/p>\n\n\n\n<figure class=\"wp-block-image size-large is-resized\"><img decoding=\"async\" width=\"512\" height=\"288\" src=\"https:\/\/adamfayed.com\/wp-content\/uploads\/2025\/03\/Adam-Fayed-Contact_CTA3-512x288.jpg\" alt=\"\" class=\"wp-image-117505\" style=\"width:683px;height:auto\" srcset=\"https:\/\/adamfayed.com\/wp-content\/uploads\/2025\/03\/Adam-Fayed-Contact_CTA3-512x288.jpg 512w, https:\/\/adamfayed.com\/wp-content\/uploads\/2025\/03\/Adam-Fayed-Contact_CTA3-300x169.jpg 300w, https:\/\/adamfayed.com\/wp-content\/uploads\/2025\/03\/Adam-Fayed-Contact_CTA3-768x432.jpg 768w, https:\/\/adamfayed.com\/wp-content\/uploads\/2025\/03\/Adam-Fayed-Contact_CTA3-scaled.jpg 825w\" sizes=\"(max-width: 512px) 100vw, 512px\" \/><\/figure>\n\n\n\n<div style=\"height:10px\" aria-hidden=\"true\" class=\"wp-block-spacer\"><\/div>\n\n\n\n<div class=\"wp-block-buttons is-layout-flex wp-block-buttons-is-layout-flex\">\n<div class=\"wp-block-button\"><a class=\"wp-block-button__link wp-element-button\" href=\"https:\/\/adamfayed.com\/es\/become-adams-client\/\">Convi\u00e9rtase en mi cliente<\/a><\/div>\n\n\n\n<div class=\"wp-block-button\"><a class=\"wp-block-button__link wp-element-button\" href=\"https:\/\/adamfayed.com\/es\/good-match-quiz\/\" target=\"_blank\" rel=\"noreferrer noopener\">Realice el cuestionario de elegibilidad de clientes<\/a><\/div>\n\n\n\n<div class=\"wp-block-button\"><a class=\"wp-block-button__link wp-element-button\" href=\"https:\/\/adamfayed.com\/es\/contact\/\" target=\"_blank\" rel=\"noreferrer noopener\">P\u00f3ngase en contacto con<\/a><\/div>\n<\/div>\n\n\n\n<p><strong>Adam es un autor reconocido internacionalmente en temas financieros, con m\u00e1s de 830 millones de respuestas en Quora, un libro muy vendido en Amazon y colaborador de Forbes.<\/strong><\/p>","protected":false},"excerpt":{"rendered":"<p>Tipos de asesores financieros<\/p>","protected":false},"author":17,"featured_media":81432,"parent":58269,"menu_order":0,"comment_status":"open","ping_status":"closed","template":"","meta":{"rop_custom_images_group":[],"rop_custom_messages_group":[],"rop_publish_now":"initial","rop_publish_now_accounts":{"facebook_10166176115445471_100883565069113":""},"rop_publish_now_history":[],"rop_publish_now_status":"pending","footnotes":""},"class_list":["post-81377","page","type-page","status-publish","has-post-thumbnail","hentry"],"_links":{"self":[{"href":"https:\/\/adamfayed.com\/es\/wp-json\/wp\/v2\/pages\/81377","targetHints":{"allow":["GET"]}}],"collection":[{"href":"https:\/\/adamfayed.com\/es\/wp-json\/wp\/v2\/pages"}],"about":[{"href":"https:\/\/adamfayed.com\/es\/wp-json\/wp\/v2\/types\/page"}],"author":[{"embeddable":true,"href":"https:\/\/adamfayed.com\/es\/wp-json\/wp\/v2\/users\/17"}],"replies":[{"embeddable":true,"href":"https:\/\/adamfayed.com\/es\/wp-json\/wp\/v2\/comments?post=81377"}],"version-history":[{"count":3,"href":"https:\/\/adamfayed.com\/es\/wp-json\/wp\/v2\/pages\/81377\/revisions"}],"predecessor-version":[{"id":105297,"href":"https:\/\/adamfayed.com\/es\/wp-json\/wp\/v2\/pages\/81377\/revisions\/105297"}],"up":[{"embeddable":true,"href":"https:\/\/adamfayed.com\/es\/wp-json\/wp\/v2\/pages\/58269"}],"wp:featuredmedia":[{"embeddable":true,"href":"https:\/\/adamfayed.com\/es\/wp-json\/wp\/v2\/media\/81432"}],"wp:attachment":[{"href":"https:\/\/adamfayed.com\/es\/wp-json\/wp\/v2\/media?parent=81377"}],"curies":[{"name":"wp","href":"https:\/\/api.w.org\/{rel}","templated":true}]}}