{"id":81391,"date":"2024-03-31T18:09:56","date_gmt":"2024-03-31T18:09:56","guid":{"rendered":"https:\/\/adamfayed.com\/?page_id=81391"},"modified":"2025-03-27T07:32:54","modified_gmt":"2025-03-27T07:32:54","slug":"offshore-asset-management","status":"publish","type":"page","link":"https:\/\/adamfayed.com\/es\/offshore-investment\/offshore-financial-services\/offshore-asset-management\/","title":{"rendered":"Gesti\u00f3n de activos offshore"},"content":{"rendered":"<p>La gesti\u00f3n de activos offshore es una puerta de entrada a la diversificaci\u00f3n y mejora de las carteras de inversi\u00f3n a trav\u00e9s de los mercados mundiales. <\/p>\n\n\n\n<p>En esta p\u00e1gina se tratar\u00e1:<\/p>\n\n\n\n<ul class=\"wp-block-list\">\n<li>Gesti\u00f3n de activos offshore<\/li>\n\n\n\n<li>Banca extraterritorial<\/li>\n\n\n\n<li>Fondos extraterritoriales<\/li>\n\n\n\n<li>Cuenta de corretaje offshore<\/li>\n<\/ul>\n\n\n\n<p><\/p>\n\n\n\n<p>Si desea invertir como expatriado o particular con un elevado patrimonio neto, que es en lo que estoy especializado, puede enviarme un correo electr\u00f3nico (advice@adamfayed.com) o WhatsApp (+44-7393-450-837).<\/p>\n\n\n\n<p>Los objetivos, la tolerancia al riesgo, la situaci\u00f3n fiscal y las necesidades de cumplimiento normativo deben considerarse cuidadosamente al incorporar la gesti\u00f3n e inversi\u00f3n de activos offshore en un plan financiero hol\u00edstico.<\/p>\n\n\n\n<div style=\"height:30px\" aria-hidden=\"true\" class=\"wp-block-spacer\"><\/div>\n\n\n\n<h2 class=\"wp-block-heading\"><strong>Gesti\u00f3n de activos offshore<\/strong><\/h2>\n\n\n\n<figure class=\"wp-block-image alignright size-medium is-resized\"><img fetchpriority=\"high\" decoding=\"async\" width=\"300\" height=\"300\" src=\"https:\/\/adamfayed.com\/wp-content\/uploads\/2024\/02\/offshore-asset-management-350-1-300x300.webp\" alt=\"Offshore asset management offers a means to broaden and improve investment portfolios by accessing international markets.\" class=\"wp-image-81463\" style=\"width:291px;height:auto\" srcset=\"https:\/\/adamfayed.com\/wp-content\/uploads\/2024\/02\/offshore-asset-management-350-1-300x300.webp 300w, https:\/\/adamfayed.com\/wp-content\/uploads\/2024\/02\/offshore-asset-management-350-1-512x512.webp 512w, https:\/\/adamfayed.com\/wp-content\/uploads\/2024\/02\/offshore-asset-management-350-1-150x150.webp 150w, https:\/\/adamfayed.com\/wp-content\/uploads\/2024\/02\/offshore-asset-management-350-1-768x768.webp 768w, https:\/\/adamfayed.com\/wp-content\/uploads\/2024\/02\/offshore-asset-management-350-1-scaled.webp 825w\" sizes=\"(max-width: 300px) 100vw, 300px\" \/><figcaption class=\"wp-element-caption\"><br><\/figcaption><\/figure>\n\n\n\n<p><a href=\"https:\/\/www.firstanguilla.com\/offshore-asset-management\/\" target=\"_blank\" rel=\"noopener\">Gesti\u00f3n de activos offshore<\/a> implica la gesti\u00f3n de inversiones, especialmente para particulares con grandes patrimonios, a trav\u00e9s de instituciones financieras situadas fuera del pa\u00eds de residencia del inversor, a menudo en jurisdicciones con entornos normativos favorables. <\/p>\n\n\n\n<p>Permite una mayor flexibilidad, obligaciones fiscales potencialmente menores y acceso a mercados emergentes e internacionales.<\/p>\n\n\n\n<div style=\"height:18px\" aria-hidden=\"true\" class=\"wp-block-spacer\"><\/div>\n\n\n\n<h3 class=\"wp-block-heading\">Inversiones en el extranjero<\/h3>\n\n\n\n<p>Las inversiones en el extranjero ampl\u00edan las carteras m\u00e1s all\u00e1 de los mercados nacionales, ofreciendo diversificaci\u00f3n y acceso a mercados emergentes, empresas internacionales y activos diversos.<\/p>\n\n\n\n<p>Aunque potencialmente ofrecen mayores rendimientos, entra\u00f1an riesgos como las fluctuaciones monetarias y la inestabilidad geopol\u00edtica, lo que exige una investigaci\u00f3n y una estrategia minuciosas.<\/p>\n\n\n\n<div style=\"height:18px\" aria-hidden=\"true\" class=\"wp-block-spacer\"><\/div>\n\n\n\n<h3 class=\"wp-block-heading\">Gesti\u00f3n de patrimonios offshore<\/h3>\n\n\n\n<p>En alta mar <a class=\"wpil_keyword_link\" href=\"https:\/\/adamfayed.com\/es\/\" title=\"gesti\u00f3n de patrimonios\" data-wpil-keyword-link=\"linked\">gesti\u00f3n de patrimonios<\/a> proporciona estrategias personalizadas y eficientes desde el punto de vista fiscal para que las personas con un elevado patrimonio neto preserven y aumenten su patrimonio a escala mundial, ofreciendo acceso a <a href=\"https:\/\/adamfayed.com\/es\/what-are-the-best-investment-options-for-uk-expats-in-2022\/\">inversiones internacionales<\/a> y planificaci\u00f3n patrimonial.<\/p>\n\n\n\n<p>Los gestores de patrimonios se especializan en el cumplimiento de la legislaci\u00f3n y la estructuraci\u00f3n de activos, la protecci\u00f3n frente a riesgos geopol\u00edticos y la satisfacci\u00f3n de necesidades financieras complejas.<\/p>\n\n\n\n<div style=\"height:30px\" aria-hidden=\"true\" class=\"wp-block-spacer\"><\/div>\n\n\n\n<h2 class=\"wp-block-heading\"><strong>Banca extraterritorial<\/strong><\/h2>\n\n\n\n<p>La banca extraterritorial ofrece a particulares y empresas <a href=\"https:\/\/adamfayed.com\/es\/financial-planning\/offshore-investment\/offshore-financial-services\/\">servicios financieros extraterritoriales<\/a>, que ofrece ventajas como la eficiencia fiscal, la privacidad y el acceso a la informaci\u00f3n. <a href=\"https:\/\/adamfayed.com\/es\/best-investment-options-for-australian-expats-in-2023\/\">oportunidades de inversi\u00f3n internacional<\/a>.<\/p>\n\n\n\n<p>Estos bancos atienden a una clientela mundial, facilitando la gesti\u00f3n y protecci\u00f3n de activos en un entorno seguro y regulado.<\/p>\n\n\n\n<p>Los inversores pueden emplear <a href=\"https:\/\/adamfayed.com\/es\/financial-planning\/offshore-investment\/offshore-account\/offshore-banking\/\">banca extraterritorial<\/a> para almacenar sus activos en el extranjero, y pueden contratar a gestores de activos extraterritoriales para que supervisen de forma experta esos activos en funci\u00f3n de sus objetivos de inversi\u00f3n y su nivel de comodidad con el riesgo.<\/p>\n\n\n\n<div style=\"height:30px\" aria-hidden=\"true\" class=\"wp-block-spacer\"><\/div>\n\n\n\n<figure class=\"wp-block-image alignright size-medium\"><img decoding=\"async\" width=\"300\" height=\"300\" src=\"https:\/\/adamfayed.com\/wp-content\/uploads\/2024\/02\/offshore-asset-management-350-2-300x300.webp\" alt=\"Offshore Funds\" class=\"wp-image-81464\" srcset=\"https:\/\/adamfayed.com\/wp-content\/uploads\/2024\/02\/offshore-asset-management-350-2-300x300.webp 300w, https:\/\/adamfayed.com\/wp-content\/uploads\/2024\/02\/offshore-asset-management-350-2-512x512.webp 512w, https:\/\/adamfayed.com\/wp-content\/uploads\/2024\/02\/offshore-asset-management-350-2-150x150.webp 150w, https:\/\/adamfayed.com\/wp-content\/uploads\/2024\/02\/offshore-asset-management-350-2-768x768.webp 768w, https:\/\/adamfayed.com\/wp-content\/uploads\/2024\/02\/offshore-asset-management-350-2-scaled.webp 825w\" sizes=\"(max-width: 300px) 100vw, 300px\" \/><\/figure>\n\n\n\n<h2 class=\"wp-block-heading\"><strong>Fondos offshore<\/strong><\/h2>\n\n\n\n<p><a href=\"https:\/\/adamfayed.com\/es\/financial-planning\/offshore-investment\/offshore-account\/offshore-funds\/\">Fondos extraterritoriales<\/a>, registradas en jurisdicciones con ventajas fiscales, ofrecen a los inversores acceso a los mercados mundiales, diversificaci\u00f3n y posibles ventajas fiscales.<\/p>\n\n\n\n<p>Estos fondos atraen a un amplio espectro de inversores, desde particulares que desean ampliar sus carteras hasta instituciones que buscan una exposici\u00f3n global.<\/p>\n\n\n\n<p>Al gestionar los activos de sus clientes, los gestores de activos extraterritoriales suelen colocar el dinero de sus clientes en fondos extraterritoriales.<\/p>\n\n\n\n<div style=\"height:30px\" aria-hidden=\"true\" class=\"wp-block-spacer\"><\/div>\n\n\n\n<h2 class=\"wp-block-heading\"><strong>Cuenta de corretaje offshore<\/strong><\/h2>\n\n\n\n<p>Las cuentas de corretaje offshore ofrecen a determinados inversores plataformas para negociar directamente en mercados extranjeros desde jurisdicciones con condiciones fiscales y reglamentarias beneficiosas, lo que resulta atractivo para los inversores que desean ampliar sus carteras.<\/p>\n\n\n\n<p>Dentro del contexto m\u00e1s amplio de la gesti\u00f3n de activos financieros offshore, la gesti\u00f3n de activos offshore y las cuentas de corretaje offshore proporcionan servicios distintos pero complementarios.<\/p>\n\n\n\n<p><strong>\u00bfLe duele la indecisi\u00f3n financiera? <\/strong><\/p>\n\n\n\n<figure class=\"wp-block-image size-large is-resized\"><img decoding=\"async\" width=\"512\" height=\"288\" src=\"https:\/\/adamfayed.com\/wp-content\/uploads\/2025\/03\/Adam-Fayed-Contact_CTA3-512x288.jpg\" alt=\"\" class=\"wp-image-117505\" style=\"width:683px;height:auto\" srcset=\"https:\/\/adamfayed.com\/wp-content\/uploads\/2025\/03\/Adam-Fayed-Contact_CTA3-512x288.jpg 512w, https:\/\/adamfayed.com\/wp-content\/uploads\/2025\/03\/Adam-Fayed-Contact_CTA3-300x169.jpg 300w, https:\/\/adamfayed.com\/wp-content\/uploads\/2025\/03\/Adam-Fayed-Contact_CTA3-768x432.jpg 768w, https:\/\/adamfayed.com\/wp-content\/uploads\/2025\/03\/Adam-Fayed-Contact_CTA3-scaled.jpg 825w\" sizes=\"(max-width: 512px) 100vw, 512px\" \/><\/figure>\n\n\n\n<div style=\"height:10px\" aria-hidden=\"true\" class=\"wp-block-spacer\"><\/div>\n\n\n\n<div class=\"wp-block-buttons is-layout-flex wp-block-buttons-is-layout-flex\">\n<div class=\"wp-block-button\"><a class=\"wp-block-button__link wp-element-button\" href=\"https:\/\/adamfayed.com\/es\/become-adams-client\/\">Convi\u00e9rtase en mi cliente<\/a><\/div>\n\n\n\n<div class=\"wp-block-button\"><a class=\"wp-block-button__link wp-element-button\" href=\"https:\/\/adamfayed.com\/es\/good-match-quiz\/\" target=\"_blank\" rel=\"noreferrer noopener\">Realice el cuestionario de elegibilidad de clientes<\/a><\/div>\n\n\n\n<div class=\"wp-block-button\"><a class=\"wp-block-button__link wp-element-button\" href=\"https:\/\/adamfayed.com\/es\/contact\/\" target=\"_blank\" rel=\"noreferrer noopener\">P\u00f3ngase en contacto con<\/a><\/div>\n<\/div>\n\n\n\n<p><strong>Adam es un autor reconocido internacionalmente en temas financieros, con m\u00e1s de 830 millones de respuestas en Quora, un libro muy vendido en Amazon y colaborador de Forbes.<\/strong><\/p>","protected":false},"excerpt":{"rendered":"<p>gesti\u00f3n de activos en el extranjero <\/p>","protected":false},"author":17,"featured_media":81465,"parent":81078,"menu_order":0,"comment_status":"open","ping_status":"closed","template":"","meta":{"rop_custom_images_group":[],"rop_custom_messages_group":[],"rop_publish_now":"initial","rop_publish_now_accounts":{"facebook_10166176115445471_100883565069113":""},"rop_publish_now_history":[],"rop_publish_now_status":"pending","footnotes":""},"class_list":["post-81391","page","type-page","status-publish","has-post-thumbnail","hentry"],"_links":{"self":[{"href":"https:\/\/adamfayed.com\/es\/wp-json\/wp\/v2\/pages\/81391","targetHints":{"allow":["GET"]}}],"collection":[{"href":"https:\/\/adamfayed.com\/es\/wp-json\/wp\/v2\/pages"}],"about":[{"href":"https:\/\/adamfayed.com\/es\/wp-json\/wp\/v2\/types\/page"}],"author":[{"embeddable":true,"href":"https:\/\/adamfayed.com\/es\/wp-json\/wp\/v2\/users\/17"}],"replies":[{"embeddable":true,"href":"https:\/\/adamfayed.com\/es\/wp-json\/wp\/v2\/comments?post=81391"}],"version-history":[{"count":2,"href":"https:\/\/adamfayed.com\/es\/wp-json\/wp\/v2\/pages\/81391\/revisions"}],"predecessor-version":[{"id":122272,"href":"https:\/\/adamfayed.com\/es\/wp-json\/wp\/v2\/pages\/81391\/revisions\/122272"}],"up":[{"embeddable":true,"href":"https:\/\/adamfayed.com\/es\/wp-json\/wp\/v2\/pages\/81078"}],"wp:featuredmedia":[{"embeddable":true,"href":"https:\/\/adamfayed.com\/es\/wp-json\/wp\/v2\/media\/81465"}],"wp:attachment":[{"href":"https:\/\/adamfayed.com\/es\/wp-json\/wp\/v2\/media?parent=81391"}],"curies":[{"name":"wp","href":"https:\/\/api.w.org\/{rel}","templated":true}]}}