{"id":81502,"date":"2024-02-29T05:30:33","date_gmt":"2024-02-29T05:30:33","guid":{"rendered":"https:\/\/adamfayed.com\/?page_id=81502"},"modified":"2025-04-29T12:28:20","modified_gmt":"2025-04-29T12:28:20","slug":"expat-wealth-management","status":"publish","type":"page","link":"https:\/\/adamfayed.com\/es\/expat-financial-advisor\/expat-wealth-management\/","title":{"rendered":"Gesti\u00f3n de patrimonios de expatriados"},"content":{"rendered":"<p>Los expatriados se enfrentan a multitud de retos cuando se trata de gestionar su patrimonio m\u00e1s all\u00e1 de las fronteras internacionales. Esto ha dado lugar a la necesidad de servicios financieros a medida conocidos como gesti\u00f3n de patrimonios de expatriados.<\/p>\n\n\n\n<p>En esta p\u00e1gina se tratar\u00e1:<\/p>\n\n\n\n<ul class=\"wp-block-list\">\n<li>La necesidad de gestionar el patrimonio de los expatriados\n<ul class=\"wp-block-list\">\n<li>El papel de los asesores financieros para expatriados<\/li>\n\n\n\n<li>Servicios internacionales de gesti\u00f3n de patrimonios<\/li>\n\n\n\n<li>Gestores de patrimonios para expatriados<\/li>\n<\/ul>\n<\/li>\n\n\n\n<li>Ventajas de la gesti\u00f3n patrimonial para expatriados<\/li>\n<\/ul>\n\n\n\n<div style=\"height:30px\" aria-hidden=\"true\" class=\"wp-block-spacer\"><\/div>\n\n\n\n<h2 class=\"wp-block-heading\"><strong>La necesidad de gestionar el patrimonio de los expatriados<\/strong><\/h2>\n\n\n\n<p>Los expatriados suelen tener activos y obligaciones financieras en varios pa\u00edses, lo que hace que su <a href=\"https:\/\/www.forbes.com\/advisor\/investing\/financial-advisor\/what-is-wealth-management\/\" target=\"_blank\" rel=\"noopener\">necesidades de gesti\u00f3n patrimonial<\/a> considerablemente m\u00e1s complejas que las de los individuos que residen en su pa\u00eds de origen.<\/p>\n\n\n\n<p>Si desea invertir como expatriado o particular con un elevado patrimonio neto, que es en lo que estoy especializado, puede enviarme un correo electr\u00f3nico (advice@adamfayed.com) o WhatsApp (+44-7393-450-837).<\/p>\n\n\n\n<figure class=\"wp-block-image alignright size-medium is-resized\"><img fetchpriority=\"high\" decoding=\"async\" width=\"300\" height=\"200\" src=\"https:\/\/adamfayed.com\/wp-content\/uploads\/2024\/02\/muslim-7520627_640-300x200.jpg\" alt=\"Understanding the intricacies of expat wealth management, the role of expat financial advisors, and the significance of international wealth management services is imperative for individuals navigating the complexities of expatriate life.\" class=\"wp-image-81504\" style=\"width:293px;height:auto\" srcset=\"https:\/\/adamfayed.com\/wp-content\/uploads\/2024\/02\/muslim-7520627_640-300x200.jpg 300w, https:\/\/adamfayed.com\/wp-content\/uploads\/2024\/02\/muslim-7520627_640-512x342.jpg 512w, https:\/\/adamfayed.com\/wp-content\/uploads\/2024\/02\/muslim-7520627_640.jpg 640w\" sizes=\"(max-width: 300px) 100vw, 300px\" \/><\/figure>\n\n\n\n<p>Factores como las distintas normativas fiscales, los tipos de cambio de divisas y las inversiones transfronterizas requieren una atenci\u00f3n especializada para gestionar eficazmente la cartera financiera de un expatriado.<\/p>\n\n\n\n<p>La movilidad internacional tambi\u00e9n plantea retos \u00fanicos, como <a href=\"https:\/\/adamfayed.com\/es\/financial-planning\/personal-financial-planning\/the-retirement-plan-guide\/\">planificaci\u00f3n de la jubilaci\u00f3n<\/a>, Los servicios de gesti\u00f3n del patrimonio de los expatriados, como la atenci\u00f3n sanitaria y la financiaci\u00f3n de la educaci\u00f3n de las personas a cargo, subrayan a\u00fan m\u00e1s la importancia de los servicios de gesti\u00f3n del patrimonio de los expatriados.<\/p>\n\n\n\n<div style=\"height:20px\" aria-hidden=\"true\" class=\"wp-block-spacer\"><\/div>\n\n\n\n<h3 class=\"wp-block-heading\">El papel de los asesores financieros para expatriados<\/h3>\n\n\n\n<p><a href=\"https:\/\/adamfayed.com\/es\/expat-financial-advisor\/\" data-type=\"link\" data-id=\"https:\/\/adamfayed.com\/expat-financial-advisor\/\">Asesores financieros para expatriados<\/a> desempe\u00f1an un papel fundamental a la hora de orientar a los particulares en los entresijos de la gesti\u00f3n transfronteriza de su patrimonio.<\/p>\n\n\n\n<p>Estos profesionales poseen experiencia en legislaci\u00f3n fiscal internacional, estrategias de inversi\u00f3n y planificaci\u00f3n de la jubilaci\u00f3n adaptadas a las necesidades espec\u00edficas de los expatriados.<\/p>\n\n\n\n<p>La experiencia de los asesores financieros para expatriados va m\u00e1s all\u00e1 de lo tradicional. <a href=\"https:\/\/adamfayed.com\/es\/financial-planning\/personal-financial-planning\/\">planificaci\u00f3n financiera<\/a> para comprender en profundidad los retos y oportunidades \u00fanicos a los que se enfrentan los expatriados.<\/p>\n\n\n\n<p>Por ejemplo, ofrecen orientaci\u00f3n sobre la residencia fiscal, los cr\u00e9ditos fiscales en el extranjero, las disposiciones de los convenios y el cumplimiento de los requisitos de informaci\u00f3n, garantizando que los expatriados puedan navegar eficazmente por las complejidades de las leyes fiscales internacionales al tiempo que optimizan sus obligaciones fiscales.<\/p>\n\n\n\n<div style=\"height:20px\" aria-hidden=\"true\" class=\"wp-block-spacer\"><\/div>\n\n\n\n<h3 class=\"wp-block-heading\">Servicios internacionales de gesti\u00f3n de patrimonios<\/h3>\n\n\n\n<p>Los asesores de gesti\u00f3n de patrimonios especializados en mercados internacionales ofrecen una amplia gama de servicios que abarcan <a href=\"https:\/\/adamfayed.com\/es\/review-articles\/rl360-pims-personal-investment-management-service-review\/\">gesti\u00f3n de inversiones<\/a>, planificaci\u00f3n fiscal, jubilaci\u00f3n y <a href=\"https:\/\/adamfayed.com\/es\/financial-planning\/cross-border-estate-planning\/\" data-type=\"link\" data-id=\"https:\/\/adamfayed.com\/financial-planning\/cross-border-estate-planning\/\">planificaci\u00f3n patrimonial<\/a>, as\u00ed como soluciones de banca transfronteriza y cambio de divisas.<\/p>\n\n\n\n<p>Al colaborar con <a href=\"https:\/\/adamfayed.com\/es\/review-articles\/hsbc-private-bank-review\/\">instituciones financieras mundiales<\/a> y aprovechan su red de socios internacionales, los asesores de gesti\u00f3n patrimonial proporcionan a los expatriados acceso a productos y servicios financieros a medida, facilitando una gesti\u00f3n patrimonial fluida en distintas jurisdicciones.<\/p>\n\n\n\n<div style=\"height:20px\" aria-hidden=\"true\" class=\"wp-block-spacer\"><\/div>\n\n\n\n<h3 class=\"wp-block-heading\">Gestores de patrimonios para expatriados<\/h3>\n\n\n\n<p>A diferencia de los t\u00edpicos asesores financieros para expatriados, que se centran principalmente en la elaboraci\u00f3n de presupuestos, la planificaci\u00f3n fiscal y el ahorro para la jubilaci\u00f3n, los gestores de patrimonio para expatriados ofrecen un servicio m\u00e1s completo adaptado a los expatriados con grandes patrimonios.<\/p>\n\n\n\n<figure class=\"wp-block-image alignright size-medium\"><img decoding=\"async\" width=\"300\" height=\"200\" src=\"https:\/\/adamfayed.com\/wp-content\/uploads\/2024\/02\/laptop-3196481_640-300x200.jpg\" alt=\"Engaging with wealth management advisors who understand the intricacies of expatriate finances can mitigate the risks associated with cross-border wealth management, optimize their investment strategies, and ensure compliance with diverse tax regulations.\" class=\"wp-image-81505\" srcset=\"https:\/\/adamfayed.com\/wp-content\/uploads\/2024\/02\/laptop-3196481_640-300x200.jpg 300w, https:\/\/adamfayed.com\/wp-content\/uploads\/2024\/02\/laptop-3196481_640-512x342.jpg 512w, https:\/\/adamfayed.com\/wp-content\/uploads\/2024\/02\/laptop-3196481_640.jpg 640w\" sizes=\"(max-width: 300px) 100vw, 300px\" \/><\/figure>\n\n\n\n<p>Ofrecen sofisticadas estrategias de inversi\u00f3n, orientaci\u00f3n sobre la asignaci\u00f3n de activos, planificaci\u00f3n patrimonial y soluciones de gesti\u00f3n de riesgos para optimizar el crecimiento y la conservaci\u00f3n del patrimonio.<\/p>\n\n\n\n<p>Adem\u00e1s, los gestores de patrimonios para expatriados suelen tener una perspectiva global y un profundo conocimiento de la legislaci\u00f3n fiscal internacional, las inversiones transfronterizas y los riesgos de cambio de divisas, lo que les permite abordar los singulares retos financieros a los que se enfrentan los expatriados.<\/p>\n\n\n\n<p>Sus conocimientos especializados y su enfoque personalizado les diferencian de los asesores financieros convencionales, ofreciendo soluciones integrales para satisfacer las complejas necesidades de los clientes expatriados, especialmente de aquellos con un patrimonio neto importante.<\/p>\n\n\n\n<div style=\"height:30px\" aria-hidden=\"true\" class=\"wp-block-spacer\"><\/div>\n\n\n\n<h2 class=\"wp-block-heading\"><strong>Ventajas de la gesti\u00f3n patrimonial para expatriados<\/strong><\/h2>\n\n\n\n<p>Eficaz <a class=\"wpil_keyword_link\" href=\"https:\/\/adamfayed.com\/es\/\" title=\"gesti\u00f3n de patrimonios de expatriados\" data-wpil-keyword-link=\"linked\" data-wpil-monitor-id=\"1324\">gesti\u00f3n de patrimonios de expatriados<\/a> es esencial para salvaguardar y aumentar los activos financieros de una persona mientras navega por las complejidades de un estilo de vida internacional.<\/p>\n\n\n\n<p>Contratar a asesores de gesti\u00f3n de patrimonios que comprendan las complejidades de las finanzas de los expatriados puede mitigar los riesgos asociados a la gesti\u00f3n de patrimonios transfronterizos, optimizar sus estrategias de inversi\u00f3n y garantizar el cumplimiento de las diversas normativas fiscales.<\/p>\n\n\n\n<p>Adem\u00e1s, los servicios personalizados de gesti\u00f3n de patrimonios para expatriados ofrecen a \u00e9stos la tranquilidad de saber que sus asuntos financieros se gestionan de forma acorde con sus circunstancias particulares y sus objetivos financieros a largo plazo.<\/p>\n\n\n\n<p>La gesti\u00f3n de patrimonios de expatriados es un campo especializado que aborda las distintas necesidades financieras de los particulares. <a href=\"https:\/\/adamfayed.com\/es\/living-abroad\/\">vivir y trabajar en el extranjero<\/a>.<\/p>\n\n\n\n<p><strong>\u00bfLe duele la indecisi\u00f3n financiera? <\/strong><\/p>\n\n\n\n<figure class=\"wp-block-image size-large is-resized\"><img decoding=\"async\" width=\"512\" height=\"288\" src=\"https:\/\/adamfayed.com\/wp-content\/uploads\/2025\/03\/Adam-Fayed-Contact_CTA3-512x288.jpg\" alt=\"\" class=\"wp-image-117505\" style=\"width:683px;height:auto\" srcset=\"https:\/\/adamfayed.com\/wp-content\/uploads\/2025\/03\/Adam-Fayed-Contact_CTA3-512x288.jpg 512w, https:\/\/adamfayed.com\/wp-content\/uploads\/2025\/03\/Adam-Fayed-Contact_CTA3-300x169.jpg 300w, https:\/\/adamfayed.com\/wp-content\/uploads\/2025\/03\/Adam-Fayed-Contact_CTA3-768x432.jpg 768w, https:\/\/adamfayed.com\/wp-content\/uploads\/2025\/03\/Adam-Fayed-Contact_CTA3-scaled.jpg 825w\" sizes=\"(max-width: 512px) 100vw, 512px\" \/><\/figure>\n\n\n\n<div style=\"height:10px\" aria-hidden=\"true\" class=\"wp-block-spacer\"><\/div>\n\n\n\n<div class=\"wp-block-buttons is-layout-flex wp-block-buttons-is-layout-flex\">\n<div class=\"wp-block-button\"><a class=\"wp-block-button__link wp-element-button\" href=\"https:\/\/adamfayed.com\/es\/become-adams-client\/\">Convi\u00e9rtase en mi cliente<\/a><\/div>\n\n\n\n<div class=\"wp-block-button\"><a class=\"wp-block-button__link wp-element-button\" href=\"https:\/\/adamfayed.com\/es\/good-match-quiz\/\" target=\"_blank\" rel=\"noreferrer noopener\">Realice el cuestionario de elegibilidad de clientes<\/a><\/div>\n\n\n\n<div class=\"wp-block-button\"><a class=\"wp-block-button__link wp-element-button\" href=\"https:\/\/adamfayed.com\/es\/contact\/\" target=\"_blank\" rel=\"noreferrer noopener\">P\u00f3ngase en contacto con<\/a><\/div>\n<\/div>\n\n\n\n<p><strong>Adam es un autor reconocido internacionalmente en temas financieros, con m\u00e1s de 830 millones de respuestas en Quora, un libro muy vendido en Amazon y colaborador de Forbes.<\/strong><\/p>","protected":false},"excerpt":{"rendered":"<p>Expatriates face a multitude of challenges when it comes to managing their wealth across international borders. This has given rise to the need for tailored financial services known as expat wealth management. This page will discuss: The Need for Expat Wealth Management Expatriates often have assets and financial obligations in multiple countries, making their wealth [&hellip;]<\/p>","protected":false},"author":16,"featured_media":81503,"parent":58269,"menu_order":0,"comment_status":"open","ping_status":"closed","template":"","meta":{"rop_custom_images_group":[],"rop_custom_messages_group":[],"rop_publish_now":"initial","rop_publish_now_accounts":{"facebook_10166176115445471_100883565069113":""},"rop_publish_now_history":[],"rop_publish_now_status":"pending","footnotes":""},"class_list":["post-81502","page","type-page","status-publish","has-post-thumbnail","hentry"],"_links":{"self":[{"href":"https:\/\/adamfayed.com\/es\/wp-json\/wp\/v2\/pages\/81502","targetHints":{"allow":["GET"]}}],"collection":[{"href":"https:\/\/adamfayed.com\/es\/wp-json\/wp\/v2\/pages"}],"about":[{"href":"https:\/\/adamfayed.com\/es\/wp-json\/wp\/v2\/types\/page"}],"author":[{"embeddable":true,"href":"https:\/\/adamfayed.com\/es\/wp-json\/wp\/v2\/users\/16"}],"replies":[{"embeddable":true,"href":"https:\/\/adamfayed.com\/es\/wp-json\/wp\/v2\/comments?post=81502"}],"version-history":[{"count":3,"href":"https:\/\/adamfayed.com\/es\/wp-json\/wp\/v2\/pages\/81502\/revisions"}],"predecessor-version":[{"id":143638,"href":"https:\/\/adamfayed.com\/es\/wp-json\/wp\/v2\/pages\/81502\/revisions\/143638"}],"up":[{"embeddable":true,"href":"https:\/\/adamfayed.com\/es\/wp-json\/wp\/v2\/pages\/58269"}],"wp:featuredmedia":[{"embeddable":true,"href":"https:\/\/adamfayed.com\/es\/wp-json\/wp\/v2\/media\/81503"}],"wp:attachment":[{"href":"https:\/\/adamfayed.com\/es\/wp-json\/wp\/v2\/media?parent=81502"}],"curies":[{"name":"wp","href":"https:\/\/api.w.org\/{rel}","templated":true}]}}