{"id":81715,"date":"2024-04-18T18:03:11","date_gmt":"2024-04-18T18:03:11","guid":{"rendered":"https:\/\/adamfayed.com\/?page_id=81715"},"modified":"2025-03-25T13:05:14","modified_gmt":"2025-03-25T13:05:14","slug":"defense-etfs","status":"publish","type":"page","link":"https:\/\/adamfayed.com\/es\/investment-options\/etfs\/defense-etfs\/","title":{"rendered":"Invertir en ETF de defensa"},"content":{"rendered":"<p>Invertir en ETF de defensa es una forma estrat\u00e9gica de exponerse al sector de defensa sin comprar directamente valores individuales. <a href=\"https:\/\/adamfayed.com\/es\/investment-options\/what-are-stocks\/\">acciones<\/a>. <\/p>\n\n\n\n<p>Si desea invertir como expatriado o particular con un elevado patrimonio neto, que es en lo que estoy especializado, puede enviarme un correo electr\u00f3nico (advice@adamfayed.com) o WhatsApp (+44-7393-450-837).<\/p>\n\n\n\n<p>En esta p\u00e1gina se tratar\u00e1:<\/p>\n\n\n\n<ul class=\"wp-block-list\">\n<li>ETF de defensa<\/li>\n\n\n\n<li>Los mejores ETF de defensa<\/li>\n\n\n\n<li>Acciones de defensa ETF<\/li>\n<\/ul>\n\n\n\n<div style=\"height:30px\" aria-hidden=\"true\" class=\"wp-block-spacer\"><\/div>\n\n\n\n<h2 class=\"wp-block-heading\"><strong>ETF de defensa<\/strong><\/h2>\n\n\n\n<figure class=\"wp-block-image alignright size-medium is-resized\"><img fetchpriority=\"high\" decoding=\"async\" width=\"300\" height=\"300\" src=\"https:\/\/adamfayed.com\/wp-content\/uploads\/2024\/02\/defense-ETFs-1-300x300.webp\" alt=\"Investing in defense ETFs \" class=\"wp-image-81723\" style=\"width:241px;height:auto\" srcset=\"https:\/\/adamfayed.com\/wp-content\/uploads\/2024\/02\/defense-ETFs-1-300x300.webp 300w, https:\/\/adamfayed.com\/wp-content\/uploads\/2024\/02\/defense-ETFs-1-512x512.webp 512w, https:\/\/adamfayed.com\/wp-content\/uploads\/2024\/02\/defense-ETFs-1-150x150.webp 150w, https:\/\/adamfayed.com\/wp-content\/uploads\/2024\/02\/defense-ETFs-1-768x768.webp 768w, https:\/\/adamfayed.com\/wp-content\/uploads\/2024\/02\/defense-ETFs-1-scaled.webp 825w\" sizes=\"(max-width: 300px) 100vw, 300px\" \/><\/figure>\n\n\n\n<p>Los fondos cotizados (ETF) agrupan docenas o incluso cientos de acciones, bonos u otros valores para ofrecer a los inversores una amplia exposici\u00f3n a sectores o industrias enteros.<\/p>\n\n\n\n<p>Estos ETF se centran espec\u00edficamente en el sector de la defensa, que engloba empresas dedicadas a actividades militares y de defensa, como la defensa aeroespacial, naval, terrestre y la ciberseguridad.<\/p>\n\n\n\n<p>Los inversores eligen los ETF de defensa por su combinaci\u00f3n \u00fanica de exposici\u00f3n a todo el sector y la comodidad de negociar como una sola acci\u00f3n.<\/p>\n\n\n\n<div style=\"height:20px\" aria-hidden=\"true\" class=\"wp-block-spacer\"><\/div>\n\n\n\n<h3 class=\"wp-block-heading\">ETF del sector de defensa<\/h3>\n\n\n\n<p>La ETF del sector de defensa comprende varios componentes clave, como la defensa aeroespacial, naval, terrestre y la ciberseguridad.<\/p>\n\n\n\n<p>Las empresas l\u00edderes de este sector suelen tener contratos de larga duraci\u00f3n con gobiernos de todo el mundo, a los que suministran toda una gama de productos y servicios, desde aviones y buques de guerra hasta tanques, misiles y soluciones de ciberdefensa.<\/p>\n\n\n\n<p>Los ETF de defensa agregan valores de estas empresas, ofreciendo a los inversores una porci\u00f3n de toda la industria de defensa.<\/p>\n\n\n\n<div style=\"height:30px\" aria-hidden=\"true\" class=\"wp-block-spacer\"><\/div>\n\n\n\n<h2 class=\"wp-block-heading\"><strong>Los mejores ETF de defensa<\/strong><\/h2>\n\n\n\n<p>Estos son algunos de los mejores ETF de defensa a tener en cuenta en 2024:<\/p>\n\n\n\n<h3 class=\"wp-block-heading\"><a href=\"https:\/\/www.ishares.com\/us\/products\/239502\/ishares-us-aerospace-defense-etf\" target=\"_blank\" rel=\"noopener\">ETF iShares U.S. Aerospace and Defense<\/a> (ITA)<\/h3>\n\n\n\n<ul class=\"wp-block-list\">\n<li>El mayor ETF de defensa con exposici\u00f3n a empresas aeroespaciales y de defensa estadounidenses.<\/li>\n\n\n\n<li>Ratio de gastos: 0,40%.<\/li>\n\n\n\n<li>Top Holdings: RTX, Boeing, Lockheed Martin, Northrop Grumman, General Dynamics.<\/li>\n\n\n\n<li>Activos gestionados: $5,05 mil millones.<\/li>\n<\/ul>\n\n\n\n<div style=\"height:20px\" aria-hidden=\"true\" class=\"wp-block-spacer\"><\/div>\n\n\n\n<h3 class=\"wp-block-heading\"><a href=\"https:\/\/www.invesco.com\/us-rest\/contentdetail?contentId=db1407c649400410VgnVCM10000046f1bf0aRCRD&amp;dnsName=us\" target=\"_blank\" rel=\"noopener\">ETF Invesco Aeroespacial y Defensa<\/a> (PPA)<\/h3>\n\n\n\n<ul class=\"wp-block-list\">\n<li>Se centra en empresas de los sectores de defensa, seguridad nacional y aeroespacial de Estados Unidos.<\/li>\n\n\n\n<li>Ratio de gastos: 0,58%.<\/li>\n\n\n\n<li>Top Holdings: Northrop Grumman, RTX, Lockheed Martin, Boeing, General Electric.<\/li>\n\n\n\n<li>Activos gestionados: $2.074 millones.<\/li>\n<\/ul>\n\n\n\n<div style=\"height:20px\" aria-hidden=\"true\" class=\"wp-block-spacer\"><\/div>\n\n\n\n<h3 class=\"wp-block-heading\"><a href=\"https:\/\/www.ssga.com\/us\/en\/intermediary\/etfs\/funds\/spdr-sp-aerospace-defense-etf-xar\" target=\"_blank\" rel=\"noopener\">SPDR S&amp;P Aeroespacial y Defensa ETF<\/a> (XAR)<\/h3>\n\n\n\n<ul class=\"wp-block-list\">\n<li>Sigue al S&amp;P Aerospace &amp; Defense Select Industry Index.<\/li>\n\n\n\n<li>Ratio de gastos: 0,35%.<\/li>\n\n\n\n<li>Top Holdings: Virgin Galactic Holdings Inc., BWX Technologies Inc., Axon Enterprise Inc.<\/li>\n\n\n\n<li>Activos gestionados: $1.500 millones.<\/li>\n<\/ul>\n\n\n\n<div style=\"height:30px\" aria-hidden=\"true\" class=\"wp-block-spacer\"><\/div>\n\n\n\n<h2 class=\"wp-block-heading\"><strong>Acciones de defensa ETF<\/strong><\/h2>\n\n\n\n<figure class=\"wp-block-image alignright size-medium is-resized\"><img decoding=\"async\" width=\"300\" height=\"300\" src=\"https:\/\/adamfayed.com\/wp-content\/uploads\/2024\/02\/defense-ETFs-3-300x300.webp\" alt=\"Defense Stocks ETF\" class=\"wp-image-81726\" style=\"width:223px;height:auto\" srcset=\"https:\/\/adamfayed.com\/wp-content\/uploads\/2024\/02\/defense-ETFs-3-300x300.webp 300w, https:\/\/adamfayed.com\/wp-content\/uploads\/2024\/02\/defense-ETFs-3-512x512.webp 512w, https:\/\/adamfayed.com\/wp-content\/uploads\/2024\/02\/defense-ETFs-3-150x150.webp 150w, https:\/\/adamfayed.com\/wp-content\/uploads\/2024\/02\/defense-ETFs-3-768x768.webp 768w, https:\/\/adamfayed.com\/wp-content\/uploads\/2024\/02\/defense-ETFs-3-scaled.webp 825w\" sizes=\"(max-width: 300px) 100vw, 300px\" \/><\/figure>\n\n\n\n<p>Los inversores compran acciones de ETF de defensa, con lo que obtienen exposici\u00f3n a una amplia gama de valores de defensa, lo que mitiga el riesgo asociado al rendimiento de una sola empresa.<\/p>\n\n\n\n<p>La diversificaci\u00f3n es una de las principales ventajas de invertir en ETF de defensa. Al repartir las inversiones entre varias empresas de defensa, los ETF reducen el riesgo que conlleva la volatilidad de los valores individuales.<\/p>\n\n\n\n<div style=\"height:20px\" aria-hidden=\"true\" class=\"wp-block-spacer\"><\/div>\n\n\n\n<h3 class=\"wp-block-heading\">Vanguard Defensa ETF<\/h3>\n\n\n\n<p><a href=\"https:\/\/investor.vanguard.com\/corporate-portal\" target=\"_blank\" rel=\"noopener\">Vanguard<\/a>, conocido por sus opciones de inversi\u00f3n de bajo coste, ofrece ETF que proporcionan exposici\u00f3n al sector de defensa. <\/p>\n\n\n\n<p>El enfoque de Vanguard suele hacer hincapi\u00e9 en la diversificaci\u00f3n y el crecimiento a largo plazo, lo que puede resultar atractivo para los inversores que buscan rendimientos estables en lugar de ganancias especulativas.<\/p>\n\n\n\n<div style=\"height:20px\" aria-hidden=\"true\" class=\"wp-block-spacer\"><\/div>\n\n\n\n<h3 class=\"wp-block-heading\">Material militar<\/h3>\n\n\n\n<p>Los ETF de defensa suelen incluir valores de empresas l\u00edderes del sector, conocidas por sus importantes contribuciones a las tecnolog\u00edas militares, aeroespaciales y de defensa.<\/p>\n\n\n\n<p>Empresas como Lockheed Martin, Northrop Grumman y Raytheon Technologies son a menudo componentes clave de estos ETF, lo que refleja su papel fundamental en la contrataci\u00f3n y la innovaci\u00f3n en defensa.<\/p>\n\n\n\n<p><\/p>\n\n\n\n<p><strong>\u00bfLe duele la indecisi\u00f3n financiera? <\/strong><\/p>\n\n\n\n<figure class=\"wp-block-image size-large is-resized\"><img decoding=\"async\" width=\"512\" height=\"288\" src=\"https:\/\/adamfayed.com\/wp-content\/uploads\/2025\/03\/Adam-Fayed-Contact_CTA3-512x288.jpg\" alt=\"\" class=\"wp-image-117505\" style=\"width:683px;height:auto\" srcset=\"https:\/\/adamfayed.com\/wp-content\/uploads\/2025\/03\/Adam-Fayed-Contact_CTA3-512x288.jpg 512w, https:\/\/adamfayed.com\/wp-content\/uploads\/2025\/03\/Adam-Fayed-Contact_CTA3-300x169.jpg 300w, https:\/\/adamfayed.com\/wp-content\/uploads\/2025\/03\/Adam-Fayed-Contact_CTA3-768x432.jpg 768w, https:\/\/adamfayed.com\/wp-content\/uploads\/2025\/03\/Adam-Fayed-Contact_CTA3-scaled.jpg 825w\" sizes=\"(max-width: 512px) 100vw, 512px\" \/><\/figure>\n\n\n\n<div style=\"height:10px\" aria-hidden=\"true\" class=\"wp-block-spacer\"><\/div>\n\n\n\n<div class=\"wp-block-buttons is-layout-flex wp-block-buttons-is-layout-flex\">\n<div class=\"wp-block-button\"><a class=\"wp-block-button__link wp-element-button\" href=\"https:\/\/adamfayed.com\/es\/become-adams-client\/\">Convi\u00e9rtase en mi cliente<\/a><\/div>\n\n\n\n<div class=\"wp-block-button\"><a class=\"wp-block-button__link wp-element-button\" href=\"https:\/\/adamfayed.com\/es\/good-match-quiz\/\" target=\"_blank\" rel=\"noreferrer noopener\">Realice el cuestionario de elegibilidad de clientes<\/a><\/div>\n\n\n\n<div class=\"wp-block-button\"><a class=\"wp-block-button__link wp-element-button\" href=\"https:\/\/adamfayed.com\/es\/contact\/\" target=\"_blank\" rel=\"noreferrer noopener\">P\u00f3ngase en contacto con<\/a><\/div>\n<\/div>\n\n\n\n<p><strong>Adam es un autor reconocido internacionalmente en temas financieros, con m\u00e1s de 830 millones de respuestas en Quora, un libro muy vendido en Amazon y colaborador de Forbes.<\/strong><\/p>","protected":false},"excerpt":{"rendered":"<p>Invertir en ETF de defensa <\/p>","protected":false},"author":17,"featured_media":81724,"parent":78406,"menu_order":0,"comment_status":"open","ping_status":"closed","template":"","meta":{"rop_custom_images_group":[],"rop_custom_messages_group":[],"rop_publish_now":"initial","rop_publish_now_accounts":{"facebook_10166176115445471_100883565069113":""},"rop_publish_now_history":[],"rop_publish_now_status":"pending","footnotes":""},"class_list":["post-81715","page","type-page","status-publish","has-post-thumbnail","hentry"],"_links":{"self":[{"href":"https:\/\/adamfayed.com\/es\/wp-json\/wp\/v2\/pages\/81715","targetHints":{"allow":["GET"]}}],"collection":[{"href":"https:\/\/adamfayed.com\/es\/wp-json\/wp\/v2\/pages"}],"about":[{"href":"https:\/\/adamfayed.com\/es\/wp-json\/wp\/v2\/types\/page"}],"author":[{"embeddable":true,"href":"https:\/\/adamfayed.com\/es\/wp-json\/wp\/v2\/users\/17"}],"replies":[{"embeddable":true,"href":"https:\/\/adamfayed.com\/es\/wp-json\/wp\/v2\/comments?post=81715"}],"version-history":[{"count":2,"href":"https:\/\/adamfayed.com\/es\/wp-json\/wp\/v2\/pages\/81715\/revisions"}],"predecessor-version":[{"id":121099,"href":"https:\/\/adamfayed.com\/es\/wp-json\/wp\/v2\/pages\/81715\/revisions\/121099"}],"up":[{"embeddable":true,"href":"https:\/\/adamfayed.com\/es\/wp-json\/wp\/v2\/pages\/78406"}],"wp:featuredmedia":[{"embeddable":true,"href":"https:\/\/adamfayed.com\/es\/wp-json\/wp\/v2\/media\/81724"}],"wp:attachment":[{"href":"https:\/\/adamfayed.com\/es\/wp-json\/wp\/v2\/media?parent=81715"}],"curies":[{"name":"wp","href":"https:\/\/api.w.org\/{rel}","templated":true}]}}